{"id":20999,"date":"2020-03-02T03:25:54","date_gmt":"2020-03-02T02:25:54","guid":{"rendered":"https:\/\/neocatechumenaleiter.org\/slowa-papiezy\/sw-jan-pawel-ii\/wizytacja-w-parafii-matki-bozej-z-coromoto-15-3-1981\/"},"modified":"2021-08-10T11:01:08","modified_gmt":"2021-08-10T10:01:08","slug":"wizytacja-w-parafii-matki-bozej-z-coromoto-15-3-1981","status":"publish","type":"page","link":"https:\/\/neocatechumenaleiter.org\/pl\/slowa-papiezy\/sw-jan-pawel-ii\/wizytacja-w-parafii-matki-bozej-z-coromoto-15-3-1981\/","title":{"rendered":"Wizytacja w parafii Matki Bo\u017cej z Coromoto 15-3-1981"},"content":{"rendered":"\n<h1 class=\"has-text-align-center wp-block-heading\">Wizytacja w parafii Matki Bo\u017cej z Coromoto 15-3-1981<\/h1>\n\n<div style=\"height:20px\" aria-hidden=\"true\" class=\"wp-block-spacer\"><\/div>\n\n<h4 class=\"has-text-align-center wp-block-heading\">\u015aw. Jan Pawe\u0142 II<\/h4>\n\n<div style=\"height:20px\" aria-hidden=\"true\" class=\"wp-block-spacer\"><\/div>\n\n<p><strong>Rzym, 15 marca 1981<\/strong> *<\/p>\n\n<p><em>Jan Pawe\u0142 II uda\u0142 si\u0119 do Ko\u015bcio\u0142a, gdzie proboszcz przedstawi\u0142 mu wsp\u00f3lnoty neokatechumenalne, kt\u00f3re ju\u017c od paru lat w\u0142\u0105czone s\u0105 w \u017cycie parafii:<\/em><\/p>\n\n<div class=\"wp-block-image\"><figure class=\"alignleft size-large\"><img loading=\"lazy\" decoding=\"async\" width=\"694\" height=\"558\" src=\"https:\/\/neocatechumenaleiter.org\/wp-content\/uploads\/2020\/03\/Camino_Neocatecumenal_Juan_Pablo_II_visita_parroquia_Coromoto_1981.jpg\" alt=\"\" class=\"wp-image-5231\" srcset=\"https:\/\/neocatechumenaleiter.org\/wp-content\/uploads\/2020\/03\/Camino_Neocatecumenal_Juan_Pablo_II_visita_parroquia_Coromoto_1981.jpg 694w, https:\/\/neocatechumenaleiter.org\/wp-content\/uploads\/2020\/03\/Camino_Neocatecumenal_Juan_Pablo_II_visita_parroquia_Coromoto_1981-300x241.jpg 300w\" sizes=\"auto, (max-width: 694px) 100vw, 694px\" \/><\/figure><\/div>\n\n<p>\u00abOto grupa braci z Drogi Neokatechumenalnej \u2013 powiedzia\u0142 mons. Gulizia. Razem z nimi znajduje si\u0119 tu grupa katechist\u00f3w z parafii M\u0119czennik\u00f3w Kanadyjskich, kt\u00f3rzy w styczniu 1970 roku przyszli do nas, by poprzez katechez\u0119 zainicjowa\u0107 tutaj Drog\u0119 Neokatechumenaln\u0105. Min\u0119\u0142o jedena\u015bcie lat, Ojcze \u015bwi\u0119ty, i mo\u017cemy dzi\u015b powiedzie\u0107, \u017ce po wielorakich przej\u015bciach, cierpieniach i rado\u015bciach ta droga konkretyzuje si\u0119 w rozmaitym pos\u0142ugiwaniu potrzebom parafii, obok oczywi\u015bcie ich ci\u0105g\u0142ego osobistego dojrzewania na drodze wiary. S\u0105 tu obecni kap\u0142ani b\u0119d\u0105cy katechistami w\u0119drownymi, a tak\u017ce spora grupa katechist\u00f3w przygotowuj\u0105cych m\u0142odzie\u017c do bierzmowania, poniewa\u017c w\u0142a\u015bnie ten sektor duszpasterstwa, razem z przygotowaniem do chrztu i z katechez\u0105 dla narzeczonych, zosta\u0142 powierzony tym braciom. To jest, Ojcze \u015bwi\u0119ty, rzeczywisto\u015b\u0107 wchodz\u0105ca w sk\u0142ad naszej wsp\u00f3lnoty parafialnej, to jest jeden ze znak\u00f3w naszej spo\u0142eczno\u015bci ko\u015bcielnej, znak, kt\u00f3ry obwieszcza, \u017ce w naszej parafii buduje si\u0119 Kr\u00f3lestwo Bo\u017ce\u00bb.<\/p>\n\n<p><em>Rado\u015b\u0107 i wdzi\u0119czno\u015b\u0107 za jeszcze jedn\u0105 mo\u017cliwo\u015b\u0107 spotkania Papie\u017ca, kt\u00f3ry w czasie innych wizyt duszpasterskich mia\u0142 okazj\u0119 pozna\u0107 wsp\u00f3lnoty neokatechumenalne, zosta\u0142y wyra\u017cone w imieniu wszystkich przez Giampiero, katechist\u0119 w parafii Matki Bo\u017cej z Coromoto:<\/em><\/p>\n\n<p>\u00abJest dla nas wielk\u0105 rado\u015bci\u0105 widzie\u0107 Wasz\u0105 \u015awi\u0105tobliwo\u015b\u0107 tutaj, zw\u0142aszcza po homilii, kt\u00f3r\u0105 dzi\u015b do nas wyg\u0142osi\u0142. Zako\u0144czy\u0142e\u015b j\u0105, Ojcze, pytaniem: Gdzie\u017c s\u0105 wsp\u00f3\u0142pracownicy biskupa w ewangelizacji? Oto my jeste\u015bmy tutaj, by Ci oznajmi\u0107, \u017ce jeste\u015bmy gotowi odpowiedzie\u0107 na Twoje wezwanie. W szczeg\u00f3lno\u015bci chcieli\u015bmy Ci przedstawi\u0107 pierwsz\u0105 wsp\u00f3lnot\u0119, kt\u00f3ra niebawem, w grupach po dwie osoby, zacznie chodzi\u0107 po domach, by wszystkim mieszka\u0144com tej dzielnicy z prostot\u0105 i pokor\u0105 g\u0142osi\u0107 Kr\u00f3lestwo Bo\u017ce, Jezusa Chrystusa. <\/p>\n\n<p>Jest rzecz\u0105 fundamentaln\u0105 przepowiada\u0107 dzisiejszemu cz\u0142owiekowi Dobr\u0105 Nowin\u0119, Ewangeli\u0119, mi\u0142o\u015b\u0107 Boga, kt\u00f3ra objawia si\u0119 w krzy\u017cu Jezusa Chrystusa. W Nim B\u00f3g objawi\u0142 si\u0119 jako Ten, kt\u00f3ry kocha grzesznik\u00f3w. \u015awiat nie wierzy ju\u017c dzisiaj, \u017ce B\u00f3g wychodzi z inicjatyw\u0105, jak to by\u0142o w \u017cyciu Abrahama. Cz\u0142owiek wsp\u00f3\u0142czesny ju\u017c w to nie wierzy, wydaje mu si\u0119, \u017ce to on czyni pierwszy krok. Trzeba zatem na nowo og\u0142asza\u0107 \u015bwiatu mi\u0142o\u015b\u0107 Boga. Jest rzecz\u0105 fundamentaln\u0105 g\u0142osi\u0107 w\u0142a\u015bnie to, inaczej ca\u0142a Ewangelia gubi si\u0119, je\u017celi rezygnujemy z przepowiadania mi\u0142o\u015bci Boga do grzesznik\u00f3w. Ale jak to mo\u017cna przepowiada\u0107? Jak mo\u017cna by\u0107 \u015bwiadkiem, je\u015bli si\u0119 nie jest pos\u0142anym? Jak mo\u017cna by\u0107 pos\u0142anym, je\u015bli si\u0119 nie ma najpierw do\u015bwiadczenia Jezusa Chrystusa? Dlatego jest rzecz\u0105 wa\u017cn\u0105, by wewn\u0105trz naszych parafii otwiera\u0142a si\u0119 jaka\u015b droga, na kt\u00f3rej ka\u017cdy m\u00f3g\u0142by powoli dojrzewa\u0107 w swojej wierze, tak by ta wiara mog\u0142a si\u0119 w ko\u0144cu stawa\u0107 misyjn\u0105 i by\u0107 \u015bwiadectwem w obliczu \u015bwiata\u00bb.&#13;\n<em>Po wypowiedzi Giampiero swoje do\u015bwiadczenie apostolatu w\u015br\u00f3d rodzin opowiedzia\u0142o Papie\u017cowi jeszcze dw\u00f3ch innych katechist\u00f3w, wskazuj\u0105c na trudno\u015bci, na kt\u00f3re napotyka g\u0142oszenie or\u0119dzia chrze\u015bcija\u0144skiego w tej nowej formie, ale pokazuj\u0105c te\u017c entuzjazm, kt\u00f3ry ich o\u017cywia.<\/em><\/p>\n\n<p><em>W odpowiedzi Ojciec \u015bwi\u0119ty powiedzia\u0142 mi\u0119dzy innymi:<\/em><\/p>\n\n<p>\u00ab\u017bycz\u0119 wam, aby\u015bcie wzrastali w tym \u017cywym do\u015bwiadczeniu waszego chrztu. Wasze \u015bwiadectwa s\u0105 zawsze bardzo interesuj\u0105ce, poniewa\u017c pochodz\u0105 z do\u015bwiadczenia \u017cywego, prze\u017cywanego wewn\u0119trznie i osobi\u015bcie, z do\u015bwiadczenia czysto religijnego, ewangelicznego. Chc\u0119 pob\u0142ogos\u0142awi\u0107 wasz\u0105 grup\u0119 i wasz\u0105 drog\u0119 neokatechumenaln\u0105, kt\u00f3ra jest drog\u0105 wasz\u0105, ale i drog\u0105 zwr\u00f3con\u0105 ku drugim. B\u0142ogos\u0142awi\u0105c was, tu zebranych, b\u0142ogos\u0142awi\u0119 tak\u017ce tych, do kt\u00f3rych drzwi pukacie, szukaj\u0105c przyj\u0119cia, przyj\u0119cia waszego s\u0142owa, waszej misji katechizacyjnej. B\u0142ogos\u0142awi\u0119 wam z serca, \u017cycz\u0105c wam, by\u015bcie wzrastali w wierze i w tym \u017cywym do\u015bwiadczeniu waszego chrztu. My wszyscy, jak nam m\u00f3wi \u015bw. Piotr, winni\u015bmy by\u0107 jak nowo narodzone dzieci i post\u0119powa\u0107 w ten spos\u00f3b przez ca\u0142e nasze \u017cycie, poniewa\u017c chrzest naznacza ca\u0142e nasze \u017cycie pewnym darem, darem niepoj\u0119tym \u2013 darem synostwa Bo\u017cego, darem upodobnienia si\u0119 do Syna Bo\u017cego, a zatem bycia synami Bo\u017cymi, synami w Synu. Taka jest Dobra Nowina, Ewangelia. Prze\u017cywa\u0107 to samemu i umo\u017cliwia\u0107 to prze\u017cycie innym oznacza rozszerza\u0107 Ewangeli\u0119\u00bb.<\/p>\n\n<p><em>(*) Zob. \u00abL\u2019Osservatore Romano\u00bb, 16-17 marca 1981.<\/em><\/p>\n","protected":false},"excerpt":{"rendered":"<p>Wizytacja w parafii Matki Bo\u017cej z Coromoto 15-3-1981 \u015aw. Jan Pawe\u0142 II Rzym, 15 marca 1981 * Jan Pawe\u0142 II uda\u0142 si\u0119 do Ko\u015bcio\u0142a, gdzie proboszcz przedstawi\u0142 mu wsp\u00f3lnoty neokatechumenalne, kt\u00f3re ju\u017c od paru lat w\u0142\u0105czone s\u0105 w \u017cycie parafii: \u00abOto grupa braci z Drogi Neokatechumenalnej \u2013 powiedzia\u0142 mons. Gulizia. Razem z nimi znajduje si\u0119 tu grupa katechist\u00f3w z parafii M\u0119czennik\u00f3w Kanadyjskich, kt\u00f3rzy w styczniu 1970 roku przyszli do nas,<\/p>\n<div class=\"read-more\"><a class=\"btn read-more-btn\" href=\"https:\/\/neocatechumenaleiter.org\/pl\/slowa-papiezy\/sw-jan-pawel-ii\/wizytacja-w-parafii-matki-bozej-z-coromoto-15-3-1981\/\">Czytaj dalej<\/a><\/div>\n","protected":false},"author":2,"featured_media":0,"parent":16496,"menu_order":8,"comment_status":"closed","ping_status":"closed","template":"","meta":{"footnotes":""},"class_list":["post-20999","page","type-page","status-publish","hentry"],"_links":{"self":[{"href":"https:\/\/neocatechumenaleiter.org\/pl\/wp-json\/wp\/v2\/pages\/20999","targetHints":{"allow":["GET"]}}],"collection":[{"href":"https:\/\/neocatechumenaleiter.org\/pl\/wp-json\/wp\/v2\/pages"}],"about":[{"href":"https:\/\/neocatechumenaleiter.org\/pl\/wp-json\/wp\/v2\/types\/page"}],"author":[{"embeddable":true,"href":"https:\/\/neocatechumenaleiter.org\/pl\/wp-json\/wp\/v2\/users\/2"}],"replies":[{"embeddable":true,"href":"https:\/\/neocatechumenaleiter.org\/pl\/wp-json\/wp\/v2\/comments?post=20999"}],"version-history":[{"count":4,"href":"https:\/\/neocatechumenaleiter.org\/pl\/wp-json\/wp\/v2\/pages\/20999\/revisions"}],"predecessor-version":[{"id":24022,"href":"https:\/\/neocatechumenaleiter.org\/pl\/wp-json\/wp\/v2\/pages\/20999\/revisions\/24022"}],"up":[{"embeddable":true,"href":"https:\/\/neocatechumenaleiter.org\/pl\/wp-json\/wp\/v2\/pages\/16496"}],"wp:attachment":[{"href":"https:\/\/neocatechumenaleiter.org\/pl\/wp-json\/wp\/v2\/media?parent=20999"}],"curies":[{"name":"wp","href":"https:\/\/api.w.org\/{rel}","templated":true}]}}