{"id":21015,"date":"2020-03-02T03:30:33","date_gmt":"2020-03-02T02:30:33","guid":{"rendered":"https:\/\/neocatechumenaleiter.org\/slowa-papiezy\/sw-jan-pawel-ii\/spotkanie-z-kantorami-na-dziedzincu-sw-damazego-31-3-1981\/"},"modified":"2021-08-10T11:01:14","modified_gmt":"2021-08-10T10:01:14","slug":"spotkanie-z-kantorami-na-dziedzincu-sw-damazego-31-3-1981","status":"publish","type":"page","link":"https:\/\/neocatechumenaleiter.org\/pl\/slowa-papiezy\/sw-jan-pawel-ii\/spotkanie-z-kantorami-na-dziedzincu-sw-damazego-31-3-1981\/","title":{"rendered":"Spotkanie z kantorami na dziedzi\u0144cu \u015bw. Damazego 31-3-1981"},"content":{"rendered":"\n<h1 class=\"has-text-align-center wp-block-heading\">Spotkanie z kantorami na dziedzi\u0144cu \u015bw. Damazego 31-3-1981<\/h1>\n\n<div style=\"height:20px\" aria-hidden=\"true\" class=\"wp-block-spacer\"><\/div>\n\n<h4 class=\"has-text-align-center wp-block-heading\">\u015aw. Jan Pawe\u0142 II<\/h4>\n\n<div style=\"height:20px\" aria-hidden=\"true\" class=\"wp-block-spacer\"><\/div>\n\n<p><strong>Dziedziniec \u015bw. Damazego. Rzym, 31 marca 1981<\/strong><\/p>\n\n<p><em>Ponad trzy tysi\u0105ce kantor\u00f3w-psalmist\u00f3w ze wszystkich wsp\u00f3lnot neokatechumenalnych W\u0142och zako\u0144czy\u0142o wczoraj wieczorem na dziedzi\u0144cu \u015bw. Damazego w obecno\u015bci Ojca \u015bwi\u0119tego sw\u00f3j dzie\u0144 spotkania, kt\u00f3rego celem by\u0142o przygotowanie \u015bpiew\u00f3w na wigili\u0119 paschaln\u0105.<\/em><\/p>\n\n<div class=\"wp-block-image\"><figure class=\"alignright size-large\"><img loading=\"lazy\" decoding=\"async\" width=\"690\" height=\"553\" src=\"https:\/\/neocatechumenaleiter.org\/wp-content\/uploads\/2020\/03\/Camino_Neocatecumenal_Juan_Pablo_II_encuentro_salmistas_1981.jpg\" alt=\"\" class=\"wp-image-5235\" srcset=\"https:\/\/neocatechumenaleiter.org\/wp-content\/uploads\/2020\/03\/Camino_Neocatecumenal_Juan_Pablo_II_encuentro_salmistas_1981.jpg 690w, https:\/\/neocatechumenaleiter.org\/wp-content\/uploads\/2020\/03\/Camino_Neocatecumenal_Juan_Pablo_II_encuentro_salmistas_1981-300x240.jpg 300w\" sizes=\"auto, (max-width: 690px) 100vw, 690px\" \/><\/figure><\/div>\n\n<p>Kantorzy-psalmi\u015bci, zebrani przez ca\u0142y wczorajszy dzie\u0144 w jednym z teatr\u00f3w rzymskich, pragn\u0119li spotka\u0107 si\u0119 z Papie\u017cem, by mu ofiarowa\u0107 poprzez \u015bpiew znak \u015bwiadectwa chrze\u015bcija\u0144skiego oraz wyrazi\u0107 sens ich specyficznego charyzmatu. We wsp\u00f3lnotach neokatechumenalnych \u2013 we W\u0142oszech jest ich ponad dwa tysi\u0105ce \u2013 kantor-psalmista jest tym, kt\u00f3ry, cho\u0107 mo\u017ce nie ma wybitnych zdolno\u015bci \u015bpiewaczych czy jakiej\u015b nadzwyczajnej wra\u017cliwo\u015bci muzycznej, potrafi jednak interpretowa\u0107 \u015bpiew jako modlitw\u0119 oraz jest w stanie przekaza\u0107 innym sens \u015bpiewu-modlitwy. Wczoraj wieczorem, pod przewodem Kiko Arg\u00fcello, animatora wsp\u00f3lnot neokatechumenalnych, zaofiarowali Ojcu \u015bwi\u0119temu owoc swej intensywnej pracy przygotowawczej, wykonuj\u0105c niekt\u00f3re psalmy w adaptacji muzycznej nieco uwsp\u00f3\u0142cze\u015bnionej oraz inne znamienne \u015bpiewy, poprzez kt\u00f3re pragn\u0105 w czasie wigilii paschalnej pom\u00f3c swoim braciom w prze\u017cyciu prawdziwego oczekiwania na Zmartwychwstanie. Niezwykle znamienna w tym wzgl\u0119dzie by\u0142a pewna pie\u015b\u0144 wykonana wczoraj wieczorem dla Papie\u017ca przez grup\u0119 dzieci nale\u017c\u0105cych do czterech wsp\u00f3lnot neokatechumenalnych Rzymu.<\/p>\n\n<p>\u201eDlaczego \u2013 pyta\u0142y dzieci, kt\u00f3rych wiek wynosi\u0142 od czterech do sze\u015bciu lat \u2013 ta noc jest taka inna? Bo w inne noce idziemy spa\u0107 wcze\u015bnie, zaraz po kolacji, a tej tu nocy na co\u015b czekamy i nawet po\u015bcili\u015bmy? Bo w inne noce nie czekamy na nic, a dzisiaj na kogo\u015b czekamy? W czym ta noc jest r\u00f3\u017cna od innych?\u201d Odpowiada im ca\u0142a wsp\u00f3lnota, wyra\u017caj\u0105c \u015bpiewem rado\u015b\u0107 Zmartwychwstania. <\/p>\n\n<p>\u201eW ten spos\u00f3b \u2013 wyja\u015bni\u0142 Kiko Ojcu \u015bwi\u0119temu \u2013 prze\u017cywa\u0107 b\u0119dziemy Pasch\u0119 u boku naszych braci i u boku naszych dzieci\u201d.<\/p>\n\n<p><em>Gdy sko\u0144czy\u0142y si\u0119 te \u015bpiewy, Ojciec \u015bwi\u0119ty podzi\u0119kowa\u0142 za to tak bardzo nieoczekiwane spotkanie oraz za \u015bwiadectwo, kt\u00f3re w tych \u015bpiewach przyszli mu z\u0142o\u017cy\u0107.<\/em><\/p>\n\n<p>\u00ab\u017bycz\u0119, by\u015bcie przygotowali si\u0119 dobrze do misterium Nocy Paschalnej.&#13;\n&#13;\nKo\u015bci\u00f3\u0142 \u2013 powiedzia\u0142 mi\u0119dzy innymi Papie\u017c \u2013 przygotowuje si\u0119 przez ca\u0142y okres Wielkiego Postu do prze\u017cywania Nocy Paschalnej naszego Pana, Nocy Zmartwychwstania. Czyni to po to, aby Pan znalaz\u0142 nasze serca przygotowane, dojrza\u0142e, dojrza\u0142e na Jego misterium, dojrza\u0142e do przyj\u0119cia Jego mi\u0142o\u015bci. Nie przez co innego, jak poprzez ws\u0142uchiwanie si\u0119 w \u015bwiadectwo S\u0142owa Bo\u017cego oraz czynami mi\u0142o\u015bci winni\u015bmy dojrzewa\u0107 do tej nocy i do tej mi\u0142o\u015bci definitywnej, kt\u00f3ra objawi\u0142a si\u0119 w Noc Paschaln\u0105. Tak wi\u0119c \u017cycz\u0119 wam, by\u015bcie si\u0119 dobrze przygotowali do tego wielkiego misterium, kt\u00f3re stoi w centrum naszej wiary, a nawet w centrum historii cz\u0142owieka i kosmosu.&#13;\n&#13;\nSpotyka\u0142em ju\u017c was wielokrotnie w rozmaitych parafiach rzymskich i mam nadziej\u0119, \u017ce w tych parafiach wsp\u00f3\u0142pracujecie z ksi\u0119\u017cmi, a tak\u017ce z biskupami stoj\u0105cymi na czele sektor\u00f3w, na jakie podzielona jest nasza diecezja, z kardyna\u0142em wikariuszem, bo i w ten tak\u017ce spos\u00f3b potwierdzacie wasz entuzjazm paschalny. Pascha jest dniem Ko\u015bcio\u0142a. W Ko\u015bciele, w jego ca\u0142o\u015bci, w jego \u017cyciu winni\u015bmy szuka\u0107 przestrzeni, przestrzeni autentycznej dla naszego religijnego entuzjazmu i dla naszego apostolatu.&#13;\n&#13;\nChcia\u0142em wam podzi\u0119kowa\u0107 za wasz\u0105 wizyt\u0119, za te wszystkie \u015bpiewy religijne bardzo pi\u0119kne, \u015bpiewane z ogromn\u0105 moc\u0105 i z wielkim entuzjazmem. Dzi\u0119kuj\u0119 wam za t\u0119 wizyt\u0119 i b\u0142ogos\u0142awi\u0119 was wszystkich, b\u0142ogos\u0142awi\u0119 wasze rodziny i wasze dzieci, tak\u017ce te, kt\u00f3re wzi\u0119\u0142y specjalny, i to bardzo pi\u0119kny udzia\u0142 w tym wieczorze.<\/p>\n\n<p>Chcia\u0142bym jeszcze powiedzie\u0107 specjalne s\u0142owo do wszystkich cierpi\u0105cych, kt\u00f3rzy s\u0105 wam bliscy. Przeka\u017ccie im wszystkim to s\u0142owo i t\u0119 pami\u0119\u0107 Papie\u017ca o nich. Wszyscy oni s\u0105 mi duchowo bardzo bliscy, poniewa\u017c uczestnicz\u0105 w spos\u00f3b specjalny w m\u0119ce Naszego Pana Jezusa Chrystusa i w ten spos\u00f3b, uczestnicz\u0105c w Jego m\u0119ce, przygotowuj\u0105 si\u0119 do swojej Paschy.&#13;\n&#13;\nNa ko\u0144cu chcia\u0142bym pob\u0142ogos\u0142awi\u0107 tak\u017ce wszystkie osoby wam drogie w Rzymie, a tak\u017ce w innych miastach W\u0142och i poza W\u0142ochami\u00bb.<\/p>\n","protected":false},"excerpt":{"rendered":"<p>Spotkanie z kantorami na dziedzi\u0144cu \u015bw. Damazego 31-3-1981 \u015aw. Jan Pawe\u0142 II Dziedziniec \u015bw. Damazego. Rzym, 31 marca 1981 Ponad trzy tysi\u0105ce kantor\u00f3w-psalmist\u00f3w ze wszystkich wsp\u00f3lnot neokatechumenalnych W\u0142och zako\u0144czy\u0142o wczoraj wieczorem na dziedzi\u0144cu \u015bw. Damazego w obecno\u015bci Ojca \u015bwi\u0119tego sw\u00f3j dzie\u0144 spotkania, kt\u00f3rego celem by\u0142o przygotowanie \u015bpiew\u00f3w na wigili\u0119 paschaln\u0105. Kantorzy-psalmi\u015bci, zebrani przez ca\u0142y wczorajszy dzie\u0144 w jednym z teatr\u00f3w rzymskich, pragn\u0119li spotka\u0107 si\u0119 z Papie\u017cem, by mu ofiarowa\u0107 poprzez<\/p>\n<div class=\"read-more\"><a class=\"btn read-more-btn\" href=\"https:\/\/neocatechumenaleiter.org\/pl\/slowa-papiezy\/sw-jan-pawel-ii\/spotkanie-z-kantorami-na-dziedzincu-sw-damazego-31-3-1981\/\">Czytaj dalej<\/a><\/div>\n","protected":false},"author":2,"featured_media":0,"parent":16496,"menu_order":9,"comment_status":"closed","ping_status":"closed","template":"","meta":{"footnotes":""},"class_list":["post-21015","page","type-page","status-publish","hentry"],"_links":{"self":[{"href":"https:\/\/neocatechumenaleiter.org\/pl\/wp-json\/wp\/v2\/pages\/21015","targetHints":{"allow":["GET"]}}],"collection":[{"href":"https:\/\/neocatechumenaleiter.org\/pl\/wp-json\/wp\/v2\/pages"}],"about":[{"href":"https:\/\/neocatechumenaleiter.org\/pl\/wp-json\/wp\/v2\/types\/page"}],"author":[{"embeddable":true,"href":"https:\/\/neocatechumenaleiter.org\/pl\/wp-json\/wp\/v2\/users\/2"}],"replies":[{"embeddable":true,"href":"https:\/\/neocatechumenaleiter.org\/pl\/wp-json\/wp\/v2\/comments?post=21015"}],"version-history":[{"count":4,"href":"https:\/\/neocatechumenaleiter.org\/pl\/wp-json\/wp\/v2\/pages\/21015\/revisions"}],"predecessor-version":[{"id":24030,"href":"https:\/\/neocatechumenaleiter.org\/pl\/wp-json\/wp\/v2\/pages\/21015\/revisions\/24030"}],"up":[{"embeddable":true,"href":"https:\/\/neocatechumenaleiter.org\/pl\/wp-json\/wp\/v2\/pages\/16496"}],"wp:attachment":[{"href":"https:\/\/neocatechumenaleiter.org\/pl\/wp-json\/wp\/v2\/media?parent=21015"}],"curies":[{"name":"wp","href":"https:\/\/api.w.org\/{rel}","templated":true}]}}