{"id":21664,"date":"2020-03-02T19:51:15","date_gmt":"2020-03-02T18:51:15","guid":{"rendered":"https:\/\/neocatechumenaleiter.org\/slowa-papiezy\/sw-jan-pawel-ii\/pozdrowienie-dla-kantorow-wspolnot-neokatechumenalnych-przed-modlitwa-aniol-panski-21-3-1982\/"},"modified":"2021-08-10T11:01:37","modified_gmt":"2021-08-10T10:01:37","slug":"pozdrowienie-dla-kantorow-wspolnot-neokatechumenalnych-przed-modlitwa-aniol-panski-21-3-1982","status":"publish","type":"page","link":"https:\/\/neocatechumenaleiter.org\/pl\/slowa-papiezy\/sw-jan-pawel-ii\/pozdrowienie-dla-kantorow-wspolnot-neokatechumenalnych-przed-modlitwa-aniol-panski-21-3-1982\/","title":{"rendered":"Pozdrowienie dla kantor\u00f3w Wsp\u00f3lnot Neokatechumenalnych przed modlitw\u0105 &#8222;Anio\u0142 Pa\u0144ski&#8221; 21-3-1982"},"content":{"rendered":"\n<h1 class=\"has-text-align-center wp-block-heading\">Pozdrowienie dla kantor\u00f3w Wsp\u00f3lnot Neokatechumenalnych przed modlitw\u0105 &#8222;Anio\u0142 Pa\u0144ski&#8221; 21-3-1982<\/h1>\n\n<div style=\"height:20px\" aria-hidden=\"true\" class=\"wp-block-spacer\"><\/div>\n\n<h4 class=\"has-text-align-center wp-block-heading\">\u015aw. Jan Pawe\u0142 II<\/h4>\n\n<div style=\"height:20px\" aria-hidden=\"true\" class=\"wp-block-spacer\"><\/div>\n\n<p><strong>Rzym, 21 marca 1982<\/strong><\/p>\n\n<p><em>Przed odm\u00f3wieniem modlitwy &#8222;Anio\u0142 Pa\u0144ski&#8221;, Ojciec \u015bwi\u0119ty powiedzia\u0142 m.in.:<\/em><\/p>\n\n<p>\u00ab\u2026Pragn\u0119 teraz nawi\u0105za\u0107 do tematu pojednania i pokuty w misji Ko\u015bcio\u0142a. Te sprawy towarzysz\u0105 nam w czasie Wielkiego Postu i one b\u0119d\u0105 omawiane na przygotowywanym Synodzie Biskup\u00f3w.&#13;\nPierwsze i fundamentalne pojednanie si\u0119 z Bogiem w Chrystusie i pierwsze nawr\u00f3cenie (tzn. pokuta) dokonuj\u0105 si\u0119 w sakramencie chrztu. W przypadku chrztu doros\u0142ych to pierwsze nawr\u00f3cenie do Boga i fundamentalne pojednanie si\u0119 z Nim w Chrystusie s\u0105 owocem d\u0142ugiego przygotowania \u2013 g\u0142\u0119bokiej inicjacji. To przygotowanie nazywa si\u0119 ju\u017c od pierwszych wiek\u00f3w Ko\u015bcio\u0142a katechumenatem.&#13;\n&#13;\nKatechumenat by\u0142 szczeg\u00f3lnie intensywny w czasie Wielkiego Postu. Ta tradycja pozostaje \u017cywa tak\u017ce w naszych czasach, w kt\u00f3rych sakrament chrztu otrzymuj\u0105 przewa\u017cnie nowo narodzone dzieci w ramach rodzin chrze\u015bcija\u0144skich. Dlatego tak\u017ce w naszych czasach Wielki Post powinien s\u0142u\u017cy\u0107 \u2013 je\u017celi nie przygotowaniu owego pierwszego nawr\u00f3cenia w sakramencie chrztu \u2013 to przynajmniej jego pog\u0142\u0119bieniu i odnowie. A ile\u017c razy w Wielkim Po\u015bcie dokonuje si\u0119 nowe nawr\u00f3cenie i pojednanie z Bogiem w sakramencie pokuty!<\/p>\n\n<div class=\"wp-block-image\"><figure class=\"alignleft size-medium\"><img loading=\"lazy\" decoding=\"async\" width=\"245\" height=\"300\" src=\"https:\/\/neocatechumenaleiter.org\/wp-content\/uploads\/2020\/03\/Camino_Neocatecumenal_Juan_Pablo_II_encuentro_salmistas_1982-245x300.jpg\" alt=\"\" class=\"wp-image-1668\" srcset=\"https:\/\/neocatechumenaleiter.org\/wp-content\/uploads\/2020\/03\/Camino_Neocatecumenal_Juan_Pablo_II_encuentro_salmistas_1982-245x300.jpg 245w, https:\/\/neocatechumenaleiter.org\/wp-content\/uploads\/2020\/03\/Camino_Neocatecumenal_Juan_Pablo_II_encuentro_salmistas_1982.jpg 563w\" sizes=\"auto, (max-width: 245px) 100vw, 245px\" \/><\/figure><\/div>\n\n<p>Dlatego szczeg\u00f3lnie w Wielkim Po\u015bcie intensyfikuje si\u0119 katecheza Ko\u015bcio\u0142a w rozmaitych formach (<em>np. w parafiach, w grupach, w \u0107wiczeniach duchowych indywidualnych, zwanych rekolekcjami<\/em>).<\/p>\n\n<p>Katecheza jest tak\u017ce najlepszym \u015brodkiem refleksji nad problemem pojednania i pokuty w misji Ko\u015bcio\u0142a, jak tego od nas oczekuje Synod Biskup\u00f3w.&#13;\n&#13;\nPolecamy Bogu t\u0119 wielkopostn\u0105 prac\u0119 Ko\u015bcio\u0142a przez przyczyn\u0119 Matki S\u0142owa Wcielonego.&#13;\n&#13;\nZwracam si\u0119 teraz z serdecznym pozdrowieniem do kantor\u00f3w i psalmist\u00f3w wsp\u00f3lnot neokatechumenalnych, kt\u00f3rzy przybyli do Rzymu na spotkanie, kt\u00f3rego celem jest przygotowanie liturgii triduum paschalnego.<\/p>\n\n<p>Najdro\u017csi, niech misterium Chrystusa zmartwychwsta\u0142ego, kt\u00f3re przygotowujecie si\u0119 celebrowa\u0107 waszymi pie\u015bniami, b\u0119dzie tak\u017ce \u015bwiadectwem waszego \u017cycia, tak aby harmonijnym akordem waszych s\u0142\u00f3w i czyn\u00f3w wywy\u017cszony by\u0142 w oczach \u015bwiata Ten, kt\u00f3ry \u201eumieraj\u0105c zniweczy\u0142 \u015bmier\u0107, a zmartwychwstaj\u0105c przywr\u00f3ci\u0142 nam \u017cycie\u201d.<\/p>\n\n<p><em>Wam wszystkim i cz\u0142onkom waszych rodzin udzielam apostolskiego b\u0142ogos\u0142awie\u0144stwa\u00bb.<\/em><\/p>\n","protected":false},"excerpt":{"rendered":"<p>Pozdrowienie dla kantor\u00f3w Wsp\u00f3lnot Neokatechumenalnych przed modlitw\u0105 &#8222;Anio\u0142 Pa\u0144ski&#8221; 21-3-1982 \u015aw. Jan Pawe\u0142 II Rzym, 21 marca 1982 Przed odm\u00f3wieniem modlitwy &#8222;Anio\u0142 Pa\u0144ski&#8221;, Ojciec \u015bwi\u0119ty powiedzia\u0142 m.in.: \u00ab\u2026Pragn\u0119 teraz nawi\u0105za\u0107 do tematu pojednania i pokuty w misji Ko\u015bcio\u0142a. Te sprawy towarzysz\u0105 nam w czasie Wielkiego Postu i one b\u0119d\u0105 omawiane na przygotowywanym Synodzie Biskup\u00f3w.&#13; Pierwsze i fundamentalne pojednanie si\u0119 z Bogiem w Chrystusie i pierwsze nawr\u00f3cenie (tzn. pokuta) dokonuj\u0105 si\u0119<\/p>\n<div class=\"read-more\"><a class=\"btn read-more-btn\" href=\"https:\/\/neocatechumenaleiter.org\/pl\/slowa-papiezy\/sw-jan-pawel-ii\/pozdrowienie-dla-kantorow-wspolnot-neokatechumenalnych-przed-modlitwa-aniol-panski-21-3-1982\/\">Czytaj dalej<\/a><\/div>\n","protected":false},"author":2,"featured_media":0,"parent":16496,"menu_order":15,"comment_status":"closed","ping_status":"closed","template":"","meta":{"footnotes":""},"class_list":["post-21664","page","type-page","status-publish","hentry"],"_links":{"self":[{"href":"https:\/\/neocatechumenaleiter.org\/pl\/wp-json\/wp\/v2\/pages\/21664","targetHints":{"allow":["GET"]}}],"collection":[{"href":"https:\/\/neocatechumenaleiter.org\/pl\/wp-json\/wp\/v2\/pages"}],"about":[{"href":"https:\/\/neocatechumenaleiter.org\/pl\/wp-json\/wp\/v2\/types\/page"}],"author":[{"embeddable":true,"href":"https:\/\/neocatechumenaleiter.org\/pl\/wp-json\/wp\/v2\/users\/2"}],"replies":[{"embeddable":true,"href":"https:\/\/neocatechumenaleiter.org\/pl\/wp-json\/wp\/v2\/comments?post=21664"}],"version-history":[{"count":4,"href":"https:\/\/neocatechumenaleiter.org\/pl\/wp-json\/wp\/v2\/pages\/21664\/revisions"}],"predecessor-version":[{"id":24069,"href":"https:\/\/neocatechumenaleiter.org\/pl\/wp-json\/wp\/v2\/pages\/21664\/revisions\/24069"}],"up":[{"embeddable":true,"href":"https:\/\/neocatechumenaleiter.org\/pl\/wp-json\/wp\/v2\/pages\/16496"}],"wp:attachment":[{"href":"https:\/\/neocatechumenaleiter.org\/pl\/wp-json\/wp\/v2\/media?parent=21664"}],"curies":[{"name":"wp","href":"https:\/\/api.w.org\/{rel}","templated":true}]}}