{"id":21691,"date":"2020-03-02T19:53:13","date_gmt":"2020-03-02T18:53:13","guid":{"rendered":"https:\/\/neocatechumenaleiter.org\/slowa-papiezy\/sw-jan-pawel-ii\/wizytacja-w-parafii-sw-malrusa-opata-9-5-1982\/"},"modified":"2021-08-10T11:01:41","modified_gmt":"2021-08-10T10:01:41","slug":"wizytacja-w-parafii-sw-malrusa-opata-9-5-1982","status":"publish","type":"page","link":"https:\/\/neocatechumenaleiter.org\/pl\/slowa-papiezy\/sw-jan-pawel-ii\/wizytacja-w-parafii-sw-malrusa-opata-9-5-1982\/","title":{"rendered":"WIZYTACJA W PARAFII \u015aW. MA\u0141RUSA OPATA 9-5-1982"},"content":{"rendered":"\n<h1 class=\"has-text-align-center wp-block-heading\">WIZYTACJA W PARAFII \u015aW. MA\u0141RUSA OPATA 9-5-1982<\/h1>\n\n<div style=\"height:20px\" aria-hidden=\"true\" class=\"wp-block-spacer\"><\/div>\n\n<h4 class=\"has-text-align-center wp-block-heading\">\u015aw. Jan Pawe\u0142 II<\/h4>\n\n<div style=\"height:20px\" aria-hidden=\"true\" class=\"wp-block-spacer\"><\/div>\n\n<p><strong>Rzym, 9 maja 1982<\/strong><\/p>\n\n<p><em>Po zako\u0144czeniu mszy \u015bw. Ojciec \u015bwi\u0119ty rozpocz\u0105\u0142 seri\u0119 spotka\u0144 z r\u00f3\u017cnymi grupami parafialnymi: wszystkie wyra\u017anie m\u0142ode i na pocz\u0105tku swej drogi. Wraz z t\u0105 m\u0142odzie\u0144czo\u015bci\u0105 m\u00f3g\u0142 Ojciec \u015bwi\u0119ty widzie\u0107 wielki entuzjazm o\u017cywiaj\u0105cy wszystkich wiernych, kt\u00f3rzy zdecydowali si\u0119 poda\u0107 sw\u0105 d\u0142o\u0144 proboszczowi i jego bardziej bezpo\u015brednim wsp\u00f3\u0142pracownikom, by o\u017cywia\u0107 wsp\u00f3lnot\u0119 (parafialn\u0105). W kaplicy Ojciec \u015bwi\u0119ty spotka\u0142 si\u0119 najpierw z katechistami i wsp\u00f3lnotami neokatechumenalnymi, kt\u00f3re proboszcz przedstawi\u0142 w nast\u0119puj\u0105cych<\/em> s\u0142owach:<\/p>\n\n<p>\u00abOjcze \u015bwi\u0119ty, mi\u0142o mi przedstawi\u0107 Tobie grupy tej parafii: grup\u0119 katechet\u00f3w przygotowuj\u0105cych do I komunii, w okresie po I komunii, do bierzmowania i prowadz\u0105cych katechez\u0119 m\u0142odych.&#13;\nW grudniu utworzy\u0142a si\u0119 wsp\u00f3lnota neokatechumenalna. Katechistami byli doro\u015bli. Kilka ma\u0142\u017ce\u0144stw przysz\u0142o z parafii \u015bw. Tymoteusza, z Calla Palocco, wszyscy z naszego po\u0142udniowego sektora miasta.&#13;\nChodzi tu o wsp\u00f3lnot\u0119 r\u00f3\u017cnorodn\u0105, kt\u00f3rej j\u0105drem s\u0105 rodziny r\u00f3\u017cnego pochodzenia, zar\u00f3wno je\u015bli chodzi o \u015brodowisko, jak i kr\u0119gi kulturowe, s\u0105 biedni i bogaci, ale wszyscy bogaci w Panu.&#13;\nCi katechi\u015bci otworzyli drog\u0119 w tej parafii. Odpowiedzialnym wsp\u00f3lnoty jest Daniel, kt\u00f3ry jest tak\u017ce kantorem. To on, wraz z \u017con\u0105 Ann\u0105 i wsp\u00f3\u0142odpowiedzialnymi, zacz\u0119li otwiera\u0107 w tej parafii drog\u0119. Inni katechi\u015bci pojawili si\u0119 po zaproszeniu, kt\u00f3re zrobi\u0142em: s\u0105 tu matki, klerycy, m\u0142odzie\u017c, a nawet ojcowie i siostry zakonne. S\u0105 tu siostry Opatrzno\u015bci i jedna z si\u00f3str pallotynek, kt\u00f3ra pomaga w katechezach.&#13;\nWiele z tych os\u00f3b przybywa z daleka, w tym sensie, \u017ce przedtem nie by\u0142y one w Ko\u015bciele. S\u0105 tu osoby, kt\u00f3re kiedy\u015b ca\u0142kowicie utraci\u0142y kontakt z Panem Jezusem\u00bb.<\/p>\n\n<p><em>Potem zabra\u0142 g\u0142os Dominik, katechista wsp\u00f3lnoty neokatechumenalnej, kt\u00f3ry powiedzia\u0142, jak on i jego przyjaciel Carlo przybyli do parafii \u015bw. Maurusa z nadziej\u0105, \u017ce powt\u00f3rzy si\u0119 tu to pi\u0119kne do\u015bwiadczenie, w kt\u00f3rym uczestniczy ju\u017c od siedmiu lat w parafii \u015bw. Tymoteusza: do\u015bwiadczenie wiary, kt\u00f3ra radykalnie zmieni\u0142a ich \u017cycie i \u017cycie tylu ich towarzyszy z tej drogi.<\/em><\/p>\n\n<p>Ojciec \u015bwi\u0119ty powiedzia\u0142:<\/p>\n\n<p>\u00abDzi\u0119kuj\u0119 za wasze \u015bwiadectwa. Mog\u0105 one doskonale ilustrowa\u0107 to, co rozwa\u017cali\u015bmy dzisiaj o krzewie winnym i latoro\u015blach: jak Chrystus przynosi \u017cycie ka\u017cdemu z nas, daje je sercu ludzkiemu, wewn\u0119trznemu \u201eja\u201d, a potem tak\u017ce spo\u0142ecznemu wymiarowi naszego \u017cycia. Znajdujemy si\u0119 w kaplicy, kt\u00f3ra stanowi ko\u015bci\u00f3\u0142 parafialny. Przy wizytowaniu parafii przychodzi spontanicznie my\u015bl o konieczno\u015bci Ko\u015bcio\u0142a. Nie ma jeszcze Ko\u015bcio\u0142a, Ko\u015bcio\u0142a w sensie budynku. Ale Ko\u015bci\u00f3\u0142 ju\u017c si\u0119 buduje. Buduje si\u0119 Ko\u015bci\u00f3\u0142 duchowy, poprzez S\u0142owo Bo\u017ce i sakramenty. Buduje si\u0119 poprzez S\u0142owo Bo\u017ce, kt\u00f3rego ministrami, s\u0142ugami, aposto\u0142ami jeste\u015bcie wy, katechi\u015bci.<\/p>\n\n<p>Ko\u015bci\u00f3\u0142 buduje si\u0119 tak\u017ce poprzez sakramenty, poczynaj\u0105c od chrztu, i wy, grupa neokatechumenalna, jeste\u015bcie \u015bwiadkami mocy tego sakramentu, poniewa\u017c nie chodzi tu o jak\u0105\u015b ide\u0119, ale o Osob\u0119, kt\u00f3ra \u017cyje i o\u017cywia: to jest sakrament. Sakrament daje nam \u017cycie, S\u0142owo Bo\u017ce daje nam \u015bwiat\u0142o, sakrament daje nam \u017cycie Bo\u017ce: \u015bwiat\u0142o Bo\u017ce, \u017cycie Bo\u017ce. Tak oto Ko\u015bci\u00f3\u0142 buduje si\u0119 dzi\u0119ki waszemu aposto\u0142owaniu. \u017bycz\u0119 wam, by\u015bcie byli zaczynem tego budowania \u017cywego Ko\u015bcio\u0142a \u015bw. Maurusa, i z serca wam b\u0142ogos\u0142awi\u0119\u00bb.<\/p>\n","protected":false},"excerpt":{"rendered":"<p>WIZYTACJA W PARAFII \u015aW. MA\u0141RUSA OPATA 9-5-1982 \u015aw. Jan Pawe\u0142 II Rzym, 9 maja 1982 Po zako\u0144czeniu mszy \u015bw. Ojciec \u015bwi\u0119ty rozpocz\u0105\u0142 seri\u0119 spotka\u0144 z r\u00f3\u017cnymi grupami parafialnymi: wszystkie wyra\u017anie m\u0142ode i na pocz\u0105tku swej drogi. Wraz z t\u0105 m\u0142odzie\u0144czo\u015bci\u0105 m\u00f3g\u0142 Ojciec \u015bwi\u0119ty widzie\u0107 wielki entuzjazm o\u017cywiaj\u0105cy wszystkich wiernych, kt\u00f3rzy zdecydowali si\u0119 poda\u0107 sw\u0105 d\u0142o\u0144 proboszczowi i jego bardziej bezpo\u015brednim wsp\u00f3\u0142pracownikom, by o\u017cywia\u0107 wsp\u00f3lnot\u0119 (parafialn\u0105). W kaplicy Ojciec \u015bwi\u0119ty spotka\u0142<\/p>\n<div class=\"read-more\"><a class=\"btn read-more-btn\" href=\"https:\/\/neocatechumenaleiter.org\/pl\/slowa-papiezy\/sw-jan-pawel-ii\/wizytacja-w-parafii-sw-malrusa-opata-9-5-1982\/\">Czytaj dalej<\/a><\/div>\n","protected":false},"author":2,"featured_media":0,"parent":16496,"menu_order":16,"comment_status":"closed","ping_status":"closed","template":"","meta":{"footnotes":""},"class_list":["post-21691","page","type-page","status-publish","hentry"],"_links":{"self":[{"href":"https:\/\/neocatechumenaleiter.org\/pl\/wp-json\/wp\/v2\/pages\/21691","targetHints":{"allow":["GET"]}}],"collection":[{"href":"https:\/\/neocatechumenaleiter.org\/pl\/wp-json\/wp\/v2\/pages"}],"about":[{"href":"https:\/\/neocatechumenaleiter.org\/pl\/wp-json\/wp\/v2\/types\/page"}],"author":[{"embeddable":true,"href":"https:\/\/neocatechumenaleiter.org\/pl\/wp-json\/wp\/v2\/users\/2"}],"replies":[{"embeddable":true,"href":"https:\/\/neocatechumenaleiter.org\/pl\/wp-json\/wp\/v2\/comments?post=21691"}],"version-history":[{"count":4,"href":"https:\/\/neocatechumenaleiter.org\/pl\/wp-json\/wp\/v2\/pages\/21691\/revisions"}],"predecessor-version":[{"id":24080,"href":"https:\/\/neocatechumenaleiter.org\/pl\/wp-json\/wp\/v2\/pages\/21691\/revisions\/24080"}],"up":[{"embeddable":true,"href":"https:\/\/neocatechumenaleiter.org\/pl\/wp-json\/wp\/v2\/pages\/16496"}],"wp:attachment":[{"href":"https:\/\/neocatechumenaleiter.org\/pl\/wp-json\/wp\/v2\/media?parent=21691"}],"curies":[{"name":"wp","href":"https:\/\/api.w.org\/{rel}","templated":true}]}}