{"id":21695,"date":"2020-03-02T23:36:49","date_gmt":"2020-03-02T22:36:49","guid":{"rendered":"https:\/\/neocatechumenaleiter.org\/slowa-papiezy\/sw-jan-pawel-ii\/audiencja-specjalna-na-kongresie-pokuta-i-pojednanie-10-2-1983\/"},"modified":"2021-04-13T08:23:32","modified_gmt":"2021-04-13T07:23:32","slug":"audiencja-specjalna-na-kongresie-pokuta-i-pojednanie-10-2-1983","status":"publish","type":"page","link":"https:\/\/neocatechumenaleiter.org\/pl\/slowa-papiezy\/sw-jan-pawel-ii\/audiencja-specjalna-na-kongresie-pokuta-i-pojednanie-10-2-1983\/","title":{"rendered":"Audiencja specjalna na kongresie &#8222;Pokuta i pojednanie&#8221; 10-2-1983"},"content":{"rendered":"\n<h1 class=\"has-text-align-center wp-block-heading\">Audiencja specjalna na kongresie &#8222;Pokuta i pojednanie&#8221; 10-2-1983<\/h1>\n\n<div style=\"height:20px\" aria-hidden=\"true\" class=\"wp-block-spacer\"><\/div>\n\n<h4 class=\"has-text-align-center wp-block-heading\">\u015aw. Jan Pawe\u0142 II<\/h4>\n\n<div style=\"height:20px\" aria-hidden=\"true\" class=\"wp-block-spacer\"><\/div>\n\n<p><strong>Roma, Aula Paw\u0142a VI, 10 lutego 1983<\/strong><\/p>\n\n<p><em>Oko\u0142o dw\u00f3ch tysi\u0119cy proboszcz\u00f3w i mniej wi\u0119cej sze\u015b\u0107dziesi\u0119ciu biskup\u00f3w pochodz\u0105cych ze wszystkich cz\u0119\u015bci \u015bwiata spotka\u0142o si\u0119 dzisiaj rano, w czwartek 10 lutego, z Papie\u017cem w auli Paw\u0142a VI. Ksi\u0119\u017ca i biskupi uczestnicz\u0105 od 7 lutego w zje\u017adzie zorganizowanym w Rzymie przez wsp\u00f3lnoty neokatechumenalne na temat niezwykle aktualny w \u017cyciu Ko\u015bcio\u0142a: \u201ePojednanie i pokuta w misji Ko\u015bcio\u0142a\u201d. Niekt\u00f3re refleksje dokonane w czasie zjazdu, kt\u00f3ry zako\u0144czy si\u0119 dzi\u015b wieczorem uroczyst\u0105 Eucharysti\u0105, zosta\u0142y przedstawione Papie\u017cowi na pocz\u0105tku audiencji przez jednego z biskup\u00f3w i kilku ksi\u0119\u017cy. Do licznie zebranych uczestnik\u00f3w zjazdu, przedstawionych przez Kiko Arg\u00fcello, Ojciec \u015bwi\u0119ty skierowa\u0142 nast\u0119puj\u0105ce przem\u00f3wienie:<\/em><\/p>\n\n<p>\u00abBracia najdro\u017csi!&#013;\n&#013;\n1. Ciesz\u0119 si\u0119, \u017ce mog\u0119 dzi\u015b spotka\u0107 si\u0119 z grup\u0105 cz\u0142onk\u00f3w wsp\u00f3lnot neokatechumenalnych, kt\u00f3rzy zgromadzili si\u0119 w Rzymie, aby wsp\u00f3lnie rozwa\u017cy\u0107 temat \u201ePojednanie i pokuta w pos\u0142annictwie Ko\u015bcio\u0142a\u201d, to znaczy temat najbli\u017cszego Synodu Biskup\u00f3w.&#013;\n&#013;\nPozdrawiam Biskup\u00f3w, Proboszcz\u00f3w i Kap\u0142an\u00f3w tu obecnych, kt\u00f3rzy z tej okazji przybyli ze wszystkich kontynent\u00f3w.&#013;\n&#013;\nPragn\u0119, by s\u0142owo moje by\u0142o s\u0142owem refleksji dotycz\u0105cej duchowego i eklezjalnego do\u015bwiadczenia, kt\u00f3re zamierzacie podj\u0105\u0107; aby by\u0142o dla was bod\u017acem do coraz wi\u0119kszej gorliwo\u015bci w dawaniu \u2013 w kontek\u015bcie wsp\u00f3\u0142czesnego \u015bwiata \u2013 jasnego i szczerego przyk\u0142adu g\u0142\u0119bokiej wiary chrze\u015bcija\u0144skiej, prze\u017cywanej niezmiennie w \u015bcis\u0142ej, uleg\u0142ej i radosnej wi\u0119zi z Pasterzami Ko\u015bcio\u0142a.<\/p>\n\n<p>Chcecie, by wasze \u015bwiadectwo by\u0142o przede wszystkim g\u0142oszeniem ewangelicznego or\u0119dzia, kt\u00f3rego centrum stanowi kerygmat (przepowiadanie), \u017ce Jezus z Nazaretu jest Mesjaszem, Panem, Synem Bo\u017cym, kt\u00f3ry przyj\u0105\u0142 cia\u0142o, umar\u0142 i zmartwychwsta\u0142 dla naszego zbawienia. \u201eEwangelizacja \u2013 powiedzia\u0142 Pawe\u0142 VI \u2013 b\u0119dzie zawsze zawiera\u0107 jako fundament, centrum i szczyt ca\u0142ego swego dynamizmu \u2013 tak\u017ce to jasne stwierdzenie: w Jezusie Chrystusie, Synu Bo\u017cym, kt\u00f3ry sta\u0142 si\u0119 cz\u0142owiekiem, umar\u0142 i zmartwychwsta\u0142, ofiarowane jest ka\u017cdemu cz\u0142owiekowi zbawienie, jako dar \u0142aski i mi\u0142osierdzia Bo\u017cego\u201d (<em>Evangelii nuntiandi, 27<\/em>). Jednym z typowych przejaw\u00f3w dzia\u0142alno\u015bci waszych wsp\u00f3lnot jest w\u0142a\u015bnie ewangelizacja podj\u0119ta w krajach i \u015brodowiskach, kt\u00f3re b\u0105d\u017a nigdy nie s\u0142ysza\u0142y przepowiadania chrze\u015bcija\u0144skiego, b\u0105d\u017a te\u017c \u2013 na skutek przewagi ideologii, koncepcji i postaw negacji lub indyferentyzmu wobec samego \u201eproblemu\u201d Boga \u2013 sta\u0142y si\u0119 niemal zupe\u0142nie g\u0142uche i niedost\u0119pne dla tego przepowiadania. W\u0142a\u015bnie dlatego zamierzacie przygotowa\u0107 i ukszta\u0142towa\u0107 katechist\u00f3w, kt\u00f3rzy b\u0119d\u0105 starali si\u0119 przede wszystkim pog\u0142\u0119bi\u0107 i prze\u017cywa\u0107 osobi\u015bcie tajemnic\u0119 Chrystusa, by nast\u0119pnie m\u00f3c przekaza\u0107 j\u0105 innym. W adhortacji apostolskiej o katechizacji w naszych czasach napisa\u0142em: \u201eKatechizowa\u0107, to znaczy w pewien spos\u00f3b doprowadzi\u0107 kogo\u015b do przebadania tej tajemnicy we wszystkich jej aspektach&#8230; odkrywa\u0107 w Osobie Jezusa Chrystusa ca\u0142y odwieczny plan Bo\u017cy, kt\u00f3ry w Niej si\u0119 wype\u0142ni\u0142&#8230; Ostatecznym celem katechezy jest doprowadzi\u0107 kogo\u015b nie tylko do spotkania z Jezusem Chrystusem, ale do zjednoczenia, a nawet g\u0142\u0119bokiej z Nim za\u017cy\u0142o\u015bci. Bo tylko On sam mo\u017ce prowadzi\u0107 do mi\u0142o\u015bci Ojca w Duchu \u015awi\u0119tym i do uczestnictwa w \u017cyciu Tr\u00f3jcy \u015awi\u0119tej\u201d (<em>Catechesi tradendae, 5<\/em>).<\/p>\n\n<p>Znam zaanga\u017cowanie waszych wsp\u00f3lnot w godne pochwa\u0142y dzie\u0142o katechezy. W ostatnich latach Konferencje Episkopat\u00f3w zwi\u0119kszy\u0142y swe wysi\u0142ki na tym polu, maj\u0105cym wyj\u0105tkowe znaczenie dla \u017cycia Ludu Bo\u017cego. Post\u0119powanie wed\u0142ug metod i wskaza\u0144, program\u00f3w i tekst\u00f3w zaofiarowanych przez Episkopaty, jak r\u00f3wnie\u017c pe\u0142nienie pos\u0142ugi katechetycznej w jedno\u015bci i dyscyplinie ko\u015bcielnej z uznaniem fundamentalnej pos\u0142ugi Biskupa i zgromadzonych wok\u00f3\u0142 niego kap\u0142an\u00f3w, b\u0119dzie cenn\u0105 pomoc\u0105 dla waszej katechezy na wszystkich poziomach i z pewno\u015bci\u0105 przyniesie wiernym wiele owoc\u00f3w duchowych.&#013;\nKonkretnym celem ka\u017cdego dzie\u0142a i ka\u017cdej formy katechezy b\u0119dzie zapewnienie wzej\u015bcia, wzrostu i rozwoju nasienia wiary, zasianego przez Ducha \u015awi\u0119tego poprzez pierwsze przepowiadanie i skutecznie przekazanego we Chrzcie.<\/p>\n\n<div class=\"wp-block-image\"><figure class=\"alignright size-medium\"><img loading=\"lazy\" decoding=\"async\" width=\"300\" height=\"240\" src=\"https:\/\/neocatechumenaleiter.org\/wp-content\/uploads\/2020\/03\/Camino_Neocatecumenal_Juan_Pablo_II_audiencia_especial_penitencia_reconciliacion_1983-300x240.jpg\" alt=\"\" class=\"wp-image-1693\" srcset=\"https:\/\/neocatechumenaleiter.org\/wp-content\/uploads\/2020\/03\/Camino_Neocatecumenal_Juan_Pablo_II_audiencia_especial_penitencia_reconciliacion_1983-300x240.jpg 300w, https:\/\/neocatechumenaleiter.org\/wp-content\/uploads\/2020\/03\/Camino_Neocatecumenal_Juan_Pablo_II_audiencia_especial_penitencia_reconciliacion_1983.jpg 706w\" sizes=\"auto, (max-width: 300px) 100vw, 300px\" \/><\/figure><\/div>\n\n<p>2. W waszych wsp\u00f3lnotach pragniecie pog\u0142\u0119bi\u0107 \u2013 i to nie tylko w teorii, ale w spos\u00f3b szczeg\u00f3lny w wymiarze \u017cycia \u2013 znaczenie, warto\u015b\u0107, bogactwo i wymagania Chrztu \u015bw., sakramentu, kt\u00f3ry jest nieodzownym warunkiem zbawienia; sakramentu, kt\u00f3ry jednoczy ze \u015bmierci\u0105, z\u0142o\u017ceniem do grobu i zmartwychwstaniem Zbawiciela; sakramentu, kt\u00f3ry pozwala nam \u017cy\u0107 \u017cyciem samego Chrystusa i kt\u00f3ry przemienia ochrzczonego w \u015bwi\u0105tyni\u0119 Ducha, w przybrane dziecko Ojca niebieskiego, w brata i dziedzica Chrystusa, w cz\u0142onka Cia\u0142a Chrystusa, jakim jest Ko\u015bci\u00f3\u0142. Pog\u0142\u0119bienie takie jest skierowane ku ponownemu odkryciu i dowarto\u015bciowaniu bogactw w\u0142a\u015bciwych sakramentowi Chrztu \u015bw., otrzymanemu zwykle w dzieci\u0144stwie, kt\u00f3ry winien by\u0107 dla nas punktem odniesienia nie jako zwyk\u0142y fakt prawny, ale jako zasadniczy, fundamentalny moment w ca\u0142ym \u017cyciu chrze\u015bcija\u0144skim. Prze\u017cywaj\u0105c t\u0119 duchowo\u015b\u0107, kt\u00f3r\u0105 mogliby\u015bmy nazwa\u0107 \u201educhowo\u015bci\u0105 chrzcieln\u0105\u201d, zamierzacie pobudza\u0107, ukierunkowywa\u0107 i czyni\u0107 owocn\u0105 wasz\u0105 w\u0119dr\u00f3wk\u0119 wiary, jako logiczn\u0105 konsekwencj\u0119 wewn\u0119trznych wymaga\u0144 Sakramentu; w ten spos\u00f3b pragniecie, by wasze \u015bwiadectwo stawa\u0142o si\u0119 coraz bardziej autentyczne, szczere, koherentne i czynne, pragniecie te\u017c by\u0107 sami coraz bardziej gotowi do natychmiastowej odpowiedzi na Bo\u017ce wezwanie.<\/p>\n\n<p>Gotowo\u015b\u0107 ta winna si\u0119 przejawia\u0107 w ustawicznym rozwa\u017caniu \u015bwi\u0119tej Tradycji i Pisma \u015bwi\u0119tego, kt\u00f3re stanowi\u0105 \u201ejeden \u015bwi\u0119ty depozyt S\u0142owa Bo\u017cego powierzony Ko\u015bcio\u0142owi\u201d (Konstytucja dogmatyczna <em>Dei Verbum, 10<\/em>). Wynika z tego potrzeba ustawicznego i powa\u017cnego wysi\u0142ku osobistego i wsp\u00f3lnotowego zg\u0142\u0119biania S\u0142owa Bo\u017cego i Magisterium Ko\u015bcio\u0142a, r\u00f3wnie\u017c poprzez udzia\u0142 w solidnych wyk\u0142adach biblijnych i teologicznych. Obowi\u0105zek takich studi\u00f3w i refleksji jawi si\u0119 jako szczeg\u00f3lnie niezb\u0119dny dla tych, kt\u00f3rzy wype\u0142niaj\u0105c pos\u0142ug\u0119 katechisty maj\u0105 zadanie dostarcza\u0107 swoim braciom solidnego pokarmu duchowego. Miejcie zawsze przed oczyma podnios\u0142e i dobitne stwierdzenie Soboru Watyka\u0144skiego II: \u201eKo\u015bci\u00f3\u0142 zawsze mia\u0142 we czci Pisma Bo\u017ce, podobnie jak samo Cia\u0142o Pa\u0144skie, skoro zw\u0142aszcza w Liturgii \u015bw. nie przestaje bra\u0107 i podawa\u0107 wiernym chleb \u017cywota tak ze sto\u0142u S\u0142owa Bo\u017cego, jak i Cia\u0142a Chrystusowego\u201d (<em>Konstytucja Dogmatyczna Dei Verbum, 21<\/em>).<\/p>\n\n<p>Od Chrystusa-S\u0142owa, ku Chrystusowi-Eucharystii, jako \u017ce Ofiara eucharystyczna jest \u017ar\u00f3d\u0142em, centrum i szczytem ca\u0142ego chrze\u015bcija\u0144skiego \u017cycia. Sprawujcie Eucharysti\u0119, zw\u0142aszcza za\u015b Pasch\u0119, z prawdziw\u0105 pobo\u017cno\u015bci\u0105, z wielk\u0105 godno\u015bci\u0105, z mi\u0142o\u015bci\u0105 dla obrz\u0119d\u00f3w liturgicznych Ko\u015bcio\u0142a, z wiernym pos\u0142usze\u0144stwem normom ustalonym przez kompetentne w\u0142adze, z pragnieniem komunii ze wszystkimi bra\u0107mi.<\/p>\n\n<p>3. Wasza gotowo\u015b\u0107, by odpowiedzie\u0107 na Bo\u017ce wezwanie, winna przejawia\u0107 si\u0119 tak\u017ce w ci\u0105g\u0142ej, codziennej i niestrudzonej modlitwie, wyra\u017caj\u0105cej przede wszystkim uwielbienie, kt\u00f3re s\u0142aby i kruchy, \u015bwiadom w\u0142asnej ograniczono\u015bci i w\u0142asnej stworzono\u015bci cz\u0142owiek przynosi Bogu transcendentnemu, Niesko\u0144czonemu, Wszechmog\u0105cemu, Stworzycielowi, lecz tak\u017ce Ojcu mi\u0142uj\u0105cemu i mi\u0142osiernemu; w modlitwie, kt\u00f3ra staje si\u0119 intymnym i gor\u0105cym dialogiem pomi\u0119dzy dzieckiem i Ojcem. Modlitwa taka staje si\u0119 usilnym b\u0142aganiem w \u201eOjcze nasz\u201d, kt\u00f3rego nauczy\u0142 nas sam Jezus; staje si\u0119 ona uroczystym i \u015bwiadomym wyznaniem wiary chrze\u015bcija\u0144skiej w \u201eWierz\u0119\u201d czy \u201eSk\u0142adzie Apostolskim\u201d. Modlitwa taka w Psalmach odnajduje liczne i bogate odcienie wewn\u0119trzne, za pomoc\u0105 kt\u00f3rych modl\u0105cy si\u0119 \u2013 Lud Obietnicy, nowy Lud wybrany, czyli Ko\u015bci\u00f3\u0142, chrze\u015bcijanin w r\u00f3\u017cnych sytuacjach duchowych \u2013 mo\u017ce zwraca\u0107 si\u0119 do Boga, swojej nadziei, swojej opoki i swojego zbawienia: \u201eJe\u015bli psalm modli si\u0119 \u2013 doradza nam \u015bwi\u0119ty Augustyn \u2013 m\u00f3dlcie si\u0119 i wy; je\u015bli psalm narzeka \u2013 narzekajcie; je\u015bli raduje si\u0119 \u2013 radujcie si\u0119 i wy; je\u015bli ufa \u2013 ufajcie; je\u015bli pe\u0142en jest boja\u017ani \u2013 miejcie boja\u017a\u0144 i wy. Wszystkie rzeczy, kt\u00f3re tu zosta\u0142y napisane, s\u0105 naszym zwierciad\u0142em\u201d (<em>Enarr in Ps XXX, II, s.III,1: CCL 38. 213).<\/em><\/p>\n\n<p>4. Wasza gotowo\u015b\u0107, by przyj\u0105\u0107 Bo\u017ce wezwanie, przejawia si\u0119 w realizowaniu, dzie\u0144 po dniu, wymagaj\u0105cych s\u0142\u00f3w Jezusa: \u201eNawracajcie si\u0119 i wierzcie w Ewangeli\u0119\u201d (Mk 1, 15). Owo nawr\u00f3cenie, \u201eprzemiana sposobu my\u015blenia\u201d, jest przede wszystkim odrzuceniem prawdziwego z\u0142a, grzechu, kt\u00f3ry nas oddala od Boga. To nawr\u00f3cenie jest ci\u0105g\u0142\u0105 drog\u0105 powrotu do domu Ojca, podobn\u0105 do drogi powrotu syna marnotrawnego (por. \u0141k 15, 11-32). Nawr\u00f3cenie to znajduje sw\u00f3j zbawczy znak w sakramencie Pokuty, czyli Pojednania. \u201eWolno\u015b\u0107 od grzechu \u2013 napisa\u0142em w Bulli og\u0142aszaj\u0105cej Jubileusz 1950-lecia Odkupienia \u2013 jest owocem i pierwszorz\u0119dnym wymogiem wiary w Chrystusa Odkupiciela i w Jego Ko\u015bci\u00f3\u0142&#8230; W s\u0142u\u017cbie tej wolno\u015bci Pan Jezus ustanowi\u0142 w swym Ko\u015bciele Sakrament Pokuty, aby ci, kt\u00f3rzy po chrzcie \u015bwi\u0119tym pope\u0142nili grzech, mogli si\u0119 pojedna\u0107 z Bogiem, kt\u00f3rego obrazili, i z Ko\u015bcio\u0142em, kt\u00f3remu zadali rany\u201d (Bulla <em>Aperite portas, 5<\/em>).<\/p>\n\n<div class=\"wp-block-image\"><figure class=\"alignleft size-medium\"><img loading=\"lazy\" decoding=\"async\" width=\"300\" height=\"200\" src=\"https:\/\/neocatechumenaleiter.org\/wp-content\/uploads\/2020\/03\/Camino_Neocatecumenal_Juan_Pablo_II_audiencia_especial_penitencia_reconciliacion_19832-300x200.jpg\" alt=\"\" class=\"wp-image-1700\" srcset=\"https:\/\/neocatechumenaleiter.org\/wp-content\/uploads\/2020\/03\/Camino_Neocatecumenal_Juan_Pablo_II_audiencia_especial_penitencia_reconciliacion_19832-300x200.jpg 300w, https:\/\/neocatechumenaleiter.org\/wp-content\/uploads\/2020\/03\/Camino_Neocatecumenal_Juan_Pablo_II_audiencia_especial_penitencia_reconciliacion_19832.jpg 768w\" sizes=\"auto, (max-width: 300px) 100vw, 300px\" \/><\/figure><\/div>\n\n<p>Pos\u0142uga Pojednania, ten cudowny dar niesko\u0144czonego mi\u0142osierdzia Bo\u017cego, zosta\u0142a powierzona wam, kap\u0142anom. B\u0105d\u017acie s\u0142ugami Pojednania: zawsze godni, gotowi, gorliwi, cierpliwi, pogodni, stosuj\u0105c si\u0119 wiernie i starannie do norm ustalonych w tym zakresie przez W\u0142adze ko\u015bcielne. Wierni b\u0119d\u0105 mogli w ten spos\u00f3b znale\u017a\u0107 w tym sakramencie autentyczny znak i narz\u0119dzie duchowego odrodzenia i przynosz\u0105cej rado\u015b\u0107 wolno\u015bci ducha.&#013;\n&#013;\nI wy, Bracia, sprawujcie Sakrament Pojednania z wielk\u0105 ufno\u015bci\u0105 w Bo\u017ce mi\u0142osierdzie, w duchu ca\u0142kowitego podporz\u0105dkowania si\u0119 pos\u0142udze i dyscyplinie Ko\u015bcio\u0142a, poprzez spowied\u017a indywidualn\u0105 \u2013 co nieustanie zaleca nowy Kodeks Prawa Kanonicznego \u2013 na przebaczenie i ku pokojowi uczni\u00f3w Pana i jako skuteczne obwieszczenie dobroci Pana dla wszystkich.<\/p>\n\n<p>5. Realizuj\u0105c wasz program duchowy, starajcie si\u0119 zharmonizowa\u0107 wymagania \u201ekatechumenalne\u201d z niezb\u0119dnymi zadaniami wobec braci, wobec rodziny, z obowi\u0105zkami kap\u0142a\u0144skimi i spo\u0142ecznymi. Przede wszystkim nie ulegajcie pokusie zamkni\u0119cia si\u0119 w sobie, izolacji od \u017cycia wsp\u00f3lnoty parafialnej czy diecezjalnej, poniewa\u017c tylko wasze rzeczywiste w\u0142\u0105czenie si\u0119 w te szersze organizmy mo\u017ce wprowadzi\u0107 autentyzm i skuteczno\u015b\u0107 waszego apostolskiego zaanga\u017cowania.&#013;\n&#013;\nNie chcia\u0142bym zako\u0144czy\u0107 tych refleksji bez przypomnienia wam i waszym wsp\u00f3lnotom tego, co powiedzia\u0142em niedawno z okazji prezentacji nowego Kodeksu Prawa Kanonicznego: chrze\u015bcijanin powinien usposobi\u0107 si\u0119 duchowo, by przyj\u0105\u0107 go i zastosowa\u0107 w praktyce. Prawa s\u0105 hojnym darem Boga i ich zachowywanie stanowi prawdziw\u0105 m\u0105dro\u015b\u0107. Prawo Ko\u015bcio\u0142a jest \u015brodkiem, pomoc\u0105 i ochron\u0105, a\u017ceby pozosta\u0107 w jedno\u015bci z Panem. Dlatego te\u017c normy prawne, jak r\u00f3wnie\u017c normy liturgiczne, winny by\u0107 zachowywane bez zaniedba\u0144 i opuszcze\u0144.&#013;\n&#013;\nJestem pewien, \u017ce wasze wsp\u00f3lnoty, o\u017cywione \u017carliwym pragnieniem wyr\u00f3\u017cnienia si\u0119 w sprawowaniu Chrztu, Eucharystii i Pokuty, zechc\u0105 pod przewodnictwem Ko\u015bcio\u0142a wyr\u00f3\u017cni\u0107 si\u0119 r\u00f3wnie\u017c w tym zadaniu wierno\u015bci wsp\u00f3lnej dyscyplinie.<\/p>\n\n<div class=\"wp-block-image\"><figure class=\"alignright size-large\"><img loading=\"lazy\" decoding=\"async\" width=\"768\" height=\"529\" src=\"https:\/\/neocatechumenaleiter.org\/wp-content\/uploads\/2020\/03\/Camino_Neocatecumenal_Juan_Pablo_II_audiencia_especial_penitencia_reconciliacion_19833.jpg\" alt=\"\" class=\"wp-image-5385\" srcset=\"https:\/\/neocatechumenaleiter.org\/wp-content\/uploads\/2020\/03\/Camino_Neocatecumenal_Juan_Pablo_II_audiencia_especial_penitencia_reconciliacion_19833.jpg 768w, https:\/\/neocatechumenaleiter.org\/wp-content\/uploads\/2020\/03\/Camino_Neocatecumenal_Juan_Pablo_II_audiencia_especial_penitencia_reconciliacion_19833-300x207.jpg 300w\" sizes=\"auto, (max-width: 768px) 100vw, 768px\" \/><\/figure><\/div>\n\n<p><em>Drodzy Bracia!<\/em><\/p>\n\n<p>Pozostawiaj\u0105c wam do rozwa\u017cenia te my\u015bli, przyzywam obfito\u015bci \u0142ask Bo\u017cych dla was tu obecnych i dla wszystkich wsp\u00f3lnot, kt\u00f3re reprezentujecie. Wszystkich polecam Naj\u015bwi\u0119tszej Maryi, kt\u00f3ra jest niezr\u00f3wnanym przyk\u0142adem \u017carliwej wiary i uleg\u0142ego przyj\u0119cia woli Bo\u017cej.&#013;\n&#013;\nTa, kt\u00f3ra \u201esz\u0142a naprz\u00f3d w pielgrzymce wiary i utrzymywa\u0142a wiernie swe zjednoczenie z Synem a\u017c do krzy\u017ca\u201d (<em>Lumen gentium, 58<\/em>) niech umacnia was swym macierzy\u0144skim u\u015bmiechem w codziennym na\u015bladowaniu Chrystusa.&#013;\n&#013;\nZ moim apostolskim b\u0142ogos\u0142awie\u0144stwem\u00bb.<\/p>\n","protected":false},"excerpt":{"rendered":"<p>Audiencja specjalna na kongresie &#8222;Pokuta i pojednanie&#8221; 10-2-1983 \u015aw. Jan Pawe\u0142 II Roma, Aula Paw\u0142a VI, 10 lutego 1983 Oko\u0142o dw\u00f3ch tysi\u0119cy proboszcz\u00f3w i mniej wi\u0119cej sze\u015b\u0107dziesi\u0119ciu biskup\u00f3w pochodz\u0105cych ze wszystkich cz\u0119\u015bci \u015bwiata spotka\u0142o si\u0119 dzisiaj rano, w czwartek 10 lutego, z Papie\u017cem w auli Paw\u0142a VI. Ksi\u0119\u017ca i biskupi uczestnicz\u0105 od 7 lutego w zje\u017adzie zorganizowanym w Rzymie przez wsp\u00f3lnoty neokatechumenalne na temat niezwykle aktualny w \u017cyciu Ko\u015bcio\u0142a: \u201ePojednanie<\/p>\n<div class=\"read-more\"><a class=\"btn read-more-btn\" href=\"https:\/\/neocatechumenaleiter.org\/pl\/slowa-papiezy\/sw-jan-pawel-ii\/audiencja-specjalna-na-kongresie-pokuta-i-pojednanie-10-2-1983\/\">Czytaj dalej<\/a><\/div>\n","protected":false},"author":2,"featured_media":0,"parent":16496,"menu_order":16,"comment_status":"closed","ping_status":"closed","template":"","meta":{"footnotes":""},"class_list":["post-21695","page","type-page","status-publish","hentry"],"_links":{"self":[{"href":"https:\/\/neocatechumenaleiter.org\/pl\/wp-json\/wp\/v2\/pages\/21695","targetHints":{"allow":["GET"]}}],"collection":[{"href":"https:\/\/neocatechumenaleiter.org\/pl\/wp-json\/wp\/v2\/pages"}],"about":[{"href":"https:\/\/neocatechumenaleiter.org\/pl\/wp-json\/wp\/v2\/types\/page"}],"author":[{"embeddable":true,"href":"https:\/\/neocatechumenaleiter.org\/pl\/wp-json\/wp\/v2\/users\/2"}],"replies":[{"embeddable":true,"href":"https:\/\/neocatechumenaleiter.org\/pl\/wp-json\/wp\/v2\/comments?post=21695"}],"version-history":[{"count":7,"href":"https:\/\/neocatechumenaleiter.org\/pl\/wp-json\/wp\/v2\/pages\/21695\/revisions"}],"predecessor-version":[{"id":21702,"href":"https:\/\/neocatechumenaleiter.org\/pl\/wp-json\/wp\/v2\/pages\/21695\/revisions\/21702"}],"up":[{"embeddable":true,"href":"https:\/\/neocatechumenaleiter.org\/pl\/wp-json\/wp\/v2\/pages\/16496"}],"wp:attachment":[{"href":"https:\/\/neocatechumenaleiter.org\/pl\/wp-json\/wp\/v2\/media?parent=21695"}],"curies":[{"name":"wp","href":"https:\/\/api.w.org\/{rel}","templated":true}]}}