{"id":21754,"date":"2020-03-02T23:39:26","date_gmt":"2020-03-02T22:39:26","guid":{"rendered":"https:\/\/neocatechumenaleiter.org\/slowa-papiezy\/sw-jan-pawel-ii\/papiez-jan-pawel-ii-pozdrawia-uczestnikow-zjazdu-na-temat-pokuta-i-pojednanie-po-modlitwie-aniol-panski-13-2-1983\/"},"modified":"2021-04-14T16:14:08","modified_gmt":"2021-04-14T15:14:08","slug":"papiez-jan-pawel-ii-pozdrawia-uczestnikow-zjazdu-na-temat-pokuta-i-pojednanie-po-modlitwie-aniol-panski-13-2-1983","status":"publish","type":"page","link":"https:\/\/neocatechumenaleiter.org\/pl\/slowa-papiezy\/sw-jan-pawel-ii\/papiez-jan-pawel-ii-pozdrawia-uczestnikow-zjazdu-na-temat-pokuta-i-pojednanie-po-modlitwie-aniol-panski-13-2-1983\/","title":{"rendered":"PAPIE\u017b JAN PAWE\u0141 II POZDRAWIA UCZESTNIK\u00d3W ZJAZDU NA TEMAT \u201ePOKUTA I POJEDNANIE\u201d, PO MODLITWIE \u201eANIO\u0141 PA\u0143SKI\u201d 13-2-1983"},"content":{"rendered":"\n<h1 class=\"has-text-align-center wp-block-heading\"> PAPIE\u017b JAN PAWE\u0141 II&#013;\nPOZDRAWIA UCZESTNIK\u00d3W ZJAZDU NA TEMAT \u201ePOKUTA I POJEDNANIE\u201d, PO MODLITWIE \u201eANIO\u0141 PA\u0143SKI\u201d&#013;\n 13-2-1983 <\/h1>\n\n<div style=\"height:20px\" aria-hidden=\"true\" class=\"wp-block-spacer\"><\/div>\n\n<h4 class=\"has-text-align-center wp-block-heading\">\u015aw. Jan Pawe\u0142 II<\/h4>\n\n<div style=\"height:20px\" aria-hidden=\"true\" class=\"wp-block-spacer\"><\/div>\n\n<p><strong>Plac \u015bw. Piotra, 13 lutego 1983 r.<\/strong><\/p>\n\n<p><em>Po modlitwie \u201eAnio\u0142 Pa\u0144ski\u201d Ojciec \u015bwi\u0119ty zwr\u00f3ci\u0142 si\u0119 ze szczeg\u00f3lnymi pozdrowieniami do obecnych grup<\/em> i<em> powiedzia\u0142 m.in.:<\/em><\/p>\n\n<p>\u00abPragn\u0119 zwr\u00f3ci\u0107 si\u0119 z serdecznym pozdrowieniem do licznej grupy uczestnik\u00f3w obrad odbywaj\u0105cego si\u0119 w Rzymie w tych dniach zjazdu na temat \u201ePokuta i pojednanie\u201d, zorganizowanego staraniem wsp\u00f3lnot neokatechumenalnych. Raz jeszcze, drodzy Bracia, chc\u0119 wyrazi\u0107 wobec was zadowolenie z waszego kongresu, kt\u00f3ry zgromadzi\u0142 blisko sze\u015b\u0107dziesi\u0119ciu biskup\u00f3w oraz dwa tysi\u0105ce proboszcz\u00f3w i kap\u0142an\u00f3w, przyby\u0142ych z pi\u0119ciu kontynent\u00f3w, a\u017ceby zastanowi\u0107 si\u0119 nad tematem przysz\u0142ego Synodu Biskup\u00f3w.&#013;\nW czasie spotkania, jakie mia\u0142em z wami w ubieg\u0142y czwartek, po raz kt\u00f3ry\u015b z rz\u0119du mog\u0142em doceni\u0107 entuzjazm, jaki was wyr\u00f3\u017cnia. Nie ustawajcie w prowadzeniu z niezmordowan\u0105 i zawsze \u015bwie\u017c\u0105 hojno\u015bci\u0105 waszego chrze\u015bcija\u0144skiego apostolatu i \u015bwiadectwa, szczeg\u00f3lnie w dziedzinie katechezy, w kt\u00f3rej tyle dobrych owoc\u00f3w osi\u0105gn\u0119li\u015bcie na przestrzeni ostatnich lat.&#013;\nNiech wam i wszystkim cz\u0142onkom wsp\u00f3lnot neokatechumenalnych na ca\u0142ym \u015bwiecie towarzyszy moje apostolskie b\u0142ogos\u0142awie\u0144stwo\u00bb.<\/p>\n","protected":false},"excerpt":{"rendered":"<p>PAPIE\u017b JAN PAWE\u0141 II&#013; POZDRAWIA UCZESTNIK\u00d3W ZJAZDU NA TEMAT \u201ePOKUTA I POJEDNANIE\u201d, PO MODLITWIE \u201eANIO\u0141 PA\u0143SKI\u201d&#013; 13-2-1983 \u015aw. Jan Pawe\u0142 II Plac \u015bw. Piotra, 13 lutego 1983 r. Po modlitwie \u201eAnio\u0142 Pa\u0144ski\u201d Ojciec \u015bwi\u0119ty zwr\u00f3ci\u0142 si\u0119 ze szczeg\u00f3lnymi pozdrowieniami do obecnych grup i powiedzia\u0142 m.in.: \u00abPragn\u0119 zwr\u00f3ci\u0107 si\u0119 z serdecznym pozdrowieniem do licznej grupy uczestnik\u00f3w obrad odbywaj\u0105cego si\u0119 w Rzymie w tych dniach zjazdu na temat \u201ePokuta i pojednanie\u201d, zorganizowanego<\/p>\n<div class=\"read-more\"><a class=\"btn read-more-btn\" href=\"https:\/\/neocatechumenaleiter.org\/pl\/slowa-papiezy\/sw-jan-pawel-ii\/papiez-jan-pawel-ii-pozdrawia-uczestnikow-zjazdu-na-temat-pokuta-i-pojednanie-po-modlitwie-aniol-panski-13-2-1983\/\">Czytaj dalej<\/a><\/div>\n","protected":false},"author":2,"featured_media":0,"parent":16496,"menu_order":17,"comment_status":"closed","ping_status":"closed","template":"","meta":{"footnotes":""},"class_list":["post-21754","page","type-page","status-publish","hentry"],"_links":{"self":[{"href":"https:\/\/neocatechumenaleiter.org\/pl\/wp-json\/wp\/v2\/pages\/21754","targetHints":{"allow":["GET"]}}],"collection":[{"href":"https:\/\/neocatechumenaleiter.org\/pl\/wp-json\/wp\/v2\/pages"}],"about":[{"href":"https:\/\/neocatechumenaleiter.org\/pl\/wp-json\/wp\/v2\/types\/page"}],"author":[{"embeddable":true,"href":"https:\/\/neocatechumenaleiter.org\/pl\/wp-json\/wp\/v2\/users\/2"}],"replies":[{"embeddable":true,"href":"https:\/\/neocatechumenaleiter.org\/pl\/wp-json\/wp\/v2\/comments?post=21754"}],"version-history":[{"count":3,"href":"https:\/\/neocatechumenaleiter.org\/pl\/wp-json\/wp\/v2\/pages\/21754\/revisions"}],"predecessor-version":[{"id":21757,"href":"https:\/\/neocatechumenaleiter.org\/pl\/wp-json\/wp\/v2\/pages\/21754\/revisions\/21757"}],"up":[{"embeddable":true,"href":"https:\/\/neocatechumenaleiter.org\/pl\/wp-json\/wp\/v2\/pages\/16496"}],"wp:attachment":[{"href":"https:\/\/neocatechumenaleiter.org\/pl\/wp-json\/wp\/v2\/media?parent=21754"}],"curies":[{"name":"wp","href":"https:\/\/api.w.org\/{rel}","templated":true}]}}