{"id":21758,"date":"2020-03-02T23:42:47","date_gmt":"2020-03-02T22:42:47","guid":{"rendered":"https:\/\/neocatechumenaleiter.org\/slowa-papiezy\/sw-jan-pawel-ii\/wizytacja-w-parafii-nmp-z-lourdes-13-2-1983\/"},"modified":"2021-04-14T16:25:44","modified_gmt":"2021-04-14T15:25:44","slug":"wizytacja-w-parafii-nmp-z-lourdes-13-2-1983","status":"publish","type":"page","link":"https:\/\/neocatechumenaleiter.org\/pl\/slowa-papiezy\/sw-jan-pawel-ii\/wizytacja-w-parafii-nmp-z-lourdes-13-2-1983\/","title":{"rendered":"WIZYTACJA W PARAFII NMP  Z LOURDES 13-2-1983"},"content":{"rendered":"\n<h1 class=\"has-text-align-center wp-block-heading\">WIZYTACJA W PARAFII NMP  Z LOURDES 13-2-1983<\/h1>\n\n<div style=\"height:20px\" aria-hidden=\"true\" class=\"wp-block-spacer\"><\/div>\n\n<h4 class=\"has-text-align-center wp-block-heading\">\u015aw. Jan Pawe\u0142 II<\/h4>\n\n<div style=\"height:20px\" aria-hidden=\"true\" class=\"wp-block-spacer\"><\/div>\n\n<p><strong>Rzym, 13 lutego 1983 r.<\/strong><\/p>\n\n<p><em>Po kr\u00f3tkim spotkaniu z m\u0142odzie\u017c\u0105 Ojciec \u015bwi\u0119ty powr\u00f3ci\u0142 do ko\u015bcio\u0142a, gdzie by\u0142 oczekiwany przez cztery wsp\u00f3lnoty neokatechumenalne. Przedstawi\u0142 je proboszcz. Giampiero, katechista wsp\u00f3lnoty, wyja\u015bni\u0142 nast\u0119pnie, w jaki spos\u00f3b te wsp\u00f3lnoty narodzi\u0142y si\u0119 w parafii Naszej Pani z Lourdes i przedstawi\u0142 mu niekt\u00f3rych w\u0119drownych kap\u0142an\u00f3w, kt\u00f3rzy pracowali w parafii, a p\u00f3\u017aniej zanie\u015bli S\u0142owo Pana do r\u00f3\u017cnych narod\u00f3w \u015bwiata. Kolejno ka\u017cdy z tych kap\u0142an\u00f3w kr\u00f3tko opowiada\u0142 papie\u017cowi swoj\u0105 histori\u0119, poczynaj\u0105c od swego wej\u015bcia do wsp\u00f3lnoty neokatechumenalnej, aby za\u015bwiadczy\u0107 o swoim szcz\u0119\u015bciu bycia katechist\u0105 w\u0119drownym.<\/em>&#013;\n&#013;\n<em>Ojciec \u015bwi\u0119ty, odpowiadaj\u0105c na skierowane do<\/em> niego<em> s\u0142owo pozdrowienia i pragn\u0105c zostawi\u0107 neokatechumenom swoje s\u0142owo, po przypomnieniu swego spotkania z prezbiterami wsp\u00f3lnot neokatechumenalnych sprzed kilku dni, mi\u0119dzy innymi powiedzia\u0142:<\/em><\/p>\n\n<div class=\"wp-block-image\"><figure class=\"alignleft size-large\"><img loading=\"lazy\" decoding=\"async\" width=\"708\" height=\"558\" src=\"https:\/\/neocatechumenaleiter.org\/wp-content\/uploads\/2020\/03\/Camino_Neocatecumenal_Juan_Pablo_II_visita_parroquia_Lourdes_1983.jpg\" alt=\"\" class=\"wp-image-5449\" srcset=\"https:\/\/neocatechumenaleiter.org\/wp-content\/uploads\/2020\/03\/Camino_Neocatecumenal_Juan_Pablo_II_visita_parroquia_Lourdes_1983.jpg 708w, https:\/\/neocatechumenaleiter.org\/wp-content\/uploads\/2020\/03\/Camino_Neocatecumenal_Juan_Pablo_II_visita_parroquia_Lourdes_1983-300x236.jpg 300w\" sizes=\"auto, (max-width: 708px) 100vw, 708px\" \/><\/figure><\/div>\n\n<p>\u00abChcia\u0142em zwr\u00f3ci\u0107 uwag\u0119 na te s\u0142owa pie\u015bni, kt\u00f3r\u0105 \u015bpiewali\u015bcie, witaj\u0105c mnie w\u015br\u00f3d was, s\u0142owa wzruszaj\u0105ce o Maryi: \u201eMaryjo, Ty\u015b uwierzy\u0142a, \u017ce si\u0119 spe\u0142ni S\u0142owo Pana\u201d. S\u0105 to s\u0142owa centralne, w kt\u00f3rych wyra\u017ca si\u0119 ca\u0142e misterium Maryi, misterium wyra\u017cone s\u0142owami wypowiedzianymi przez jej krewn\u0105, El\u017cbiet\u0119. W tych s\u0142owach jest naprawd\u0119 ca\u0142a Maryja, ta, kt\u00f3ra uwierzy\u0142a w s\u0142owa Pana wiar\u0105 niepowtarzaln\u0105. Ale te\u017c i tajemnica, kt\u00f3ra Jej zosta\u0142a objawiona, by\u0142a niepowtarzalna. Potrzeba by\u0142o wiary bardzo wielkiej, wiary Maryi, by przyj\u0105\u0107 te s\u0142owa, by w nie uwierzy\u0107, by zaakceptowa\u0107 ich tre\u015b\u0107. Ot\u00f3\u017c my\u015bl\u0119, \u017ce Maryja, ta, kt\u00f3ra uwierzy\u0142a w s\u0142owa Pana, jest wzorem \u2013 wszystkim nam pokazuje drog\u0119, pokazuje j\u0105 specjalnie wam. Bo c\u00f3\u017c oznacza by\u0107 cz\u0142onkiem wsp\u00f3lnot neokatechumenalnych, co oznacza by\u0107 w nich katechist\u0105? Oznacza by\u0107 tym, kt\u00f3ry uwierzy\u0142 w S\u0142owo Pana, kt\u00f3ry uczyni\u0142 z tego S\u0142owa istotn\u0105 tre\u015b\u0107 swego \u017cycia, jego cia\u0142o, jego substancj\u0119; by\u0107 kim\u015b, kto tak g\u0142\u0119boko zasymilowa\u0142 to S\u0142owo Pana, \u017ce mogliby\u015bmy powiedzie\u0107, i\u017c S\u0142owo Bo\u017ce pracuje w nim, dr\u0105\u017cy go, chce si\u0119 w nim wyrazi\u0107, tak jak gdyby by\u0142o dzieckiem, kt\u00f3re chce si\u0119 narodzi\u0107. Podobnie i to S\u0142owo chce by\u0107 wyra\u017cone, dane, chce by\u0107 przekazane innym. I dlatego to w\u0142a\u015bnie, jak to czynili niegdy\u015b aposto\u0142owie, podobnie i ci katechi\u015bci w\u0119drowni i inni aposto\u0142owie naszych czas\u00f3w zostawiaj\u0105 swoje domy, swoje kraje, swoj\u0105 ojczyzn\u0119, swoje parafie i szukaj\u0105 innych \u015bwiat\u00f3w, innych kraj\u00f3w, innych narod\u00f3w, ucz\u0105 si\u0119 j\u0119zyk\u00f3w obcych, by zbli\u017cy\u0107 innych ludzi, inne wsp\u00f3lnoty do S\u0142owa Pana, to znaczy do tego, w co sami uwierzyli.&#013;\n\u017bycz\u0119 wam, najdro\u017csi, by\u015bcie dobrze szli t\u0105 drog\u0105, by\u015bcie dobrze ni\u0105 szli w tej parafii Matki Bo\u017cej z Lourdes. Podobnie jak to uczyni\u0142em z wasz\u0105 m\u0142odzie\u017c\u0105, i was tak\u017ce powierzam Maryi, Matce Chrystusa i Matce Ko\u015bcio\u0142a.<\/p>\n\n<p>Powierzam Jej szczeg\u00f3lnie wasze osoby, wasze rodziny, wasze wsp\u00f3lnoty, wasz\u0105 misj\u0119 katechist\u00f3w, wasze zaanga\u017cowanie w dawanie katechez.&#013;\nPowierzam was Maryi, Tej, kt\u00f3ra uwierzy\u0142a w S\u0142owo Pana, niech Ona prowadzi do dojrza\u0142o\u015bci wasz\u0105 wiar\u0119 na wz\u00f3r swojej wiary, tak aby przynosi\u0142a obfite owoce\u00bb.<\/p>\n","protected":false},"excerpt":{"rendered":"<p>WIZYTACJA W PARAFII NMP Z LOURDES 13-2-1983 \u015aw. Jan Pawe\u0142 II Rzym, 13 lutego 1983 r. Po kr\u00f3tkim spotkaniu z m\u0142odzie\u017c\u0105 Ojciec \u015bwi\u0119ty powr\u00f3ci\u0142 do ko\u015bcio\u0142a, gdzie by\u0142 oczekiwany przez cztery wsp\u00f3lnoty neokatechumenalne. Przedstawi\u0142 je proboszcz. Giampiero, katechista wsp\u00f3lnoty, wyja\u015bni\u0142 nast\u0119pnie, w jaki spos\u00f3b te wsp\u00f3lnoty narodzi\u0142y si\u0119 w parafii Naszej Pani z Lourdes i przedstawi\u0142 mu niekt\u00f3rych w\u0119drownych kap\u0142an\u00f3w, kt\u00f3rzy pracowali w parafii, a p\u00f3\u017aniej zanie\u015bli S\u0142owo Pana do<\/p>\n<div class=\"read-more\"><a class=\"btn read-more-btn\" href=\"https:\/\/neocatechumenaleiter.org\/pl\/slowa-papiezy\/sw-jan-pawel-ii\/wizytacja-w-parafii-nmp-z-lourdes-13-2-1983\/\">Czytaj dalej<\/a><\/div>\n","protected":false},"author":2,"featured_media":0,"parent":16496,"menu_order":18,"comment_status":"closed","ping_status":"closed","template":"","meta":{"footnotes":""},"class_list":["post-21758","page","type-page","status-publish","hentry"],"_links":{"self":[{"href":"https:\/\/neocatechumenaleiter.org\/pl\/wp-json\/wp\/v2\/pages\/21758","targetHints":{"allow":["GET"]}}],"collection":[{"href":"https:\/\/neocatechumenaleiter.org\/pl\/wp-json\/wp\/v2\/pages"}],"about":[{"href":"https:\/\/neocatechumenaleiter.org\/pl\/wp-json\/wp\/v2\/types\/page"}],"author":[{"embeddable":true,"href":"https:\/\/neocatechumenaleiter.org\/pl\/wp-json\/wp\/v2\/users\/2"}],"replies":[{"embeddable":true,"href":"https:\/\/neocatechumenaleiter.org\/pl\/wp-json\/wp\/v2\/comments?post=21758"}],"version-history":[{"count":3,"href":"https:\/\/neocatechumenaleiter.org\/pl\/wp-json\/wp\/v2\/pages\/21758\/revisions"}],"predecessor-version":[{"id":21761,"href":"https:\/\/neocatechumenaleiter.org\/pl\/wp-json\/wp\/v2\/pages\/21758\/revisions\/21761"}],"up":[{"embeddable":true,"href":"https:\/\/neocatechumenaleiter.org\/pl\/wp-json\/wp\/v2\/pages\/16496"}],"wp:attachment":[{"href":"https:\/\/neocatechumenaleiter.org\/pl\/wp-json\/wp\/v2\/media?parent=21758"}],"curies":[{"name":"wp","href":"https:\/\/api.w.org\/{rel}","templated":true}]}}