{"id":21762,"date":"2020-03-02T23:48:19","date_gmt":"2020-03-02T22:48:19","guid":{"rendered":"https:\/\/neocatechumenaleiter.org\/slowa-papiezy\/sw-jan-pawel-ii\/wigilia-paschalna-w-bazylice-sw-piotra-3-4-1983\/"},"modified":"2021-04-14T16:31:44","modified_gmt":"2021-04-14T15:31:44","slug":"wigilia-paschalna-w-bazylice-sw-piotra-3-4-1983","status":"publish","type":"page","link":"https:\/\/neocatechumenaleiter.org\/pl\/slowa-papiezy\/sw-jan-pawel-ii\/wigilia-paschalna-w-bazylice-sw-piotra-3-4-1983\/","title":{"rendered":"WIGILIA PASCHALNA W BAZYLICE \u015aW. PIOTRA 3-4-1983"},"content":{"rendered":"\n<h1 class=\"has-text-align-center wp-block-heading\"> WIGILIA PASCHALNA W BAZYLICE \u015aW. PIOTRA 3-4-1983 <\/h1>\n\n<div style=\"height:20px\" aria-hidden=\"true\" class=\"wp-block-spacer\"><\/div>\n\n<h4 class=\"has-text-align-center wp-block-heading\">\u015aw. Jan Pawe\u0142 II<\/h4>\n\n<div style=\"height:20px\" aria-hidden=\"true\" class=\"wp-block-spacer\"><\/div>\n\n<p><strong>Bazylika \u015bw. Piotra, 3 kwietnia 1983 r.<\/strong><\/p>\n\n<p><em>Sobotniej nocy znowu pojawi\u0142a si\u0119 w Bazylice Watyka\u0144skiej ta sugestywna atmosfera, kt\u00f3ra towarzyszy oczekiwaniu na powt\u00f3rzenie si\u0119 tego \u201enowego wydarzenia\u201d, jakie Zmartwychwstanie Chrystusa przynosi z sob\u0105 do \u017cycia ka\u017cdego, kto wierzy&#8230;<\/em>&#013;\n&#013;\n<em>Po liturgii S\u0142owa nast\u0105pi\u0142 ryt chrztu dla 22 katechumen\u00f3w r\u00f3\u017cnej narodowo\u015bci&#8230;<\/em>&#013;\n&#013;\n<em>Ca\u0142a zgromadzona wsp\u00f3lnota wiernych zosta\u0142a wezwana do odnowienia i podtrzymania swej wiary w momencie, w kt\u00f3rym towarzyszy innym braciom zmierzaj\u0105cym w stron\u0119 o\u0142tarza, by tam otrzyma\u0107 sakramenty inicjacji chrze\u015bcija\u0144skiej.<\/em><\/p>\n\n<figure class=\"wp-block-gallery aligncenter columns-2 is-cropped wp-block-gallery-1 is-layout-flex wp-block-gallery-is-layout-flex\"><ul class=\"blocks-gallery-grid\"><li class=\"blocks-gallery-item\"><figure><img loading=\"lazy\" decoding=\"async\" width=\"366\" height=\"312\" src=\"https:\/\/neocatechumenaleiter.org\/wp-content\/uploads\/2020\/03\/Camino_Neocatecumenal_Juan_Pablo_II_vigilia_pascual_hermanos_vestidura_blanca2.jpg\" alt=\"\" data-id=\"1734\" data-full-url=\"https:\/\/neocatechumenaleiter.org\/wp-content\/uploads\/2020\/03\/Camino_Neocatecumenal_Juan_Pablo_II_vigilia_pascual_hermanos_vestidura_blanca2.jpg\" data-link=\"https:\/\/neocatechumenaleiter.org\/?attachment_id=1734\" class=\"wp-image-5455\" srcset=\"https:\/\/neocatechumenaleiter.org\/wp-content\/uploads\/2020\/03\/Camino_Neocatecumenal_Juan_Pablo_II_vigilia_pascual_hermanos_vestidura_blanca2.jpg 366w, https:\/\/neocatechumenaleiter.org\/wp-content\/uploads\/2020\/03\/Camino_Neocatecumenal_Juan_Pablo_II_vigilia_pascual_hermanos_vestidura_blanca2-300x256.jpg 300w\" sizes=\"auto, (max-width: 366px) 100vw, 366px\" \/><\/figure><\/li><li class=\"blocks-gallery-item\"><figure><img loading=\"lazy\" decoding=\"async\" width=\"363\" height=\"330\" src=\"https:\/\/neocatechumenaleiter.org\/wp-content\/uploads\/2020\/03\/Camino_Neocatecumenal_Juan_Pablo_II_vigilia_pascual_hermanos_vestidura_blanca.jpg\" alt=\"\" data-id=\"1741\" data-full-url=\"https:\/\/neocatechumenaleiter.org\/wp-content\/uploads\/2020\/03\/Camino_Neocatecumenal_Juan_Pablo_II_vigilia_pascual_hermanos_vestidura_blanca.jpg\" data-link=\"https:\/\/neocatechumenaleiter.org\/?attachment_id=1741\" class=\"wp-image-5457\" srcset=\"https:\/\/neocatechumenaleiter.org\/wp-content\/uploads\/2020\/03\/Camino_Neocatecumenal_Juan_Pablo_II_vigilia_pascual_hermanos_vestidura_blanca.jpg 363w, https:\/\/neocatechumenaleiter.org\/wp-content\/uploads\/2020\/03\/Camino_Neocatecumenal_Juan_Pablo_II_vigilia_pascual_hermanos_vestidura_blanca-300x273.jpg 300w\" sizes=\"auto, (max-width: 363px) 100vw, 363px\" \/><\/figure><\/li><\/ul><\/figure>","protected":false},"excerpt":{"rendered":"<p>WIGILIA PASCHALNA W BAZYLICE \u015aW. PIOTRA 3-4-1983 \u015aw. Jan Pawe\u0142 II Bazylika \u015bw. Piotra, 3 kwietnia 1983 r. Sobotniej nocy znowu pojawi\u0142a si\u0119 w Bazylice Watyka\u0144skiej ta sugestywna atmosfera, kt\u00f3ra towarzyszy oczekiwaniu na powt\u00f3rzenie si\u0119 tego \u201enowego wydarzenia\u201d, jakie Zmartwychwstanie Chrystusa przynosi z sob\u0105 do \u017cycia ka\u017cdego, kto wierzy&#8230;&#013; &#013; Po liturgii S\u0142owa nast\u0105pi\u0142 ryt chrztu dla 22 katechumen\u00f3w r\u00f3\u017cnej narodowo\u015bci&#8230;&#013; &#013; Ca\u0142a zgromadzona wsp\u00f3lnota wiernych zosta\u0142a wezwana do odnowienia<\/p>\n<div class=\"read-more\"><a class=\"btn read-more-btn\" href=\"https:\/\/neocatechumenaleiter.org\/pl\/slowa-papiezy\/sw-jan-pawel-ii\/wigilia-paschalna-w-bazylice-sw-piotra-3-4-1983\/\">Czytaj dalej<\/a><\/div>\n","protected":false},"author":2,"featured_media":0,"parent":16496,"menu_order":20,"comment_status":"closed","ping_status":"closed","template":"","meta":{"footnotes":""},"class_list":["post-21762","page","type-page","status-publish","hentry"],"_links":{"self":[{"href":"https:\/\/neocatechumenaleiter.org\/pl\/wp-json\/wp\/v2\/pages\/21762","targetHints":{"allow":["GET"]}}],"collection":[{"href":"https:\/\/neocatechumenaleiter.org\/pl\/wp-json\/wp\/v2\/pages"}],"about":[{"href":"https:\/\/neocatechumenaleiter.org\/pl\/wp-json\/wp\/v2\/types\/page"}],"author":[{"embeddable":true,"href":"https:\/\/neocatechumenaleiter.org\/pl\/wp-json\/wp\/v2\/users\/2"}],"replies":[{"embeddable":true,"href":"https:\/\/neocatechumenaleiter.org\/pl\/wp-json\/wp\/v2\/comments?post=21762"}],"version-history":[{"count":3,"href":"https:\/\/neocatechumenaleiter.org\/pl\/wp-json\/wp\/v2\/pages\/21762\/revisions"}],"predecessor-version":[{"id":21765,"href":"https:\/\/neocatechumenaleiter.org\/pl\/wp-json\/wp\/v2\/pages\/21762\/revisions\/21765"}],"up":[{"embeddable":true,"href":"https:\/\/neocatechumenaleiter.org\/pl\/wp-json\/wp\/v2\/pages\/16496"}],"wp:attachment":[{"href":"https:\/\/neocatechumenaleiter.org\/pl\/wp-json\/wp\/v2\/media?parent=21762"}],"curies":[{"name":"wp","href":"https:\/\/api.w.org\/{rel}","templated":true}]}}