{"id":21766,"date":"2020-03-02T23:50:32","date_gmt":"2020-03-02T22:50:32","guid":{"rendered":"https:\/\/neocatechumenaleiter.org\/slowa-papiezy\/sw-jan-pawel-ii\/wizytacja-w-parafii-matki-bozej-milosierdzia-1-5-1983\/"},"modified":"2021-04-14T16:45:48","modified_gmt":"2021-04-14T15:45:48","slug":"wizytacja-w-parafii-matki-bozej-milosierdzia-1-5-1983","status":"publish","type":"page","link":"https:\/\/neocatechumenaleiter.org\/pl\/slowa-papiezy\/sw-jan-pawel-ii\/wizytacja-w-parafii-matki-bozej-milosierdzia-1-5-1983\/","title":{"rendered":"WIZYTACJA W PARAFII MATKI BO\u017bEJ MI\u0141OSIERDZIA 1-5-1983"},"content":{"rendered":"\n<h1 class=\"has-text-align-center wp-block-heading\">WIZYTACJA W PARAFII MATKI BO\u017bEJ MI\u0141OSIERDZIA 1-5-1983<\/h1>\n\n<div style=\"height:20px\" aria-hidden=\"true\" class=\"wp-block-spacer\"><\/div>\n\n<h4 class=\"has-text-align-center wp-block-heading\">\u015aw. Jan Pawe\u0142 II<\/h4>\n\n<div style=\"height:20px\" aria-hidden=\"true\" class=\"wp-block-spacer\"><\/div>\n\n<p><strong>Rzym, 1 maja 1983 r.<\/strong><\/p>\n\n<p><em>Opu\u015bciwszy sal\u0119, w kt\u00f3rej zbiera si\u0119 rada duszpasterska, Ojciec \u015bwi\u0119ty uda\u0142 si\u0119 do niewielkiej ochronki parafialnej, gdzie w sali jadalnej czekali na niego cz\u0142onkowie wsp\u00f3lnot neokatechumenalnych nale\u017c\u0105cych do parafii. Gdy Jan Pawe\u0142 II ukaza\u0142 si\u0119 w drzwiach, powita\u0142 go \u015bpiew pochwalny na cze\u015b\u0107 Maryi, kt\u00f3ra uwierzy\u0142a pierwsza Panu, \u015bpiew typowy dla wsp\u00f3lnot neokatechumenalnych. Po kr\u00f3tkim przedstawieniu wszystkich Ojcu \u015bwi\u0119temu jeden z odpowiedzialnych wsp\u00f3lnoty przem\u00f3wi\u0142 do Papie\u017ca w<\/em> nast\u0119puj\u0105cych<em> s\u0142owach:<\/em><\/p>\n\n<p> \u00abWasza \u015awi\u0105tobliwo\u015b\u0107, cztery lata temu rozpocz\u0119\u0142a si\u0119 w tej parafii droga wiary wsp\u00f3lnoty neokatechumenalnej zmierzaj\u0105ca do odkrycia bogactwa chrztu, kt\u00f3ry otrzymali\u015bmy w dzieci\u0144stwie.&#013;\nPan przys\u0142a\u0142 do nas ludzi takich jak my, naszych katechist\u00f3w, z or\u0119dziem o Jezusie Chrystusie zmartwychwsta\u0142ym, kt\u00f3re nas wyprawi\u0142o w drog\u0119 i utrzymuje nas na niej razem: ubogich i bogatych, robotnik\u00f3w i ludzi wolnych zawod\u00f3w, kobiety i m\u0119\u017cczyzn, m\u0142odych i starych, ma\u0142\u017conk\u00f3w i ludzi stanu wolnego, ca\u0142e rodziny, i widzieli\u015bmy, \u017ce jest mo\u017cliwe \u017cy\u0107 razem w jedno\u015bci i rado\u015bci, karmi\u0105c si\u0119 S\u0142owem Bo\u017cym i Eucharysti\u0105.&#013;\nWidzimy tak\u017ce, jak Pan zmienia nasze \u017cycie i daje nam rado\u015b\u0107 i pok\u00f3j ka\u017cdego dnia, w ka\u017cdej sytuacji, i nape\u0142nia swoimi darami nasz\u0105 wsp\u00f3lnot\u0119 parafialn\u0105; pierwszym z tych dar\u00f3w jest Twoja dzisiejsza wizyta w\u015br\u00f3d nas \u2013 dla nas wielkie \u015bwi\u0119to \u2013 potem narodziny nowej wsp\u00f3lnoty z\u0142o\u017conej z czterdziestu braci, kt\u00f3ra powsta\u0142a miesi\u0105c temu. Przy tej okazji widzieli\u015bmy, jak Duch \u015awi\u0119ty mo\u017ce dzia\u0142a\u0107 poprzez ludzi tak ubogich, jak my. Bracia z tej wsp\u00f3lnoty zaczynaj\u0105 teraz to do\u015bwiadczenie, kt\u00f3re my zapocz\u0105tkowali\u015bmy cztery lata temu. Ja osobi\u015bcie po pi\u0119tnastu latach oddalenia od Ko\u015bcio\u0142a zbli\u017cy\u0142em si\u0119 do niego ponownie, szukaj\u0105c jakiego\u015b sensu mojego \u017cycia. Na tej drodze odkry\u0142em, \u017ce sens ten mo\u017ce mi da\u0107 jedynie Jezus Chrystus\u00bb.<\/p>\n\n<p><em>Z kolei zwr\u00f3ci\u0142 si\u0119 do Papie\u017ca reprezentant katechist\u00f3w:<\/em>&#013;\n\u00abOjcze \u015bwi\u0119ty! Z niezmiern\u0105 rado\u015bci\u0105 przedstawiam Ci grup\u0119 katechist\u00f3w tej parafii.&#013;\n&#013;\nOd wielu ju\u017c lat, pos\u0142uszni nauczaniu W\u0142oskiej Konferencji Biskup\u00f3w, id\u0105c za jej wskazaniami, realizujemy tu drog\u0119 katechezy permanentnej, przybieraj\u0105cej posta\u0107 katechezy sakramentalnej, zwi\u0105zanej z I komuni\u0105 \u015bw. i bierzmowaniem, kontynuowanej po przyj\u0119ciu tych sakrament\u00f3w.&#013;\n&#013;\nTrudno\u015bci wynikaj\u0105ce ze s\u0142abego uczestnictwa rodzin dzieci, po\u0142\u0105czone z ma\u0142\u0105 liczb\u0105 ludzi \u015bwieckich zaanga\u017cowanych w katechez\u0119, cz\u0119sto chc\u0105 nas zniech\u0119ci\u0107, ale w\u0142a\u015bnie wtedy do\u015bwiadczamy, jak wielk\u0105 jest mi\u0142o\u015b\u0107 Bo\u017ca wzgl\u0119dem nas i jak to nam pomaga w naszej pracy z dzie\u0107mi.&#013;\n&#013;\nRado\u015b\u0107 tego, \u017ce jeste\u015b w\u015br\u00f3d nas, jest wielka, a jeszcze wi\u0119ksza dlatego, \u017ce jeste\u015bmy pewni, \u017ce otrzymamy s\u0142owo, kt\u00f3re pomo\u017ce nam z pewno\u015bci\u0105 kontynuowa\u0107 nasz\u0105 s\u0142u\u017cb\u0119 wzgl\u0119dem dzieci\u00bb.<\/p>\n\n<p><em>Po wys\u0142uchaniu s\u0142\u00f3w gospodarzy spotkania, Ojciec \u015bwi\u0119ty podzieli\u0142 si\u0119 z<\/em> obecnymi<em> nast\u0119puj\u0105cymi my\u015blami:<\/em><\/p>\n\n<p>\u00abRzeczywisto\u015b\u0107 katechumenalna i neokatechumenalna i rzeczywisto\u015b\u0107 katechezy s\u0105 z\u0142\u0105czone. Najpierw trzeba otrzyma\u0107 katechezy, sta\u0107 si\u0119 katechumenem, by przygotowa\u0107 si\u0119 do chrztu, a potem, ju\u017c po nim, w bierzmowaniu otrzymuje si\u0119 moc Ducha \u015awi\u0119tego, by przekazywa\u0107 wiar\u0119, w kt\u00f3rej zostali\u015bmy ochrzczeni, to znaczy \u2013 prowadzi\u0107 katechez\u0119. Ale pierwszy z przemawiaj\u0105cych s\u0142usznie podkre\u015bli\u0142 neokatechumenalny charakter grupy, poniewa\u017c tradycyjna rzeczywisto\u015b\u0107 katechumenalna, w pierwszym okresie dziej\u00f3w Ko\u015bcio\u0142a, zosta\u0142a zamieniona przez chrzest dzieci. I te dzieci nie mog\u0105 przebywa\u0107 drogi neokatechumenalnej, s\u0105 zbyt ma\u0142e, ale maj\u0105 \u015bwiadomo\u015b\u0107, inteligencj\u0119, poznanie. Potem, b\u0119d\u0105c ju\u017c doros\u0142ymi, ju\u017c m\u0142odymi, mog\u0105 zacz\u0105\u0107 drog\u0119 odkrywania skarbu naszego chrztu. To w\u0142a\u015bnie robicie wy, neokatechumeni. Czynicie to z wielkim zaanga\u017cowaniem, z wielkim entuzjazmem i czynicie to w r\u00f3\u017cnych parafiach Rzymu, ale przecie\u017c nie tylko w Rzymie, ale te\u017c we wszystkich parafiach \u015bwiata.&#013;\n\u017bycz\u0119 wam, by\u015bcie t\u0119 drog\u0119 kontynuowali, by\u015bcie byli wierni Duchowi \u015awi\u0119temu, by\u015bcie byli nosicielami Jego dar\u00f3w i Jego \u015bwiat\u0142a dla innych.&#013;\nKatechistom chcia\u0142bym powiedzie\u0107, \u017ce wzi\u0119li na siebie trud, kt\u00f3ry wynika z naszego chrztu i naszego bierzmowania. Gdy stajemy si\u0119 chrze\u015bcijanami dojrza\u0142ymi, powinni\u015bmy przynosi\u0107 owoce i te owoce wiary niesie si\u0119, daj\u0105c wiar\u0119 innym, o\u015bwiecaj\u0105c wiar\u0119 innym. Ten obowi\u0105zek, to jasne, jest zasadniczym obowi\u0105zkiem rodzic\u00f3w, rodziny. Przekazywanie wiary w rodzinie jest zawsze czym\u015b fundamentalnym. M\u00f3wi si\u0119, \u017ce rodzina ma by\u0107 Ko\u015bcio\u0142em domowym, bo w niej przekazuje si\u0119 wiar\u0119 od rodzic\u00f3w do dzieci, do m\u0142odych. Oczywi\u015bcie powinni to robi\u0107 tak\u017ce katechi\u015bci w Ko\u015bciele, a nie tylko rodzice i rodzina. Parafia winna mie\u0107 swoich katechist\u00f3w. Katechistami s\u0105 ksi\u0119\u017ca, s\u0105 nimi siostry zakonne, je\u015bli zosta\u0142y do tego zadania przygotowane, ale jest tak\u017ce wielu ludzi \u015bwieckich, kt\u00f3rzy najpierw przygotowuj\u0105 si\u0119, a potem podejmuj\u0105 trud na tej drodze apostolatu, apostolatu S\u0142owa Bo\u017cego.&#013;\n\u015apiewali\u015bcie tyle o Maryi, kt\u00f3ra uwierzy\u0142a S\u0142owu Pana. Rzeczywi\u015bcie, Maryja jest najpe\u0142niejszym przyk\u0142adem wiary; jest pe\u0142ni\u0105 wiary i jest Maryja nawet pierwsz\u0105 katechistk\u0105. Je\u015bli spojrzymy na jej dzie\u0142o katechetyczne, kt\u00f3re rozwija si\u0119 w dzisiejszym \u015bwiecie, ale te\u017c we wszystkich epokach, dostrzegamy, \u017ce jest ono niezmierne.&#013;\n\u017bycz\u0119 wam, by\u015bcie patrzyli na Matk\u0119 Chrystusa, pierwsz\u0105 katechistk\u0119, by J\u0105 na\u015bladowa\u0107, rozwijaj\u0105c wasze zadania katechetyczne\u00bb.<\/p>\n","protected":false},"excerpt":{"rendered":"<p>WIZYTACJA W PARAFII MATKI BO\u017bEJ MI\u0141OSIERDZIA 1-5-1983 \u015aw. Jan Pawe\u0142 II Rzym, 1 maja 1983 r. Opu\u015bciwszy sal\u0119, w kt\u00f3rej zbiera si\u0119 rada duszpasterska, Ojciec \u015bwi\u0119ty uda\u0142 si\u0119 do niewielkiej ochronki parafialnej, gdzie w sali jadalnej czekali na niego cz\u0142onkowie wsp\u00f3lnot neokatechumenalnych nale\u017c\u0105cych do parafii. Gdy Jan Pawe\u0142 II ukaza\u0142 si\u0119 w drzwiach, powita\u0142 go \u015bpiew pochwalny na cze\u015b\u0107 Maryi, kt\u00f3ra uwierzy\u0142a pierwsza Panu, \u015bpiew typowy dla wsp\u00f3lnot neokatechumenalnych. Po<\/p>\n<div class=\"read-more\"><a class=\"btn read-more-btn\" href=\"https:\/\/neocatechumenaleiter.org\/pl\/slowa-papiezy\/sw-jan-pawel-ii\/wizytacja-w-parafii-matki-bozej-milosierdzia-1-5-1983\/\">Czytaj dalej<\/a><\/div>\n","protected":false},"author":2,"featured_media":0,"parent":16496,"menu_order":21,"comment_status":"closed","ping_status":"closed","template":"","meta":{"footnotes":""},"class_list":["post-21766","page","type-page","status-publish","hentry"],"_links":{"self":[{"href":"https:\/\/neocatechumenaleiter.org\/pl\/wp-json\/wp\/v2\/pages\/21766","targetHints":{"allow":["GET"]}}],"collection":[{"href":"https:\/\/neocatechumenaleiter.org\/pl\/wp-json\/wp\/v2\/pages"}],"about":[{"href":"https:\/\/neocatechumenaleiter.org\/pl\/wp-json\/wp\/v2\/types\/page"}],"author":[{"embeddable":true,"href":"https:\/\/neocatechumenaleiter.org\/pl\/wp-json\/wp\/v2\/users\/2"}],"replies":[{"embeddable":true,"href":"https:\/\/neocatechumenaleiter.org\/pl\/wp-json\/wp\/v2\/comments?post=21766"}],"version-history":[{"count":7,"href":"https:\/\/neocatechumenaleiter.org\/pl\/wp-json\/wp\/v2\/pages\/21766\/revisions"}],"predecessor-version":[{"id":21773,"href":"https:\/\/neocatechumenaleiter.org\/pl\/wp-json\/wp\/v2\/pages\/21766\/revisions\/21773"}],"up":[{"embeddable":true,"href":"https:\/\/neocatechumenaleiter.org\/pl\/wp-json\/wp\/v2\/pages\/16496"}],"wp:attachment":[{"href":"https:\/\/neocatechumenaleiter.org\/pl\/wp-json\/wp\/v2\/media?parent=21766"}],"curies":[{"name":"wp","href":"https:\/\/api.w.org\/{rel}","templated":true}]}}