{"id":21774,"date":"2020-03-02T23:55:23","date_gmt":"2020-03-02T22:55:23","guid":{"rendered":"https:\/\/neocatechumenaleiter.org\/slowa-papiezy\/sw-jan-pawel-ii\/eucharystia-w-ogrodach-watykanskich-3-7-1983\/"},"modified":"2021-04-14T17:01:40","modified_gmt":"2021-04-14T16:01:40","slug":"eucharystia-w-ogrodach-watykanskich-3-7-1983","status":"publish","type":"page","link":"https:\/\/neocatechumenaleiter.org\/pl\/slowa-papiezy\/sw-jan-pawel-ii\/eucharystia-w-ogrodach-watykanskich-3-7-1983\/","title":{"rendered":"Eucharystia w Ogrodach Watyka\u0144skich 3-7-1983"},"content":{"rendered":"\n<h1 class=\"has-text-align-center wp-block-heading\">Eucharystia w Ogrodach Watyka\u0144skich 3-7-1983<\/h1>\n\n<div style=\"height:20px\" aria-hidden=\"true\" class=\"wp-block-spacer\"><\/div>\n\n<h4 class=\"has-text-align-center wp-block-heading\">\u015aw. Jan Pawe\u0142 II<\/h4>\n\n<div style=\"height:20px\" aria-hidden=\"true\" class=\"wp-block-spacer\"><\/div>\n\n<p><strong>Ogrody Watyka\u0144skie, 3 lipca 1983 r.<\/strong><\/p>\n\n<p><em>\u201e\u017bniwo jest wielkie, ale robotnik\u00f3w ma\u0142o. Pro\u015bcie zatem Pana \u017cniwa, by wys\u0142a\u0142 robotnik\u00f3w na swoje \u017cniwo\u201d. Ten znany urywek z Ewangelii \u015bw. \u0141ukasza, znajduj\u0105cy si\u0119 w liturgii wczorajszej niedzieli, by\u0142 w centrum rozwa\u017cania i modlitwy, kt\u00f3re zanosi\u0142 wczoraj, w niedziel\u0119 3 lipca, Ojciec \u015bwi\u0119ty wraz z oko\u0142o czterystu m\u0142odzie\u0144cami. W ubieg\u0142ym tygodniu odprawiali oni w Porto San Giorgio trzydniowe rekolekcje powo\u0142aniowe. Liturgia eucharystyczna, kt\u00f3r\u0105 Papie\u017c chcia\u0142 okaza\u0107 swoj\u0105 ojcowsk\u0105 sympati\u0119 i zach\u0119t\u0119 dla tych m\u0142odzie\u0144c\u00f3w, odbywaj\u0105cych powa\u017cn\u0105 i odpowiedzialn\u0105 drog\u0119 powo\u0142aniow\u0105, odby\u0142a si\u0119 wczesnym rankiem przed o\u0142tarzem groty Matki Bo\u017cej z Lourdes, w ogrodach watyka\u0144skich. W\u015br\u00f3d m\u0142odzie\u017cy, kt\u00f3rej powo\u0142anie kap\u0142a\u0144skie zrodzi\u0142o si\u0119 w \u0142onie wsp\u00f3lnot neokatechumenalnych, by\u0142o obecnych oko\u0142o 50 seminarzyst\u00f3w na og\u00f3ln\u0105 liczb\u0119 150. kt\u00f3rych w ci\u0105gu ostatnich lat ofiarowa\u0142y<\/em>&#013;\n&#013;\n<em>Ko\u015bcio\u0142owi we W\u0142oszech wsp\u00f3lnoty neokatechumenalne. Ale spo\u015br\u00f3d tych m\u0142odzie\u0144c\u00f3w, kt\u00f3rzy wczoraj modlili si\u0119 z Papie\u017cem, wielu innych, bo ponad sze\u015b\u0107dziesi\u0119ciu, zadeklarowa\u0142o swoj\u0105 gotowo\u015b\u0107 dania odpowiedzi na powo\u0142anie, kt\u00f3re rozbudzi\u0142o si\u0119 pod wp\u0142ywem dopiero co odbytych rekolekcji.<\/em>&#013;\n&#013;\n<em>Wok\u00f3\u0142 wielkiego sto\u0142u, pi\u0119knie przyozdobionego w centrum zgromadzenia, ponad trzydziestu ksi\u0119\u017cy koncelebrowa\u0142o z Papie\u017cem. Kiko Arg\u00fcello, kt\u00f3ry razem z Carmen Hernandez, te\u017c wczoraj obecn\u0105, jest promotorem i animatorem drogi neokatechumenalnej, prowadzi\u0142 \u015bpiew zgromadzenia.<\/em><\/p>\n\n<div class=\"wp-block-image\"><figure class=\"alignright size-medium\"><img loading=\"lazy\" decoding=\"async\" width=\"300\" height=\"242\" src=\"https:\/\/neocatechumenaleiter.org\/wp-content\/uploads\/2020\/03\/Camino_Neocatecumenal_Juan_Pablo_II_eucaristia_jardines_vaticano_1983-300x242.jpg\" alt=\"\" class=\"wp-image-1763\" srcset=\"https:\/\/neocatechumenaleiter.org\/wp-content\/uploads\/2020\/03\/Camino_Neocatecumenal_Juan_Pablo_II_eucaristia_jardines_vaticano_1983-300x242.jpg 300w, https:\/\/neocatechumenaleiter.org\/wp-content\/uploads\/2020\/03\/Camino_Neocatecumenal_Juan_Pablo_II_eucaristia_jardines_vaticano_1983.jpg 701w\" sizes=\"auto, (max-width: 300px) 100vw, 300px\" \/><\/figure><\/div>\n\n<p><em>W homilii Ojciec \u015bwi\u0119ty skierowa\u0142 do zebranych nast\u0119puj\u0105ce s\u0142owa:<\/em><\/p>\n\n<p>\u00ab 1. \u201e\u017bniwo jest wielkie, ale robotnik\u00f3w ma\u0142o. Pro\u015bcie zatem Pana \u017cniwa, aby pos\u0142a\u0142 robotnik\u00f3w na \u017cniwo swoje\u201d (\u0141k 10, 2). To stwierdzenie, przepojone dr\u017ceniem i otwarte na nadziej\u0119, drodzy seminarzy\u015bci i drodzy m\u0142odzie\u0144cy, rozbrzmiewa dzi\u015b echem dla nas, tu zebranych przed t\u0105 grot\u0105 z Lourdes, na pocz\u0105tku liturgii eucharystycznej, kt\u00f3ra odbywa si\u0119 w tak sugestywnym otoczeniu.&#013;\n&#013;\nRobotnik\u00f3w jest ma\u0142o \u2013 problem ten sta\u0142 przed Jezusem, gdy powierza\u0142 swoim uczniom zadanie przepowiadania Ewangelii ludowi; ta sama trudno\u015b\u0107 wy\u0142ania si\u0119 tak\u017ce w naszych czasach, niezwykle aktualna i ci\u0105gle natarczywa. Niezliczone narody rozsiane po ca\u0142ym \u015bwiecie czekaj\u0105 na S\u0142owo zbawienia. Problem wi\u0119c wczorajszy, problem dzisiejszy, problem ustawiczny.&#013;\n&#013;\nLudy ziemi ustawicznie wzrastaj\u0105 w liczb\u0119 i w spos\u00f3b mniej lub bardziej \u015bwiadomy pragn\u0105 odkry\u0107 fundamentalne warto\u015bci, kt\u00f3re nadaj\u0105 sens \u017cyciu ludzkiemu. Ci natomiast, kt\u00f3rzy ju\u017c przyj\u0119li Ewangeli\u0119, stoj\u0105 przed ryzykiem zapomnienia o niej, gdy\u017c zewsz\u0105d obl\u0119\u017ceni s\u0105 przez poci\u0105gaj\u0105ce, cz\u0119sto jednak z\u0142udne perspektywy \u015bwiata; ci zatem potrzebuj\u0105 kogo\u015b, kto by im pom\u00f3g\u0142 na nowo prze\u017cy\u0107 S\u0142owa Jezusa. Ponadto prawda, kt\u00f3ra ma by\u0107 przekazana, jest tak bogata, tak rozleg\u0142a, \u017ce wymaga ustawicznego pog\u0142\u0119biania, by odkry\u0142a si\u0119 ca\u0142a jej warto\u015b\u0107 i mo\u017cna by\u0142o zasmakowa\u0107 ca\u0142ej tej s\u0142odyczy. Te kr\u00f3tkie uwagi, kt\u00f3rych natchnieniem jest dzisiejsza Ewangelia, s\u0105 wystarczaj\u0105ce do pokazania nam, jak potrzebn\u0105 rzecz\u0105 jest wzywa\u0107 \u201ePana \u017cniwa, by pos\u0142a\u0142 robotnik\u00f3w na swoje \u017cniwo\u201d.<\/p>\n\n<p>2. Or\u0119dziem, kt\u00f3re nale\u017cy przepowiada\u0107, jest przede wszystkim or\u0119dzie zbawienia dla cz\u0142owieka: \u201eM\u00f3wcie im: blisko jest Kr\u00f3lestwo Bo\u017ce\u201d (\u0141k 10, 9). Kr\u00f3lestwo Bo\u017ce, kt\u00f3re jest zwyci\u0119stwem Jego mi\u0142o\u015bci nad ka\u017cdym grzechem i n\u0119dz\u0105 ludzk\u0105, jest ju\u017c po\u015br\u00f3d nas. Jest to ponadto or\u0119dzie nadziei i pocieszenia, jak to przepowiada\u0142 prorok Izajasz: \u201eCieszcie si\u0119 z Jerozolim\u0105&#8230; Jak matka pociesza swe dziecko, tak ja pociesz\u0119 was (&#8230;) Wy zobaczycie i uraduje si\u0119 serce wasze\u201d (Iz 66, 10.13-14). Cz\u0142owiek bowiem jest przeznaczony do zrealizowania w Chrystusie Odkupicielu pe\u0142ni swojego boskiego powo\u0142ania. Jest to r\u00f3wnie\u017c or\u0119dzie pokoju i mi\u0142o\u015bci: \u201eNajpierw powiedzcie: pok\u00f3j temu domowi (&#8230;) Uzdrawiajcie chorych, kt\u00f3rzy tam s\u0105\u201d (\u0141k 10, 5. 9). Kr\u00f3lestwo Bo\u017ce buduje si\u0119 w historii, wydaj\u0105c ju\u017c tu, na tej ziemi, swoje owoce nawr\u00f3cenia, zjednoczenia i mi\u0142o\u015bci mi\u0119dzy lud\u017ami.<\/p>\n\n<div class=\"wp-block-image\"><figure class=\"alignleft size-large\"><img loading=\"lazy\" decoding=\"async\" width=\"701\" height=\"569\" src=\"https:\/\/neocatechumenaleiter.org\/wp-content\/uploads\/2020\/03\/Camino_Neocatecumenal_Juan_Pablo_II_eucaristia_jardines_vaticano_19832.jpg\" alt=\"\" class=\"wp-image-5393\" srcset=\"https:\/\/neocatechumenaleiter.org\/wp-content\/uploads\/2020\/03\/Camino_Neocatecumenal_Juan_Pablo_II_eucaristia_jardines_vaticano_19832.jpg 701w, https:\/\/neocatechumenaleiter.org\/wp-content\/uploads\/2020\/03\/Camino_Neocatecumenal_Juan_Pablo_II_eucaristia_jardines_vaticano_19832-300x244.jpg 300w\" sizes=\"auto, (max-width: 701px) 100vw, 701px\" \/><\/figure><\/div>\n\n<p>3. Jakim ma by\u0107 aposto\u0142, w jakim duchu wykonywa\u0107 on b\u0119dzie swoj\u0105 misj\u0119? Przede wszystkim winien by\u0107 \u015bwiadom trudnej i czasem wrogiej rzeczywisto\u015bci, kt\u00f3ra go oczekuje: \u201eJa was posy\u0142am jak baranki mi\u0119dzy wilki\u201d (\u0141k 10, 3); ta rzeczywisto\u015b\u0107 sta\u0142a si\u0119 wrog\u0105 wskutek dzia\u0142ania z\u0142ego ducha. Dlatego to aposto\u0142 b\u0119dzie si\u0119 stara\u0142 by\u0107 wolny od jakichkolwiek uwarunkowa\u0144 ludzkich: \u201eNie no\u015bcie trzosa ani torby, ani sanda\u0142\u00f3w\u201d (\u0141k 10, 4), by jedynym jego oparciem by\u0142 Krzy\u017c Chrystusa, z kt\u00f3rego pochodzi nasze odkupienie, jak m\u00f3wi \u015bw. Pawe\u0142 w drugiej lekturze. Chlubi\u0107 si\u0119 w krzy\u017cu oznacza wyzby\u0107 si\u0119 wszelkiego motywu chluby osobistej, by \u017cy\u0107 jedynie wiar\u0105 i we wdzi\u0119czno\u015bci za zbawienie dokonane ofiar\u0105 Chrystusa. Tym, co ulega ukrzy\u017cowaniu, jest \u015bwiat egoizmu osobistego, samowystarczalno\u015bci i bezpiecze\u0144stwa opartego na w\u0142asnych zas\u0142ugach.<\/p>\n\n<p>Drodzy seminarzy\u015bci i drodzy m\u0142odzie\u0144cy! Misja aposto\u0142a jest misj\u0105 wznios\u0142\u0105, pe\u0142n\u0105 entuzjazmu i maj\u0105c\u0105 na celu dobro \u015bwiata; wymaga ona takiej hojno\u015bci i ofiarno\u015bci, kt\u00f3ra przewy\u017csza wszelkie mo\u017cliwo\u015bci cz\u0142owieka. Dlatego jest konieczne wznie\u015b\u0107 naszego ducha w g\u00f3r\u0119, wzywaj\u0105c pomocy Bo\u017cej, kt\u00f3r\u0105 sobie wyprosicie ufaj\u0105c po\u015brednictwu Matki Jezusa i Matki naszej.&#013;\n&#013;\n\u017bycz\u0119 wam, by\u015bcie byli aposto\u0142ami radosnymi w wykonywaniu waszego zadania; radosnymi, bo \u015bwiadomymi, ufnymi, duchowo wolnymi. Uczniowie wys\u0142ani przez Jezusa \u201ewr\u00f3cili pe\u0142ni rado\u015bci\u201d (\u0141k 10, 17). Wy tak\u017ce, w tych latach przygotowania do kap\u0142a\u0144stwa, uczcie si\u0119 by\u0107 radosnymi, nie z powodu ludzkich motyw\u00f3w, ale opieraj\u0105c si\u0119 na pewno\u015bci, \u201e\u017ce wasze imiona zapisane s\u0105 w niebiosach\u201d (\u0141k 10, 20), tzn. \u017ce jeste\u015bcie wybrani przez mi\u0142o\u015b\u0107 Jezusa Chrystusa. On was powo\u0142a\u0142 z waszych rodzin, z waszych wsp\u00f3lnot ko\u015bcielnych, \u017ceby zrobi\u0107 z was swoich wsp\u00f3\u0142pracownik\u00f3w, swoich kap\u0142an\u00f3w, swoich szafarzy boskich tajemnic.<\/p>\n\n<p>Rado\u015b\u0107 jest w nas dzie\u0142em Ducha \u015awi\u0119tego (Gal 5, 22). Jego wewn\u0119trznemu prowadzeniu, Jego mocnemu i niez\u0142omnemu podtrzymywaniu powierzcie wasze powo\u0142anie, aby mog\u0142o dojrzewa\u0107 w pokoju i rado\u015bci i przynosi\u0107 obfite owoce \u017cycia wiecznego.<\/p>\n","protected":false},"excerpt":{"rendered":"<p>Eucharystia w Ogrodach Watyka\u0144skich 3-7-1983 \u015aw. Jan Pawe\u0142 II Ogrody Watyka\u0144skie, 3 lipca 1983 r. \u201e\u017bniwo jest wielkie, ale robotnik\u00f3w ma\u0142o. Pro\u015bcie zatem Pana \u017cniwa, by wys\u0142a\u0142 robotnik\u00f3w na swoje \u017cniwo\u201d. Ten znany urywek z Ewangelii \u015bw. \u0141ukasza, znajduj\u0105cy si\u0119 w liturgii wczorajszej niedzieli, by\u0142 w centrum rozwa\u017cania i modlitwy, kt\u00f3re zanosi\u0142 wczoraj, w niedziel\u0119 3 lipca, Ojciec \u015bwi\u0119ty wraz z oko\u0142o czterystu m\u0142odzie\u0144cami. W ubieg\u0142ym tygodniu odprawiali oni w<\/p>\n<div class=\"read-more\"><a class=\"btn read-more-btn\" href=\"https:\/\/neocatechumenaleiter.org\/pl\/slowa-papiezy\/sw-jan-pawel-ii\/eucharystia-w-ogrodach-watykanskich-3-7-1983\/\">Czytaj dalej<\/a><\/div>\n","protected":false},"author":2,"featured_media":0,"parent":16496,"menu_order":22,"comment_status":"closed","ping_status":"closed","template":"","meta":{"footnotes":""},"class_list":["post-21774","page","type-page","status-publish","hentry"],"_links":{"self":[{"href":"https:\/\/neocatechumenaleiter.org\/pl\/wp-json\/wp\/v2\/pages\/21774","targetHints":{"allow":["GET"]}}],"collection":[{"href":"https:\/\/neocatechumenaleiter.org\/pl\/wp-json\/wp\/v2\/pages"}],"about":[{"href":"https:\/\/neocatechumenaleiter.org\/pl\/wp-json\/wp\/v2\/types\/page"}],"author":[{"embeddable":true,"href":"https:\/\/neocatechumenaleiter.org\/pl\/wp-json\/wp\/v2\/users\/2"}],"replies":[{"embeddable":true,"href":"https:\/\/neocatechumenaleiter.org\/pl\/wp-json\/wp\/v2\/comments?post=21774"}],"version-history":[{"count":3,"href":"https:\/\/neocatechumenaleiter.org\/pl\/wp-json\/wp\/v2\/pages\/21774\/revisions"}],"predecessor-version":[{"id":21777,"href":"https:\/\/neocatechumenaleiter.org\/pl\/wp-json\/wp\/v2\/pages\/21774\/revisions\/21777"}],"up":[{"embeddable":true,"href":"https:\/\/neocatechumenaleiter.org\/pl\/wp-json\/wp\/v2\/pages\/16496"}],"wp:attachment":[{"href":"https:\/\/neocatechumenaleiter.org\/pl\/wp-json\/wp\/v2\/media?parent=21774"}],"curies":[{"name":"wp","href":"https:\/\/api.w.org\/{rel}","templated":true}]}}