{"id":21778,"date":"2020-03-03T00:01:11","date_gmt":"2020-03-02T23:01:11","guid":{"rendered":"https:\/\/neocatechumenaleiter.org\/slowa-papiezy\/sw-jan-pawel-ii\/wizytacja-w-parafii-sw-franciszki-cabrini-4-12-1983\/"},"modified":"2021-04-15T10:42:07","modified_gmt":"2021-04-15T09:42:07","slug":"wizytacja-w-parafii-sw-franciszki-cabrini-4-12-1983","status":"publish","type":"page","link":"https:\/\/neocatechumenaleiter.org\/pl\/slowa-papiezy\/sw-jan-pawel-ii\/wizytacja-w-parafii-sw-franciszki-cabrini-4-12-1983\/","title":{"rendered":"WIZYTACJA W PARAFII \u015aW. FRANCISZKI CABRINI 4-12-1983"},"content":{"rendered":"\n<h1 class=\"has-text-align-center wp-block-heading\">WIZYTACJA W PARAFII \u015aW. FRANCISZKI CABRINI 4-12-1983<\/h1>\n\n<div style=\"height:20px\" aria-hidden=\"true\" class=\"wp-block-spacer\"><\/div>\n\n<h4 class=\"has-text-align-center wp-block-heading\">\u015aw. Jan Pawe\u0142 II<\/h4>\n\n<div style=\"height:20px\" aria-hidden=\"true\" class=\"wp-block-spacer\"><\/div>\n\n<p><strong>Rzym, 4 grudnia 1983<\/strong> *<\/p>\n\n<p><em>Siedemset os\u00f3b, doro\u015bli i dzieci, siedzi w ca\u0142ym ko\u015bciele w grupach po pi\u0119\u0107dziesi\u0105t, z dzie\u0107mi w \u015brodku, ka\u017cda wsp\u00f3lnota ze swoim prezbiterem. \u015apiewaj\u0105 i graj\u0105 na r\u00f3\u017cnych instrumentach, oczekuj\u0105 spotkania z Wikariuszem Chrystusa.<\/em>&#013;\n&#013;\n<em>\u201eOdnowienie przyrzecze\u0144 chrzcielnych z Ojcem \u015bwi\u0119tym\u201d \u2013 g\u0142osi\u0142 wielki transparent zawieszony wysoko w ko\u015bciele na kr\u00f3tko przed spotkaniem wsp\u00f3lnot neokatechumenalnych z Ojcem \u015bwi\u0119tym, by syntetyzowa\u0107 sens, znaczenie, by pokaza\u0107 schemat, fazy drogi: kerygmat (obwieszczenie), prekatechumenat, przej\u015bcie do katechumenatu, katechumenat itd&#8230; Oczekiwanie na Ojca \u015bwi\u0119tego ze \u015bpiewami i rado\u015bci\u0105. Powody? \u201eNasze do\u015bwiadczenie jest ziarnem rzucanym na ziemi\u0119 wysuszon\u0105, kt\u00f3ra potrzebowa\u0142a wody \u2013 wyja\u015bnia jeden z oczekuj\u0105cych. Jest to \u015bwiadectwo, to \u015bwiadectwo neokatechumen\u00f3w, oparte na osobistym do\u015bwiadczeniu tego, kt\u00f3ry g\u0142osi. W ka\u017cdym razie nie jeste\u015bmy tu jak\u0105\u015b grup\u0105, chcieliby\u015bmy reprezentowa\u0107 parafi\u0119 w drodze\u201d.<\/em>&#013;\n&#013;\n<em>W\u015br\u00f3d owacji wchodzi Ojciec \u015bwi\u0119ty. Przechodzi wzd\u0142u\u017c pierwszych rz\u0119d\u00f3w, g\u0142aszcze dzieci, kt\u00f3re s\u0105 podnoszone ku niemu przez rodzic\u00f3w. Potem m\u00f3wi:<\/em><\/p>\n\n<p>\u00abBardzo ch\u0119tnie widz\u0119 was i wasze rodziny, wasze dzieci. My wszyscy jeste\u015bmy dzie\u0107mi Bo\u017cymi, stajemy si\u0119 dzie\u0107mi Bo\u017cymi poprzez chrzest, sakrament wielki i, powiedzia\u0142bym, przejmuj\u0105cy dr\u017ceniem; nie wygl\u0105da na taki, poniewa\u017c jest sakramentem bardzo s\u0142odkim, kt\u00f3ry sprawuje si\u0119 u\u017cywaj\u0105c wody, oliwy, \u015bwi\u0119tego krzy\u017cma (dzi\u015b rano dokona\u0142em chrztu ma\u0142ej dziewczynki). Ten sakrament, chrzest, jest jeszcze dlatego tak \u201emi\u0142y\u201d, bo przyzwyczaili\u015bmy si\u0119 do tego, \u017ce dotyczy on ma\u0142ych noworodk\u00f3w, a ten sakrament ma przecie\u017c g\u0142\u0119bie przejmuj\u0105ce dr\u017ceniem, zdumiewaj\u0105ce, poniewa\u017c zanurza nas w odkupie\u0144czej \u015bmierci Chrystusa, zanurza nas w tej \u015bmierci, by potem wskrzesi\u0107 nas z Chrystusem i w ten spos\u00f3b uczestniczy\u0107 w Jego dziele. Jest to jedyna droga, by sta\u0107 si\u0119 dzieckiem Bo\u017cym, jedyna droga sakramentalna, by sta\u0107 si\u0119 dzie\u0107mi, by uczestniczy\u0107 w \u017cyciu, kt\u00f3re przyni\u00f3s\u0142 nam Chrystus, objawiaj\u0105c je przez swe Zmartwychwstanie.&#013;\n&#013;\nTo, co do was m\u00f3wi\u0119, dotyczy specyfiki waszego ruchu, kt\u00f3ry nazywa si\u0119 neokatechumenalny. Katechumenat by\u0142 w Ko\u015bciele instytucj\u0105 bardzo staro\u017cytn\u0105. Ilu\u017c katechumen\u00f3w przesz\u0142o przez ten staro\u017cytny Rzym cesarzy, przez ten Rzym poga\u0144ski! Ilu przygotowa\u0142o si\u0119 poprzez katechumenat i chrzest ju\u017c jako doro\u015bli! Ale dzi\u015b chrzest, ten sam sakrament, sta\u0142 si\u0119 sakramentem dzieci, noworodk\u00f3w i ta droga katechumenalna zostaje przeniesiona na okres po chrzcie: ca\u0142e \u017cycie staje si\u0119 katechumenatem; tak, przez ca\u0142e nasze \u017cycie jeste\u015bmy katechumenami!<\/p>\n\n<p>Brakuje katechumenatu instytucjonalnego, tego z pierwszej epoki chrze\u015bcija\u0144stwa, ale w ten spos\u00f3b katechumenat sta\u0142 si\u0119 obowi\u0105zkiem naszego \u017cycia chrze\u015bcija\u0144skiego, naszego \u017cycia wiar\u0105. Zatem wasz ruch \u2013 pozdrawiam tu tak\u017ce jego inspiratora (znam go dobrze!) \u2013 wasz ruch koncentruje si\u0119 na procesie stawania si\u0119 dzie\u0107mi Bo\u017cymi, stawania si\u0119 chrze\u015bcijanami. Jest to bardzo wa\u017cne!&#013;\n&#013;\nTylu my\u015bli: \u201ePrzecie\u017c jeste\u015bmy chrze\u015bcijanami\u201d; m\u00f3wi\u0105: \u201eJeste\u015bmy chrze\u015bcijanami\u201d, nie znaj\u0105c tego, poniewa\u017c nie wystarczy by\u0107 chrze\u015bcijaninem, trzeba stawa\u0107 si\u0119 chrze\u015bcijaninem, stawa\u0107 si\u0119 nim ka\u017cdego dnia, ka\u017cdego dnia odkrywa\u0107, co znaczy \u201ecristianus\u201d, \u201eprzypisany do Chrystusa\u201d. Pierwszy raz w Antiochii nazwano uczni\u00f3w Jezusa chrze\u015bcijanami. Trzeba to odkrywa\u0107, odkrywa\u0107 codziennie, coraz wi\u0119cej, poniewa\u017c tajemnica chrztu jest tak g\u0142\u0119boka, jest tajemnic\u0105 Bo\u017c\u0105 i zarazem ludzk\u0105, rzeczywisto\u015b\u0107 Bo\u017ca dotyka rzeczywisto\u015bci ludzkiej, ten sam byt ludzki staje si\u0119 przybranym synem Boga&#8230; Wystarczy!<\/p>\n\n<p>W\u0142a\u015bnie wy zastanawiacie si\u0119, medytujecie nad tymi prawdami, nad tymi rzeczywisto\u015bciami. Musz\u0119 stwierdzi\u0107 tu, w parafii \u015bw. Franciszki Cabrini, \u017ce wasz ruch jest tu zaczynem, zaczynem, kt\u00f3ry ma przenikn\u0105\u0107 mas\u0119 i \u015bwiat chrze\u015bcijan: nie wszyscy s\u0105 tego \u015bwiadomi, nie wszyscy tego dokonuj\u0105; jeste\u015bcie tu zaczynem, macie przenikn\u0105\u0107 t\u0119 wsp\u00f3lnot\u0119, to jest prawie 20 tysi\u0119cy ludzi, przenikn\u0105\u0107 j\u0105 now\u0105 \u015bwiadomo\u015bci\u0105 godno\u015bci ludzkiej wszczepionej w rzeczywisto\u015b\u0107 synostwa Bo\u017cego.&#013;\nCzynicie to dobrze, bardzo dobrze! \u015apiewacie, \u015bpiewacie! Poniewa\u017c \u015bpiew ujawnia zawsze rado\u015b\u0107, to odkrycie rzeczywisto\u015bci Bo\u017cej i ludzkiej. Chrzest przynosi ze sob\u0105 wielk\u0105 rado\u015b\u0107, kt\u00f3ra winna si\u0119 objawi\u0107 w \u015bpiewie. Stwierdzi\u0142em w czasie wizyty, \u017ce parafia \u015bpiewa z wielk\u0105 energi\u0105, z entuzjazmem! Trzeba \u015bpiewa\u0107. <\/p>\n\n<p>Trzeba \u015bpiewa\u0107, bo ten \u015bpiew wnosi pewne tre\u015bci duchowe, wewn\u0119trzne tre\u015bci naszej duszy; co wi\u0119cej: prawie nie mo\u017cemy znale\u017a\u0107 do\u015b\u0107 \u015brodk\u00f3w do wyra\u017cenia tego, tej zawarto\u015bci, tej tajemnicy, tej rzeczywisto\u015bci, kt\u00f3ra jest owocem naszego chrztu.&#013;\n&#013;\nNajdro\u017csi, dzi\u0119kuj\u0119 za wasz\u0105 obecno\u015b\u0107, za to o\u017cywienie parafii. B\u0142ogos\u0142awi\u0119 z serca was, wasze rodziny, r\u00f3\u017cne grupy (s\u0142ysza\u0142em bowiem, \u017ce stanowicie r\u00f3\u017cne grupy: 12 wsp\u00f3lnot jak 12 aposto\u0142\u00f3w). Wasi prezbiterzy s\u0105 w\u015br\u00f3d was; spotka\u0142em ju\u017c waszych w\u0119drownych. Z serca wam b\u0142ogos\u0142awi\u0119\u00bb.<\/p>\n\n<p><em>Ojciec Michel Angelo, proboszcz parafii, wspomina w\u0119drownych, zw\u0142aszcza tych z Ameryki \u015arodkowej.<\/em><\/p>\n\n<div class=\"wp-block-image\"><figure class=\"aligncenter size-large\"><img loading=\"lazy\" decoding=\"async\" width=\"768\" height=\"193\" src=\"https:\/\/neocatechumenaleiter.org\/wp-content\/uploads\/2020\/03\/Camino_Neocatecumenal_Juan_Pablo_II_visita_parroquia_francesca_cabrini_1983.jpg\" alt=\"\" class=\"wp-image-5483\" srcset=\"https:\/\/neocatechumenaleiter.org\/wp-content\/uploads\/2020\/03\/Camino_Neocatecumenal_Juan_Pablo_II_visita_parroquia_francesca_cabrini_1983.jpg 768w, https:\/\/neocatechumenaleiter.org\/wp-content\/uploads\/2020\/03\/Camino_Neocatecumenal_Juan_Pablo_II_visita_parroquia_francesca_cabrini_1983-300x75.jpg 300w\" sizes=\"auto, (max-width: 768px) 100vw, 768px\" \/><\/figure><\/div>\n\n<p>\u00abB\u0142ogos\u0142awi\u0119 tych, kt\u00f3rzy pojechali do Ameryki \u015arodkowej, gdzie niedawno sam by\u0142em, nie tyle jako katechista w\u0119druj\u0105cy, ile lataj\u0105cy. Wraz z kardyna\u0142em i biskupami udzielam wam b\u0142ogos\u0142awie\u0144stwa\u00bb.<\/p>\n\n<p><em>(*) <\/em><em>Por. \u201eL\u2019Osservatore Romano\u201d, 5-6 grudnia 1983, uzupe\u0142nione tekstem z zapisu magnetofonowego.<\/em><\/p>\n","protected":false},"excerpt":{"rendered":"<p>WIZYTACJA W PARAFII \u015aW. FRANCISZKI CABRINI 4-12-1983 \u015aw. Jan Pawe\u0142 II Rzym, 4 grudnia 1983 * Siedemset os\u00f3b, doro\u015bli i dzieci, siedzi w ca\u0142ym ko\u015bciele w grupach po pi\u0119\u0107dziesi\u0105t, z dzie\u0107mi w \u015brodku, ka\u017cda wsp\u00f3lnota ze swoim prezbiterem. \u015apiewaj\u0105 i graj\u0105 na r\u00f3\u017cnych instrumentach, oczekuj\u0105 spotkania z Wikariuszem Chrystusa.&#013; &#013; \u201eOdnowienie przyrzecze\u0144 chrzcielnych z Ojcem \u015bwi\u0119tym\u201d \u2013 g\u0142osi\u0142 wielki transparent zawieszony wysoko w ko\u015bciele na kr\u00f3tko przed spotkaniem wsp\u00f3lnot neokatechumenalnych<\/p>\n<div class=\"read-more\"><a class=\"btn read-more-btn\" href=\"https:\/\/neocatechumenaleiter.org\/pl\/slowa-papiezy\/sw-jan-pawel-ii\/wizytacja-w-parafii-sw-franciszki-cabrini-4-12-1983\/\">Czytaj dalej<\/a><\/div>\n","protected":false},"author":2,"featured_media":0,"parent":16496,"menu_order":23,"comment_status":"closed","ping_status":"closed","template":"","meta":{"footnotes":""},"class_list":["post-21778","page","type-page","status-publish","hentry"],"_links":{"self":[{"href":"https:\/\/neocatechumenaleiter.org\/pl\/wp-json\/wp\/v2\/pages\/21778","targetHints":{"allow":["GET"]}}],"collection":[{"href":"https:\/\/neocatechumenaleiter.org\/pl\/wp-json\/wp\/v2\/pages"}],"about":[{"href":"https:\/\/neocatechumenaleiter.org\/pl\/wp-json\/wp\/v2\/types\/page"}],"author":[{"embeddable":true,"href":"https:\/\/neocatechumenaleiter.org\/pl\/wp-json\/wp\/v2\/users\/2"}],"replies":[{"embeddable":true,"href":"https:\/\/neocatechumenaleiter.org\/pl\/wp-json\/wp\/v2\/comments?post=21778"}],"version-history":[{"count":7,"href":"https:\/\/neocatechumenaleiter.org\/pl\/wp-json\/wp\/v2\/pages\/21778\/revisions"}],"predecessor-version":[{"id":21785,"href":"https:\/\/neocatechumenaleiter.org\/pl\/wp-json\/wp\/v2\/pages\/21778\/revisions\/21785"}],"up":[{"embeddable":true,"href":"https:\/\/neocatechumenaleiter.org\/pl\/wp-json\/wp\/v2\/pages\/16496"}],"wp:attachment":[{"href":"https:\/\/neocatechumenaleiter.org\/pl\/wp-json\/wp\/v2\/media?parent=21778"}],"curies":[{"name":"wp","href":"https:\/\/api.w.org\/{rel}","templated":true}]}}