{"id":21800,"date":"2020-03-03T04:01:39","date_gmt":"2020-03-03T03:01:39","guid":{"rendered":"https:\/\/neocatechumenaleiter.org\/slowa-papiezy\/sw-jan-pawel-ii\/audiencja-dla-neokatechumenow-z-madrytu-23-3-1984\/"},"modified":"2021-04-16T07:14:41","modified_gmt":"2021-04-16T06:14:41","slug":"audiencja-dla-neokatechumenow-z-madrytu-23-3-1984","status":"publish","type":"page","link":"https:\/\/neocatechumenaleiter.org\/pl\/slowa-papiezy\/sw-jan-pawel-ii\/audiencja-dla-neokatechumenow-z-madrytu-23-3-1984\/","title":{"rendered":"AUDIENCJA DLA NEOKATECHUMEN\u00d3W Z MADRYTU 23-3-1984"},"content":{"rendered":"\n<h1 class=\"has-text-align-center wp-block-heading\">AUDIENCJA DLA NEOKATECHUMEN\u00d3W Z MADRYTU 23-3-1984<\/h1>\n\n<div style=\"height:20px\" aria-hidden=\"true\" class=\"wp-block-spacer\"><\/div>\n\n<h4 class=\"has-text-align-center wp-block-heading\">\u015aw. Jan Pawe\u0142 II<\/h4>\n\n<div style=\"height:20px\" aria-hidden=\"true\" class=\"wp-block-spacer\"><\/div>\n\n<p><strong>Rzym, Sala Konsystorza, 23 marca 1984 r. *<\/strong><\/p>\n\n<p><em>Ojciec \u015bwi\u0119ty przyj\u0105\u0142 tego ranka na audiencji cz\u0142onk\u00f3w wsp\u00f3lnot neokatechumenalnych czterech parafii madryckich. Papie\u017c, wyg\u0142aszaj\u0105c kr\u00f3tkie przem\u00f3wienie, po podzi\u0119kowaniu madryckim neokatechumenom za wizyt\u0119: \u201eznak \u2013 powiedzia\u0142 \u2013 przylgni\u0119cia do Nast\u0119pcy Piotra, jako gwarancja wierno\u015bci eklezjalnej\u201d, wezwa\u0142 ich do zakorzenienia swego \u017cycia w wierze otrzymanej od Aposto\u0142\u00f3w i nauczanej przez Ojc\u00f3w Ko\u015bcio\u0142a, tak aby ona by\u0142a \u201e\u015bwiat\u0142em, kt\u00f3re o\u015bwieca ka\u017cdy krok na waszej drodze do Ojca\u201d.<\/em>&#013;\n&#013;\n<em>Oto wypowied\u017a Ojca \u015bwi\u0119tego:<\/em><\/p>\n\n<p>\u00abNajdro\u017csi bracia i siostry, ciesz\u0119 si\u0119 mog\u0105c przyj\u0105\u0107 tego ranka wasz\u0105, tak liczn\u0105 grup\u0119, sk\u0142adaj\u0105c\u0105 si\u0119 z cz\u0142onk\u00f3w wsp\u00f3lnot neokatechumenalnych madryckich parafii \u015bw. J\u00f3zefa, \u015bw. Sebastiana, \u015bw. Rocha i Matki Bo\u017cej \u0141askawej.&#013;\n&#013;\nTym moim serdecznym pozdrowieniem chcia\u0142bym obj\u0105\u0107 tak\u017ce cz\u0142onk\u00f3w innych wsp\u00f3lnot waszych parafii, kt\u00f3rzy tak pomogli wam w spotkaniu Jezusa Chrystusa w \u017cyciu.&#013;\n&#013;\nJestem wdzi\u0119czny za t\u0119 wizyt\u0119, kt\u00f3ra chce by\u0107 przy grobie pierwszego Aposto\u0142a aktem przylgni\u0119cia do Nast\u0119pcy Piotra, jako gwarancja wierno\u015bci eklezjalnej; jest aktem nale\u017c\u0105cym do tej w\u0119dr\u00f3wki wiary, kt\u00f3r\u0105 odbywacie.&#013;\n&#013;\nWiem, \u017ce w ostatnim okresie szczeg\u00f3ln\u0105 uwag\u0119 po\u015bwi\u0119cili\u015bcie studiowaniu poszczeg\u00f3lnych artyku\u0142\u00f3w Credo, czyni\u0105c to zar\u00f3wno dla waszej formacji duchowej, jak i po to, by pom\u00f3c innym chrze\u015bcijanom i rodzinom. Ze swej strony zach\u0119cam was, by\u015bcie mocno zakorzenili wasze \u017cycie w wierze otrzymanej od Aposto\u0142\u00f3w, kt\u00f3rej nauczali Ojcowie Ko\u015bcio\u0142a i kt\u00f3ra ma by\u0107 \u015bwiat\u0142em na waszej drodze do Ojca.<\/p>\n\n<div class=\"wp-block-image\"><figure class=\"alignright size-large\"><img loading=\"lazy\" decoding=\"async\" width=\"702\" height=\"558\" src=\"https:\/\/neocatechumenaleiter.org\/wp-content\/uploads\/2020\/03\/Camino_Neocatecumenal_Juan_Pablo_II_audiencia_catecumenos_Madrid_1984.jpg\" alt=\"\" class=\"wp-image-5498\" srcset=\"https:\/\/neocatechumenaleiter.org\/wp-content\/uploads\/2020\/03\/Camino_Neocatecumenal_Juan_Pablo_II_audiencia_catecumenos_Madrid_1984.jpg 702w, https:\/\/neocatechumenaleiter.org\/wp-content\/uploads\/2020\/03\/Camino_Neocatecumenal_Juan_Pablo_II_audiencia_catecumenos_Madrid_1984-300x238.jpg 300w\" sizes=\"auto, (max-width: 702px) 100vw, 702px\" \/><\/figure><\/div>\n\n<p>Ciesz\u0119 si\u0119 te\u017c z tego, \u017ce w programie waszej pielgrzymki do Rzymu przewidzieli\u015bcie tak\u017ce pobyt w maryjnym sanktuarium w Loreto, by odda\u0107 wasze \u017cycie pod macierzy\u0144sk\u0105 opiek\u0119 Dziewicy Maryi, Matki Chrystusa i Ko\u015bcio\u0142a.&#013;\n&#013;\nTa, kt\u00f3ra staj\u0105c si\u0119 Matk\u0105 Chrystusa, kt\u00f3rego wyznajemy, sta\u0142a si\u0119 pierwsz\u0105 i najlepsz\u0105 na\u015bladowczyni\u0105 swego Syna, jest \u015bwietlist\u0105 \u015bcie\u017ck\u0105 prowadz\u0105c\u0105 do centrum tajemnicy Chrystusa (por. <em>Marialis cultus<\/em>, 25). Ona swoim przyk\u0142adem uczy nas oddania si\u0119 Ko\u015bcio\u0142owi, aby na tym \u015bwiecie w ludziach, braciach, tworzy\u0142 si\u0119 nieprzerwanie obraz Jej Syna. Ta, kt\u00f3ra swym \u017cyciem i swoj\u0105 ofiar\u0105 wsp\u00f3\u0142pracowa\u0142a z mi\u0142o\u015bci\u0105 w dziele Jezusa (por. <em>Lumen gentium<\/em>, 60 <em>i n<\/em>.), chce to kontynuowa\u0107, ucz\u0105c nas warto\u015bci ka\u017cdego cz\u0142owieka i g\u0142\u0119bokich motyw\u00f3w tego, by kocha\u0107 go bez wyr\u00f3\u017cniania i bez zastrze\u017ce\u0144. Dlatego przyjmijcie J\u0105 jako prawdziw\u0105 Matk\u0119, jako Nauczycielk\u0119, Przewodniczk\u0119 i przyk\u0142ad w ca\u0142ym waszym \u017cyciu. Daleka od pomniejszania koniecznej w waszym \u017cyciu orientacji chrystologicznej, u\u0142atwi to wam.&#013;\n&#013;\nZ tymi pragnieniami zach\u0119cam was do waszej drogi, by\u015bcie w zjednoczeniu z waszymi biskupami i kap\u0142anami i w braterskiej jedno\u015bci z innymi uznanymi ruchami duchowo\u015bci i apostolstwa, wnie\u015bli wasz hojny wk\u0142ad w \u017cycie Ko\u015bcio\u0142a naszej doby.&#013;\n&#013;\nTak modl\u0119 si\u0119 za was do Pana i jednocze\u015bnie udzielam wam mojego uroczystego b\u0142ogos\u0142awie\u0144stwa apostolskiego\u00bb.<\/p>\n\n<p><em>(*) Por. \u201eL\u2019Osservatore Romano\u201d, 24 marca 1984.<\/em><\/p>\n","protected":false},"excerpt":{"rendered":"<p>AUDIENCJA DLA NEOKATECHUMEN\u00d3W Z MADRYTU 23-3-1984 \u015aw. Jan Pawe\u0142 II Rzym, Sala Konsystorza, 23 marca 1984 r. * Ojciec \u015bwi\u0119ty przyj\u0105\u0142 tego ranka na audiencji cz\u0142onk\u00f3w wsp\u00f3lnot neokatechumenalnych czterech parafii madryckich. Papie\u017c, wyg\u0142aszaj\u0105c kr\u00f3tkie przem\u00f3wienie, po podzi\u0119kowaniu madryckim neokatechumenom za wizyt\u0119: \u201eznak \u2013 powiedzia\u0142 \u2013 przylgni\u0119cia do Nast\u0119pcy Piotra, jako gwarancja wierno\u015bci eklezjalnej\u201d, wezwa\u0142 ich do zakorzenienia swego \u017cycia w wierze otrzymanej od Aposto\u0142\u00f3w i nauczanej przez Ojc\u00f3w Ko\u015bcio\u0142a, tak<\/p>\n<div class=\"read-more\"><a class=\"btn read-more-btn\" href=\"https:\/\/neocatechumenaleiter.org\/pl\/slowa-papiezy\/sw-jan-pawel-ii\/audiencja-dla-neokatechumenow-z-madrytu-23-3-1984\/\">Czytaj dalej<\/a><\/div>\n","protected":false},"author":2,"featured_media":0,"parent":16496,"menu_order":26,"comment_status":"closed","ping_status":"closed","template":"","meta":{"footnotes":""},"class_list":["post-21800","page","type-page","status-publish","hentry"],"_links":{"self":[{"href":"https:\/\/neocatechumenaleiter.org\/pl\/wp-json\/wp\/v2\/pages\/21800","targetHints":{"allow":["GET"]}}],"collection":[{"href":"https:\/\/neocatechumenaleiter.org\/pl\/wp-json\/wp\/v2\/pages"}],"about":[{"href":"https:\/\/neocatechumenaleiter.org\/pl\/wp-json\/wp\/v2\/types\/page"}],"author":[{"embeddable":true,"href":"https:\/\/neocatechumenaleiter.org\/pl\/wp-json\/wp\/v2\/users\/2"}],"replies":[{"embeddable":true,"href":"https:\/\/neocatechumenaleiter.org\/pl\/wp-json\/wp\/v2\/comments?post=21800"}],"version-history":[{"count":3,"href":"https:\/\/neocatechumenaleiter.org\/pl\/wp-json\/wp\/v2\/pages\/21800\/revisions"}],"predecessor-version":[{"id":21803,"href":"https:\/\/neocatechumenaleiter.org\/pl\/wp-json\/wp\/v2\/pages\/21800\/revisions\/21803"}],"up":[{"embeddable":true,"href":"https:\/\/neocatechumenaleiter.org\/pl\/wp-json\/wp\/v2\/pages\/16496"}],"wp:attachment":[{"href":"https:\/\/neocatechumenaleiter.org\/pl\/wp-json\/wp\/v2\/media?parent=21800"}],"curies":[{"name":"wp","href":"https:\/\/api.w.org\/{rel}","templated":true}]}}