{"id":21804,"date":"2020-03-03T04:05:23","date_gmt":"2020-03-03T03:05:23","guid":{"rendered":"https:\/\/neocatechumenaleiter.org\/slowa-papiezy\/sw-jan-pawel-ii\/wigilia-paschalna-na-placu-sw-piotra-21-4-1984\/"},"modified":"2021-04-16T07:23:51","modified_gmt":"2021-04-16T06:23:51","slug":"wigilia-paschalna-na-placu-sw-piotra-21-4-1984","status":"publish","type":"page","link":"https:\/\/neocatechumenaleiter.org\/pl\/slowa-papiezy\/sw-jan-pawel-ii\/wigilia-paschalna-na-placu-sw-piotra-21-4-1984\/","title":{"rendered":"WIGILIA PASCHALNA NA PLACU \u015aW. PIOTRA 21-4-1984"},"content":{"rendered":"\n<h1 class=\"has-text-align-center wp-block-heading\">WIGILIA PASCHALNA NA PLACU \u015aW. PIOTRA 21-4-1984<\/h1>\n\n<div style=\"height:20px\" aria-hidden=\"true\" class=\"wp-block-spacer\"><\/div>\n\n<h4 class=\"has-text-align-center wp-block-heading\">\u015aw. Jan Pawe\u0142 II<\/h4>\n\n<div style=\"height:20px\" aria-hidden=\"true\" class=\"wp-block-spacer\"><\/div>\n\n<p><strong>Bazylika \u015bw. Piotra, 21 kwietnia 1984 r.<\/strong><\/p>\n\n<p><em>Zaraz po lekturze i homilii wyg\u0142oszonej przez Ojca \u015bwi\u0119tego mia\u0142 miejsce ryt b\u0142ogos\u0142awienia wody i ryt chrztu 29 katechumen\u00f3w z r\u00f3\u017cnych kraj\u00f3w&#8230; Ca\u0142a wsp\u00f3lnota wiernych zosta\u0142a wezwana do odnowienia i potwierdzenia na nowo w\u0142asnej wiary w momencie, w kt\u00f3rym nowi bracia szli ku o\u0142tarzowi, by otrzyma\u0107 sakramenty inicjacji chrze\u015bcija\u0144skiej. W pierwszym rz\u0119dzie od o\u0142tarza zgromadzonych by\u0142o tak\u017ce stu cz\u0142onk\u00f3w ze wsp\u00f3lnot neokatechumenalnych z parafii \u015bw. Franciszki Cabrini w bia\u0142ych szatach. Odnawiali oni swoje przyrzeczenia chrzcielne, a towarzyszyli im Kiko Arg\u00fcello i Carmen Hernandez.<\/em><\/p>\n\n<figure class=\"wp-block-gallery aligncenter columns-2 is-cropped wp-block-gallery-1 is-layout-flex wp-block-gallery-is-layout-flex\"><ul class=\"blocks-gallery-grid\"><li class=\"blocks-gallery-item\"><figure><img loading=\"lazy\" decoding=\"async\" width=\"366\" height=\"157\" src=\"https:\/\/neocatechumenaleiter.org\/wp-content\/uploads\/2020\/03\/Camino_Neocatecumenal_Juan_Pablo_II_vigilia_pascual_hermanos_vestidura_blanca_19842.jpg\" alt=\"\" data-id=\"1815\" data-full-url=\"https:\/\/neocatechumenaleiter.org\/wp-content\/uploads\/2020\/03\/Camino_Neocatecumenal_Juan_Pablo_II_vigilia_pascual_hermanos_vestidura_blanca_19842.jpg\" data-link=\"https:\/\/neocatechumenaleiter.org\/?attachment_id=1815\" class=\"wp-image-5471\" srcset=\"https:\/\/neocatechumenaleiter.org\/wp-content\/uploads\/2020\/03\/Camino_Neocatecumenal_Juan_Pablo_II_vigilia_pascual_hermanos_vestidura_blanca_19842.jpg 366w, https:\/\/neocatechumenaleiter.org\/wp-content\/uploads\/2020\/03\/Camino_Neocatecumenal_Juan_Pablo_II_vigilia_pascual_hermanos_vestidura_blanca_19842-300x129.jpg 300w\" sizes=\"auto, (max-width: 366px) 100vw, 366px\" \/><\/figure><\/li><li class=\"blocks-gallery-item\"><figure><img loading=\"lazy\" decoding=\"async\" width=\"362\" height=\"158\" src=\"https:\/\/neocatechumenaleiter.org\/wp-content\/uploads\/2020\/03\/Camino_Neocatecumenal_Juan_Pablo_II_vigilia_pascual_hermanos_vestidura_blanca_1984.jpg\" alt=\"\" data-id=\"1822\" data-full-url=\"https:\/\/neocatechumenaleiter.org\/wp-content\/uploads\/2020\/03\/Camino_Neocatecumenal_Juan_Pablo_II_vigilia_pascual_hermanos_vestidura_blanca_1984.jpg\" data-link=\"https:\/\/neocatechumenaleiter.org\/?attachment_id=1822\" class=\"wp-image-5473\" srcset=\"https:\/\/neocatechumenaleiter.org\/wp-content\/uploads\/2020\/03\/Camino_Neocatecumenal_Juan_Pablo_II_vigilia_pascual_hermanos_vestidura_blanca_1984.jpg 362w, https:\/\/neocatechumenaleiter.org\/wp-content\/uploads\/2020\/03\/Camino_Neocatecumenal_Juan_Pablo_II_vigilia_pascual_hermanos_vestidura_blanca_1984-300x131.jpg 300w\" sizes=\"auto, (max-width: 362px) 100vw, 362px\" \/><\/figure><\/li><\/ul><\/figure>","protected":false},"excerpt":{"rendered":"<p>WIGILIA PASCHALNA NA PLACU \u015aW. PIOTRA 21-4-1984 \u015aw. Jan Pawe\u0142 II Bazylika \u015bw. Piotra, 21 kwietnia 1984 r. Zaraz po lekturze i homilii wyg\u0142oszonej przez Ojca \u015bwi\u0119tego mia\u0142 miejsce ryt b\u0142ogos\u0142awienia wody i ryt chrztu 29 katechumen\u00f3w z r\u00f3\u017cnych kraj\u00f3w&#8230; Ca\u0142a wsp\u00f3lnota wiernych zosta\u0142a wezwana do odnowienia i potwierdzenia na nowo w\u0142asnej wiary w momencie, w kt\u00f3rym nowi bracia szli ku o\u0142tarzowi, by otrzyma\u0107 sakramenty inicjacji chrze\u015bcija\u0144skiej. W pierwszym rz\u0119dzie<\/p>\n<div class=\"read-more\"><a class=\"btn read-more-btn\" href=\"https:\/\/neocatechumenaleiter.org\/pl\/slowa-papiezy\/sw-jan-pawel-ii\/wigilia-paschalna-na-placu-sw-piotra-21-4-1984\/\">Czytaj dalej<\/a><\/div>\n","protected":false},"author":2,"featured_media":0,"parent":16496,"menu_order":27,"comment_status":"closed","ping_status":"closed","template":"","meta":{"footnotes":""},"class_list":["post-21804","page","type-page","status-publish","hentry"],"_links":{"self":[{"href":"https:\/\/neocatechumenaleiter.org\/pl\/wp-json\/wp\/v2\/pages\/21804","targetHints":{"allow":["GET"]}}],"collection":[{"href":"https:\/\/neocatechumenaleiter.org\/pl\/wp-json\/wp\/v2\/pages"}],"about":[{"href":"https:\/\/neocatechumenaleiter.org\/pl\/wp-json\/wp\/v2\/types\/page"}],"author":[{"embeddable":true,"href":"https:\/\/neocatechumenaleiter.org\/pl\/wp-json\/wp\/v2\/users\/2"}],"replies":[{"embeddable":true,"href":"https:\/\/neocatechumenaleiter.org\/pl\/wp-json\/wp\/v2\/comments?post=21804"}],"version-history":[{"count":3,"href":"https:\/\/neocatechumenaleiter.org\/pl\/wp-json\/wp\/v2\/pages\/21804\/revisions"}],"predecessor-version":[{"id":21807,"href":"https:\/\/neocatechumenaleiter.org\/pl\/wp-json\/wp\/v2\/pages\/21804\/revisions\/21807"}],"up":[{"embeddable":true,"href":"https:\/\/neocatechumenaleiter.org\/pl\/wp-json\/wp\/v2\/pages\/16496"}],"wp:attachment":[{"href":"https:\/\/neocatechumenaleiter.org\/pl\/wp-json\/wp\/v2\/media?parent=21804"}],"curies":[{"name":"wp","href":"https:\/\/api.w.org\/{rel}","templated":true}]}}