{"id":21808,"date":"2020-03-03T04:30:52","date_gmt":"2020-03-03T03:30:52","guid":{"rendered":"https:\/\/neocatechumenaleiter.org\/slowa-papiezy\/sw-jan-pawel-ii\/audiencja-dla-katechistow-wedrownych-wspolnot-neokatechumenalnych-castel-gandolfo-26-9-1984\/"},"modified":"2021-04-16T07:40:46","modified_gmt":"2021-04-16T06:40:46","slug":"audiencja-dla-katechistow-wedrownych-wspolnot-neokatechumenalnych-castel-gandolfo-26-9-1984","status":"publish","type":"page","link":"https:\/\/neocatechumenaleiter.org\/pl\/slowa-papiezy\/sw-jan-pawel-ii\/audiencja-dla-katechistow-wedrownych-wspolnot-neokatechumenalnych-castel-gandolfo-26-9-1984\/","title":{"rendered":"Audiencja dla KATECHIST\u00d3W W\u0118DROWNYCH WSP\u00d3LNOT NEOKATECHUMENALNYCH (Castel Gandolfo) 26-9-1984"},"content":{"rendered":"\n<h1 class=\"has-text-align-center wp-block-heading\">Audiencja dla KATECHIST\u00d3W W\u0118DROWNYCH WSP\u00d3LNOT NEOKATECHUMENALNYCH (Castel Gandolfo) 26-9-1984<\/h1>\n\n<div style=\"height:20px\" aria-hidden=\"true\" class=\"wp-block-spacer\"><\/div>\n\n<h4 class=\"has-text-align-center wp-block-heading\">\u015aw. Jan Pawe\u0142 II<\/h4>\n\n<div style=\"height:20px\" aria-hidden=\"true\" class=\"wp-block-spacer\"><\/div>\n\n<div class=\"wp-block-image\"><figure class=\"alignleft size-large\"><img loading=\"lazy\" decoding=\"async\" width=\"277\" height=\"420\" src=\"https:\/\/neocatechumenaleiter.org\/wp-content\/uploads\/2020\/03\/Camino_Neocatecumenal_Juan_Pablo_II_audiencia_itinerantes_1984.jpg\" alt=\"\" class=\"wp-image-5316\" srcset=\"https:\/\/neocatechumenaleiter.org\/wp-content\/uploads\/2020\/03\/Camino_Neocatecumenal_Juan_Pablo_II_audiencia_itinerantes_1984.jpg 277w, https:\/\/neocatechumenaleiter.org\/wp-content\/uploads\/2020\/03\/Camino_Neocatecumenal_Juan_Pablo_II_audiencia_itinerantes_1984-198x300.jpg 198w\" sizes=\"auto, (max-width: 277px) 100vw, 277px\" \/><\/figure><\/div>\n\n<p><strong>Castel Gandolfo, 26 wrze\u015bnia 1984 r.<\/strong><\/p>\n\n<p><em>Dziedziniec pa\u0142acu papieskiego w Castel Gandolfo sta\u0142 si\u0119 wieczorem we wtorek 25 wrze\u015bnia, w czasie spotkania Ojca \u015bwi\u0119tego z ruchem neokatechumenalnym, prezbiterium. By\u0142o tam podwy\u017cszenie, na mocnych murach o \u015bwie\u017cych barwach wida\u0107 by\u0142o krzy\u017c. By\u0142 te\u017c pulpit z ksi\u0119g\u0105 Ewangelii, krzy\u017c i obraz Matki Bo\u017cej. I jeszcze dywany i kwiaty \u2013 r\u00f3\u017cnokolorowe mieczyki, kt\u00f3re przydawa\u0142y temu miejscu nastroju podnios\u0142ego, nastroju \u015bwi\u0119to\u015bci, z\u0142\u0105czonego z modlitw\u0105, \u015bpiewami, cisz\u0105.<\/em>&#013;\n&#013;\n<em>To wczorajsze, ostatnie przed dzisiejszym powrotem do Watykanu, spotkanie Ojca \u015bwi\u0119tego jeszcze raz sta\u0142o si\u0119 spotkaniem modlitwy, g\u0142oszenia S\u0142owa, s\u0142uchania, refleksji i propozycji.<\/em>&#013;\n&#013;\n<em>Kiko Arg\u00fcello, inicjator drogi neokatechumenalnej, przedstawia\u0142 w tonie spokojnym. ale czasem te\u017c \u017cywym, ostatnie do\u015bwiadczenie w\u0119drowania tych, kt\u00f3rzy uczestniczyli w spotkaniu:<\/em> \u00abW ci\u0105gu dw\u00f3ch tygodni, dw\u00f3jkami, ci \u201eostatni\u201d, te \u201edzieci Kr\u00f3lestwa\u201d \u2013 powiedzia\u0142, zwracaj\u0105c si\u0119 do Ojca \u015bwi\u0119tego \u2013 poszli, by odwiedzi\u0107 narody \u015bwiata, nie maj\u0105c ze sob\u0105 nic, pr\u00f3cz Chrystusa biednego i ukrzy\u017cowanego, zatrzymuj\u0105c si\u0119 po to, by g\u0142osi\u0107 radosn\u0105 nowin\u0119 ubogim, ludziom z marginesu, kap\u0142anom parafii wielkich metropolii, tak\u017ce na zagubionych terenach Afryki i Azji, by g\u0142osi\u0107 z wiar\u0105, \u017ce Jezus Chrystus jest Panem i Odkupicielem cz\u0142owieka\u00bb.<\/p>\n\n<p><em>Kiko przekaza\u0142 Ojcu \u015bwi\u0119temu to wsp\u00f3lnotowe do\u015bwiadczenie w\u0119drowania podobne do tego, jakie mieli aposto\u0142owie z Ewangelii, kt\u00f3rzy po g\u0142oszeniu nadej\u015bcia Kr\u00f3lestwa wracali rado\u015bnie do domu i do\u015bwiadczali mocy obecno\u015bci Pana. W r\u00f3\u017cnych krajach Europy, Ameryki P\u00f3\u0142nocnej, \u015arodkowej i Po\u0142udniowej, Afryki, Azji i Oceanii (inicjator drogi neokatechumenalnej z\u0142o\u017cy\u0142 tak\u017ce w darze Ojcu \u015bwi\u0119temu szczeg\u00f3\u0142owe zestawienie tej ewangelizacji \u2013 do\u015bwiadczenia w\u0119drowania) ci nowi zwiastuni dobrej nowiny cierpieli i radowali si\u0119 z powodu Ewangelii.<\/em><\/p>\n\n<p><em>Ma\u0142\u017ce\u0144stwo z Rzymu, m\u0142ody kleryk z Barcelony, W\u0142oszka, Polka, Hiszpan i m\u0142ody kap\u0142an w\u0142oski opowiedzieli w obecno\u015bci wszystkich, wywo\u0142uj\u0105c poruszenie, swoje do\u015bwiadczenie katechist\u00f3w w\u0119drownych. By\u0142o to w\u0142a\u015bciwie publiczne wyznanie cud\u00f3w, kt\u00f3re B\u00f3g czyni poprzez swoich wiernych, kt\u00f3rzy wchodz\u0105 w \u015bwiat, by otrz\u0105sn\u0105\u0107 go z senno\u015bci i oboj\u0119tno\u015bci religijnej.<\/em><\/p>\n\n<div class=\"wp-block-image\"><figure class=\"alignright size-large\"><img loading=\"lazy\" decoding=\"async\" width=\"710\" height=\"564\" src=\"https:\/\/neocatechumenaleiter.org\/wp-content\/uploads\/2020\/03\/Camino_Neocatecumenal_Juan_Pablo_II_audiencia_itinerantes_19842.jpg\" alt=\"\" class=\"wp-image-5318\" srcset=\"https:\/\/neocatechumenaleiter.org\/wp-content\/uploads\/2020\/03\/Camino_Neocatecumenal_Juan_Pablo_II_audiencia_itinerantes_19842.jpg 710w, https:\/\/neocatechumenaleiter.org\/wp-content\/uploads\/2020\/03\/Camino_Neocatecumenal_Juan_Pablo_II_audiencia_itinerantes_19842-300x238.jpg 300w\" sizes=\"auto, (max-width: 710px) 100vw, 710px\" \/><\/figure><\/div>\n\n<p><em>Od Nowego Jorku, wielkiej metropolii, do brazylijskich favelas, od Kuby do Chin, od W\u0142och do Skandynawii \u2013 oto etapy tej wielkiej ewangelicznej opowie\u015bci naszych dni, prze\u017cytej i b\u0119d\u0105cej \u015bwiadectwem mocy wiary i mi\u0142o\u015bci. \u201eNiekt\u00f3rzy brali nas za narkoman\u00f3w \u2013 powiedzia\u0142a Polka, opowiadaj\u0105c swoje do\u015bwiadczenie \u2013 ale potem rozumieli, \u017ce mamy pos\u0142annictwo chrze\u015bcija\u0144skie do przekazania wszystkim, z poszanowaniem i mi\u0142o\u015bci\u0105\u201d. Ta opowie\u015b\u0107 \u2013 \u015bwiadectwo dotyczy\u0142a tak\u017ce szczeg\u00f3\u0142\u00f3w pokazuj\u0105cych moc Bo\u017c\u0105, kt\u00f3ra prowadzi tych, kt\u00f3rzy zaufaj\u0105 jej szczerym sercem.<\/em><\/p>\n\n<p><em>Po tych \u015bwiadectwach m\u00f3wi\u0142 Ojciec<\/em> \u015bwi\u0119ty:<\/p>\n\n<p>\u00abW waszych opowiadaniach wyczuwa si\u0119 autentyczny duch uczni\u00f3w Chrystusa, kt\u00f3rzy zawierzaj\u0105 si\u0119 bez reszty Panu. Wy jeste\u015bcie w\u0119drowcami, ale to Jezus przebywa swoj\u0105 drog\u0119 przede wszystkim w was, a potem idzie wsp\u00f3lnie z wami ku innym. To, \u017ce wy jeste\u015bcie w\u0119drowcami, jest czym\u015b wt\u00f3rnym. Najwa\u017cniejsze jest, \u017ce to On jest w\u0119drownym. On chce by\u0107 w\u0119drowcem. On chce nie tylko by\u0107 obecny w Ko\u015bciele, ale w tym Ko\u015bciele w\u0119drowa\u0107. Ko\u015bci\u00f3\u0142 musi by\u0107 w\u0119drowny, by\u0107 zawsze w drodze; nie tylko Ko\u015bcio\u0142em usystematyzowanym, zorganizowanym, posiadaj\u0105cym struktury, ale Ko\u015bcio\u0142em w drodze ku poszczeg\u00f3lnym osobom, ku wsp\u00f3lnotom, ludom, ku wierz\u0105cym i niewierz\u0105cym; te podzia\u0142y istniej\u0105 dla Chrystusa w spos\u00f3b odmienny ni\u017c dla nas. To jest pierwszy wniosek<\/p>\n\n<p>Wasze w\u0119drowanie cechuje prawdziwie ewangeliczna ufno\u015b\u0107: niczego z sob\u0105 nie nie\u015b\u0107, niczego nie mie\u0107, nie pok\u0142ada\u0107 ufno\u015bci w sobie, ale pok\u0142ada\u0107 ca\u0142kowit\u0105 ufno\u015b\u0107 w Opatrzno\u015bci i we wszystkim, co czyni Pan. Druga wasza cecha to pokora: Pan mnie zbawi\u0142, wyci\u0105gn\u0105\u0142 mnie z grzechu, z mojej niewiary i ja w\u00f3wczas dost\u0105pi\u0142em wielkiej \u0142aski, otrzyma\u0142em si\u0142\u0119 Pana. Prze\u017cy\u0142em osobi\u015bcie Jego si\u0142\u0119 i Jego moc, i teraz musz\u0119 i\u015b\u0107 g\u0142osz\u0105c t\u0119 moc; wi\u0119cej jeszcze: przekazuj\u0119 t\u0119 moc innym. Pan jest mocny, a wy ufacie w moc Pana i chcecie do\u015bwiadczy\u0107 tej mocy w was samych, a tak\u017ce w drugich. Pan jest mocny w swojej \u015bmierci i zmartwychwstaniu, w swojej \u0142asce, jest mocny w Duchu \u015awi\u0119tym.<\/p>\n\n<p>Ostatni wniosek. Zostaj\u0105c biskupem Rzymu i papie\u017cem w tej epoce w\u0119drowc\u00f3w musia\u0142em i ja sta\u0107 si\u0119 w\u0119drowcem. Istnieje w tym pewna zgodno\u015b\u0107, pewna zbie\u017cno\u015b\u0107. Ale musz\u0119 powiedzie\u0107, \u017ce drogi, kt\u00f3re ja przemierzam, nie s\u0105 tak ci\u0119\u017ckie. Tak, to prawda, \u017ce wiele od nas wymagaj\u0105, \u017ce rozk\u0142ad dnia jest m\u0119cz\u0105cy, ale \u2013 nie trzeba i\u015b\u0107 pieszo&#8230; My\u015bl\u0119, \u017ce takiego sposobu bycia w\u0119drowcem wy nie mo\u017cecie zaakceptowa\u0107&#8230; Dlatego zastanawiam si\u0119, czy nie mog\u0119 zrobi\u0107 nic wi\u0119cej? I z ca\u0142\u0105 pokor\u0105 wyznaj\u0119 przed wami: nie mog\u0119 zrobi\u0107 wi\u0119cej. Pozosta\u0144my wi\u0119c takimi w\u0119drowcami, jakimi jeste\u015bmy: Papie\u017c takim, jakim jest, i wy takimi, jakimi jeste\u015bcie.&#013;\n&#013;\nZa\u015bpiewajmy wi\u0119c! Powinni\u015bcie co\u015b za\u015bpiewa\u0107: to, po czym zawsze poznaj\u0119 neokatechumen\u00f3w \u2013 \u201eTy\u015b jest b\u0142ogos\u0142awiona Maryjo\u201d\u00bb.<\/p>\n","protected":false},"excerpt":{"rendered":"<p>Audiencja dla KATECHIST\u00d3W W\u0118DROWNYCH WSP\u00d3LNOT NEOKATECHUMENALNYCH (Castel Gandolfo) 26-9-1984 \u015aw. Jan Pawe\u0142 II Castel Gandolfo, 26 wrze\u015bnia 1984 r. Dziedziniec pa\u0142acu papieskiego w Castel Gandolfo sta\u0142 si\u0119 wieczorem we wtorek 25 wrze\u015bnia, w czasie spotkania Ojca \u015bwi\u0119tego z ruchem neokatechumenalnym, prezbiterium. By\u0142o tam podwy\u017cszenie, na mocnych murach o \u015bwie\u017cych barwach wida\u0107 by\u0142o krzy\u017c. By\u0142 te\u017c pulpit z ksi\u0119g\u0105 Ewangelii, krzy\u017c i obraz Matki Bo\u017cej. I jeszcze dywany i kwiaty \u2013<\/p>\n<div class=\"read-more\"><a class=\"btn read-more-btn\" href=\"https:\/\/neocatechumenaleiter.org\/pl\/slowa-papiezy\/sw-jan-pawel-ii\/audiencja-dla-katechistow-wedrownych-wspolnot-neokatechumenalnych-castel-gandolfo-26-9-1984\/\">Czytaj dalej<\/a><\/div>\n","protected":false},"author":2,"featured_media":0,"parent":16496,"menu_order":28,"comment_status":"closed","ping_status":"closed","template":"","meta":{"footnotes":""},"class_list":["post-21808","page","type-page","status-publish","hentry"],"_links":{"self":[{"href":"https:\/\/neocatechumenaleiter.org\/pl\/wp-json\/wp\/v2\/pages\/21808","targetHints":{"allow":["GET"]}}],"collection":[{"href":"https:\/\/neocatechumenaleiter.org\/pl\/wp-json\/wp\/v2\/pages"}],"about":[{"href":"https:\/\/neocatechumenaleiter.org\/pl\/wp-json\/wp\/v2\/types\/page"}],"author":[{"embeddable":true,"href":"https:\/\/neocatechumenaleiter.org\/pl\/wp-json\/wp\/v2\/users\/2"}],"replies":[{"embeddable":true,"href":"https:\/\/neocatechumenaleiter.org\/pl\/wp-json\/wp\/v2\/comments?post=21808"}],"version-history":[{"count":3,"href":"https:\/\/neocatechumenaleiter.org\/pl\/wp-json\/wp\/v2\/pages\/21808\/revisions"}],"predecessor-version":[{"id":21811,"href":"https:\/\/neocatechumenaleiter.org\/pl\/wp-json\/wp\/v2\/pages\/21808\/revisions\/21811"}],"up":[{"embeddable":true,"href":"https:\/\/neocatechumenaleiter.org\/pl\/wp-json\/wp\/v2\/pages\/16496"}],"wp:attachment":[{"href":"https:\/\/neocatechumenaleiter.org\/pl\/wp-json\/wp\/v2\/media?parent=21808"}],"curies":[{"name":"wp","href":"https:\/\/api.w.org\/{rel}","templated":true}]}}