{"id":21812,"date":"2020-03-03T04:32:17","date_gmt":"2020-03-03T03:32:17","guid":{"rendered":"https:\/\/neocatechumenaleiter.org\/slowa-papiezy\/sw-jan-pawel-ii\/wizytacja-w-parafii-wielkiej-matki-boga-11-11-1984\/"},"modified":"2021-04-16T07:46:03","modified_gmt":"2021-04-16T06:46:03","slug":"wizytacja-w-parafii-wielkiej-matki-boga-11-11-1984","status":"publish","type":"page","link":"https:\/\/neocatechumenaleiter.org\/pl\/slowa-papiezy\/sw-jan-pawel-ii\/wizytacja-w-parafii-wielkiej-matki-boga-11-11-1984\/","title":{"rendered":"WIZYTACJA W PARAFII WIELKIEJ MATKI BOGA  11-11-1984"},"content":{"rendered":"\n<h1 class=\"has-text-align-center wp-block-heading\">WIZYTACJA W PARAFII WIELKIEJ MATKI BOGA  11-11-1984<\/h1>\n\n<div style=\"height:20px\" aria-hidden=\"true\" class=\"wp-block-spacer\"><\/div>\n\n<h4 class=\"has-text-align-center wp-block-heading\">\u015aw. Jan Pawe\u0142 II<\/h4>\n\n<div style=\"height:20px\" aria-hidden=\"true\" class=\"wp-block-spacer\"><\/div>\n\n<p><strong>Rzym, 11 listopada 1984 r.<\/strong><\/p>\n\n<p><em>W ko\u015bciele parafialnym Ojciec \u015bwi\u0119ty spotka\u0142 si\u0119 z cz\u0142onkami czterech wsp\u00f3lnot neokatechumenalnych, razem by\u0142o oko\u0142o stu trzydziestu os\u00f3b, kt\u00f3re dzia\u0142aj\u0105 w parafii. Do nich, obecnych ze swoimi rodzinami, Jan Pawe\u0142 II zwr\u00f3ci\u0142 si\u0119 w nast\u0119puj\u0105cych<\/em> s\u0142owach:<\/p>\n\n<p>\u00abW waszej w\u0119dr\u00f3wce wiary dokonali\u015bcie dw\u00f3ch odkry\u0107: pierwsze to odkrycie chrztu, poniewa\u017c formu\u0142a \u201eneokatechumenalna\u201d odnosi si\u0119 do tego w\u0142a\u015bnie sakramentu, w kt\u00f3rym kryje si\u0119 ogrom \u017cycia Bo\u017cego ofiarowanego nam przez Ojca z Chrystusem w Duchu \u015awi\u0119tym; drugie odkrycie do odwaga \u017cycia.&#013;\nWiara musi by\u0107 wyznawana, okazywana, powinna by\u0107 zanoszona innym, zanoszona \u015bwiatu. Wy macie t\u0119 odwag\u0119 wiary, kt\u00f3rej brakuje cz\u0119sto chrze\u015bcijanom, ochrzczonym. Tego przede wszystkim brakuje dzisiejszemu \u017cyciu chrze\u015bcija\u0144skiemu. Wy macie ten charyzmat \u2013 odwagi okazywania wiary.&#013;\n\u017bycz\u0119 wam, by\u015bcie dobrze pracowali nad pog\u0142\u0119bieniem tego charyzmatu i \u017cycz\u0119 dobrej pracy apostolskiej w parafii Wielkiej Matki Boga. Oby\u015bcie znale\u017ali wiele rado\u015bci w tym powo\u0142aniu, wiele rado\u015bci w waszych rodzinach, w waszych dzieciach, kt\u00f3re kochacie szczeg\u00f3lnie i kt\u00f3rym dajecie ca\u0142e \u017cycie. Oby\u015bcie mieli z tych dzieci wielk\u0105 pociech\u0119. One s\u0105 nadziej\u0105 naszego pokolenia.&#013;\nZ tym \u017cyczeniem b\u0142ogos\u0142awi\u0119 z serca was i waszych bliskich, i wszystkich tych, do kt\u00f3rych idziecie w waszej apostolskiej w\u0119dr\u00f3wce\u00bb.<\/p>\n","protected":false},"excerpt":{"rendered":"<p>WIZYTACJA W PARAFII WIELKIEJ MATKI BOGA 11-11-1984 \u015aw. Jan Pawe\u0142 II Rzym, 11 listopada 1984 r. W ko\u015bciele parafialnym Ojciec \u015bwi\u0119ty spotka\u0142 si\u0119 z cz\u0142onkami czterech wsp\u00f3lnot neokatechumenalnych, razem by\u0142o oko\u0142o stu trzydziestu os\u00f3b, kt\u00f3re dzia\u0142aj\u0105 w parafii. Do nich, obecnych ze swoimi rodzinami, Jan Pawe\u0142 II zwr\u00f3ci\u0142 si\u0119 w nast\u0119puj\u0105cych s\u0142owach: \u00abW waszej w\u0119dr\u00f3wce wiary dokonali\u015bcie dw\u00f3ch odkry\u0107: pierwsze to odkrycie chrztu, poniewa\u017c formu\u0142a \u201eneokatechumenalna\u201d odnosi si\u0119 do tego<\/p>\n<div class=\"read-more\"><a class=\"btn read-more-btn\" href=\"https:\/\/neocatechumenaleiter.org\/pl\/slowa-papiezy\/sw-jan-pawel-ii\/wizytacja-w-parafii-wielkiej-matki-boga-11-11-1984\/\">Czytaj dalej<\/a><\/div>\n","protected":false},"author":2,"featured_media":0,"parent":16496,"menu_order":29,"comment_status":"closed","ping_status":"closed","template":"","meta":{"footnotes":""},"class_list":["post-21812","page","type-page","status-publish","hentry"],"_links":{"self":[{"href":"https:\/\/neocatechumenaleiter.org\/pl\/wp-json\/wp\/v2\/pages\/21812","targetHints":{"allow":["GET"]}}],"collection":[{"href":"https:\/\/neocatechumenaleiter.org\/pl\/wp-json\/wp\/v2\/pages"}],"about":[{"href":"https:\/\/neocatechumenaleiter.org\/pl\/wp-json\/wp\/v2\/types\/page"}],"author":[{"embeddable":true,"href":"https:\/\/neocatechumenaleiter.org\/pl\/wp-json\/wp\/v2\/users\/2"}],"replies":[{"embeddable":true,"href":"https:\/\/neocatechumenaleiter.org\/pl\/wp-json\/wp\/v2\/comments?post=21812"}],"version-history":[{"count":3,"href":"https:\/\/neocatechumenaleiter.org\/pl\/wp-json\/wp\/v2\/pages\/21812\/revisions"}],"predecessor-version":[{"id":21815,"href":"https:\/\/neocatechumenaleiter.org\/pl\/wp-json\/wp\/v2\/pages\/21812\/revisions\/21815"}],"up":[{"embeddable":true,"href":"https:\/\/neocatechumenaleiter.org\/pl\/wp-json\/wp\/v2\/pages\/16496"}],"wp:attachment":[{"href":"https:\/\/neocatechumenaleiter.org\/pl\/wp-json\/wp\/v2\/media?parent=21812"}],"curies":[{"name":"wp","href":"https:\/\/api.w.org\/{rel}","templated":true}]}}