{"id":21816,"date":"2020-03-03T04:34:57","date_gmt":"2020-03-03T03:34:57","guid":{"rendered":"https:\/\/neocatechumenaleiter.org\/slowa-papiezy\/sw-jan-pawel-ii\/wizytacja-w-parafii-sw-anny-2-12-1984\/"},"modified":"2021-04-16T07:53:13","modified_gmt":"2021-04-16T06:53:13","slug":"wizytacja-w-parafii-sw-anny-2-12-1984","status":"publish","type":"page","link":"https:\/\/neocatechumenaleiter.org\/pl\/slowa-papiezy\/sw-jan-pawel-ii\/wizytacja-w-parafii-sw-anny-2-12-1984\/","title":{"rendered":"WIZYTACJA W PARAFII \u015aW. ANNY 2-12-1984"},"content":{"rendered":"\n<h1 class=\"has-text-align-center wp-block-heading\">WIZYTACJA W PARAFII \u015aW. ANNY 2-12-1984<\/h1>\n\n<div style=\"height:20px\" aria-hidden=\"true\" class=\"wp-block-spacer\"><\/div>\n\n<h4 class=\"has-text-align-center wp-block-heading\">\u015aw. Jan Pawe\u0142 II<\/h4>\n\n<div style=\"height:20px\" aria-hidden=\"true\" class=\"wp-block-spacer\"><\/div>\n\n<p><strong>Rzym, 2 grudnia 1984 r.<\/strong><\/p>\n\n<p><em>Neokatechumeni, kt\u00f3rych jest 110 os\u00f3b, ale kt\u00f3rzy byli obecni z ca\u0142ymi rodzinami, byli pierwszymi, kt\u00f3rzy spotkali si\u0119 z Janem<\/em> Paw\u0142em<em> II. Przyj\u0119li Go w sali, kt\u00f3ra zwykle s\u0142u\u017cy do odprawiania mszy \u015bw., w swoim normalnym stylu \u2013 \u015bpiewaj\u0105c i wt\u00f3ruj\u0105c rytmicznym klaskaniem.<\/em>&#013;\n&#013;\n<em>\u201eTo prawdziwa \u0142aska dla naszej parafii\u201d \u2013 powiedzia\u0142 o nich ksi\u0105dz Amadeo i powt\u00f3rzy\u0142 to Ojcu \u015bwi\u0119temu, prezentuj\u0105c Mu tych, kt\u00f3rzy przy\u0142\u0105czaj\u0105c si\u0119 do wsp\u00f3lnoty ju\u017c od pierwszego momentu, gdy jeszcze nie by\u0142o innego miejsca, tylko kaplica, w kt\u00f3rej mie\u015bci\u0142o si\u0119 z trudem nieca\u0142e sto os\u00f3b, potrafili przekaza\u0107, zw\u0142aszcza m\u0142odym przygotowuj\u0105cym si\u0119 do sakrament\u00f3w inicjacji chrze\u015bcija\u0144skiej, ducha s\u0142uchania i konfrontacji ze S\u0142owem Bo\u017cym.<\/em>&#013;\n&#013;\n<em>\u201eZ nimi \u2013 powiedzia\u0142 ksi\u0105dz Amadeo \u2013 prze\u017cywali\u015bmy pierwsze ub\u00f3stwo: braku miejsca nawet do tego, by przebywa\u0107 razem; z nimi prze\u017cyli\u015bmy ub\u00f3stwo drugie: naszego serca, tak ma\u0142o karmionego Duchem Chrystusa, jak to odkryli\u015bmy, b\u0119d\u0105c sam na sam z Jego S\u0142owem; z nimi prze\u017cywamy ub\u00f3stwo trzecie: to, kt\u00f3re sta\u0142o si\u0119 nasz\u0105 postaw\u0105 wobec \u0141aski, kt\u00f3ra ka\u017cdego dnia przychodzi do nas w obfito\u015bci i kt\u00f3r\u0105 chcemy zachowa\u0107 jako prawdziwe bogactwo serca\u201d.<\/em>&#013;\n&#013;\n<em>Ojciec \u015bwi\u0119ty, po wys\u0142uchaniu przedstawiciela trzech wsp\u00f3lnot, kt\u00f3ry kr\u00f3tko przedstawi\u0142 przebyt\u0105 przez nie drog\u0119, zwr\u00f3ci\u0142 si\u0119 do zebranych w nast\u0119puj\u0105cych s\u0142owach:<\/em><\/p>\n\n<div class=\"wp-block-image\"><figure class=\"alignleft size-medium\"><img loading=\"lazy\" decoding=\"async\" width=\"300\" height=\"242\" src=\"https:\/\/neocatechumenaleiter.org\/wp-content\/uploads\/2020\/03\/Camino_Neocatecumenal_Juan_Pablo_II_visita_parroquia_Santa_Ana_1984-300x242.jpg\" alt=\"\" class=\"wp-image-1852\" srcset=\"https:\/\/neocatechumenaleiter.org\/wp-content\/uploads\/2020\/03\/Camino_Neocatecumenal_Juan_Pablo_II_visita_parroquia_Santa_Ana_1984-300x242.jpg 300w, https:\/\/neocatechumenaleiter.org\/wp-content\/uploads\/2020\/03\/Camino_Neocatecumenal_Juan_Pablo_II_visita_parroquia_Santa_Ana_1984.jpg 697w\" sizes=\"auto, (max-width: 300px) 100vw, 300px\" \/><\/figure><\/div>\n\n<p>\u00abDobrze wprowadzili\u015bcie mnie w to, czym jest wasza wsp\u00f3lnota w tej parafii: najpierw uczyni\u0142 to proboszcz, a potem jeden z waszych przedstawicieli. Widz\u0119, \u017ce parafia ta tworzy si\u0119 tak\u017ce w sensie budowli, zespo\u0142u w sensie materialnym, ale wiemy dobrze, \u017ce parafi\u0119 buduje si\u0119 przede wszystkim na wierze, na chrzcie, kt\u00f3ry przygotowuje nas do Eucharystii: to jest budowanie duchowe. Chrzest wi\u0105\u017ce si\u0119 tak\u017ce z katechumenatem, a neokatechumenat oznacza, \u017ce zawsze trzeba powraca\u0107 do tej drogi, kt\u00f3ra kiedy\u015b przygotowa\u0142a naszych przodk\u00f3w, pierwszych chrze\u015bcijan, do chrztu, do tego, by stali si\u0119 dzie\u0107mi Boga, by stali si\u0119 wsp\u00f3\u0142dziedzicami Chrystusa.&#013;\nNeokatechumenat jako rzeczywisto\u015b\u0107 tego czasu oznacza wsp\u00f3lnot\u0119, kt\u00f3ra w parafii odnajduje nowo\u015b\u0107 \u017cycia chrze\u015bcija\u0144skiego, jego \u015bwie\u017co\u015b\u0107, oryginalno\u015b\u0107, poniewa\u017c dopiero to jest \u017cyciem w pe\u0142nym znaczeniu tego s\u0142owa, \u017cyciem Bo\u017cym. \u017byciem jest to, co rozpo\u015bciera si\u0119 przed nami a\u017c na ca\u0142\u0105 wieczno\u015b\u0107, a nie tylko lata sp\u0119dzone tu, na ziemi. \u017bycie z Bogiem; \u017cycie dzieci Bo\u017cych, o\u017cywianych przez Jednorodzonego Syna Bo\u017cego, kt\u00f3ry jest S\u0142owem, S\u0142owem wcielonym i zrodzonym z Dziewicy Maryi: o\u017cywianych przez Jezusa Chrystusa.&#013;\n\u017bycz\u0119, by\u015bcie byli dobrym zaczynem tej nowo\u015bci \u017cycia chrze\u015bcija\u0144skiego we wsp\u00f3lnocie parafii \u015bw. Anny.<\/p>\n\n<p><em>Z serca wam b\u0142ogos\u0142awi\u0119\u00bb.<\/em><\/p>\n","protected":false},"excerpt":{"rendered":"<p>WIZYTACJA W PARAFII \u015aW. ANNY 2-12-1984 \u015aw. Jan Pawe\u0142 II Rzym, 2 grudnia 1984 r. Neokatechumeni, kt\u00f3rych jest 110 os\u00f3b, ale kt\u00f3rzy byli obecni z ca\u0142ymi rodzinami, byli pierwszymi, kt\u00f3rzy spotkali si\u0119 z Janem Paw\u0142em II. Przyj\u0119li Go w sali, kt\u00f3ra zwykle s\u0142u\u017cy do odprawiania mszy \u015bw., w swoim normalnym stylu \u2013 \u015bpiewaj\u0105c i wt\u00f3ruj\u0105c rytmicznym klaskaniem.&#013; &#013; \u201eTo prawdziwa \u0142aska dla naszej parafii\u201d \u2013 powiedzia\u0142 o nich ksi\u0105dz Amadeo<\/p>\n<div class=\"read-more\"><a class=\"btn read-more-btn\" href=\"https:\/\/neocatechumenaleiter.org\/pl\/slowa-papiezy\/sw-jan-pawel-ii\/wizytacja-w-parafii-sw-anny-2-12-1984\/\">Czytaj dalej<\/a><\/div>\n","protected":false},"author":2,"featured_media":0,"parent":16496,"menu_order":30,"comment_status":"closed","ping_status":"closed","template":"","meta":{"footnotes":""},"class_list":["post-21816","page","type-page","status-publish","hentry"],"_links":{"self":[{"href":"https:\/\/neocatechumenaleiter.org\/pl\/wp-json\/wp\/v2\/pages\/21816","targetHints":{"allow":["GET"]}}],"collection":[{"href":"https:\/\/neocatechumenaleiter.org\/pl\/wp-json\/wp\/v2\/pages"}],"about":[{"href":"https:\/\/neocatechumenaleiter.org\/pl\/wp-json\/wp\/v2\/types\/page"}],"author":[{"embeddable":true,"href":"https:\/\/neocatechumenaleiter.org\/pl\/wp-json\/wp\/v2\/users\/2"}],"replies":[{"embeddable":true,"href":"https:\/\/neocatechumenaleiter.org\/pl\/wp-json\/wp\/v2\/comments?post=21816"}],"version-history":[{"count":3,"href":"https:\/\/neocatechumenaleiter.org\/pl\/wp-json\/wp\/v2\/pages\/21816\/revisions"}],"predecessor-version":[{"id":21819,"href":"https:\/\/neocatechumenaleiter.org\/pl\/wp-json\/wp\/v2\/pages\/21816\/revisions\/21819"}],"up":[{"embeddable":true,"href":"https:\/\/neocatechumenaleiter.org\/pl\/wp-json\/wp\/v2\/pages\/16496"}],"wp:attachment":[{"href":"https:\/\/neocatechumenaleiter.org\/pl\/wp-json\/wp\/v2\/media?parent=21816"}],"curies":[{"name":"wp","href":"https:\/\/api.w.org\/{rel}","templated":true}]}}