{"id":21820,"date":"2020-03-03T04:44:30","date_gmt":"2020-03-03T03:44:30","guid":{"rendered":"https:\/\/neocatechumenaleiter.org\/slowa-papiezy\/sw-jan-pawel-ii\/wizytacja-w-parafii-sw-tarsycjusza-3-3-1985\/"},"modified":"2021-04-16T08:00:07","modified_gmt":"2021-04-16T07:00:07","slug":"wizytacja-w-parafii-sw-tarsycjusza-3-3-1985","status":"publish","type":"page","link":"https:\/\/neocatechumenaleiter.org\/pl\/slowa-papiezy\/sw-jan-pawel-ii\/wizytacja-w-parafii-sw-tarsycjusza-3-3-1985\/","title":{"rendered":"WIZYTACJA W PARAFII \u015aW. TARSYCJUSZA 3-3-1985"},"content":{"rendered":"\n<h1 class=\"has-text-align-center wp-block-heading\">WIZYTACJA W PARAFII \u015aW. TARSYCJUSZA 3-3-1985<\/h1>\n\n<div style=\"height:20px\" aria-hidden=\"true\" class=\"wp-block-spacer\"><\/div>\n\n<h4 class=\"has-text-align-center wp-block-heading\">\u015aw. Jan Pawe\u0142 II<\/h4>\n\n<div style=\"height:20px\" aria-hidden=\"true\" class=\"wp-block-spacer\"><\/div>\n\n<p><strong>Rzym, 3 marca 1985<\/strong><\/p>\n\n<p><em>We wn\u0119trzu ko\u015bcio\u0142a parafialnego proboszcz przedstawi\u0142 Ojcu<\/em> \u015bwi\u0119temu<em> wsp\u00f3lnoty neokatechumenalne. Cz\u0142onkowie pierwszej z nich za kilka dni rozpoczn\u0105 now\u0105 misj\u0119: p\u00f3jd\u0105 do dom\u00f3w dzielnicy, by g\u0142osi\u0107 Ewangeli\u0119. \u201eJest to dla wsp\u00f3lnoty moment wa\u017cny, ale tak\u017ce delikatny\u201d \u2013 powiedzia\u0142 proboszcz.<\/em><\/p>\n\n<p> \u00abOjcze \u015bwi\u0119ty! \u2013 powiedzia\u0142 potem jeden z cz\u0142onk\u00f3w wsp\u00f3lnoty \u2013 to nie jest przypadek, \u017ce moje \u017cycie zatrzyma\u0142o si\u0119 w czasach Piusa XII, a zosta\u0142o odnalezione za Twego pontyfikatu; uszed\u0142 mojej uwadze fakt istnienia trzech papie\u017cy. Rzeczywi\u015bcie, po okresie dzieci\u0144stwa, w kt\u00f3rym otrzyma\u0142em surowe wychowanie katolickie, uwa\u017ca\u0142em, maj\u0105c osiemna\u015bcie lat, \u017ce cz\u0142owiek doros\u0142y powinien mie\u0107 specjalne zadanie: zwalcza\u0107 religi\u0119 chrze\u015bcija\u0144sk\u0105 jako niebezpieczny zabobon. Uwa\u017ca\u0142em Chrystusa i chrze\u015bcija\u0144stwo za utopi\u0119, bankructwo, rezerwuj\u0105c tylko dla cz\u0142owieka zdolno\u015b\u0107 do tego, by by\u0142 tw\u00f3rc\u0105 w\u0142asnej egzystencji. Tak zniekszta\u0142cona wizja \u017cycia doprowadzi\u0142a mnie w ci\u0105gu 25 lat do wewn\u0119trznego nie\u0142adu, intelektualnego i uczuciowego, z kt\u00f3rego nie mog\u0142em si\u0119 wydosta\u0107. Tak\u017ce samob\u00f3jstwo jednego z moich przyjaci\u00f3\u0142 postawi\u0142o mi na nowo, bez odpowiedzi, pytania o egzystencj\u0119 cz\u0142owieka, owo \u201edlaczego\u201d dotycz\u0105ce \u017cycia. Oko\u0142o sze\u015b\u0107 lat temu Pan przyszed\u0142, by wype\u0142ni\u0107 moje \u017cycie na nowo; przyszed\u0142 w spos\u00f3b nieprzewidywany i nieoczekiwany, poprzez kilku katechist\u00f3w, kt\u00f3rzy tracili swoje \u017cycie dla innych. Od tego dnia moje \u017cycie zmieni\u0142o si\u0119, odkry\u0142em, \u017ce Pan kocha\u0142 mnie tak, jak nie m\u00f3g\u0142 nikt kocha\u0107. Nawet zniekszta\u0142ci\u0142em mi\u0142o\u015b\u0107 Boga, bo my\u015bla\u0142em, \u017ce tak jak kocha mnie, nie mo\u017ce ju\u017c kocha\u0107 nikogo innego. W miar\u0119 jak S\u0142owo dr\u0105\u017cy\u0142o moje \u017cycie, odkrywa\u0142em coraz wi\u0119ksze mi\u0142osierdzie Boga. Ta mi\u0142o\u015b\u0107 odrodzi\u0142a mnie jako m\u0119\u017ca i ojca. Rzeczywi\u015bcie, odkry\u0142em now\u0105 ma\u0142\u017conk\u0119, kt\u00f3r\u0105 nie ja, ale Pan wybra\u0142 dla mnie. Odkry\u0142em nowe dzieci; jak bardzo s\u0105 to dzieci Boga. Wasza \u015awi\u0105tobliwo\u015b\u0107! Poprzez to moje kr\u00f3tkie \u015bwiadectwo chcia\u0142bym odda\u0107 Ko\u015bcio\u0142owi wszystko to, co otrzyma\u0142em, na znak wdzi\u0119czno\u015bci i synowskiej mi\u0142o\u015bci\u00bb.<\/p>\n\n<div class=\"wp-block-image\"><figure class=\"alignright size-medium\"><img loading=\"lazy\" decoding=\"async\" width=\"300\" height=\"241\" src=\"https:\/\/neocatechumenaleiter.org\/wp-content\/uploads\/2020\/03\/Camino_Neocatecumenal_Juan_Pablo_II_visita_parroquia_San_Tarsicio_1985-300x241.jpg\" alt=\"\" class=\"wp-image-1863\" srcset=\"https:\/\/neocatechumenaleiter.org\/wp-content\/uploads\/2020\/03\/Camino_Neocatecumenal_Juan_Pablo_II_visita_parroquia_San_Tarsicio_1985-300x241.jpg 300w, https:\/\/neocatechumenaleiter.org\/wp-content\/uploads\/2020\/03\/Camino_Neocatecumenal_Juan_Pablo_II_visita_parroquia_San_Tarsicio_1985.jpg 698w\" sizes=\"auto, (max-width: 300px) 100vw, 300px\" \/><\/figure><\/div>\n\n<p>\u00abZnam was \u2013 powiedzia\u0142 Papie\u017c \u2013 spotykam was w r\u00f3\u017cnych parafiach Rzymu, spotykam was tak\u017ce w r\u00f3\u017cnych krajach \u015bwiata. \u0141atwo was rozpozna\u0107, bo kiedy zaczynaj\u0105 gra\u0107 gitary i powtarza si\u0119 ten charakterystyczny \u015bpiew neokatechumen\u00f3w, w ka\u017cdym zak\u0105tku \u015bwiata, Papie\u017c zaraz wie, kim s\u0105 i cieszy si\u0119. Cieszy si\u0119 wsz\u0119dzie i cieszy si\u0119 tak\u017ce w tej parafii. Przemawia\u0142em wiele razy do r\u00f3\u017cnych wsp\u00f3lnot neokatechumenalnych, w r\u00f3\u017cnych cz\u0119\u015bciach Rzymu, i ju\u017c wiem dobrze, \u017ce s\u0105 dwa elementy charakterystyczne dla waszego charyzmatu. Pierwszym jest entuzjazm wiary. Entuzjazm wiary odnalezionej. Wiary odnalezionej tak\u017ce przez tych, kt\u00f3rzy mieli j\u0105 zawsze, mo\u017ce nawet prze\u017cywan\u0105, praktykowan\u0105; przez tych, kt\u00f3rzy byli mniej lub wi\u0119cej uczciwymi i dzielnymi chrze\u015bcijanami. Wiara kiedy\u015b odnaleziona, odnaleziona w swym pe\u0142nym znaczeniu, w swym misterium, w swym wymiarze nadprzyrodzonym, rodzi entuzjazm. Ten entuzjazm p\u0142yn\u0105cy z wiary jest tak potrzebny naszej epoce. Nasza epoka jest zimna, oboj\u0119tna, nasza epoka nie chce si\u0119 anga\u017cowa\u0107. O prawdach wiary, o Bogu, o Chrystusie m\u00f3wi: kto to wie, by\u0107 mo\u017ce, mo\u017ce tak jest. Potrzebny jest ten entuzjazm, to osobiste przekonanie; tylko ono jest zdolne przekona\u0107 tak\u017ce innych.<\/p>\n\n<p>Drug\u0105 rzecz\u0105, kt\u00f3ra \u2013 my\u015bl\u0119 \u2013 wi\u0105\u017ce si\u0119 z waszym charyzmatem, jest radykalne nawr\u00f3cenie. S\u0142ucha\u0142em obu waszych \u015bwiadectw, zw\u0142aszcza pierwszego, z g\u0142\u0119bokim wzruszeniem i zaraz pomy\u015bla\u0142em: czego jeszcze chcemy, mamy tu drugie \u015bwiadectwo Paw\u0142a z Tarsu. Kogo\u015b, kto by\u0142 przeciwny, kto chcia\u0142 wr\u0119cz zabi\u0107 Jezusa, zniszczy\u0107 chrze\u015bcija\u0144stwo. Potem, w jednym momencie, odnalaz\u0142 Jezusa zmartwychwsta\u0142ego, sta\u0142 si\u0119 Jego uczniem, Jego najgorliwszym, najbardziej skutecznym aposto\u0142em. My\u015bl\u0119, \u017ce nasza epoka, w kt\u00f3rej tak wiele os\u00f3b straci\u0142o wiar\u0119 i posz\u0142o inn\u0105 drog\u0105, wybieraj\u0105c idelogie i systemy filozoficzne, znajduj\u0105c nawet stowarzyszenia i organizacje programowo antyreligijne, my\u015bl\u0119, \u017ce ta nasza epoka potrzebuje nawr\u00f3ce\u0144 radykalnych tego typu, jak nawr\u00f3cenie Paw\u0142a z Tarsu. Patrz\u0119 na was z wielkim zadowoleniem i my\u015bl\u0119, \u017ce jeste\u015bcie bardzo konieczni w dzisiejszym Ko\u015bciele, w dzisiejszym \u015bwiecie. Tylko utrzymujcie i rozwijajcie wasze charyzmaty, pog\u0142\u0119biajcie wasz\u0105 to\u017csamo\u015b\u0107, trzymaj\u0105c si\u0119 zawsze blisko pasterzy Ko\u015bcio\u0142a i zawsze id\u0105c za t\u0105 specjaln\u0105 \u0142ask\u0105, kt\u00f3ra stanowi o to\u017csamo\u015bci wsp\u00f3lnot neokatechumenalnych\u00bb.<\/p>\n","protected":false},"excerpt":{"rendered":"<p>WIZYTACJA W PARAFII \u015aW. TARSYCJUSZA 3-3-1985 \u015aw. Jan Pawe\u0142 II Rzym, 3 marca 1985 We wn\u0119trzu ko\u015bcio\u0142a parafialnego proboszcz przedstawi\u0142 Ojcu \u015bwi\u0119temu wsp\u00f3lnoty neokatechumenalne. Cz\u0142onkowie pierwszej z nich za kilka dni rozpoczn\u0105 now\u0105 misj\u0119: p\u00f3jd\u0105 do dom\u00f3w dzielnicy, by g\u0142osi\u0107 Ewangeli\u0119. \u201eJest to dla wsp\u00f3lnoty moment wa\u017cny, ale tak\u017ce delikatny\u201d \u2013 powiedzia\u0142 proboszcz. \u00abOjcze \u015bwi\u0119ty! \u2013 powiedzia\u0142 potem jeden z cz\u0142onk\u00f3w wsp\u00f3lnoty \u2013 to nie jest przypadek, \u017ce moje \u017cycie<\/p>\n<div class=\"read-more\"><a class=\"btn read-more-btn\" href=\"https:\/\/neocatechumenaleiter.org\/pl\/slowa-papiezy\/sw-jan-pawel-ii\/wizytacja-w-parafii-sw-tarsycjusza-3-3-1985\/\">Czytaj dalej<\/a><\/div>\n","protected":false},"author":2,"featured_media":0,"parent":16496,"menu_order":31,"comment_status":"closed","ping_status":"closed","template":"","meta":{"footnotes":""},"class_list":["post-21820","page","type-page","status-publish","hentry"],"_links":{"self":[{"href":"https:\/\/neocatechumenaleiter.org\/pl\/wp-json\/wp\/v2\/pages\/21820","targetHints":{"allow":["GET"]}}],"collection":[{"href":"https:\/\/neocatechumenaleiter.org\/pl\/wp-json\/wp\/v2\/pages"}],"about":[{"href":"https:\/\/neocatechumenaleiter.org\/pl\/wp-json\/wp\/v2\/types\/page"}],"author":[{"embeddable":true,"href":"https:\/\/neocatechumenaleiter.org\/pl\/wp-json\/wp\/v2\/users\/2"}],"replies":[{"embeddable":true,"href":"https:\/\/neocatechumenaleiter.org\/pl\/wp-json\/wp\/v2\/comments?post=21820"}],"version-history":[{"count":3,"href":"https:\/\/neocatechumenaleiter.org\/pl\/wp-json\/wp\/v2\/pages\/21820\/revisions"}],"predecessor-version":[{"id":21823,"href":"https:\/\/neocatechumenaleiter.org\/pl\/wp-json\/wp\/v2\/pages\/21820\/revisions\/21823"}],"up":[{"embeddable":true,"href":"https:\/\/neocatechumenaleiter.org\/pl\/wp-json\/wp\/v2\/pages\/16496"}],"wp:attachment":[{"href":"https:\/\/neocatechumenaleiter.org\/pl\/wp-json\/wp\/v2\/media?parent=21820"}],"curies":[{"name":"wp","href":"https:\/\/api.w.org\/{rel}","templated":true}]}}