{"id":21824,"date":"2020-03-03T04:49:20","date_gmt":"2020-03-03T03:49:20","guid":{"rendered":"https:\/\/neocatechumenaleiter.org\/slowa-papiezy\/sw-jan-pawel-ii\/audiencja-w-kaplicy-sykstynskiej-dla-mlodych-przyszlych-kaplanow-31-3-1985\/"},"modified":"2021-04-16T08:23:11","modified_gmt":"2021-04-16T07:23:11","slug":"audiencja-w-kaplicy-sykstynskiej-dla-mlodych-przyszlych-kaplanow-31-3-1985","status":"publish","type":"page","link":"https:\/\/neocatechumenaleiter.org\/pl\/slowa-papiezy\/sw-jan-pawel-ii\/audiencja-w-kaplicy-sykstynskiej-dla-mlodych-przyszlych-kaplanow-31-3-1985\/","title":{"rendered":"Audiencja w Kaplicy Syksty\u0144skiej dla m\u0142odych przysz\u0142ych kap\u0142an\u00f3w 31-3-1985"},"content":{"rendered":"\n<h1 class=\"has-text-align-center wp-block-heading\">Audiencja w Kaplicy Syksty\u0144skiej dla m\u0142odych przysz\u0142ych kap\u0142an\u00f3w 31-3-1985<\/h1>\n\n<div style=\"height:20px\" aria-hidden=\"true\" class=\"wp-block-spacer\"><\/div>\n\n<h4 class=\"has-text-align-center wp-block-heading\">\u015aw. Jan Pawe\u0142 II<\/h4>\n\n<div style=\"height:20px\" aria-hidden=\"true\" class=\"wp-block-spacer\"><\/div>\n\n<p><strong>Watykan, Kaplica Syksty\u0144ska, 31 marca 1985 r.<\/strong><\/p>\n\n<p><em>1207 m\u0142odzie\u0144c\u00f3w zaanga\u017cowanych w drog\u0119 neokatechumenaln\u0105, drog\u0119, kt\u00f3ra prowadzi ich do prezbiteratu, o\u017cywi\u0142o wczoraj, w niedzielne popo\u0142udnie, d\u0142ugie spotkanie z Ojcem \u015bwi\u0119tym w Kaplicy Syksty\u0144skiej, wype\u0142nionej po brzegi, jak rzadko kiedy. Kiko Arg\u00fcello, inicjator drogi neokatechumenalnej, przedstawiaj\u0105c zgromadzenie Ojcu \u015bwi\u0119temu powiedzia\u0142, \u017ce zebrani tu m\u0142odzie\u0144cy przybyli do Rzymu na wielki mi\u0119dzynarodowy zlot m\u0142odzie\u017cy oraz by uczestniczy\u0107 w konwiwencji przeznaczonej specjalnie dla tej m\u0142odzie\u017cy m\u0119skiej, kt\u00f3ra dzi\u0119ki drodze neokatechumenalnej odkry\u0142a swoje powo\u0142anie do kap\u0142a\u0144stwa. Przybyli z oko\u0142o 60 kraj\u00f3w \u015bwiata, jednak zdecydowana wi\u0119kszo\u015b\u0107 z nich to Latynoamerykanie, ciesz\u0105c si\u0119, \u017ce mog\u0105 pokaza\u0107 Janowi Paw\u0142owi II, jak zosta\u0142 przyj\u0119ty apel skierowany do nich w Peru w czasie ostatniej jego podr\u00f3\u017cy na \u201ekontynent nadziei\u201d: \u201eId\u017acie i powr\u00f3\u0107cie do waszych kraj\u00f3w, by je ewangelizowa\u0107\u201d.<\/em><\/p>\n\n<div class=\"wp-block-image\"><figure class=\"alignleft size-medium\"><img loading=\"lazy\" decoding=\"async\" width=\"300\" height=\"248\" src=\"https:\/\/neocatechumenaleiter.org\/wp-content\/uploads\/2020\/03\/Camino_Neocatecumenal_Juan_Pablo_II_audiencia_capilla_sixtina_seminaristas_1985-300x248.jpg\" alt=\"\" class=\"wp-image-1874\" srcset=\"https:\/\/neocatechumenaleiter.org\/wp-content\/uploads\/2020\/03\/Camino_Neocatecumenal_Juan_Pablo_II_audiencia_capilla_sixtina_seminaristas_1985-300x248.jpg 300w, https:\/\/neocatechumenaleiter.org\/wp-content\/uploads\/2020\/03\/Camino_Neocatecumenal_Juan_Pablo_II_audiencia_capilla_sixtina_seminaristas_1985.jpg 678w\" sizes=\"auto, (max-width: 300px) 100vw, 300px\" \/><\/figure><\/div>\n\n<p><em>Rzymskie spotkanie m\u0119skiej m\u0142odzie\u017cy neokatechumenalnej by\u0142o przez ni\u0105 sam\u0105 nazwane \u201ezanurzeniem si\u0119 we chrzcie\u201d, a obraca\u0142o si\u0119 ono wok\u00f3\u0142 pog\u0142\u0119bienia trzech zasadniczych aspekt\u00f3w drogi przysz\u0142ych prezbiter\u00f3w: liturgii, a wi\u0119c aspektu sakramentalnego; S\u0142owa, oblubienicy prezbitera, ze szczeg\u00f3ln\u0105 refleksj\u0105 nad 9 rozdzia\u0142em Ewangelii \u015bw. \u0141ukasza, Ko\u015bcio\u0142a \u2013 przy czym wielki nacisk po\u0142o\u017cono na odkrycie Ko\u015bcio\u0142a lokalnego.<\/em>&#013;\n&#013;\n<em>Sam Kiko poinformowa\u0142 papie\u017ca o sk\u0142adzie grupy i o pochodzeniu poszczeg\u00f3lnych jej uczestnik\u00f3w. Wyszed\u0142 z tego kompletny i wyczerpuj\u0105cy obraz zaanga\u017cowania, jakie wsp\u00f3lnoty neokatechumenalne na ca\u0142ym \u015bwiecie wk\u0142adaj\u0105 w budzenie i rozwijanie powo\u0142a\u0144 do specjalnego po\u015bwi\u0119cenia si\u0119 Bogu. Dzi\u015b jest ju\u017c wielu m\u0142odych, kt\u00f3rzy wst\u0105pili do seminari\u00f3w dzi\u0119ki drodze<\/em> neokatechumenalnej;<em> zilustrowa\u0142o to, m\u00f3wi\u0105c o swoim do\u015bwiadczeniu, dw\u00f3ch spo\u015br\u00f3d tylu: jeden z San Domingo, a drugi z Monachium. Biskup brazylijski z Jundiai, Roberto Pinarello de Almeida, stwierdzi\u0142 natomiast, \u017ce seminarium jego diecezji zaadaptowa\u0142o metodologi\u0119 drogi neokatechumenalnej do formowania seminarzyst\u00f3w: \u201etr\u00f3jn\u00f3g\u201d S\u0142owa, liturgii i jedno\u015bci bratniej okazuje si\u0119 niezwykle skutecznym pokarmem dla seminarzysty, kt\u00f3ry oddaje si\u0119 w ten spos\u00f3b na pos\u0142ugiwanie Ko\u015bcio\u0142a i dla Ko\u015bcio\u0142a.<\/em><\/p>\n\n<p>\u00abChc\u0119 wam stre\u015bci\u0107 refleksje, kt\u00f3re nasun\u0119\u0142y mi si\u0119 w czasie tego spotkania: tekstu wcze\u015bniej przygotowanego nie b\u0119d\u0119 czyta\u0107, bo by\u0107 mo\u017ce te spontaniczne, bezpo\u015brednie wra\u017cenia dotycz\u0105 bardziej tematu. Zaj\u0119li\u015bmy si\u0119 troch\u0119 geografi\u0105 i statystyk\u0105. Objechali\u015bmy \u015bwiat woko\u0142o: zaczynaj\u0105c od Meksyku, ca\u0142\u0105 Ameryk\u0119 \u015arodkow\u0105, Antyle, Ameryk\u0119 \u0141aci\u0144sk\u0105. My\u015bla\u0142em ju\u017c, \u017ce zatrzymamy si\u0119 w tym rejonie \u015bwiata, ale wyszli\u015bmy z Ameryki \u0141aci\u0144skiej i przeszli\u015bmy do Oceanii, Australii, Japonii, do Chin i Taiwanu. I nie wiem, dlaczego nie doszli\u015bmy do owego wielkiego kraju, kt\u00f3ry le\u017cy mi\u0119dzy Chinami a Polsk\u0105. Potem przeszli\u015bmy do rozmaitych kraj\u00f3w europejskich i dowiedzia\u0142em si\u0119, \u017ce tak\u017ce i W\u0142ochy s\u0105 do\u015b\u0107 licznie reprezentowane, nie tylko Hiszpania. Polska troch\u0119 mniej, ale, dzi\u0119ki Bogu, s\u0105 tu tak\u017ce seminarzy\u015bci z tego kraju.<\/p>\n\n<p>Wtedy, gdy zajmowali\u015bmy si\u0119 t\u0105 geografi\u0105 i statystyk\u0105, pomy\u015bla\u0142em sobie, \u017ce powinni\u015bmy si\u0119 odnie\u015b\u0107, r\u00f3wnie\u017c za pomoc\u0105 statystyki, do rzeczy duchowych, do Ducha \u015awi\u0119tego; istnieje taka statystyka, kt\u00f3r\u0105 poznaje si\u0119 tylko poprzez Jego Osob\u0119 i Jego tajemnicze dzia\u0142anie w duszy. My wszyscy jeste\u015bmy narz\u0119dziami, r\u00f3wnie\u017c narz\u0119dziami sakramentalnymi, \u015bwi\u0119tymi, Jego dzia\u0142ania, ale wa\u017cne jest przede wszystkim Jego dzia\u0142anie. Narz\u0119dzie jest zawsze drugorz\u0119dne, cho\u0107 konieczne. Jest konieczne, bo Ko\u015bci\u00f3\u0142 nie jest Ko\u015bcio\u0142em niebieskim, jest Ko\u015bcio\u0142em ziemskim, jest Ko\u015bcio\u0142em ludzi i ludzie s\u0105 wezwani, by stanowi\u0107 Ko\u015bci\u00f3\u0142. Potrzeba wezwania; tak robi\u0142 Chrystus: wzywa\u0142. Sam zacz\u0105\u0142 przepowiada\u0107, ewangelizowa\u0107, ale od razu zacz\u0105\u0142 te\u017c wzywa\u0107, ju\u017c od pierwszych dni. Ten proces powo\u0142ania, wzywania, musi si\u0119 powtarza\u0107. Wi\u0119cej jeszcze: ten proces powo\u0142ania stanowi pewien dow\u00f3d autentyczno\u015bci i dojrza\u0142o\u015bci Ko\u015bcio\u0142a, Ko\u015bcio\u0142a w znaczeniu powszechnym, jak i w znaczeniu partykularnym, Ko\u015bcio\u0142a lokalnego. Pami\u0119tam czasy mojej m\u0142odo\u015bci, a p\u00f3\u017aniej okres, gdy by\u0142em biskupem Krakowa, kiedy to ka\u017cda parafia ocenia\u0142a siebie wed\u0142ug liczby powo\u0142a\u0144, jakie mia\u0142a \u2013 powo\u0142a\u0144 kap\u0142a\u0144skich i zakonnych; by\u0142o to znakiem \u017cywotno\u015bci, znakiem dojrza\u0142o\u015bci Ko\u015bcio\u0142a.<\/p>\n\n<div class=\"wp-block-image\"><figure class=\"alignright size-medium\"><img loading=\"lazy\" decoding=\"async\" width=\"300\" height=\"239\" src=\"https:\/\/neocatechumenaleiter.org\/wp-content\/uploads\/2020\/03\/Camino_Neocatecumenal_Juan_Pablo_II_audiencia_capilla_sixtina_seminaristas_19852-300x239.jpg\" alt=\"\" class=\"wp-image-1881\" srcset=\"https:\/\/neocatechumenaleiter.org\/wp-content\/uploads\/2020\/03\/Camino_Neocatecumenal_Juan_Pablo_II_audiencia_capilla_sixtina_seminaristas_19852-300x239.jpg 300w, https:\/\/neocatechumenaleiter.org\/wp-content\/uploads\/2020\/03\/Camino_Neocatecumenal_Juan_Pablo_II_audiencia_capilla_sixtina_seminaristas_19852.jpg 712w\" sizes=\"auto, (max-width: 300px) 100vw, 300px\" \/><\/figure><\/div>\n\n<p>Coraz lepiej poznaj\u0119 wasz\u0105 drog\u0119 neokatechumenaln\u0105, a to poznawanie odbywa si\u0119 w rozmaitych okoliczno\u015bciach, zawsze kr\u00f3tko, ale z tych fragment\u00f3w zaczyna si\u0119 sk\u0142ada\u0107 jaka\u015b ca\u0142o\u015b\u0107. Chcia\u0142bym wi\u0119c powiedzie\u0107 to, co wydaje mi si\u0119 istotne. Wy stawiacie w centrum waszej duchowo\u015bci sakrament chrztu. Co oznacza chrzest? Oznacza wiele rzeczy, ale w\u015br\u00f3d tych, kt\u00f3re sk\u0142adaj\u0105 si\u0119 na wielk\u0105 teologi\u0119 chrztu \u015bwi\u0119tego, jest jedna specjalna: we chrzcie nast\u0119puje pierwsze po\u015bwi\u0119cenie, pierwsza konsekracja osoby ludzkiej Bogu, w Jezusie Chrystusie. Jest naturalnie bardzo, bardzo wielu ochrzczonych na \u015bwiecie, kt\u00f3rzy w ma\u0142ej mierze, lub wcale, nie zdaj\u0105 sobie sprawy, \u017ce jest to pierwsza konsekracja. Je\u015bli zatem kto\u015b dokonuje g\u0142\u0119bokiego skrutynium, skrutynium egzystencjalnego, skrutynium naprawd\u0119 religijnego swojego chrztu, powinien przynajmniej raz stan\u0105\u0107 w obliczu tej rzeczywisto\u015bci: ja jestem osob\u0105 po\u015bwi\u0119con\u0105 Bogu. W tej pierwszej, zasadniczej i fundamentalnej konsekracji jest rzecz\u0105 \u0142atwiejsz\u0105 odkry\u0107 r\u00f3wnie\u017c powo\u0142anie kap\u0142a\u0144skie albo zakonne. Nie wynika z tego wcale mniejsze powa\u017canie, szacunek dla chrze\u015bcijanina w og\u00f3lno\u015bci, dla powo\u0142ania chrze\u015bcija\u0144skiego jako takiego, dla powo\u0142ania wszystkich ludzi \u015bwieckich. Przecie\u017c i waszym przewodnikiem jest cz\u0142owiek \u015bwiecki. \u015awi\u0119ty Franciszek z Asy\u017cu nie chcia\u0142 sta\u0107 si\u0119 kap\u0142anem i zgodzi\u0142 si\u0119 jedynie na \u015bwi\u0119cenia diakonatu. Ka\u017cde powo\u0142anie chrze\u015bcija\u0144skie jest, rzecz jasna, naznaczone i nacechowane t\u0105 konsekracj\u0105 osoby, m\u0119\u017cczyzny czy kobiety, Bogu. Je\u015bli si\u0119 to rozumie, mo\u017cna \u0142atwiej zrozumie\u0107 to powo\u0142anie, w kt\u00f3rym cz\u0142owiek pod wp\u0142ywem \u0142aski Bo\u017cej podejmuje inicjatyw\u0119 po\u015bwi\u0119cenia si\u0119 na s\u0142u\u017cb\u0119 Bogu, Chrystusowi i Ko\u015bcio\u0142owi; oddaje si\u0119 pos\u0142udze ca\u0142kowitej, totalnej w konsekracji kap\u0142a\u0144skiej albo konsekracji zakonnej: dwie konsekracje nieco odmienne, ale w gruncie rzeczy bardzo zbie\u017cne. I to jest owoc medytacji, owoc pog\u0142\u0119bienia tajemnicy chrztu, dlatego nie dziwi\u0119 si\u0119, \u017ce na waszej drodze s\u0105 powo\u0142ania: jest w tym potwierdzenie, \u017ce wasza droga jest autentyczna i odpowiada swojej naturze i swojej nazwie. To jest najwa\u017cniejsza rzecz, kt\u00f3r\u0105 chcia\u0142em wam powiedzie\u0107.&#013;\nI jeszcze trzecia rzecz, zwi\u0105zana raczej z okoliczno\u015bci\u0105 miejsca. Znajdujemy si\u0119 w Kaplicy Syksty\u0144skiej, znanej przede wszystkim ze swoich cudownych fresk\u00f3w, jak S\u0105d Ostateczny Micha\u0142a Anio\u0142a. Znana jest ona tak\u017ce z jednego faktu: tu, w tej kaplicy odbywaj\u0105 si\u0119 konklawe i tu wybiera si\u0119 papie\u017cy, biskup\u00f3w Rzymu. Ostatnim razem kardyna\u0142owie \u2013 zgromadzeni tu w liczbie wi\u0119kszej ni\u017c na innych konklawe \u2013 wybrali papie\u017ca nieznanego, wybrali papie\u017ca, kt\u00f3ry odkry\u0142 swoje powo\u0142anie w\u0119drowania.<\/p>\n\n<div class=\"wp-block-image\"><figure class=\"alignleft size-medium\"><img loading=\"lazy\" decoding=\"async\" width=\"300\" height=\"245\" src=\"https:\/\/neocatechumenaleiter.org\/wp-content\/uploads\/2020\/03\/Camino_Neocatecumenal_Juan_Pablo_II_audiencia_capilla_sixtina_seminaristas_19853-300x245.jpg\" alt=\"\" class=\"wp-image-1888\" srcset=\"https:\/\/neocatechumenaleiter.org\/wp-content\/uploads\/2020\/03\/Camino_Neocatecumenal_Juan_Pablo_II_audiencia_capilla_sixtina_seminaristas_19853-300x245.jpg 300w, https:\/\/neocatechumenaleiter.org\/wp-content\/uploads\/2020\/03\/Camino_Neocatecumenal_Juan_Pablo_II_audiencia_capilla_sixtina_seminaristas_19853.jpg 695w\" sizes=\"auto, (max-width: 300px) 100vw, 300px\" \/><\/figure><\/div>\n\n<p>I tak jeste\u015bmy w\u0119drownymi. W tym znajduje si\u0119 inny aspekt waszej drogi. Ko\u015bci\u00f3\u0142 apostolski by\u0142 oczywi\u015bcie w\u0119drownym, a najbardziej w\u0119drownym ze wszystkich aposto\u0142\u00f3w by\u0142 z ca\u0142\u0105 pewno\u015bci\u0105 \u015bw. Pawe\u0142. Ale tak\u017ce i dzi\u015b Ko\u015bci\u00f3\u0142 jest w\u0119druj\u0105cy, wszyscy jeste\u015bmy w\u0119drownymi, r\u00f3wnie\u017c ci, kt\u00f3rzy nigdy w swoim \u017cyciu nie zmieniaj\u0105 \u017cadnego miejsca ani \u017cadnego mieszkania, s\u0105 w\u0119drownymi, albowiem wszyscy jeste\u015bmy pielgrzymami, a pielgrzymi to co\u015b wi\u0119cej ni\u017c w\u0119drowni. Wszyscy jeste\u015bmy pielgrzymami w Duchu \u015awi\u0119tym, pielgrzymami do domu Ojca. A Chrystus prowadzi nas tam przez Ducha \u015awi\u0119tego.&#013;\nChc\u0119 doda\u0107 jeszcze takie spostrze\u017cenie: to w tej kaplicy zanoszonych jest wiele modlitw; wok\u00f3\u0142 tej kaplicy, w ca\u0142ym \u015bwiecie, zanoszonych jest wiele modlitw, gdy nadchodzi moment \u015bmierci jakiego\u015b papie\u017ca i wyboru jego nast\u0119pcy. <\/p>\n\n<p>Pragn\u0119 zako\u0144czy\u0107 to spotkanie, modl\u0105c si\u0119 razem z wami do Ducha \u015awi\u0119tego o powo\u0142ania, kt\u00f3re s\u0105 tak potrzebne Ko\u015bcio\u0142owi. My tak\u017ce sporz\u0105dzamy statystyki dotycz\u0105ce Ko\u015bcio\u0142a powszechnego i musimy je robi\u0107. Nie dalej jak wczoraj, wraz z bp Substytutem, rozmawiali\u015bmy z przedstawicielami Biura Statystycznego Ko\u015bcio\u0142a: Ko\u015bci\u00f3\u0142 musi dzi\u015b zdoby\u0107 si\u0119 na wielki wysi\u0142ek w modlitwie, w kontaktach z Duchem \u015awi\u0119tym, by utrzymywa\u0107 si\u0119 \u017cywym, by utrzyma\u0107 liczb\u0119 powo\u0142a\u0144, poniewa\u017c ta liczba w wielu krajach \u015bwiata, w wielu Ko\u015bcio\u0142ach, jest zagro\u017cona, a w innych Ko\u015bcio\u0142ach od dawna jest niewystarczaj\u0105ca.<\/p>\n\n<p>Zako\u0144czmy odmawiaj\u0105c jedn\u0105 tajemnic\u0119 r\u00f3\u017ca\u0144ca, tajemnic\u0119 Ducha \u015awi\u0119tego, trzeci\u0105 tajemnic\u0119 chwalebn\u0105, poniewa\u017c tu, w tej kaplicy, nale\u017cy odm\u00f3wi\u0107 tajemnic\u0119, kt\u00f3ra odnosi si\u0119 do Ducha \u015awi\u0119tego. Za powo\u0142ania\u00bb.<\/p>\n","protected":false},"excerpt":{"rendered":"<p>Audiencja w Kaplicy Syksty\u0144skiej dla m\u0142odych przysz\u0142ych kap\u0142an\u00f3w 31-3-1985 \u015aw. Jan Pawe\u0142 II Watykan, Kaplica Syksty\u0144ska, 31 marca 1985 r. 1207 m\u0142odzie\u0144c\u00f3w zaanga\u017cowanych w drog\u0119 neokatechumenaln\u0105, drog\u0119, kt\u00f3ra prowadzi ich do prezbiteratu, o\u017cywi\u0142o wczoraj, w niedzielne popo\u0142udnie, d\u0142ugie spotkanie z Ojcem \u015bwi\u0119tym w Kaplicy Syksty\u0144skiej, wype\u0142nionej po brzegi, jak rzadko kiedy. Kiko Arg\u00fcello, inicjator drogi neokatechumenalnej, przedstawiaj\u0105c zgromadzenie Ojcu \u015bwi\u0119temu powiedzia\u0142, \u017ce zebrani tu m\u0142odzie\u0144cy przybyli do Rzymu na wielki<\/p>\n<div class=\"read-more\"><a class=\"btn read-more-btn\" href=\"https:\/\/neocatechumenaleiter.org\/pl\/slowa-papiezy\/sw-jan-pawel-ii\/audiencja-w-kaplicy-sykstynskiej-dla-mlodych-przyszlych-kaplanow-31-3-1985\/\">Czytaj dalej<\/a><\/div>\n","protected":false},"author":2,"featured_media":0,"parent":16496,"menu_order":32,"comment_status":"closed","ping_status":"closed","template":"","meta":{"footnotes":""},"class_list":["post-21824","page","type-page","status-publish","hentry"],"_links":{"self":[{"href":"https:\/\/neocatechumenaleiter.org\/pl\/wp-json\/wp\/v2\/pages\/21824","targetHints":{"allow":["GET"]}}],"collection":[{"href":"https:\/\/neocatechumenaleiter.org\/pl\/wp-json\/wp\/v2\/pages"}],"about":[{"href":"https:\/\/neocatechumenaleiter.org\/pl\/wp-json\/wp\/v2\/types\/page"}],"author":[{"embeddable":true,"href":"https:\/\/neocatechumenaleiter.org\/pl\/wp-json\/wp\/v2\/users\/2"}],"replies":[{"embeddable":true,"href":"https:\/\/neocatechumenaleiter.org\/pl\/wp-json\/wp\/v2\/comments?post=21824"}],"version-history":[{"count":3,"href":"https:\/\/neocatechumenaleiter.org\/pl\/wp-json\/wp\/v2\/pages\/21824\/revisions"}],"predecessor-version":[{"id":21827,"href":"https:\/\/neocatechumenaleiter.org\/pl\/wp-json\/wp\/v2\/pages\/21824\/revisions\/21827"}],"up":[{"embeddable":true,"href":"https:\/\/neocatechumenaleiter.org\/pl\/wp-json\/wp\/v2\/pages\/16496"}],"wp:attachment":[{"href":"https:\/\/neocatechumenaleiter.org\/pl\/wp-json\/wp\/v2\/media?parent=21824"}],"curies":[{"name":"wp","href":"https:\/\/api.w.org\/{rel}","templated":true}]}}