{"id":21828,"date":"2020-03-03T04:53:47","date_gmt":"2020-03-03T03:53:47","guid":{"rendered":"https:\/\/neocatechumenaleiter.org\/slowa-papiezy\/sw-jan-pawel-ii\/prywatna-audiencja-dla-prezbiterow-9-12-1985\/"},"modified":"2021-04-16T11:05:09","modified_gmt":"2021-04-16T10:05:09","slug":"prywatna-audiencja-dla-prezbiterow-9-12-1985","status":"publish","type":"page","link":"https:\/\/neocatechumenaleiter.org\/pl\/slowa-papiezy\/sw-jan-pawel-ii\/prywatna-audiencja-dla-prezbiterow-9-12-1985\/","title":{"rendered":"Prywatna audiencja dla prezbiter\u00f3w 9-12-1985"},"content":{"rendered":"\n<h1 class=\"has-text-align-center wp-block-heading\">Prywatna audiencja dla prezbiter\u00f3w 9-12-1985<\/h1>\n\n<div style=\"height:20px\" aria-hidden=\"true\" class=\"wp-block-spacer\"><\/div>\n\n<h4 class=\"has-text-align-center wp-block-heading\">\u015aw. Jan Pawe\u0142 II<\/h4>\n\n<div style=\"height:20px\" aria-hidden=\"true\" class=\"wp-block-spacer\"><\/div>\n\n<div class=\"wp-block-image\"><figure class=\"alignright size-large\"><img loading=\"lazy\" decoding=\"async\" width=\"768\" height=\"596\" src=\"https:\/\/neocatechumenaleiter.org\/wp-content\/uploads\/2020\/03\/Camino_Neocatecumenal_Juan_Pablo_II_audiencia_privada_sacerdotes_1985.jpg\" alt=\"\" class=\"wp-image-5428\" srcset=\"https:\/\/neocatechumenaleiter.org\/wp-content\/uploads\/2020\/03\/Camino_Neocatecumenal_Juan_Pablo_II_audiencia_privada_sacerdotes_1985.jpg 768w, https:\/\/neocatechumenaleiter.org\/wp-content\/uploads\/2020\/03\/Camino_Neocatecumenal_Juan_Pablo_II_audiencia_privada_sacerdotes_1985-300x233.jpg 300w\" sizes=\"auto, (max-width: 768px) 100vw, 768px\" \/><\/figure><\/div>\n\n<p><strong>Watykan, Aula Paw\u0142a VI, 9 grudnia 1985 r.<\/strong><\/p>\n\n<p><em>Do dw\u00f3ch tysi\u0119cy ksi\u0119\u017cy ze wsp\u00f3lnot neokatechumenalnych, przyj\u0119tych na audiencji w poniedzia\u0142ek 9 grudnia w Auli Paw\u0142a VI, Ojciec \u015bwi\u0119ty zwr\u00f3ci\u0142 si\u0119 z nast\u0119puj\u0105cymi s\u0142owami:<\/em><\/p>\n\n<p>\u00abNajdro\u017csi!:&#013;\n&#013;\n1. Z \u017cywym zainteresowaniem wys\u0142ucha\u0142em s\u0142\u00f3w, kt\u00f3re w imieniu was wszystkich skierowa\u0142 do mnie Kiko Arg\u00fcello. Pragn\u0105\u0142 on opisa\u0107, w jaki spos\u00f3b wszystkie wsp\u00f3lnoty \u201eDrogi neokatechumenalnej\u201d, rozproszone w r\u00f3\u017cnych narodach, zobowi\u0105za\u0142y si\u0119 do wytrwa\u0142ej modlitwy i medytacji w intencji nadzwyczajnego Synodu Biskup\u00f3w, zgromadzonego 20 lat od zako\u0144czenia Soboru Watyka\u0144skiego II.&#013;\n&#013;\nWasze duchowe uczestnictwo w przygotowaniu i wasza obecno\u015b\u0107 na ceremonii zamykaj\u0105cej Synod mia\u0142y w znacz\u0105cy i uroczysty spos\u00f3b wyrazi\u0107 wasz\u0105 wierno\u015b\u0107 Chrystusowi Zbawicielowi i Ko\u015bcio\u0142owi pielgrzymuj\u0105cemu, kt\u00f3ry przekazuje ludziom \u0142ask\u0119, zw\u0142aszcza w sakramentalnych znakach, kt\u00f3re uobecniaj\u0105 i aktualizuj\u0105 skuteczno\u015b\u0107 Odkupienia.&#013;\n&#013;\nPodczas tej audiencji mi\u0142o mi wspomnie\u0107 wiele spotka\u0144, jakie mia\u0142em z r\u00f3\u017cnymi waszymi wsp\u00f3lnotami, zw\u0142aszcza podczas wizytacji duszpasterskich mojej rzymskiej diecezji. Na tych spotkaniach dodawa\u0142em odwagi waszemu duchowemu do\u015bwiadczeniu, opartemu na podstawowej warto\u015bci sakramentu chrztu, kt\u00f3re zachowuje \u015bwiadomo\u015b\u0107, \u017ce urzeczywistnia\u0107 wymiar chrzcielny oznacza zasadniczo prze\u017cywa\u0107 autentyczn\u0105 to\u017csamo\u015b\u0107 bycia chrze\u015bcijanami; oznacza \u015bci\u015ble zjednoczy\u0107 si\u0119 z Chrystusem Eucharystycznym; oznacza kocha\u0107 konkretnie i skutecznie wszystkich ludzi jako braci w Chrystusie; oznacza u\u0142o\u017cy\u0107 i ukierunkowa\u0107 w\u0142asne decyzje moralne zgodnie z przyrzeczeniami chrzcielnymi. Ta droga, droga wiary, droga ponownie odkrytego chrztu \u2013 powiedzia\u0142em do waszych przyjaci\u00f3\u0142 z parafii \u015bwi\u0119tych M\u0119czennik\u00f3w Kanadyjskich w Rzymie \u2013 powinna by\u0107 drog\u0105 nowego cz\u0142owieka; widzi on, jaka jest prawdziwa proporcja lub raczej dysproporcja mi\u0119dzy jego stworzon\u0105 istot\u0105, mi\u0119dzy jego stworzono\u015bci\u0105 a Bogiem Stworzycielem, Jego niesko\u0144czonym majestatem, Bogiem Zbawicielem, Bogiem \u015awi\u0119tym i U\u015bwi\u0119caj\u0105cym, i usi\u0142uje on realizowa\u0107 si\u0119 w tej perspektywie&#8221; (<em>Insegnamenti<\/em> III 2[1980], s. 1044).<\/p>\n\n<p>2. Wi\u0119kszo\u015b\u0107 z was to liczna grupa proboszcz\u00f3w i kap\u0142an\u00f3w, kt\u00f3rzy pracuj\u0105 w ramach \u201eDrogi neokatechumenalnej\u2019\u2019. Sob\u00f3r Watyka\u0144ski II po\u015bwi\u0119ci\u0142 swoj\u0105 uwag\u0119 i trosk\u0119 pos\u0142udze i \u017cyciu kap\u0142a\u0144skiemu w dekrecie Presbyterorum Ordinis, kt\u00f3ry zosta\u0142 uroczy\u015bcie zatwierdzony 7 grudnia 1965 r. W tym wa\u017cnym dokumencie \u2013 do kt\u00f3rego ponownego przemy\u015blenia was zach\u0119cam \u2013 sob\u00f3r, opieraj\u0105c si\u0119 na S\u0142owie Bo\u017cym, nauczaniu Ojc\u00f3w, magisterium i na \u017cywej Tradycji Ludu Bo\u017cego, podkre\u015bla\u0142, \u017ce prezbiterzy, na mocy \u015bwi\u0119ce\u0144 i pos\u0142annictwa, kt\u00f3re otrzymuj\u0105 od biskup\u00f3w, \u201ezostaj\u0105 wyniesieni do s\u0142u\u017cenia Chrystusowi Nauczycielowi, Kap\u0142anowi i Kr\u00f3lowi, uczestnicz\u0105c w Jego pos\u0142udze, dzi\u0119ki kt\u00f3rej Ko\u015bci\u00f3\u0142, tutaj na ziemi, nieustannie ro\u015bnie jako Lud Bo\u017cy, Cia\u0142o Chrystusa i \u015awi\u0105tynia Ducha \u015awi\u0119tego\u2019\u2019 (<em>Presbyterorum Ordinis<\/em>, 1).&#013;\n&#013;\nWy, obecni tu proboszczowie i kap\u0142ani, z pewno\u015bci\u0105 pragniecie us\u0142ysze\u0107 tak\u017ce s\u0142owo papie\u017ca, aby jeszcze lepiej zrozumie\u0107 to, czego Ko\u015bci\u00f3\u0142 dzi\u015b od was oczekuje. Czyni\u0119 to ch\u0119tnie, poniewa\u017c jestem przekonany, \u017ce moja zach\u0119ta b\u0119dzie mia\u0142a pozytywny i dobroczynny wp\u0142yw r\u00f3wnie\u017c na wasze wsp\u00f3lnoty i na pojedyncze osoby, odno\u015bnie do ich obecno\u015bci w rzeczywisto\u015bci eklezjalnej.<\/p>\n\n<p>3. Cele, jakie sobie stawiaj\u0105 wasze wsp\u00f3lnoty neokatechumenalne, z pewno\u015bci\u0105 odpowiadaj\u0105 na jedno z najbardziej dr\u0119cz\u0105cych pyta\u0144 dzisiejszych duszpasterzy, zw\u0142aszcza w wielkich skupiskach miejskich. Zamierzacie dotrze\u0107 do masy doros\u0142ych ochrzczonych, lecz s\u0142abo dojrza\u0142ych w wierze, a\u017ceby prowadzi\u0107 ich duchow\u0105 drog\u0105 do odkrycia chrzcielnych korzeni ich chrze\u015bcija\u0144skiego istnienia i aby ich uczyni\u0107 coraz bardziej \u015bwiadomymi swoich obowi\u0105zk\u00f3w. Pos\u0142uga kap\u0142an\u00f3w jest podstawowa na tej drodze. St\u0105d konieczno\u015b\u0107, aby zosta\u0142o jasno okre\u015blone miejsce, kt\u00f3re wam przypada jako przewodnikom wsp\u00f3lnot, a\u017ceby wasze dzia\u0142anie by\u0142o zgodne z rzeczywistymi wymogami duszpasterstwa.&#013;\n&#013;\nPierwszy wym\u00f3g, kt\u00f3ry si\u0119 wam stawia, polega na tym, aby we wsp\u00f3lnocie potrafi\u0107 utrzyma\u0107 wiar\u0119 w wasz\u0105 kap\u0142a\u0144sk\u0105 to\u017csamo\u015b\u0107. Na mocy \u015bwi\u0119ce\u0144 kap\u0142a\u0144skich zostali\u015bcie naznaczeni szczeg\u00f3lnym charakterem, kt\u00f3ry upodabnia was do Chrystusa Kap\u0142ana, w taki spos\u00f3b, \u017ce mo\u017cecie dzia\u0142a\u0107 w Jego imieniu (zob. <em>Presbyterorum Ordinis<\/em>, 2). Pe\u0142ni\u0105cy \u015bwi\u0119t\u0105 pos\u0142ug\u0119 powinien zatem by\u0107 przyj\u0119ty nie tylko jako brat, kt\u00f3ry dzieli drog\u0119 tej samej wsp\u00f3lnoty, lecz nade wszystko jako ten, kt\u00f3ry dzia\u0142aj\u0105c \u201ein persona Christi\u2019\u2019, nosi w sobie niezast\u0105pion\u0105 odpowiedzialno\u015b\u0107 Nauczyciela, U\u015bwi\u0119ciciela i Przewodnika dusz, odpowiedzialno\u015b\u0107, z kt\u00f3rej w \u017caden spos\u00f3b nie mo\u017ce zrezygnowa\u0107. \u015awieccy powinni zrozumie\u0107 t\u0119 rzeczywisto\u015b\u0107 dzi\u0119ki odpowiedzialnemu zachowaniu, kt\u00f3re prezentujecie. Z\u0142udzeniem by\u0142oby wierzy\u0107, \u017ce s\u0142u\u017cycie Ewangelii, rozpoznaj\u0105c wasz charyzmat w fa\u0142szywym poczuciu pokory lub mylnym przejawie braterstwa. Powt\u00f3rz\u0119 to, co ju\u017c mia\u0142em okazj\u0119 powiedzie\u0107 do ko\u015bcielnych asystent\u00f3w Mi\u0119dzynarodowych Stowarzysze\u0144 Katolickich: \u201eNie pozwalajcie si\u0119 oszukiwa\u0107! Ko\u015bci\u00f3\u0142 chce, aby\u015bcie byli kap\u0142anami, i \u015bwieccy, kt\u00f3rych spotykacie, chc\u0105, aby\u015bcie byli kap\u0142anami i nikim innym jak kap\u0142anami. Pomieszanie charyzmat\u00f3w zubo\u017ca Ko\u015bci\u00f3\u0142, nie ubogaca go\u201d (Przem\u00f3wienie z 13 wrze\u015bnia 1979, n. 4: <em>Insegnamenti <\/em>II\/2 [1979], s. 1391).<\/p>\n\n<div class=\"wp-block-image\"><figure class=\"alignleft size-large\"><img loading=\"lazy\" decoding=\"async\" width=\"360\" height=\"244\" src=\"https:\/\/neocatechumenaleiter.org\/wp-content\/uploads\/2020\/03\/Camino_Neocatecumenal_Juan_Pablo_II_audiencia_privada_sacerdotes_19852.jpg\" alt=\"\" class=\"wp-image-5430\" srcset=\"https:\/\/neocatechumenaleiter.org\/wp-content\/uploads\/2020\/03\/Camino_Neocatecumenal_Juan_Pablo_II_audiencia_privada_sacerdotes_19852.jpg 360w, https:\/\/neocatechumenaleiter.org\/wp-content\/uploads\/2020\/03\/Camino_Neocatecumenal_Juan_Pablo_II_audiencia_privada_sacerdotes_19852-300x203.jpg 300w\" sizes=\"auto, (max-width: 360px) 100vw, 360px\" \/><\/figure><\/div>\n\n<p>4. Inne delikatne i konieczne zadanie, jakie spada na was, polega na pobudzaniu eklezjalnej jedno\u015bci nie tylko wewn\u0105trz waszych grup, lecz tak\u017ce ze wszystkimi cz\u0142onkami wsp\u00f3lnoty parafialnej i diecezjalnej. Jakakolwiek pos\u0142uga zosta\u0142aby wam powierzona, zawsze jeste\u015bcie przedstawicielami i \u201eprovidi cooperatores\u201d biskupa, z kt\u00f3rym macie si\u0119 czu\u0107 szczeg\u00f3lnie z\u0142\u0105czeni. Istotnie, w Ko\u015bciele biskup ma prawo i obowi\u0105zek dawania wytycznych co do dzia\u0142alno\u015bci duszpasterskiej (por. Kan. 381 nn) i wszyscy maj\u0105 obowi\u0105zek dostosowania si\u0119 do nich. Czy\u0144cie wi\u0119c tak, aby wasze wsp\u00f3lnoty \u2014 bez tracenia czegokolwiek ze swej oryginalno\u015bci i bogactwa \u2014 wesz\u0142y w spos\u00f3b harmonijny i owocny do parafialnej i diecezjalnej rodziny. W ubieg\u0142ym roku, przy okazji plenarnego zgromadzenia Kongregacji do spraw Kleru, powiedzia\u0142em w tej sprawie co nast\u0119puje: \u201ePasterze maj\u0105 przyczyni\u0107 si\u0119 do tego, by parafie skorzysta\u0142y z pozytywnych warto\u015bci, jakie mog\u0105 mie\u0107 te Wsp\u00f3lnoty, a wi\u0119c maj\u0105 si\u0119 na nie otworzy\u0107. Lecz jasnym jest, \u017ce Wsp\u00f3lnoty te nie mog\u0105 ustawia\u0107 si\u0119 w tej samej p\u0142aszczy\u017anie, co same wsp\u00f3lnoty parafialne, jako ich mo\u017cliwe alternatywy. Przeciwnie, maj\u0105 za zadanie s\u0142u\u017cy\u0107 parafii i lokalnemu Ko\u015bcio\u0142owi. I w\u0142a\u015bnie na podstawie tej pos\u0142ugi czynionej na rzecz zespo\u0142u parafialnego i diecezjalnego oceniana b\u0119dzie warto\u015b\u0107 do\u015bwiadcze\u0144 tych Ruch\u00f3w i Stowarzysze\u0144\u201d (Przem\u00f3wienie z dnia 20 pa\u017adziernika 1984 r., n. 7, <em>L\u2019Osservatore Romano<\/em>, wyd. w j\u0119z. hiszp., s. 841).<\/p>\n\n<p>5. Pragn\u0119 wskaza\u0107 wam inn\u0105 jeszcze my\u015bl. Wykonuj\u0105c wasz\u0105 pos\u0142ug\u0119 kierowania wsp\u00f3lnotami neokatechumenalnymi czujecie si\u0119 powo\u0142ani do s\u0142u\u017cenia nie tylko jednej poszczeg\u00f3lnej grupie, lecz ca\u0142emu Ko\u015bcio\u0142owi. Sob\u00f3r Watyka\u0144ski II przypomina, \u017ce \u201edar duchowy. otrzymany przez prezbiter\u00f3w w \u015bwi\u0119ceniach, przygotowuje ich nie do jakiej\u015b ograniczonej i zacie\u015bnionej misji, lecz do najszerszej i powszechnej misji zbawienia (&#8230;), ka\u017cda bowiem pos\u0142uga kap\u0142a\u0144ska uczestniczy w owym uniwersalnym zasi\u0119gu misji powierzonej przez Chrystusa Aposto\u0142om\u201d (<em>Presbyterorum Ordinis<\/em>, 10). \u015awiadomo\u015b\u0107 tej misji i konieczno\u015b\u0107 dostosowania si\u0119 do niej powinny wam pom\u00f3c przy coraz wi\u0119kszym poszerzaniu waszych apostolskich inicjatyw, aby by\u0107 otwartym na problemy i potrzeby ca\u0142ego Ko\u015bcio\u0142a. A ponadto ta \u015bwiadomo\u015b\u0107, pozwalaj\u0105ca wam lepiej czu\u0107 i prze\u017cywa\u0107 swoje powi\u0105zanie z Ko\u015bcio\u0142em powszechnym, jego widzialn\u0105 G\u0142ow\u0105 oraz biskupami, u\u0142atwi wam wype\u0142nienie tego tak wa\u017cnego zadania, kt\u00f3re jest udzia\u0142em kap\u0142an\u00f3w w ramach Wsp\u00f3lnot, to znaczy czuwania nad w\u0142a\u015bciwo\u015bci\u0105 postaw, zar\u00f3wno je\u015bli chodzi o my\u015bli, jak i czyny. Ukochani kap\u0142ani, wzmacniajcie coraz bardziej w was samych to \u017cyciowe powi\u0105zanie z ca\u0142ym katolickim \u015bwiatem. To wam bardzo pomo\u017ce, szczeg\u00f3lnie gdy poczujecie si\u0119 zm\u0119czeni lub rozczarowani z tego powodu, i\u017c efekty nie odpowiadaj\u0105 waszym wysi\u0142kom z powodu g\u0142uchoty i oboj\u0119tno\u015bci serc. Wtedy b\u0119dziecie mogli si\u0119 pociesza\u0107 my\u015bl\u0105, \u017ce nie jeste\u015bcie sami i \u017ce wasza praca, je\u017celi zawodzi w jednej cz\u0119\u015bci Mistycznego Cia\u0142a Ko\u015bcio\u0142a, to jednak nie idzie na marne, poniewa\u017c B\u00f3g wykorzystuje j\u0105 dla dobra ca\u0142ego Ko\u015bcio\u0142a.<\/p>\n\n<p>6. Umi\u0142owani kap\u0142ani, ko\u0144cz\u0119 to przyjemne z wami spotkanie, odnawiaj\u0105c moje zaufanie do waszej ko\u015bcielnej pos\u0142ugi oraz wzywaj\u0105c was do tego, by\u015bcie ca\u0142\u0105 ufno\u015b\u0107 z\u0142o\u017cyli w Tym, kt\u00f3ry ukocha\u0142 was mi\u0142o\u015bci\u0105 szczeg\u00f3ln\u0105 i powo\u0142a\u0142 was do udzia\u0142u w swoim kap\u0142a\u0144stwie. Dlatego w\u0142a\u015bnie \u015bw. Pawe\u0142 stale nam przypomina, \u017ce \u201eodnosimy pe\u0142ne zwyci\u0119stwo dzi\u0119ki Temu, kt\u00f3ry nas umi\u0142owa\u0142\u201d (Rz 8, 37). Ko\u0144cz\u0119 wezwaniem autora Listu do Hebrajczyk\u00f3w: \u201eNie pozbywajcie si\u0119 wi\u0119c nadziei waszej, kt\u00f3ra ma wielk\u0105 zap\u0142at\u0119. Potrzebujecie bowiem wytrwa\u0142o\u015bci, aby\u015bcie spe\u0142niaj\u0105c wol\u0119 Bo\u017c\u0105, dost\u0105pili obietnicy\u201d (Hbr 10, 35-36).&#013;\n&#013;\nPod wzrokiem Maryi Niepokalanej, Matki Kap\u0142an\u00f3w i Kr\u00f3lowej Aposto\u0142\u00f3w, z nowym entuzjazmem kontynuujcie wasz\u0105 drog\u0119 i niech wam i wszystkim wsp\u00f3lnotom neokatechumenalnym, powierzonym waszemu prowadzeniu, towarzyszy moje apostolskie b\u0142ogos\u0142awie\u0144stwo. Pragn\u0119 jeszcze doda\u0107: Weso\u0142ych \u015bwi\u0105t Bo\u017cego Narodzenia dla wszystkich.<\/p>\n\n<p>Dostrzeg\u0142em w\u015br\u00f3d was wielu kap\u0142an\u00f3w, lecz r\u00f3wnie\u017c licznych \u015bwieckich, wiele w\u0119drownych ma\u0142\u017ce\u0144stw. Musz\u0119 wam powiedzie\u0107, \u017ce pierwsi, kt\u00f3rzy udali si\u0119 do Betlejem i kt\u00f3rzy rozpoznali Tajemnic\u0119 Wcielenia, to byli w\u0119drowni: to byli pasterze. P\u00f3\u017aniej sam Jezus, w wieku trzydziestu lat, zosta\u0142 w\u0119drownym, poczynaj\u0105c od mesja\u0144skiego wyznania w Nazarecie. Ponadto On uczyni\u0142 w\u0119drownymi wszystkich swoich aposto\u0142\u00f3w, posy\u0142aj\u0105c ich na ca\u0142y \u015bwiat. St\u0105d Ko\u015bci\u00f3\u0142 z pewno\u015bci\u0105 jest w\u0119drowny, nawet je\u015bli pos\u0142uguje si\u0119 metodami bardziej \u201esubtelnymi\u201d i mo\u017ce mniej autentycznymi od waszych, poniewa\u017c wy jeste\u015bcie w\u0119drownymi ubogimi, bez samolot\u00f3w. Lecz \u017cyczymy nam wszystkim, w\u0142\u0105cznie z papie\u017cem, aby\u015bmy zawsze byli, za pomoc\u0105 wszystkich dost\u0119pnych \u015brodk\u00f3w, w\u0119drownymi zwiastunami Ewangelii, mianowicie w\u0119drownymi zwiastunami Tajemnicy, tej Tajemnicy, kt\u00f3ra objawi\u0142a si\u0119 przez narodzenie Jezusa, przez wcielenie Syna Bo\u017cego, a nast\u0119pnie przez jego pos\u0142annictwo, przez Jego \u015bmier\u0107 na krzy\u017cu i Jego zmartwychwstanie. W ten spos\u00f3b objawi\u0142o si\u0119 nam \u017cycie, nowe \u017cycie, \u017cycie Bo\u017ce, \u017cycie wieczne. Jeste\u015bmy w\u0119drownymi zwiastunami tego \u017cycia. Nie by\u0142oby mo\u017cliwe, aby\u015bmy stali si\u0119 w\u0119drownymi zwiastunami tego \u017cycia, \u017cycia wiecznego, gdyby to \u017cycie wcze\u015bniej nie zosta\u0142o nam dane. Posiadamy ju\u017c to \u017cycie i to \u017cycie przynagla nas, to \u017cycie przychodzi do nas od Jezusa Chrystusa, to \u017cycie przychodzi przez Jezusa Chrystusa od Ducha \u015awi\u0119tego. On jest \u017ar\u00f3d\u0142em \u017cycia Bo\u017cego w stworzeniach, jest \u017ar\u00f3d\u0142em \u017cycia Bo\u017cego w ludziach. I On przynagla nas. <\/p>\n\n<p>Przynagla nas w\u0119drowny Jezus Chrystus, w\u0119drowny Ojca, poniewa\u017c to Ojciec pos\u0142a\u0142 Go i uczyni\u0142 w\u0119drownym w\u015br\u00f3d nas.&#013;\nPrzynagla nas zatem Jezus Chrystus w\u0119drowny, pos\u0142any, misjonarz, poniewa\u017c jest S\u0142owem Bo\u017cym w misji, \u201emissiones divinarum personarum\u201d (pos\u0142annictwa Os\u00f3b Boskich) \u2013 tak nauczy\u0142em si\u0119 od \u015bw. Tomasza. \u201eMisja\u201d oznacza \u201eby\u0107 pos\u0142anym\u201d, a zatem by\u0107 w\u0119drownym. Przynagla nas Chrystus w Duchu \u015awi\u0119tym, poniewa\u017c r\u00f3wnie\u017c Duch \u015awi\u0119ty jest pos\u0142any, pos\u0142any w odmienny spos\u00f3b, nie tak jak Chrystus, nie w spos\u00f3b widzialny, ludzki, wcielony. Duch \u015awi\u0119ty nie wcielony, lecz pos\u0142any. Mo\u017cna powiedzie\u0107, \u017ce Jego pos\u0142annictwo przenika jeszcze g\u0142\u0119biej, poniewa\u017c zst\u0119puje do tego, co najbardziej intymne w cz\u0142owieku, w ka\u017cdym stworzeniu. Jak m\u00f3wi\u0142 \u015bw. Augustyn: \u201eIntimior intimo meo\u201d. Oto pos\u0142annictwo Ducha \u015awi\u0119tego, Ducha pos\u0142anego. I wy stajecie si\u0119 w\u0119drownymi moc\u0105 tego\u017c Syna Wcielonego, kt\u00f3ry da\u0142 nam przyk\u0142ad swego widzialnego pos\u0142annictwa. I wy stajecie si\u0119 w\u0119drownymi moc\u0105 Ducha \u015awi\u0119tego, Jego niewidzialnego pos\u0142annictwa. Dzi\u0119ki pos\u0142annictwu Syna i Ducha \u015awi\u0119tego, maj\u0105c to \u017cycie, kt\u00f3re poprzez Nich pochodzi od Ojca, stajecie si\u0119 w\u0119drownymi. Jak m\u00f3wi\u0142 \u015bw. Pawe\u0142, pos\u0142annictwo przynagla nas: biada mi, gdybym nie g\u0142osi\u0142 Ewangelii. &#013;\n\u017bycz\u0119 wam tej rado\u015bci, kt\u00f3ra cechuje \u015bwi\u0119ta Bo\u017cego Narodzenia, \u017cycz\u0119 wam rado\u015bci w\u0119drownych pasterzy, kt\u00f3rzy znale\u017ali \u017cycie opodal Betlejem. \u017bycz\u0119 wam rado\u015bci, kt\u00f3ra przychodzi od tych, kt\u00f3rzy si\u0119 nawracaj\u0105. W\u015br\u00f3d was jest wielu nawr\u00f3conych, kt\u00f3rzy odnale\u017ali Chrystusa, odnale\u017ali Boga, cz\u0119sto przychodz\u0105c z przeciwnego brzegu. \u017bycz\u0119 wam jeszcze rado\u015bci, kt\u00f3ra pochodzi z nawr\u00f3cenia os\u00f3b, dusz. Jak powiedzia\u0142 nam Jezus, w niebie wi\u0119ksza jest rado\u015b\u0107 z jednego grzesznika, kt\u00f3ry si\u0119 nawraca, ni\u017c z dziewi\u0119\u0107dziesi\u0119ciu dziewi\u0119ciu sprawiedliwych. \u017bycz\u0119 wam tej rado\u015bci, aby w ten spos\u00f3b zosta\u0142o wynagrodzone wasze w\u0119drowanie i wasza droga neokatechumenalna.<\/p>\n\n<p>Jeszcze raz \u017cycz\u0119 wam \u201eWeso\u0142ych \u015bwi\u0105t Bo\u017cego Narodzenia\u201d. Wypowiadam to po w\u0142osku dla u\u0142atwienia, lecz nale\u017ca\u0142oby to powiedzie\u0107 w wielu j\u0119zykach. Pragn\u0119 obj\u0105\u0107 tymi \u017cyczeniami wszystkie wsp\u00f3lnoty, wszystkie narody, z kt\u00f3rych pochodzicie, waszych parafian, waszych wsp\u00f3\u0142braci, wasze rodziny.&#013;\nNiech b\u0119dzie pochwalony Jezus Chrystus\u00bb.<\/p>\n","protected":false},"excerpt":{"rendered":"<p>Prywatna audiencja dla prezbiter\u00f3w 9-12-1985 \u015aw. Jan Pawe\u0142 II Watykan, Aula Paw\u0142a VI, 9 grudnia 1985 r. Do dw\u00f3ch tysi\u0119cy ksi\u0119\u017cy ze wsp\u00f3lnot neokatechumenalnych, przyj\u0119tych na audiencji w poniedzia\u0142ek 9 grudnia w Auli Paw\u0142a VI, Ojciec \u015bwi\u0119ty zwr\u00f3ci\u0142 si\u0119 z nast\u0119puj\u0105cymi s\u0142owami: \u00abNajdro\u017csi!:&#013; &#013; 1. Z \u017cywym zainteresowaniem wys\u0142ucha\u0142em s\u0142\u00f3w, kt\u00f3re w imieniu was wszystkich skierowa\u0142 do mnie Kiko Arg\u00fcello. Pragn\u0105\u0142 on opisa\u0107, w jaki spos\u00f3b wszystkie wsp\u00f3lnoty \u201eDrogi neokatechumenalnej\u201d,<\/p>\n<div class=\"read-more\"><a class=\"btn read-more-btn\" href=\"https:\/\/neocatechumenaleiter.org\/pl\/slowa-papiezy\/sw-jan-pawel-ii\/prywatna-audiencja-dla-prezbiterow-9-12-1985\/\">Czytaj dalej<\/a><\/div>\n","protected":false},"author":2,"featured_media":0,"parent":16496,"menu_order":34,"comment_status":"closed","ping_status":"closed","template":"","meta":{"footnotes":""},"class_list":["post-21828","page","type-page","status-publish","hentry"],"_links":{"self":[{"href":"https:\/\/neocatechumenaleiter.org\/pl\/wp-json\/wp\/v2\/pages\/21828","targetHints":{"allow":["GET"]}}],"collection":[{"href":"https:\/\/neocatechumenaleiter.org\/pl\/wp-json\/wp\/v2\/pages"}],"about":[{"href":"https:\/\/neocatechumenaleiter.org\/pl\/wp-json\/wp\/v2\/types\/page"}],"author":[{"embeddable":true,"href":"https:\/\/neocatechumenaleiter.org\/pl\/wp-json\/wp\/v2\/users\/2"}],"replies":[{"embeddable":true,"href":"https:\/\/neocatechumenaleiter.org\/pl\/wp-json\/wp\/v2\/comments?post=21828"}],"version-history":[{"count":7,"href":"https:\/\/neocatechumenaleiter.org\/pl\/wp-json\/wp\/v2\/pages\/21828\/revisions"}],"predecessor-version":[{"id":21835,"href":"https:\/\/neocatechumenaleiter.org\/pl\/wp-json\/wp\/v2\/pages\/21828\/revisions\/21835"}],"up":[{"embeddable":true,"href":"https:\/\/neocatechumenaleiter.org\/pl\/wp-json\/wp\/v2\/pages\/16496"}],"wp:attachment":[{"href":"https:\/\/neocatechumenaleiter.org\/pl\/wp-json\/wp\/v2\/media?parent=21828"}],"curies":[{"name":"wp","href":"https:\/\/api.w.org\/{rel}","templated":true}]}}