{"id":21836,"date":"2020-03-03T05:03:09","date_gmt":"2020-03-03T04:03:09","guid":{"rendered":"https:\/\/neocatechumenaleiter.org\/slowa-papiezy\/sw-jan-pawel-ii\/audiencja-prywatna-rozeslanie-pierwszych-rodzin-dla-nowej-ewangelizacji-15-1-1986\/"},"modified":"2021-04-17T08:09:49","modified_gmt":"2021-04-17T07:09:49","slug":"audiencja-prywatna-rozeslanie-pierwszych-rodzin-dla-nowej-ewangelizacji-15-1-1986","status":"publish","type":"page","link":"https:\/\/neocatechumenaleiter.org\/pl\/slowa-papiezy\/sw-jan-pawel-ii\/audiencja-prywatna-rozeslanie-pierwszych-rodzin-dla-nowej-ewangelizacji-15-1-1986\/","title":{"rendered":"AUDIENCJA PRYWATNA. ROZES\u0141ANIE PIERWSZYCH RODZIN DLA \u201eNOWEJ EWANGELIZACJI\u201d 15-1-1986"},"content":{"rendered":"\n<h1 class=\"has-text-align-center wp-block-heading\">AUDIENCJA PRYWATNA. ROZES\u0141ANIE PIERWSZYCH RODZIN DLA \u201eNOWEJ EWANGELIZACJI\u201d 15-1-1986&#013;\n<\/h1>\n\n<div style=\"height:20px\" aria-hidden=\"true\" class=\"wp-block-spacer\"><\/div>\n\n<h4 class=\"has-text-align-center wp-block-heading\">\u015aw. Jan Pawe\u0142 II<\/h4>\n\n<div style=\"height:20px\" aria-hidden=\"true\" class=\"wp-block-spacer\"><\/div>\n\n<p><strong>Watykan, 15 stycznia 1986 r.<\/strong><\/p>\n\n<p><em>Podczas audiencji prywatnej Ojciec \u015bwi\u0119ty pos\u0142a\u0142 do miast Oulu (Finlandia), Hamburga i Strasburga pierwsze trzy rodziny, kt\u00f3re maj\u0105 otworzy\u0107 drog\u0119 nowej formy ewangelizacji po\u015br\u00f3d oddalonych.<\/em>&#013;\n&#013;\n<em>Rodziny te jad\u0105 razem ze swoimi dzie\u0107mi do dzielnic, do kt\u00f3rych zosta\u0142y przeznaczone, szukaj\u0105c tam mieszkania, pracy, szko\u0142y&#8230; i dziel\u0105c tamtejsze warunki \u017cycia, aby dawa\u0107 mieszka\u0144com tych dzielnic \u015bwiadectwo o Jezusie Chrystusie, jako o kim\u015b, kogo spotkali i odkryli w Nim tego, kt\u00f3ry jako jedyny mo\u017ce da\u0107 sens i pe\u0142ni\u0119 \u017cycia. Towarzyszy im prezbiter i m\u0142odzieniec, kt\u00f3rzy wsp\u00f3\u0142pracuj\u0105 z nimi w celu dokonania prawdziwego i w\u0142a\u015bciwego \u201eplantatio ecclesiae\u201d.<\/em><\/p>\n\n<div class=\"wp-block-image\"><figure class=\"aligncenter size-large\"><img loading=\"lazy\" decoding=\"async\" width=\"494\" height=\"345\" src=\"https:\/\/neocatechumenaleiter.org\/wp-content\/uploads\/2020\/03\/Camino_Neocatecumenal_Juan_Pablo_II_audiencia_privada_famlias_en_mision_1986.jpg\" alt=\"\" class=\"wp-image-5756\" srcset=\"https:\/\/neocatechumenaleiter.org\/wp-content\/uploads\/2020\/03\/Camino_Neocatecumenal_Juan_Pablo_II_audiencia_privada_famlias_en_mision_1986.jpg 494w, https:\/\/neocatechumenaleiter.org\/wp-content\/uploads\/2020\/03\/Camino_Neocatecumenal_Juan_Pablo_II_audiencia_privada_famlias_en_mision_1986-300x210.jpg 300w\" sizes=\"auto, (max-width: 494px) 100vw, 494px\" \/><\/figure><\/div>\n","protected":false},"excerpt":{"rendered":"<p>AUDIENCJA PRYWATNA. ROZES\u0141ANIE PIERWSZYCH RODZIN DLA \u201eNOWEJ EWANGELIZACJI\u201d 15-1-1986&#013; \u015aw. Jan Pawe\u0142 II Watykan, 15 stycznia 1986 r. Podczas audiencji prywatnej Ojciec \u015bwi\u0119ty pos\u0142a\u0142 do miast Oulu (Finlandia), Hamburga i Strasburga pierwsze trzy rodziny, kt\u00f3re maj\u0105 otworzy\u0107 drog\u0119 nowej formy ewangelizacji po\u015br\u00f3d oddalonych.&#013; &#013; Rodziny te jad\u0105 razem ze swoimi dzie\u0107mi do dzielnic, do kt\u00f3rych zosta\u0142y przeznaczone, szukaj\u0105c tam mieszkania, pracy, szko\u0142y&#8230; i dziel\u0105c tamtejsze warunki \u017cycia, aby dawa\u0107 mieszka\u0144com<\/p>\n<div class=\"read-more\"><a class=\"btn read-more-btn\" href=\"https:\/\/neocatechumenaleiter.org\/pl\/slowa-papiezy\/sw-jan-pawel-ii\/audiencja-prywatna-rozeslanie-pierwszych-rodzin-dla-nowej-ewangelizacji-15-1-1986\/\">Czytaj dalej<\/a><\/div>\n","protected":false},"author":2,"featured_media":0,"parent":16496,"menu_order":34,"comment_status":"closed","ping_status":"closed","template":"","meta":{"footnotes":""},"class_list":["post-21836","page","type-page","status-publish","hentry"],"_links":{"self":[{"href":"https:\/\/neocatechumenaleiter.org\/pl\/wp-json\/wp\/v2\/pages\/21836","targetHints":{"allow":["GET"]}}],"collection":[{"href":"https:\/\/neocatechumenaleiter.org\/pl\/wp-json\/wp\/v2\/pages"}],"about":[{"href":"https:\/\/neocatechumenaleiter.org\/pl\/wp-json\/wp\/v2\/types\/page"}],"author":[{"embeddable":true,"href":"https:\/\/neocatechumenaleiter.org\/pl\/wp-json\/wp\/v2\/users\/2"}],"replies":[{"embeddable":true,"href":"https:\/\/neocatechumenaleiter.org\/pl\/wp-json\/wp\/v2\/comments?post=21836"}],"version-history":[{"count":3,"href":"https:\/\/neocatechumenaleiter.org\/pl\/wp-json\/wp\/v2\/pages\/21836\/revisions"}],"predecessor-version":[{"id":21839,"href":"https:\/\/neocatechumenaleiter.org\/pl\/wp-json\/wp\/v2\/pages\/21836\/revisions\/21839"}],"up":[{"embeddable":true,"href":"https:\/\/neocatechumenaleiter.org\/pl\/wp-json\/wp\/v2\/pages\/16496"}],"wp:attachment":[{"href":"https:\/\/neocatechumenaleiter.org\/pl\/wp-json\/wp\/v2\/media?parent=21836"}],"curies":[{"name":"wp","href":"https:\/\/api.w.org\/{rel}","templated":true}]}}