{"id":21840,"date":"2020-03-03T05:05:52","date_gmt":"2020-03-03T04:05:52","guid":{"rendered":"https:\/\/neocatechumenaleiter.org\/slowa-papiezy\/sw-jan-pawel-ii\/wizytacja-w-parafii-sw-ireneusza-9-3-1986\/"},"modified":"2021-08-10T11:05:31","modified_gmt":"2021-08-10T10:05:31","slug":"wizytacja-w-parafii-sw-ireneusza-9-3-1986","status":"publish","type":"page","link":"https:\/\/neocatechumenaleiter.org\/pl\/slowa-papiezy\/sw-jan-pawel-ii\/wizytacja-w-parafii-sw-ireneusza-9-3-1986\/","title":{"rendered":"WIZYTACJA W PARAFII \u015aW. IRENEUSZA  9-3-1986"},"content":{"rendered":"\n<h1 class=\"has-text-align-center wp-block-heading\">WIZYTACJA W PARAFII \u015aW. IRENEUSZA  9-3-1986<\/h1>\n\n<div style=\"height:20px\" aria-hidden=\"true\" class=\"wp-block-spacer\"><\/div>\n\n<h4 class=\"has-text-align-center wp-block-heading\">\u015aw. Jan Pawe\u0142 II<\/h4>\n\n<div style=\"height:20px\" aria-hidden=\"true\" class=\"wp-block-spacer\"><\/div>\n\n<div class=\"wp-block-image\"><figure class=\"alignright size-large\"><img loading=\"lazy\" decoding=\"async\" width=\"700\" height=\"563\" src=\"https:\/\/neocatechumenaleiter.org\/wp-content\/uploads\/2020\/03\/Camino_Neocatecumenal_Juan_Pablo_II_visita_parroquia_San_Irineo_1986.jpg\" alt=\"\" class=\"wp-image-5401\" srcset=\"https:\/\/neocatechumenaleiter.org\/wp-content\/uploads\/2020\/03\/Camino_Neocatecumenal_Juan_Pablo_II_visita_parroquia_San_Irineo_1986.jpg 700w, https:\/\/neocatechumenaleiter.org\/wp-content\/uploads\/2020\/03\/Camino_Neocatecumenal_Juan_Pablo_II_visita_parroquia_San_Irineo_1986-300x241.jpg 300w\" sizes=\"auto, (max-width: 700px) 100vw, 700px\" \/><\/figure><\/div>\n\n<p><strong>Rzym, 9 marca 1986 r.<\/strong><\/p>\n\n<p><em>Trzyna\u015bcie lat temu w parafii \u015bw. Ireneusza rodzi\u0142a si\u0119 pierwsza wsp\u00f3lnota neokatechumenalna. Od tamego czasu droga rozwin\u0119\u0142a si\u0119, obejmuj\u0105c coraz wi\u0119ksz\u0105 liczb\u0119 os\u00f3b. Dzisiaj w parafii jest pi\u0119\u0107 wsp\u00f3lnot, a niekt\u00f3rzy z wiernych doszli do etapu \u201eredditio\u201d, czyli publicznego wyznania wiary, po tym, jak przez kilka lat spe\u0142niali pos\u0142ug\u0119 misjonarzy w swojej dzielnicy.<\/em>&#13;\n&#13;\n<em>Jan Pawe\u0142 II spotka\u0142 si\u0119 z pe\u0142n\u0105 \u017cycia rzeczywisto\u015bci\u0105 wsp\u00f3lnot neokatechumenalnych w ko\u015bciele parafialnym. By\u0142o to d\u0142ugie i radosne spotkanie, podczas kt\u00f3rego nie zabrak\u0142o jednak prawdziwie wzruszaj\u0105cych chwil, zw\u0142aszcza gdy dw\u00f3ch m\u0142odzie\u0144c\u00f3w wyznawa\u0142o wiar\u0119, wspominaj\u0105c drog\u0119 swego nawr\u00f3cenia i odkrywania mi\u0142o\u015bci Boga.<\/em>&#13;\n&#13;\n<em>\u00a0Przywitany \u015bpiewem \u201eMaryjo, Ty\u015b uwierzy\u0142a, \u017ce si\u0119 spe\u0142ni S\u0142owo Pana\u201d, Ojciec \u015bwi\u0119ty przez d\u0142u\u017csz\u0105 chwil\u0119 pozdrawia\u0142 obecnych, a szczeg\u00f3lnie licznie zgromadzone dzieci.<\/em>&#13;\n&#13;\n<em>Po kr\u00f3tkiej prezentacji wsp\u00f3lnot przez proboszcza inicjator drogi neokatechumenalnej w parafii opisa\u0142 papie\u017cowi dzia\u0142alno\u015b\u0107 wsp\u00f3lnot oraz etapy, na kt\u00f3rych si\u0119 znajduj\u0105. Wyja\u015bni\u0142 znaczenie etapu \u201etraditio\u201d, podczas kt\u00f3rego bracia s\u0105 pos\u0142ani, aby po domach g\u0142osi\u0107 Ewangeli\u0119, oraz etapu \u201eredditio\u201d, kt\u00f3ry ko\u0144czy si\u0119 w Niedziel\u0119 Palmow\u0105 wr\u0119czeniem ga\u0142\u0119zi palmowej, symbolu chrze\u015bcija\u0144skiego powo\u0142ania do dawania \u015bwiadectwa swojej wiary, a\u017c do m\u0119cze\u0144stwa.<\/em>&#13;\n&#13;\n<em>\u201ePo etapie \u00abredditio\u00bb \u2013 powiedzia\u0142 \u2013 prosimy naszych braci, aby oddali si\u0119 do dyspozycji proboszczowi, w\u0142a\u015bnie dlatego, \u017ce droga neokatechumenalna nie chce by\u0107 ruchem, kt\u00f3ry wnosi co\u015b swojego, lecz pragnie by\u0107 w Ko\u015bciele, w s\u0142u\u017cbie Ko\u015bcio\u0142owi\u201d.<\/em>&#13;\n&#13;\n<em>Do cz\u0142onk\u00f3w wsp\u00f3lnot neokatechumenalnych Jan Pawe\u0142<\/em> II<em> skierowa\u0142 nast\u0119puj\u0105ce s\u0142owa:<\/em><\/p>\n\n<p>\u00abNajdro\u017csi, gdy s\u0142ysz\u0119 t\u0119 pie\u015b\u0144, pie\u015b\u0144 do Maryi: \u201eMaryjo, Ty\u015b uwierzy\u0142a, \u017ce si\u0119 spe\u0142ni S\u0142owo Pana\u201d, natychmiast u\u015bwiadamiam sobie, \u017ce jest to grupa neokatechumenalna. Wsz\u0119dzie, gdziekolwiek s\u0142ysz\u0119 t\u0119 pie\u015b\u0144 \u2013 a s\u0142ysz\u0119 j\u0105 w r\u00f3\u017cnych krajach i na r\u00f3\u017cnych kontynentach, tak jak niedawno s\u0142ysza\u0142em t\u0119 pie\u015b\u0144 w Indii \u2013 ta sama melodia, te same s\u0142owa: to wezwanie do Maryi, kt\u00f3ra uwierzy\u0142a i w ten spos\u00f3b sta\u0142a si\u0119 pierwsz\u0105 wierz\u0105c\u0105, mo\u017cemy powiedzie\u0107 przodowniczk\u0105 wszystkich wierz\u0105cych. Uwierzy\u0142a w najpe\u0142niejszym i najbardziej owocnym znaczeniu. \u201eMaryjo, Ty\u015b uwierzy\u0142a, \u017ce si\u0119 spe\u0142ni S\u0142owo Pana\u201d: tak b\u0142ogos\u0142awi\u0142a j\u0105 krewna jej El\u017cbieta, jej kuzynka b\u0142ogos\u0142awi\u0142a Maryj\u0119 tymi s\u0142owami. Z tymi s\u0142owami my j\u0105 b\u0142ogos\u0142awimy, b\u0142ogos\u0142awi j\u0105 Ko\u015bci\u00f3\u0142, ca\u0142y Ko\u015bci\u00f3\u0142 i b\u0142ogos\u0142awicie j\u0105 zw\u0142aszcza wy, neokatechumeni. Dla was bowiem droga wiary jest spraw\u0105 istotn\u0105, droga wiary, ta droga, kt\u00f3ra sakramentalnie rozpoczyna si\u0119 w chrzcie, ta droga, kt\u00f3ra rozci\u0105ga si\u0119 na ca\u0142e \u017cycie cz\u0142owieka, ka\u017cdego z nas. Droga ta, jak dobrze powiedzieli\u015bcie, zw\u0142aszcza w pierwszym przem\u00f3wieniu, ma tak\u017ce sw\u00f3j rytm, ten rytm wyra\u017ca si\u0119 w tych dw\u00f3ch s\u0142owach: \u201eTraditio\u201d i \u201eRedditio\u201d. Wiara musi by\u0107 przekazywana i przyjmowana, a dokonuje si\u0119 to przez chrzest, p\u00f3\u017aniej za\u015b dokonuje si\u0119 to w chrze\u015bcija\u0144skim wychowaniu. Dzieje si\u0119 to za po\u015brednictwem r\u00f3\u017cnych os\u00f3b, rozmaitych pos\u0142a\u0144c\u00f3w Bo\u017cych, tak jak w przypadku Maryi dokona\u0142o si\u0119 za po\u015brednictwem anielskiego pos\u0142a\u0144ca: Gabriela. Dokona\u0142o si\u0119 to przez Jezusa Chrystusa, kt\u00f3ry jest pierwszym, absolutnym pos\u0142a\u0144cem Boga dla ca\u0142ej ludzko\u015bci. Dokonywa\u0142o si\u0119 to przez aposto\u0142\u00f3w i dokonuje si\u0119 przez Ko\u015bci\u00f3\u0142. Tym podstawowym rytmem, pierwszym etapem, jest przyj\u0119cie \u201eTraditio\u201d, jest przekazywanie: dokonuje si\u0119 przekazywanie i przyj\u0119cie wiary; nast\u0119pnie trzeba to kontynuowa\u0107 i przed\u0142u\u017cy\u0107 na drugim etapie: jest nim \u201eRedditio\u201d: wiara raz przyj\u0119ta musi zosta\u0107 przekazana dalej, poniewa\u017c jest dobrem, skarbem, darmowym skarbem podarowanym nam przez Boga, nie tylko po to, by ukry\u0107 go w naszym wn\u0119trzu i prze\u017cywa\u0107 na spos\u00f3b osobisty i prywatny, lecz zostaje nam dany, przekazany nam, aby przekazywa\u0107 innym. Trzeba jednak by\u0107 wielkim entuzjast\u0105, mie\u0107 wielkie przekonanie wiary, aby nie\u015b\u0107 j\u0105 innym, by przekazywa\u0107 j\u0105 innym. I w ten spos\u00f3b neokatechumeni staj\u0105 si\u0119 katechistami w\u0119drownymi, nios\u0105 Ewangeli\u0119 Chrystusa, nios\u0105 \u015bwiadectwo wiary; nie tylko \u015bwi\u0119te s\u0142owa w sensie abstrakcyjnym, lecz s\u0142owa poparte \u015bwiadectwem, S\u0142owo Bo\u017ce po\u015bwiadczone wiar\u0105 ka\u017cdego. To ma moc. To jest moc.&#13;\nA zatem: \u017cycz\u0119 wam, najdro\u017csi, aby ten podw\u00f3jny rytm wiary: \u201eTraditio\u201d i \u201eRedditio\u201d, stanowi\u0142 zawsze rytm waszego \u017cycia, gdy jeste\u015bcie na drodze lub tak\u017ce, gdy po zako\u0144czeniu drogi powracacie jako chrze\u015bcijanie szczeg\u00f3lnie dojrzali, do wsp\u00f3lnoty Ko\u015bcio\u0142a, do wsp\u00f3lnoty parafialnej.<\/p>\n\n<p>Zawsze ch\u0119tnie was spotykam, spotkania z wami s\u0105 bardzo radosne dzi\u0119ki dwom elementom: jednym jest \u015bpiew, \u015bpiew bardzo dynamiczny, d\u017awi\u0119czny, kt\u00f3ry brzmi; a drugim s\u0105 dzieci, maluczcy, kt\u00f3rzy dzi\u0119ki Bogu robi\u0105, powiedzmy, swoj\u0105 drog\u0119 neokatechumenaln\u0105 i zawsze sprawiaj\u0105 nam wielk\u0105 rado\u015b\u0107, nam wszystkim i mnie sprawiaj\u0105 wielk\u0105 rado\u015b\u0107, gdy je widz\u0119.&#13;\nPragn\u0119 obj\u0105\u0107 was wszystkich tym b\u0142ogos\u0142awie\u0144stwem, a tak\u017ce \u017cyczy\u0107 wam radosnej Paschy na waszej drodze neokatechumenalnej.&#13;\nNiech was b\u0142ogos\u0142awi B\u00f3g wszechmog\u0105cy, Ojciec, Syn i Duch \u015awi\u0119ty.<\/p>\n\n<p>Radosnej Paschy!\u00bb.<\/p>\n","protected":false},"excerpt":{"rendered":"<p>WIZYTACJA W PARAFII \u015aW. IRENEUSZA 9-3-1986 \u015aw. Jan Pawe\u0142 II Rzym, 9 marca 1986 r. Trzyna\u015bcie lat temu w parafii \u015bw. Ireneusza rodzi\u0142a si\u0119 pierwsza wsp\u00f3lnota neokatechumenalna. Od tamego czasu droga rozwin\u0119\u0142a si\u0119, obejmuj\u0105c coraz wi\u0119ksz\u0105 liczb\u0119 os\u00f3b. Dzisiaj w parafii jest pi\u0119\u0107 wsp\u00f3lnot, a niekt\u00f3rzy z wiernych doszli do etapu \u201eredditio\u201d, czyli publicznego wyznania wiary, po tym, jak przez kilka lat spe\u0142niali pos\u0142ug\u0119 misjonarzy w swojej dzielnicy.&#13; &#13; Jan<\/p>\n<div class=\"read-more\"><a class=\"btn read-more-btn\" href=\"https:\/\/neocatechumenaleiter.org\/pl\/slowa-papiezy\/sw-jan-pawel-ii\/wizytacja-w-parafii-sw-ireneusza-9-3-1986\/\">Czytaj dalej<\/a><\/div>\n","protected":false},"author":2,"featured_media":0,"parent":16496,"menu_order":35,"comment_status":"closed","ping_status":"closed","template":"","meta":{"footnotes":""},"class_list":["post-21840","page","type-page","status-publish","hentry"],"_links":{"self":[{"href":"https:\/\/neocatechumenaleiter.org\/pl\/wp-json\/wp\/v2\/pages\/21840","targetHints":{"allow":["GET"]}}],"collection":[{"href":"https:\/\/neocatechumenaleiter.org\/pl\/wp-json\/wp\/v2\/pages"}],"about":[{"href":"https:\/\/neocatechumenaleiter.org\/pl\/wp-json\/wp\/v2\/types\/page"}],"author":[{"embeddable":true,"href":"https:\/\/neocatechumenaleiter.org\/pl\/wp-json\/wp\/v2\/users\/2"}],"replies":[{"embeddable":true,"href":"https:\/\/neocatechumenaleiter.org\/pl\/wp-json\/wp\/v2\/comments?post=21840"}],"version-history":[{"count":4,"href":"https:\/\/neocatechumenaleiter.org\/pl\/wp-json\/wp\/v2\/pages\/21840\/revisions"}],"predecessor-version":[{"id":24305,"href":"https:\/\/neocatechumenaleiter.org\/pl\/wp-json\/wp\/v2\/pages\/21840\/revisions\/24305"}],"up":[{"embeddable":true,"href":"https:\/\/neocatechumenaleiter.org\/pl\/wp-json\/wp\/v2\/pages\/16496"}],"wp:attachment":[{"href":"https:\/\/neocatechumenaleiter.org\/pl\/wp-json\/wp\/v2\/media?parent=21840"}],"curies":[{"name":"wp","href":"https:\/\/api.w.org\/{rel}","templated":true}]}}