{"id":21844,"date":"2020-03-03T05:09:11","date_gmt":"2020-03-03T04:09:11","guid":{"rendered":"https:\/\/neocatechumenaleiter.org\/slowa-papiezy\/sw-jan-pawel-ii\/wigilia-paschalna-w-bazylice-29-3-1986-sw-piotra-uroczyste-odnowienie-przyrzeczen-chrzcielnych-na-zakonczenie-drogi-neokatechumenalnej-dwoch-wspolnot-z-madrytu-29-3-1986\/"},"modified":"2021-04-17T08:24:36","modified_gmt":"2021-04-17T07:24:36","slug":"wigilia-paschalna-w-bazylice-29-3-1986-sw-piotra-uroczyste-odnowienie-przyrzeczen-chrzcielnych-na-zakonczenie-drogi-neokatechumenalnej-dwoch-wspolnot-z-madrytu-29-3-1986","status":"publish","type":"page","link":"https:\/\/neocatechumenaleiter.org\/pl\/slowa-papiezy\/sw-jan-pawel-ii\/wigilia-paschalna-w-bazylice-29-3-1986-sw-piotra-uroczyste-odnowienie-przyrzeczen-chrzcielnych-na-zakonczenie-drogi-neokatechumenalnej-dwoch-wspolnot-z-madrytu-29-3-1986\/","title":{"rendered":"WIGILIA PASCHALNA W BAZYLICE \u015aW. PIOTRA. UROCZYSTE ODNOWIENIE PRZYRZECZE\u0143 CHRZCIELNYCH NA ZAKO\u0143CZENIE DROGI NEOKATECHUMENALNEJ DW\u00d3CH WSP\u00d3LNOT Z MADRYTU 29-3-1986"},"content":{"rendered":"\n<h1 class=\"has-text-align-center wp-block-heading\">WIGILIA PASCHALNA W BAZYLICE \u015aW. PIOTRA. UROCZYSTE ODNOWIENIE PRZYRZECZE\u0143 CHRZCIELNYCH NA ZAKO\u0143CZENIE DROGI NEOKATECHUMENALNEJ DW\u00d3CH WSP\u00d3LNOT Z MADRYTU 29-3-1986<\/h1>\n\n<div style=\"height:20px\" aria-hidden=\"true\" class=\"wp-block-spacer\"><\/div>\n\n<h4 class=\"has-text-align-center wp-block-heading\">\u015aw. Jan Pawe\u0142 II<\/h4>\n\n<div style=\"height:20px\" aria-hidden=\"true\" class=\"wp-block-spacer\"><\/div>\n\n<p><strong>Bazylika \u015bw. Piotra, 29 marca 1986 r.<\/strong><\/p>\n\n<p><em>Podczas sprawowania Wigilii Paschalnej z Ojcem \u015bwi\u0119tym w wydzielonym sektorze bazyliki watyka\u0144skiej 100 cz\u0142onk\u00f3w pierwszej wsp\u00f3lnoty neokatechumenalnej z parafii Nuestra Se\u00f1ora del Tr\u00e1nsito w Madrycie oraz pierwszej wsp\u00f3lnoty z Diecezjalnego Centrum Neokatechumenalnego w Madrycie uroczy\u015bcie odnowi\u0142o przyrzeczenia chrzcielne na zako\u0144czenie swej drogi.<\/em><\/p>\n\n<div class=\"wp-block-image\"><figure class=\"aligncenter size-large\"><img loading=\"lazy\" decoding=\"async\" width=\"480\" height=\"389\" src=\"https:\/\/neocatechumenaleiter.org\/wp-content\/uploads\/2020\/03\/Camino_Neocatecumenal_Juan_Pablo_II_vigilia_pascual_hermanos_vestidura_blanca_Transito_Madrid_1986.jpg\" alt=\"\" class=\"wp-image-5424\" srcset=\"https:\/\/neocatechumenaleiter.org\/wp-content\/uploads\/2020\/03\/Camino_Neocatecumenal_Juan_Pablo_II_vigilia_pascual_hermanos_vestidura_blanca_Transito_Madrid_1986.jpg 480w, https:\/\/neocatechumenaleiter.org\/wp-content\/uploads\/2020\/03\/Camino_Neocatecumenal_Juan_Pablo_II_vigilia_pascual_hermanos_vestidura_blanca_Transito_Madrid_1986-300x243.jpg 300w\" sizes=\"auto, (max-width: 480px) 100vw, 480px\" \/><\/figure><\/div>\n","protected":false},"excerpt":{"rendered":"<p>WIGILIA PASCHALNA W BAZYLICE \u015aW. PIOTRA. UROCZYSTE ODNOWIENIE PRZYRZECZE\u0143 CHRZCIELNYCH NA ZAKO\u0143CZENIE DROGI NEOKATECHUMENALNEJ DW\u00d3CH WSP\u00d3LNOT Z MADRYTU 29-3-1986 \u015aw. Jan Pawe\u0142 II Bazylika \u015bw. Piotra, 29 marca 1986 r. Podczas sprawowania Wigilii Paschalnej z Ojcem \u015bwi\u0119tym w wydzielonym sektorze bazyliki watyka\u0144skiej 100 cz\u0142onk\u00f3w pierwszej wsp\u00f3lnoty neokatechumenalnej z parafii Nuestra Se\u00f1ora del Tr\u00e1nsito w Madrycie oraz pierwszej wsp\u00f3lnoty z Diecezjalnego Centrum Neokatechumenalnego w Madrycie uroczy\u015bcie odnowi\u0142o przyrzeczenia chrzcielne na zako\u0144czenie<\/p>\n<div class=\"read-more\"><a class=\"btn read-more-btn\" href=\"https:\/\/neocatechumenaleiter.org\/pl\/slowa-papiezy\/sw-jan-pawel-ii\/wigilia-paschalna-w-bazylice-29-3-1986-sw-piotra-uroczyste-odnowienie-przyrzeczen-chrzcielnych-na-zakonczenie-drogi-neokatechumenalnej-dwoch-wspolnot-z-madrytu-29-3-1986\/\">Czytaj dalej<\/a><\/div>\n","protected":false},"author":2,"featured_media":0,"parent":16496,"menu_order":37,"comment_status":"closed","ping_status":"closed","template":"","meta":{"footnotes":""},"class_list":["post-21844","page","type-page","status-publish","hentry"],"_links":{"self":[{"href":"https:\/\/neocatechumenaleiter.org\/pl\/wp-json\/wp\/v2\/pages\/21844","targetHints":{"allow":["GET"]}}],"collection":[{"href":"https:\/\/neocatechumenaleiter.org\/pl\/wp-json\/wp\/v2\/pages"}],"about":[{"href":"https:\/\/neocatechumenaleiter.org\/pl\/wp-json\/wp\/v2\/types\/page"}],"author":[{"embeddable":true,"href":"https:\/\/neocatechumenaleiter.org\/pl\/wp-json\/wp\/v2\/users\/2"}],"replies":[{"embeddable":true,"href":"https:\/\/neocatechumenaleiter.org\/pl\/wp-json\/wp\/v2\/comments?post=21844"}],"version-history":[{"count":7,"href":"https:\/\/neocatechumenaleiter.org\/pl\/wp-json\/wp\/v2\/pages\/21844\/revisions"}],"predecessor-version":[{"id":21851,"href":"https:\/\/neocatechumenaleiter.org\/pl\/wp-json\/wp\/v2\/pages\/21844\/revisions\/21851"}],"up":[{"embeddable":true,"href":"https:\/\/neocatechumenaleiter.org\/pl\/wp-json\/wp\/v2\/pages\/16496"}],"wp:attachment":[{"href":"https:\/\/neocatechumenaleiter.org\/pl\/wp-json\/wp\/v2\/media?parent=21844"}],"curies":[{"name":"wp","href":"https:\/\/api.w.org\/{rel}","templated":true}]}}