{"id":21852,"date":"2020-03-03T05:12:28","date_gmt":"2020-03-03T04:12:28","guid":{"rendered":"https:\/\/neocatechumenaleiter.org\/slowa-papiezy\/sw-jan-pawel-ii\/wizytacji-parafii-sw-feliksa-z-kantalicjo-4-5-1986\/"},"modified":"2021-04-17T09:25:06","modified_gmt":"2021-04-17T08:25:06","slug":"wizytacji-parafii-sw-feliksa-z-kantalicjo-4-5-1986","status":"publish","type":"page","link":"https:\/\/neocatechumenaleiter.org\/pl\/slowa-papiezy\/sw-jan-pawel-ii\/wizytacji-parafii-sw-feliksa-z-kantalicjo-4-5-1986\/","title":{"rendered":"WIZYTACJI PARAFII \u015aW. FELIKSA Z KANTALICJO 4-5-1986"},"content":{"rendered":"\n<h1 class=\"has-text-align-center wp-block-heading\">WIZYTACJI PARAFII \u015aW. FELIKSA Z KANTALICJO 4-5-1986<\/h1>\n\n<div style=\"height:20px\" aria-hidden=\"true\" class=\"wp-block-spacer\"><\/div>\n\n<h4 class=\"has-text-align-center wp-block-heading\">\u015aw. Jan Pawe\u0142 II<\/h4>\n\n<div style=\"height:20px\" aria-hidden=\"true\" class=\"wp-block-spacer\"><\/div>\n\n<div class=\"wp-block-image\"><figure class=\"alignleft size-large\"><img loading=\"lazy\" decoding=\"async\" width=\"495\" height=\"396\" src=\"https:\/\/neocatechumenaleiter.org\/wp-content\/uploads\/2020\/06\/Camino-Neocatecumenal-Visita-parroquia-San-Felice-Cantalice.jpg\" alt=\"\" class=\"wp-image-13924\" srcset=\"https:\/\/neocatechumenaleiter.org\/wp-content\/uploads\/2020\/06\/Camino-Neocatecumenal-Visita-parroquia-San-Felice-Cantalice.jpg 495w, https:\/\/neocatechumenaleiter.org\/wp-content\/uploads\/2020\/06\/Camino-Neocatecumenal-Visita-parroquia-San-Felice-Cantalice-300x240.jpg 300w\" sizes=\"auto, (max-width: 495px) 100vw, 495px\" \/><\/figure><\/div>\n\n<p><strong>Rzym, 4 maja 1986 r.*<\/strong><\/p>\n\n<p><em>W parafii s\u0105 liczni przedstawiciele grup neokatechumenalnych. Papie\u017c mia\u0142 z nimi oddzielne spotkanie, podczas kt\u00f3rego po wys\u0142uchaniu \u015bwiadectwa jednego z katechist\u00f3w wsp\u00f3lnoty przypomnia\u0142, \u017ce cz\u0119sto spotyka si\u0119 z grupami neokatechumenalnymi we wszystkich parafiach rzymskich i w czasie wizytacji, jakich dokonuje w innych miastach W\u0142och i w \u015bwiecie. Grupy te, doda\u0142 papie\u017c, posiadaj\u0105 co\u015b, co natychmiast pozwala odr\u00f3\u017cni\u0107 je w\u015br\u00f3d innych.<\/em><\/p>\n\n<p><em>S\u0142owo wprowadzaj\u0105ce katechisty parafii (Giacomo):<\/em>&#013;\n&#013;\n\u201eOjcze \u015bwi\u0119ty, przemawiam, poniewa\u017c jestem katechist\u0105 tych braci. Jestem zadowolony, \u017ce stoj\u0119 przed Tob\u0105, Ojcze \u015bwi\u0119ty, \u015bwiadomy \u0142ask, kt\u00f3rych Ko\u015bci\u00f3\u0142 nam udziela obficie i z \u0142agodno\u015bci\u0105. M\u00f3wi\u0119 to, gdy\u017c z natury jestem gwa\u0142towny i prze\u017cy\u0142em dzieci\u0144stwo w du\u017cych cierpieniach i wielkim udr\u0119czeniu, a poniewa\u017c by\u0142em poza Ko\u015bcio\u0142em, stworzy\u0142em sobie obraz Boga wymierzaj\u0105cego sprawiedliwo\u015b\u0107, kt\u00f3ry ma w jaki\u015b spos\u00f3b wynagrodzi\u0107 mi to, czego dozna\u0142em. To doprowadzi\u0142o mnie do wielkiego cierpienia, sprawi\u0142o, \u017ce dojrzewa\u0142em w spos\u00f3b zupe\u0142nie b\u0142\u0119dny i sta\u0142em si\u0119 p\u00f3\u017aniej jednym z tych chrze\u015bcijan, kt\u00f3rzy s\u0105 zgorszeniem, poniewa\u017c g\u0142osz\u0105 co\u015b, czego nie praktykuj\u0105. Kiedy zda\u0142em sobie spraw\u0119 z tego, \u017ce by\u0142em zgorszeniem dla innych, poniewa\u017c z przemocy uczyni\u0142em moje \u017cyciowe credo, by\u0142em ju\u017c \u017conaty i mia\u0142em dwoje malutkich dzieci. Ba\u0142em si\u0119 samego siebie, Ojcze, i my\u015bla\u0142em, a\u017ceby sko\u0144czy\u0107 ze swoim \u017cyciem; prosi\u0142em Dziewic\u0119 Maryj\u0119, kt\u00f3rej by\u0142em czcicielem, aby mi pomog\u0142a, aby nada\u0142a sens temu, co robi\u0142em, poniewa\u017c czu\u0142em si\u0119 zupe\u0142nie zagubiony. Kt\u00f3rej\u015b niedzieli, id\u0105c na msz\u0119 \u015bw., spotka\u0142em w ko\u015bciele pewnego \u015bwieckiego brodacza jak ja, kt\u00f3ry przepowiedzia\u0142 mi przebaczenie i mi\u0142osierdzie Jezusa Chrystusa nad lud\u017ami gwa\u0142townymi jak ja, Ojcze. R\u00f3wnie\u017c dla gwa\u0142townik\u00f3w takich jak ja, Pan otworzy\u0142 drog\u0119 powrotu do mi\u0142o\u015bci i przebaczenia. Ojcze, oto od 15 lat jestem na tej drodze i Ko\u015bci\u00f3\u0142 posy\u0142a mnie w \u015bwiat g\u0142osi\u0107 przebaczenie i mi\u0142osierdzie\u201d.<\/p>\n\n<p><em>Papie\u017c zwr\u00f3ci\u0142 si\u0119 do zgromadzonych wsp\u00f3lnot neokatechumenalnych z nast\u0119puj\u0105cymi s\u0142owami:<\/em><\/p>\n\n<p>\u00abDzi\u0119kuj\u0119 za to \u015bwiadectwo. Nie pierwszy raz s\u0142ucham \u015bwiadectwa neokatechumena i zawsze zostaj\u0119 bardzo poruszony. Ale przede wszystkim, gdy zbli\u017ca\u0142em si\u0119 i us\u0142ysza\u0142em pie\u015b\u0144 \u201e<em>Maryjo, szcz\u0119\u015bliwa Maryjo<\/em>\u201d, to zaraz wiedzia\u0142em, kim s\u0105 ci, kt\u00f3rzy \u015bpiewaj\u0105, poniewa\u017c przez t\u0119 pie\u015b\u0144 rozpoznaj\u0119 was wsz\u0119dzie: w \u015brodku kontynentu afryka\u0144skiego lub w Indii, w jakimkolwiek miejscu ziemi wyr\u00f3\u017cniacie si\u0119 t\u0105 pie\u015bni\u0105: \u201e<em>Maryjo, szcz\u0119\u015bliwa Maryjo, Ty\u015b uwierzy\u0142a, \u017ce si\u0119 spe\u0142ni S\u0142owo Pana<\/em>\u201d. Te s\u0142owa cechuj\u0105 wasz\u0105 drog\u0119, znamionuj\u0105 drog\u0119 ka\u017cdej wsp\u00f3lnoty neokatechumenalnej, ka\u017cdego z was, poniewa\u017c ta droga jest drog\u0105 wiary; wiary niekiedy prawie ca\u0142kowicie odnalezionej, odnalezionej w g\u0142\u0119bokim nawr\u00f3ceniu, jak mo\u017cna us\u0142ysze\u0107 w r\u00f3\u017cnych \u015bwiadectwach. Innym razem jest to wiara odnaleziona w znaczeniu pog\u0142\u0119bienia, odnaleziona w swojej g\u0142\u0119bi, poniewa\u017c wiara ma zdumiewaj\u0105c\u0105, ogromn\u0105 g\u0142\u0119bi\u0119, kt\u00f3rej my, wierz\u0105cy, nie zawsze jeste\u015bmy \u015bwiadomi. G\u0142\u0119bia wiary! Wiara jest uczestnictwem w samym poznaniu Boga. Wiara przygotowuje nas do ogl\u0105dania Boga i nosi w sobie zal\u0105\u017cki tego\u017c ogl\u0105dania Boga, uszcz\u0119\u015bliwiaj\u0105cego widzenia nieba. W\u0142a\u015bnie, wiara musi by\u0107 stale odnajdywana w ci\u0105gu \u017cycia, ale o tej rzeczywisto\u015bci wiary, o g\u0142\u0119bi wiary, wielokrotnie zapominaj\u0105 r\u00f3wnie\u017c wierz\u0105cy, chrze\u015bcijanie: nie wiedz\u0105, czym jest, co nosz\u0105 w sobie jako wierz\u0105cy, maj\u0105cy wiar\u0119!&#013;\n&#013;\nWasza droga zatem polega na tym: odnale\u017a\u0107 wiar\u0119 albo prawie ca\u0142kowicie, albo w znaczeniu pog\u0142\u0119bienia tego, co mieli\u015bcie ju\u017c wcze\u015bniej. I tutaj bardzo dobrze umiejscawia si\u0119 ta pie\u015b\u0144: \u201e<em>Maryjo, szcz\u0119\u015bliwa Maryjo, Ty\u015b uwierzy\u0142a, \u017ce si\u0119 spe\u0142ni s\u0142owo Pana<\/em>\u201d.<\/p>\n\n<p>Nie mo\u017cna sobie wyobrazi\u0107 pe\u0142niejszej i doskonalszej wiary od wiary Maryi. Jest to szczyt wiary, jaki kiedykolwiek istota ludzka osi\u0105gn\u0119\u0142a: wiara Maryi, ta wiara, kt\u00f3ra ukaza\u0142a si\u0119 przede wszystkim w chwili Zwiastowania. Mo\u017cemy powiedzie\u0107, \u017ce jest to wiara niewiarygodna, bo trzeba u\u017cy\u0107 paradoksu, aby wyrazi\u0107 wiar\u0119 Maryi. A kiedy Dziewica uda\u0142a si\u0119 do El\u017cbiety, El\u017cbieta wyrazi\u0142a to, m\u00f3wi\u0105c: \u201eB\u0142ogos\u0142awiona ta, kt\u00f3ra uwierzy\u0142a, \u017ce spe\u0142ni\u0105 si\u0119 s\u0142owa Pana\u201d. Wiara Maryi jest niew\u0105tpliwie wzorem wiary wszystkich wierz\u0105cych, tych wszystkich, kt\u00f3rzy odnajduj\u0105 wiar\u0119, kt\u00f3rzy pog\u0142\u0119biaj\u0105 wiar\u0119, a zw\u0142aszcza was wszystkich, kt\u00f3rzy macie t\u0119 drog\u0119 wiary jako zadanie, powiedzia\u0142bym, jako charyzmat w\u0142a\u015bciwy waszemu byciu neokatechumenami.&#013;\n&#013;\nSt\u0105d spotkanie z waszymi grupami sprawia mi zawsze rado\u015b\u0107, poniewa\u017c razem z rodzicami, z doros\u0142ymi znajduj\u0119 liczne dzieci. M\u00f3wi si\u0119, \u017ce neokatechumeni maj\u0105 liczne rodziny, maj\u0105 dzieci, wr\u0119cz liczne dzieci: to tak\u017ce jest potwierdzeniem wiary, wiary w Boga.<\/p>\n\n<p>Aby przekaza\u0107 \u017cycie cz\u0142owiekowi, potrzeba wiary w Boga. Je\u015bli dzisiaj prze\u017cywamy tak zwany kryzys demograficzny, kryzys rodziny, kryzys ojcostwa, macierzy\u0144stwa, g\u0142\u0119boki i wielki kryzys, to wynika on z braku wiary. Tego nie mo\u017cna zmieni\u0107, przemieni\u0107, polepszy\u0107 inaczej, jak tylko przez g\u0142\u0119bok\u0105 wiar\u0119. Potrzeba g\u0142\u0119bokiej wiary w Boga, aby da\u0107 \u017cycie cz\u0142owiekowi.&#013;\nChcia\u0142em doda\u0107 to do tego, co powiedzia\u0142em wcze\u015bniej, by potwierdzi\u0107 tak\u017ce ten aspekt waszej drogi. Niech was b\u0142ogos\u0142awi B\u00f3g wszechmog\u0105cy, Ojciec, Syn i Duch \u015awi\u0119ty: niech b\u0142ogos\u0142awi wasze rodziny\u00bb.<\/p>\n\n<p>(*) Por. \u201eL\u2019Osservatore Romano\u201d, 5-6 maja 1986, uzupe\u0142nione tekstem z bezpo\u015bredniego zapisu magnetofonowego s\u0142\u00f3w papie\u017ca.<\/p>\n","protected":false},"excerpt":{"rendered":"<p>WIZYTACJI PARAFII \u015aW. FELIKSA Z KANTALICJO 4-5-1986 \u015aw. Jan Pawe\u0142 II Rzym, 4 maja 1986 r.* W parafii s\u0105 liczni przedstawiciele grup neokatechumenalnych. Papie\u017c mia\u0142 z nimi oddzielne spotkanie, podczas kt\u00f3rego po wys\u0142uchaniu \u015bwiadectwa jednego z katechist\u00f3w wsp\u00f3lnoty przypomnia\u0142, \u017ce cz\u0119sto spotyka si\u0119 z grupami neokatechumenalnymi we wszystkich parafiach rzymskich i w czasie wizytacji, jakich dokonuje w innych miastach W\u0142och i w \u015bwiecie. Grupy te, doda\u0142 papie\u017c, posiadaj\u0105 co\u015b, co<\/p>\n<div class=\"read-more\"><a class=\"btn read-more-btn\" href=\"https:\/\/neocatechumenaleiter.org\/pl\/slowa-papiezy\/sw-jan-pawel-ii\/wizytacji-parafii-sw-feliksa-z-kantalicjo-4-5-1986\/\">Czytaj dalej<\/a><\/div>\n","protected":false},"author":2,"featured_media":0,"parent":16496,"menu_order":37,"comment_status":"closed","ping_status":"closed","template":"","meta":{"footnotes":""},"class_list":["post-21852","page","type-page","status-publish","hentry"],"_links":{"self":[{"href":"https:\/\/neocatechumenaleiter.org\/pl\/wp-json\/wp\/v2\/pages\/21852","targetHints":{"allow":["GET"]}}],"collection":[{"href":"https:\/\/neocatechumenaleiter.org\/pl\/wp-json\/wp\/v2\/pages"}],"about":[{"href":"https:\/\/neocatechumenaleiter.org\/pl\/wp-json\/wp\/v2\/types\/page"}],"author":[{"embeddable":true,"href":"https:\/\/neocatechumenaleiter.org\/pl\/wp-json\/wp\/v2\/users\/2"}],"replies":[{"embeddable":true,"href":"https:\/\/neocatechumenaleiter.org\/pl\/wp-json\/wp\/v2\/comments?post=21852"}],"version-history":[{"count":5,"href":"https:\/\/neocatechumenaleiter.org\/pl\/wp-json\/wp\/v2\/pages\/21852\/revisions"}],"predecessor-version":[{"id":21857,"href":"https:\/\/neocatechumenaleiter.org\/pl\/wp-json\/wp\/v2\/pages\/21852\/revisions\/21857"}],"up":[{"embeddable":true,"href":"https:\/\/neocatechumenaleiter.org\/pl\/wp-json\/wp\/v2\/pages\/16496"}],"wp:attachment":[{"href":"https:\/\/neocatechumenaleiter.org\/pl\/wp-json\/wp\/v2\/media?parent=21852"}],"curies":[{"name":"wp","href":"https:\/\/api.w.org\/{rel}","templated":true}]}}