{"id":21858,"date":"2020-03-03T05:14:16","date_gmt":"2020-03-03T04:14:16","guid":{"rendered":"https:\/\/neocatechumenaleiter.org\/slowa-papiezy\/sw-jan-pawel-ii\/audiencja-prywatna-dla-wspolnot-neokatechumenalnych-z-hiszpanii-i-z-ivrea-7-12-1986\/"},"modified":"2021-04-17T09:40:03","modified_gmt":"2021-04-17T08:40:03","slug":"audiencja-prywatna-dla-wspolnot-neokatechumenalnych-z-hiszpanii-i-z-ivrea-7-12-1986","status":"publish","type":"page","link":"https:\/\/neocatechumenaleiter.org\/pl\/slowa-papiezy\/sw-jan-pawel-ii\/audiencja-prywatna-dla-wspolnot-neokatechumenalnych-z-hiszpanii-i-z-ivrea-7-12-1986\/","title":{"rendered":"AUDIENCJA PRYWATNA DLA WSP\u00d3LNOT NEOKATECHUMENALNYCH Z HISZPANII I Z IVREA 7-12-1986"},"content":{"rendered":"\n<h1 class=\"has-text-align-center wp-block-heading\">AUDIENCJA PRYWATNA DLA WSP\u00d3LNOT NEOKATECHUMENALNYCH Z HISZPANII I Z IVREA 7-12-1986<\/h1>\n\n<div style=\"height:20px\" aria-hidden=\"true\" class=\"wp-block-spacer\"><\/div>\n\n<h4 class=\"has-text-align-center wp-block-heading\">\u015aw. Jan Pawe\u0142 II<\/h4>\n\n<div style=\"height:20px\" aria-hidden=\"true\" class=\"wp-block-spacer\"><\/div>\n\n<p><strong>Watykan, Sala Klementy\u0144ska, 7 grudnia 1986 r. *<\/strong><\/p>\n\n<p><em>Papie\u017c przyj\u0105\u0142 dzi\u015b rano na audiencji prywatnej cz\u0142onk\u00f3w wsp\u00f3lnot neokatechumenalnych z 5 parafii z Hiszpanii i jednej z Ivrea (W\u0142ochy), odbywaj\u0105cych pielgrzymk\u0119 do grobu \u015bw. Piotra i do \u015awi\u0119tego Domu w Loreto.<\/em>&#013;\n&#013;\n<em>Oto wypowied\u017a Ojca \u015bwi\u0119tego:<\/em><\/p>\n\n<p>\u00abPowodem mojej szczeg\u00f3lnej rado\u015bci jest spotkanie z wami, bracia i siostry ze wsp\u00f3lnot neokatechumenalnych, kt\u00f3rzy przybyli\u015bcie wyzna\u0107 wasz\u0105 wiar\u0119 chrze\u015bcija\u0144sk\u0105, g\u0142osi\u0107 wiar\u0119 i poprzez wasz\u0105 wizyt\u0119 w Rzymie sk\u0142adacie wyznanie katolicko\u015bci, powszechno\u015bci wobec Nast\u0119pcy Piotra na tym wa\u017cnym etapie waszej drogi neokatechumenalnej \u2013 pielgrzymki do centrum chrze\u015bcija\u0144stwa w XX wieku; ponadto wyra\u017cacie wasz\u0105 wol\u0119 jedno\u015bci i wierno\u015bci Ko\u015bcio\u0142owi Chrystusa.&#013;\n&#013;\nNa waszej drodze nie mog\u0142o zabrakn\u0105\u0107 odwiedzin matki; dlatego z\u0142o\u017cycie u st\u00f3p Naj\u015bwi\u0119tszej Dziewicy wasze oczekiwania i wasze apostolskie pragnienia, aby przez wstawiennictwo Maryi jej Boski Syn uczyni\u0142 prawdziwie owocnym wasze \u015bwiadectwo modlitwy, ofiary, mi\u0142o\u015bci i s\u0142u\u017cby braciom.&#013;\n&#013;\nNa waszej drodze g\u0142oszenia Dobrej Nowiny o Kr\u00f3lestwie pragn\u0119 doda\u0107 wam odwagi, aby\u015bcie byli nosicielami or\u0119dzia nadziei. Powtarzam wam zach\u0119t\u0119 \u015bw. Piotra: \u201eB\u0105d\u017acie zawsze gotowi do uzasadnienia waszej nadziei wobec ka\u017cdego, kto si\u0119 tego od was domaga\u201d.&#013;\n&#013;\nNiech ten okres liturgiczny, w kt\u00f3rym \u017cyjemy, stanie si\u0119 wielkim oczekiwaniem na przyj\u015bcie Odkupiciela, Tego, kt\u00f3ry przynosi pok\u00f3j, jakiego \u015bwiat da\u0107 nie mo\u017ce.&#013;\n&#013;\nW moich modlitwach powierzam was Maryi, kt\u00f3ra jest wzorem nadziei, aby wasze hojne pos\u0142ugiwanie ewangeliczne, w pe\u0142nej jedno\u015bci z pasterzami Ko\u015bcio\u0142a, przynios\u0142o obfite owoce \u017cycia chrze\u015bcija\u0144skiego.&#013;\n&#013;\nWszystkich was z serca b\u0142ogos\u0142awi\u0119: starc\u00f3w i dzieci, braci i siostry, was wszystkich. W imi\u0119 Ojca i Syna, i Ducha \u015awi\u0119tego\u00bb.<\/p>\n\n<p><em>(*) Por. \u00abL\u2019Osservatore Romano\u00bb, 9-10 grudnia 1986.<\/em><\/p>\n\n<figure class=\"wp-block-gallery aligncenter columns-2 is-cropped wp-block-gallery-1 is-layout-flex wp-block-gallery-is-layout-flex\"><ul class=\"blocks-gallery-grid\"><li class=\"blocks-gallery-item\"><figure><img loading=\"lazy\" decoding=\"async\" width=\"690\" height=\"560\" src=\"https:\/\/neocatechumenaleiter.org\/wp-content\/uploads\/2020\/03\/Camino_Neocatecumenal_Juan_Pablo_II_visita_parroquia_San_Felice_1986.jpg\" alt=\"&#x15A;w. Jan Pawe&#x142; II odwiedza parafi&#x119; San Felice 1986\" data-id=\"1947\" data-full-url=\"https:\/\/neocatechumenaleiter.org\/wp-content\/uploads\/2020\/03\/Camino_Neocatecumenal_Juan_Pablo_II_visita_parroquia_San_Felice_1986.jpg\" data-link=\"https:\/\/neocatechumenaleiter.org\/palabras-de-los-papas\/s-juan-pablo-ii\/visita-a-la-parroquia-de-san-felice-da-cantalice-4-5-1986\/camino_neocatecumenal_juan_pablo_ii_visita_parroquia_san_felice_1986\/\" class=\"wp-image-5406\" srcset=\"https:\/\/neocatechumenaleiter.org\/wp-content\/uploads\/2020\/03\/Camino_Neocatecumenal_Juan_Pablo_II_visita_parroquia_San_Felice_1986.jpg 690w, https:\/\/neocatechumenaleiter.org\/wp-content\/uploads\/2020\/03\/Camino_Neocatecumenal_Juan_Pablo_II_visita_parroquia_San_Felice_1986-300x243.jpg 300w\" sizes=\"auto, (max-width: 690px) 100vw, 690px\" \/><figcaption class=\"blocks-gallery-item__caption\">Inicjatorzy Drogi Neokatechumenalnej pozdrawiaj\u0105 Papie\u017ca Jana Paw\u0142a II<\/figcaption><\/figure><\/li><li class=\"blocks-gallery-item\"><figure><img loading=\"lazy\" decoding=\"async\" width=\"689\" height=\"560\" src=\"https:\/\/neocatechumenaleiter.org\/wp-content\/uploads\/2020\/03\/Camino_Neocatecumenal_Juan_Pablo_II_visita_parroquia_San_Felice_19862.jpg\" alt=\"&#x15A;w. Jan Pawe&#x142; II odwiedza parafi&#x119; San Felice 1986\" data-id=\"1954\" data-full-url=\"https:\/\/neocatechumenaleiter.org\/wp-content\/uploads\/2020\/03\/Camino_Neocatecumenal_Juan_Pablo_II_visita_parroquia_San_Felice_19862.jpg\" data-link=\"https:\/\/neocatechumenaleiter.org\/palabras-de-los-papas\/s-juan-pablo-ii\/visita-a-la-parroquia-de-san-felice-da-cantalice-4-5-1986\/camino_neocatecumenal_juan_pablo_ii_visita_parroquia_san_felice_19862\/\" class=\"wp-image-5408\" srcset=\"https:\/\/neocatechumenaleiter.org\/wp-content\/uploads\/2020\/03\/Camino_Neocatecumenal_Juan_Pablo_II_visita_parroquia_San_Felice_19862.jpg 689w, https:\/\/neocatechumenaleiter.org\/wp-content\/uploads\/2020\/03\/Camino_Neocatecumenal_Juan_Pablo_II_visita_parroquia_San_Felice_19862-300x244.jpg 300w\" sizes=\"auto, (max-width: 689px) 100vw, 689px\" \/><figcaption class=\"blocks-gallery-item__caption\">Wsp\u00f3lnoty z Hiszpanii i Ivrea proklamuj\u0105 Credo przed Papie\u017cem<\/figcaption><\/figure><\/li><\/ul><\/figure>","protected":false},"excerpt":{"rendered":"<p>AUDIENCJA PRYWATNA DLA WSP\u00d3LNOT NEOKATECHUMENALNYCH Z HISZPANII I Z IVREA 7-12-1986 \u015aw. Jan Pawe\u0142 II Watykan, Sala Klementy\u0144ska, 7 grudnia 1986 r. * Papie\u017c przyj\u0105\u0142 dzi\u015b rano na audiencji prywatnej cz\u0142onk\u00f3w wsp\u00f3lnot neokatechumenalnych z 5 parafii z Hiszpanii i jednej z Ivrea (W\u0142ochy), odbywaj\u0105cych pielgrzymk\u0119 do grobu \u015bw. Piotra i do \u015awi\u0119tego Domu w Loreto.&#013; &#013; Oto wypowied\u017a Ojca \u015bwi\u0119tego: \u00abPowodem mojej szczeg\u00f3lnej rado\u015bci jest spotkanie z wami, bracia i<\/p>\n<div class=\"read-more\"><a class=\"btn read-more-btn\" href=\"https:\/\/neocatechumenaleiter.org\/pl\/slowa-papiezy\/sw-jan-pawel-ii\/audiencja-prywatna-dla-wspolnot-neokatechumenalnych-z-hiszpanii-i-z-ivrea-7-12-1986\/\">Czytaj dalej<\/a><\/div>\n","protected":false},"author":2,"featured_media":0,"parent":16496,"menu_order":38,"comment_status":"closed","ping_status":"closed","template":"","meta":{"footnotes":""},"class_list":["post-21858","page","type-page","status-publish","hentry"],"_links":{"self":[{"href":"https:\/\/neocatechumenaleiter.org\/pl\/wp-json\/wp\/v2\/pages\/21858","targetHints":{"allow":["GET"]}}],"collection":[{"href":"https:\/\/neocatechumenaleiter.org\/pl\/wp-json\/wp\/v2\/pages"}],"about":[{"href":"https:\/\/neocatechumenaleiter.org\/pl\/wp-json\/wp\/v2\/types\/page"}],"author":[{"embeddable":true,"href":"https:\/\/neocatechumenaleiter.org\/pl\/wp-json\/wp\/v2\/users\/2"}],"replies":[{"embeddable":true,"href":"https:\/\/neocatechumenaleiter.org\/pl\/wp-json\/wp\/v2\/comments?post=21858"}],"version-history":[{"count":7,"href":"https:\/\/neocatechumenaleiter.org\/pl\/wp-json\/wp\/v2\/pages\/21858\/revisions"}],"predecessor-version":[{"id":21865,"href":"https:\/\/neocatechumenaleiter.org\/pl\/wp-json\/wp\/v2\/pages\/21858\/revisions\/21865"}],"up":[{"embeddable":true,"href":"https:\/\/neocatechumenaleiter.org\/pl\/wp-json\/wp\/v2\/pages\/16496"}],"wp:attachment":[{"href":"https:\/\/neocatechumenaleiter.org\/pl\/wp-json\/wp\/v2\/media?parent=21858"}],"curies":[{"name":"wp","href":"https:\/\/api.w.org\/{rel}","templated":true}]}}