{"id":21964,"date":"2020-03-03T05:19:27","date_gmt":"2020-03-03T04:19:27","guid":{"rendered":"https:\/\/neocatechumenaleiter.org\/slowa-papiezy\/sw-jan-pawel-ii\/audiencja-prywatna-dla-ekip-katechistow-wedrownych-i-rodzin-w-misji-28-12-1986-r\/"},"modified":"2021-04-19T17:32:48","modified_gmt":"2021-04-19T16:32:48","slug":"audiencja-prywatna-dla-ekip-katechistow-wedrownych-i-rodzin-w-misji-28-12-1986-r","status":"publish","type":"page","link":"https:\/\/neocatechumenaleiter.org\/pl\/slowa-papiezy\/sw-jan-pawel-ii\/audiencja-prywatna-dla-ekip-katechistow-wedrownych-i-rodzin-w-misji-28-12-1986-r\/","title":{"rendered":"Audiencja prywatna dla EKIP KATECHIST\u00d3W W\u0118DROWNYCH I RODZIN W MISJI 28-12-1986 r."},"content":{"rendered":"\n<h1 class=\"has-text-align-center wp-block-heading\">Audiencja prywatna dla EKIP KATECHIST\u00d3W W\u0118DROWNYCH I RODZIN W MISJI 28-12-1986 r.<\/h1>\n\n<div style=\"height:20px\" aria-hidden=\"true\" class=\"wp-block-spacer\"><\/div>\n\n<h4 class=\"has-text-align-center wp-block-heading\">\u015aw. Jan Pawe\u0142 II<\/h4>\n\n<div style=\"height:20px\" aria-hidden=\"true\" class=\"wp-block-spacer\"><\/div>\n\n<div class=\"wp-block-image\"><figure class=\"alignleft size-large\"><img loading=\"lazy\" decoding=\"async\" width=\"768\" height=\"685\" src=\"https:\/\/neocatechumenaleiter.org\/wp-content\/uploads\/2020\/03\/Camino_Neocatecumenal_Juan_Pablo_II_audiencia_privada_itinerantes_familias_en_mision_1986.jpg\" alt=\"\" class=\"wp-image-5224\" srcset=\"https:\/\/neocatechumenaleiter.org\/wp-content\/uploads\/2020\/03\/Camino_Neocatecumenal_Juan_Pablo_II_audiencia_privada_itinerantes_familias_en_mision_1986.jpg 768w, https:\/\/neocatechumenaleiter.org\/wp-content\/uploads\/2020\/03\/Camino_Neocatecumenal_Juan_Pablo_II_audiencia_privada_itinerantes_familias_en_mision_1986-300x268.jpg 300w\" sizes=\"auto, (max-width: 768px) 100vw, 768px\" \/><\/figure><\/div>\n\n<p><strong>Castel Gandolfo, 28 grudnia 1986 r.<\/strong><\/p>\n\n<p><em>Dzisiaj rano grupa oko\u0142o 400 katechist\u00f3w w\u0119drownych ze wsp\u00f3lnot neokatechumenalnych uczestniczy\u0142a we mszy \u015bw. celebrowanej przez Ojca \u015bwi\u0119tego w Castelgandolfo. Na zako\u0144czenie mszy \u015bw. papie\u017c wr\u0119czy\u0142 im krzy\u017ce misyjne. Do tych katechist\u00f3w, kt\u00f3rzy uczestnicz\u0105 w spotkaniu po\u015bwi\u0119conym ewangelizacji Europy (Porto San Giorgio, 22 grudnia \u2013 6 stycznia), na<\/em> zako\u0144czenie<em> liturgii papie\u017c zwr\u00f3ci\u0142 si\u0119 z kr\u00f3tkim przem\u00f3wieniem.<\/em>&#013;\n&#013;\n<em>Wprowadzenie Kiko:<\/em><\/p>\n\n<p>\u00abNajdro\u017cszy Ojcze \u015bwi\u0119ty, s\u0105 tu obecne ekipy katechist\u00f3w odpowiedzialnych za 72 narody, kt\u00f3re to ekipy przyby\u0142y z ca\u0142ego \u015bwiata na 20-dniow\u0105 konwiwencj\u0119, aby wsp\u00f3lnie rozwa\u017ca\u0107, a zw\u0142aszcza prze\u017cywa\u0107 jedno\u015b\u0107.<\/p>\n\n<p>Jest obecnych tak\u017ce 12 rodzin, kt\u00f3re po tej konwiwencji wyjad\u0105 do p\u00f3\u0142nocnej Europy, aby ewangelizowa\u0107 w r\u00f3\u017cnych miejscowo\u015bciach, na zaproszenie biskup\u00f3w Hanoweru, Sztokholmu i z Danii. Wyruszaj\u0105 z wszystkimi dzie\u0107mi; mamy tu oko\u0142o 70 prezbiter\u00f3w, 48 rodzin z 203 dzie\u0107mi (\u015brednio 5 dzieci na rodzin\u0119), 64 m\u0142odych ch\u0142opc\u00f3w i 28 dziewcz\u0105t, a tak\u017ce 16 seminarzyst\u00f3w, kt\u00f3rzy nam towarzysz\u0105. Oto tutaj s\u0105 prawie wszyscy ci, kt\u00f3rzy prowadz\u0105 ewangelizacj\u0119 w ca\u0142ym \u015bwiecie poprzez drog\u0119 neokatechumenaln\u0105\u00bb.<\/p>\n\n<p>Dzi\u0119kujemy ci, Ojcze, za to spotkanie, kt\u00f3re przypiecz\u0119towuje 20-lecie narodzin drogi neokatechumenalnej i ewangelizacji w ca\u0142ym \u015bwiecie. I jeste\u015bmy bardzo wdzi\u0119czni Rodzinie z Nazaretu i Dziewicy Maryi za to spotkanie\u00bb.<\/p>\n\n<p><em>Na zako\u0144czenie celebracji papie\u017c zwr\u00f3ci\u0142 si\u0119 do obecnych tymi s\u0142owami:<\/em><\/p>\n\n<div class=\"wp-block-image\"><figure class=\"alignright size-large\"><img loading=\"lazy\" decoding=\"async\" width=\"480\" height=\"335\" src=\"https:\/\/neocatechumenaleiter.org\/wp-content\/uploads\/2020\/03\/Camino_Neocatecumenal_Juan_Pablo_II_audiencia_privada_itinerantes_familias_en_mision_19862.jpg\" alt=\"\" class=\"wp-image-5226\" srcset=\"https:\/\/neocatechumenaleiter.org\/wp-content\/uploads\/2020\/03\/Camino_Neocatecumenal_Juan_Pablo_II_audiencia_privada_itinerantes_familias_en_mision_19862.jpg 480w, https:\/\/neocatechumenaleiter.org\/wp-content\/uploads\/2020\/03\/Camino_Neocatecumenal_Juan_Pablo_II_audiencia_privada_itinerantes_familias_en_mision_19862-300x209.jpg 300w\" sizes=\"auto, (max-width: 480px) 100vw, 480px\" \/><\/figure><\/div>\n\n<p>\u00abNajdro\u017csi, sprawowali\u015bmy naj\u015bwi\u0119tsz\u0105 Eucharysti\u0119, sprawowali\u015bmy t\u0119 naj\u015bwi\u0119tsz\u0105 Eucharysti\u0119, rozwa\u017caj\u0105c drog\u0119 \u015awi\u0119tej Rodziny z Nazaretu, J\u00f3zefa, Maryi i Jezusa; Jezusa, Maryi i J\u00f3zefa. Ko\u015bci\u00f3\u0142 m\u00f3wi nam, \u017ce ta \u015awi\u0119ta Rodzina jest wzorem wszystkich rodzin chrze\u015bcija\u0144skich, wszystkich rodzin \u015bwiata. Maryja i J\u00f3zef, skupieni na tajemnicy wcielonego Syna, ukazuj\u0105 nam t\u0119 drog\u0119 wiary, kt\u00f3ra powinna stanowi\u0107, kszta\u0142towa\u0107 \u017cycie ka\u017cdej rodziny chrze\u015bcija\u0144skiej. Modlili\u015bmy si\u0119 za wszystkie rodziny \u015bwiata, modlili\u015bmy si\u0119 szczeg\u00f3lnie za rodziny tutaj obecne, za wasz\u0105 drog\u0119 w wierze.&#013;\nPotrzeba g\u0142\u0119bokiej wiary, aby \u017cy\u0107 w dzisiejszym \u015bwiecie jako rodzina, potrzeba odwa\u017cnej wiary, aby w dzisiejszym \u015bwiecie urzeczywistnia\u0107 ten Bo\u017cy zamys\u0142 w\u0142a\u015bciwy rodzinie, zamys\u0142 mi\u0142owania \u017cycia, kt\u00f3ry jest w\u0142a\u015bciwy ka\u017cdej rodzinie, kt\u00f3ry stanowi jej powo\u0142anie. Potrzeba g\u0142\u0119bokiej wiary, aby w dzisiejszym \u015bwiecie jako rodzina i\u015b\u0107 \u015bladami \u015awi\u0119tej Rodziny i sprawi\u0107, aby inni, inne rodziny posz\u0142y tymi \u015bladami.&#013;\n<\/p>\n\n<p>Najdro\u017csi bracia i siostry, razem z moimi bra\u0107mi biskupami i kap\u0142anami, \u017cycz\u0119 wam wszystkim, aby\u015bcie jako rodziny szli t\u0105 drog\u0105 w wierze oraz \u017cycz\u0119 wam, aby ta droga w wierze by\u0142a wzorem, poci\u0105gn\u0119\u0142a inne rodziny w dzisiejszym \u015bwiecie, tak jak dla nas, jak dla was, modelem i wzorem jest \u015awi\u0119ta Rodzina z Nazaretu: Jezus, Maryja i J\u00f3zef. Udzielam wam b\u0142ogos\u0142awie\u0144stwa\u00bb.<\/p>\n","protected":false},"excerpt":{"rendered":"<p>Audiencja prywatna dla EKIP KATECHIST\u00d3W W\u0118DROWNYCH I RODZIN W MISJI 28-12-1986 r. \u015aw. Jan Pawe\u0142 II Castel Gandolfo, 28 grudnia 1986 r. Dzisiaj rano grupa oko\u0142o 400 katechist\u00f3w w\u0119drownych ze wsp\u00f3lnot neokatechumenalnych uczestniczy\u0142a we mszy \u015bw. celebrowanej przez Ojca \u015bwi\u0119tego w Castelgandolfo. Na zako\u0144czenie mszy \u015bw. papie\u017c wr\u0119czy\u0142 im krzy\u017ce misyjne. Do tych katechist\u00f3w, kt\u00f3rzy uczestnicz\u0105 w spotkaniu po\u015bwi\u0119conym ewangelizacji Europy (Porto San Giorgio, 22 grudnia \u2013 6 stycznia), na<\/p>\n<div class=\"read-more\"><a class=\"btn read-more-btn\" href=\"https:\/\/neocatechumenaleiter.org\/pl\/slowa-papiezy\/sw-jan-pawel-ii\/audiencja-prywatna-dla-ekip-katechistow-wedrownych-i-rodzin-w-misji-28-12-1986-r\/\">Czytaj dalej<\/a><\/div>\n","protected":false},"author":2,"featured_media":0,"parent":16496,"menu_order":40,"comment_status":"closed","ping_status":"closed","template":"","meta":{"footnotes":""},"class_list":["post-21964","page","type-page","status-publish","hentry"],"_links":{"self":[{"href":"https:\/\/neocatechumenaleiter.org\/pl\/wp-json\/wp\/v2\/pages\/21964","targetHints":{"allow":["GET"]}}],"collection":[{"href":"https:\/\/neocatechumenaleiter.org\/pl\/wp-json\/wp\/v2\/pages"}],"about":[{"href":"https:\/\/neocatechumenaleiter.org\/pl\/wp-json\/wp\/v2\/types\/page"}],"author":[{"embeddable":true,"href":"https:\/\/neocatechumenaleiter.org\/pl\/wp-json\/wp\/v2\/users\/2"}],"replies":[{"embeddable":true,"href":"https:\/\/neocatechumenaleiter.org\/pl\/wp-json\/wp\/v2\/comments?post=21964"}],"version-history":[{"count":7,"href":"https:\/\/neocatechumenaleiter.org\/pl\/wp-json\/wp\/v2\/pages\/21964\/revisions"}],"predecessor-version":[{"id":21971,"href":"https:\/\/neocatechumenaleiter.org\/pl\/wp-json\/wp\/v2\/pages\/21964\/revisions\/21971"}],"up":[{"embeddable":true,"href":"https:\/\/neocatechumenaleiter.org\/pl\/wp-json\/wp\/v2\/pages\/16496"}],"wp:attachment":[{"href":"https:\/\/neocatechumenaleiter.org\/pl\/wp-json\/wp\/v2\/media?parent=21964"}],"curies":[{"name":"wp","href":"https:\/\/api.w.org\/{rel}","templated":true}]}}