{"id":21972,"date":"2020-03-03T05:15:38","date_gmt":"2020-03-03T04:15:38","guid":{"rendered":"https:\/\/neocatechumenaleiter.org\/slowa-papiezy\/sw-jan-pawel-ii\/wizytacja-w-parafii-santa-maria-regina-mundi-w-torre-spaccata-14-12-1986\/"},"modified":"2021-04-20T08:21:44","modified_gmt":"2021-04-20T07:21:44","slug":"wizytacja-w-parafii-santa-maria-regina-mundi-w-torre-spaccata-14-12-1986","status":"publish","type":"page","link":"https:\/\/neocatechumenaleiter.org\/pl\/slowa-papiezy\/sw-jan-pawel-ii\/wizytacja-w-parafii-santa-maria-regina-mundi-w-torre-spaccata-14-12-1986\/","title":{"rendered":"Wizytacja w parafii Santa Maria Regina Mundi w Torre Spaccata 14-12-1986"},"content":{"rendered":"\n<h1 class=\"has-text-align-center wp-block-heading\">Wizytacja w parafii Santa Maria Regina Mundi w Torre Spaccata 14-12-1986<\/h1>\n\n<div style=\"height:20px\" aria-hidden=\"true\" class=\"wp-block-spacer\"><\/div>\n\n<h4 class=\"has-text-align-center wp-block-heading\">\u015aw. Jan Pawe\u0142 II<\/h4>\n\n<div style=\"height:20px\" aria-hidden=\"true\" class=\"wp-block-spacer\"><\/div>\n\n<p><strong>Rzym, 14 grudnia 1986 r.<\/strong><\/p>\n\n<p><em>Po spotkaniu z Rad\u0105 Duszpastersk\u0105, w innej sali Papie\u017c spotka\u0142 si\u0119 z przedstawicielami wszystkich grup i stowarzysze\u0144, kt\u00f3rych przedstawi\u0142 proboszcz parafii. W\u015br\u00f3d wiernych by\u0142o te\u017c kilku w\u0119drownych. Papie\u017c skierowa\u0142 te s\u0142owa do wszystkich:<\/em><\/p>\n\n<p>\u00abPozdrawiam wszystkich obecnych, a za waszym po\u015brednictwem wszystkie grupy apostolstwa \u015bwieckich, r\u00f3\u017cne grupy, kt\u00f3re charakteryzuj\u0105 si\u0119 pewnym programem, pewn\u0105 duchowo\u015bci\u0105. Na przyk\u0142ad, istnieje duchowo\u015b\u0107 karmelita\u0144ska, kt\u00f3ra ma sw\u00f3j widoczny znak w szkaplerzu karmelita\u0144skim, kt\u00f3ry nosz\u0119 od wielu lat. Jest te\u017c duchowo\u015b\u0107 neokatechumenalna i innych grup. Inne programy, inne duchowo\u015bci. Wszyscy przyczyniaj\u0105 si\u0119 do wsp\u00f3lnego dobra Ko\u015bcio\u0142a. To, co m\u00f3wi\u0119, odpowiada s\u0142owom \u015bw. Paw\u0142a: Ko\u015bci\u00f3\u0142 jest Cia\u0142em Chrystusa. Wiele narz\u0105d\u00f3w, wiele cz\u0142onk\u00f3w, wiele kom\u00f3rek przyczynia si\u0119 do \u017cycia cia\u0142a, organizmu. Jeste\u015bmy tak\u017ce organizmem duchowym, organizmem mistycznym, kt\u00f3ry nazywa si\u0119 Cia\u0142em Chrystusa, i wszyscy otrzymujemy z tego organizmu r\u00f3\u017cne impulsy Ducha \u015awi\u0119tego, r\u00f3\u017cne \u0142aski, \u0142aski szczeg\u00f3lne, r\u00f3\u017cne charyzmaty. Nast\u0119pnie, z tymi impulsami, z tymi \u0142askami, staramy si\u0119 przyczyni\u0107 do dobra cia\u0142a, do dobra ca\u0142ego mistycznego cia\u0142a Chrystusa, parafii, kt\u00f3ra jest, w analogii Paw\u0142owej, Cia\u0142em Chrystusa. Pragn\u0119 wyrazi\u0107 wielk\u0105 rado\u015b\u0107 z tego, w jaki spos\u00f3b obchodzili\u015bcie dzisiaj 25-lecie waszej parafii, w spos\u00f3b bardzo godny i pi\u0119kny, z wielkim udzia\u0142em, z celebracj\u0105, podczas kt\u00f3rej by\u0142a dobra modlitwa i dobry \u015bpiew. A tak\u017ce z koronacji Matki Bo\u017cej, Kr\u00f3lowej \u015awiata. \u017bycz\u0119 wszystkiego dobrego dla ka\u017cdego z Was i dla Waszych stowarzysze\u0144. Niech b\u0119d\u0105 one \u017ar\u00f3d\u0142em dobra dla innych i dla was samych. \u017bycz\u0119 r\u00f3wnie\u017c Weso\u0142ych \u015awi\u0105t Bo\u017c\u0119go Narodzenia\u00bb.<\/p>\n","protected":false},"excerpt":{"rendered":"<p>Wizytacja w parafii Santa Maria Regina Mundi w Torre Spaccata 14-12-1986 \u015aw. Jan Pawe\u0142 II Rzym, 14 grudnia 1986 r. Po spotkaniu z Rad\u0105 Duszpastersk\u0105, w innej sali Papie\u017c spotka\u0142 si\u0119 z przedstawicielami wszystkich grup i stowarzysze\u0144, kt\u00f3rych przedstawi\u0142 proboszcz parafii. W\u015br\u00f3d wiernych by\u0142o te\u017c kilku w\u0119drownych. Papie\u017c skierowa\u0142 te s\u0142owa do wszystkich: \u00abPozdrawiam wszystkich obecnych, a za waszym po\u015brednictwem wszystkie grupy apostolstwa \u015bwieckich, r\u00f3\u017cne grupy, kt\u00f3re charakteryzuj\u0105 si\u0119 pewnym<\/p>\n<div class=\"read-more\"><a class=\"btn read-more-btn\" href=\"https:\/\/neocatechumenaleiter.org\/pl\/slowa-papiezy\/sw-jan-pawel-ii\/wizytacja-w-parafii-santa-maria-regina-mundi-w-torre-spaccata-14-12-1986\/\">Czytaj dalej<\/a><\/div>\n","protected":false},"author":2,"featured_media":0,"parent":16496,"menu_order":39,"comment_status":"closed","ping_status":"closed","template":"","meta":{"footnotes":""},"class_list":["post-21972","page","type-page","status-publish","hentry"],"_links":{"self":[{"href":"https:\/\/neocatechumenaleiter.org\/pl\/wp-json\/wp\/v2\/pages\/21972","targetHints":{"allow":["GET"]}}],"collection":[{"href":"https:\/\/neocatechumenaleiter.org\/pl\/wp-json\/wp\/v2\/pages"}],"about":[{"href":"https:\/\/neocatechumenaleiter.org\/pl\/wp-json\/wp\/v2\/types\/page"}],"author":[{"embeddable":true,"href":"https:\/\/neocatechumenaleiter.org\/pl\/wp-json\/wp\/v2\/users\/2"}],"replies":[{"embeddable":true,"href":"https:\/\/neocatechumenaleiter.org\/pl\/wp-json\/wp\/v2\/comments?post=21972"}],"version-history":[{"count":11,"href":"https:\/\/neocatechumenaleiter.org\/pl\/wp-json\/wp\/v2\/pages\/21972\/revisions"}],"predecessor-version":[{"id":21983,"href":"https:\/\/neocatechumenaleiter.org\/pl\/wp-json\/wp\/v2\/pages\/21972\/revisions\/21983"}],"up":[{"embeddable":true,"href":"https:\/\/neocatechumenaleiter.org\/pl\/wp-json\/wp\/v2\/pages\/16496"}],"wp:attachment":[{"href":"https:\/\/neocatechumenaleiter.org\/pl\/wp-json\/wp\/v2\/media?parent=21972"}],"curies":[{"name":"wp","href":"https:\/\/api.w.org\/{rel}","templated":true}]}}