{"id":21984,"date":"2020-03-02T03:32:17","date_gmt":"2020-03-02T02:32:17","guid":{"rendered":"https:\/\/neocatechumenaleiter.org\/slowa-papiezy\/sw-jan-pawel-ii\/wizytacja-w-parafii-sw-franciszki-rzymianki-28-11-1981\/"},"modified":"2021-08-10T11:01:18","modified_gmt":"2021-08-10T10:01:18","slug":"wizytacja-w-parafii-sw-franciszki-rzymianki-28-11-1981","status":"publish","type":"page","link":"https:\/\/neocatechumenaleiter.org\/pl\/slowa-papiezy\/sw-jan-pawel-ii\/wizytacja-w-parafii-sw-franciszki-rzymianki-28-11-1981\/","title":{"rendered":"Wizytacja w parafii \u015bw. Franciszki Rzymianki 28-11-1981"},"content":{"rendered":"\n<h1 class=\"has-text-align-center wp-block-heading\">Wizytacja w parafii \u015bw. Franciszki Rzymianki 28-11-1981<\/h1>\n\n<div style=\"height:20px\" aria-hidden=\"true\" class=\"wp-block-spacer\"><\/div>\n\n<h4 class=\"has-text-align-center wp-block-heading\">\u015aw. Jan Pawe\u0142 II<\/h4>\n\n<div style=\"height:20px\" aria-hidden=\"true\" class=\"wp-block-spacer\"><\/div>\n\n<p><strong>Rzym, 28 listopada 1981 r.<\/strong><\/p>\n\n<p><em>W jednym pomieszczeniu zgromadzili si\u0119 przedstawiciele wszystkich grup doros\u0142ych dzia\u0142aj\u0105cych w parafii: Trzeciego Zakonu Franciszka\u0144skiego, Apostolstwa Modlitwy, grupy Wincenty\u0144skiej, grupy pomocy, grupy Neokatechumenalnej. Ojciec \u015awi\u0119ty skierowa\u0142 do nich tak\u017ce kr\u00f3tk\u0105 refleksj\u0119 duchow\u0105:<\/em><\/p>\n\n<p>\u00abR\u00f3\u017cne grupy duchowe odpowiadaj\u0105 na r\u00f3\u017cne charyzmaty: charyzmat franciszka\u0144ski, charyzmat Trzeciego Zakonu, charyzmat Wincenty\u0144ski dla grupy charytatywnej, a nast\u0119pnie charyzmat Neokatechumenalny. Jak naucza\u0142 \u015bw. Pawe\u0142, charyzmaty te tworz\u0105 cia\u0142o duchowe. R\u00f3\u017cne charyzmaty stanowi\u0105 cz\u0119\u015b\u0107 cia\u0142a duchowego i bior\u0105 swoj\u0105 w\u0142a\u015bciwo\u015b\u0107 od Ducha \u015awi\u0119tego.&#13;\nCharyzmaty s\u0105 r\u00f3\u017cne jak kom\u00f3rki cia\u0142a fizycznego, ale jeden Duch sprawia, \u017ce \u017cyj\u0105 one tym samym \u017cyciem. Mam nadziej\u0119, \u017ce przypowie\u015b\u0107 Paw\u0142a b\u0119dzie wasz\u0105 nauk\u0105, waszym celem w tej parafii i b\u0119dzie dla was \u017ar\u00f3d\u0142em pokoju i post\u0119pu duchowego\u00bb.<\/p>\n","protected":false},"excerpt":{"rendered":"<p>Wizytacja w parafii \u015bw. Franciszki Rzymianki 28-11-1981 \u015aw. Jan Pawe\u0142 II Rzym, 28 listopada 1981 r. W jednym pomieszczeniu zgromadzili si\u0119 przedstawiciele wszystkich grup doros\u0142ych dzia\u0142aj\u0105cych w parafii: Trzeciego Zakonu Franciszka\u0144skiego, Apostolstwa Modlitwy, grupy Wincenty\u0144skiej, grupy pomocy, grupy Neokatechumenalnej. Ojciec \u015awi\u0119ty skierowa\u0142 do nich tak\u017ce kr\u00f3tk\u0105 refleksj\u0119 duchow\u0105: \u00abR\u00f3\u017cne grupy duchowe odpowiadaj\u0105 na r\u00f3\u017cne charyzmaty: charyzmat franciszka\u0144ski, charyzmat Trzeciego Zakonu, charyzmat Wincenty\u0144ski dla grupy charytatywnej, a nast\u0119pnie charyzmat Neokatechumenalny. Jak<\/p>\n<div class=\"read-more\"><a class=\"btn read-more-btn\" href=\"https:\/\/neocatechumenaleiter.org\/pl\/slowa-papiezy\/sw-jan-pawel-ii\/wizytacja-w-parafii-sw-franciszki-rzymianki-28-11-1981\/\">Czytaj dalej<\/a><\/div>\n","protected":false},"author":2,"featured_media":0,"parent":16496,"menu_order":10,"comment_status":"closed","ping_status":"closed","template":"","meta":{"footnotes":""},"class_list":["post-21984","page","type-page","status-publish","hentry"],"_links":{"self":[{"href":"https:\/\/neocatechumenaleiter.org\/pl\/wp-json\/wp\/v2\/pages\/21984","targetHints":{"allow":["GET"]}}],"collection":[{"href":"https:\/\/neocatechumenaleiter.org\/pl\/wp-json\/wp\/v2\/pages"}],"about":[{"href":"https:\/\/neocatechumenaleiter.org\/pl\/wp-json\/wp\/v2\/types\/page"}],"author":[{"embeddable":true,"href":"https:\/\/neocatechumenaleiter.org\/pl\/wp-json\/wp\/v2\/users\/2"}],"replies":[{"embeddable":true,"href":"https:\/\/neocatechumenaleiter.org\/pl\/wp-json\/wp\/v2\/comments?post=21984"}],"version-history":[{"count":4,"href":"https:\/\/neocatechumenaleiter.org\/pl\/wp-json\/wp\/v2\/pages\/21984\/revisions"}],"predecessor-version":[{"id":24040,"href":"https:\/\/neocatechumenaleiter.org\/pl\/wp-json\/wp\/v2\/pages\/21984\/revisions\/24040"}],"up":[{"embeddable":true,"href":"https:\/\/neocatechumenaleiter.org\/pl\/wp-json\/wp\/v2\/pages\/16496"}],"wp:attachment":[{"href":"https:\/\/neocatechumenaleiter.org\/pl\/wp-json\/wp\/v2\/media?parent=21984"}],"curies":[{"name":"wp","href":"https:\/\/api.w.org\/{rel}","templated":true}]}}