{"id":21988,"date":"2020-03-03T13:46:37","date_gmt":"2020-03-03T12:46:37","guid":{"rendered":"https:\/\/neocatechumenaleiter.org\/slowa-papiezy\/sw-jan-pawel-ii\/wizytacja-w-parafii-sw-lucji-18-1-1987\/"},"modified":"2021-04-20T09:09:25","modified_gmt":"2021-04-20T08:09:25","slug":"wizytacja-w-parafii-sw-lucji-18-1-1987","status":"publish","type":"page","link":"https:\/\/neocatechumenaleiter.org\/pl\/slowa-papiezy\/sw-jan-pawel-ii\/wizytacja-w-parafii-sw-lucji-18-1-1987\/","title":{"rendered":"WIZYTACJA W PARAFII \u015aW. \u0141UCJI 18-1-1987"},"content":{"rendered":"\n<h1 class=\"has-text-align-center wp-block-heading\">WIZYTACJA W PARAFII \u015aW. \u0141UCJI 18-1-1987<\/h1>\n\n<div style=\"height:20px\" aria-hidden=\"true\" class=\"wp-block-spacer\"><\/div>\n\n<h4 class=\"has-text-align-center wp-block-heading\">\u015aw. Jan Pawe\u0142 II<\/h4>\n\n<div style=\"height:20px\" aria-hidden=\"true\" class=\"wp-block-spacer\"><\/div>\n\n<p><strong>Rzym, 18 stycznia 1987 r.<\/strong><\/p>\n\n<p><em>Na takim terenie, jaki obejmuje parafia \u015bw. \u0141ucji, zamieszka\u0142ym przewa\u017cnie przez warstw\u0119 \u015brednio zamo\u017cn\u0105, jednym z bardziej nagl\u0105cych problem\u00f3w jest ewangelizacja albo nowa ewangelizacja wielu oddalonych oraz o\u017cywianie wiary, kt\u00f3ra cz\u0119sto jest tylko formalna lub powierzchowna. W\u0142a\u015bnie po to, aby odpowiedzie\u0107 na te wymogi, od kilku lat jest otwarta w parafii droga neokatechumenalna. Powsta\u0142a pierwsza wsp\u00f3lnota z\u0142o\u017cona z dwudziestu pi\u0119ciu os\u00f3b, a w tym roku urodzi\u0142a si\u0119 nowa wsp\u00f3lnota.<\/em>&#013;\n&#013;\n<em>Papie\u017c spotka\u0142 si\u0119 ze wsp\u00f3lnotami neokatechumenalnymi w salce parafialnej. Pewien m\u0142odzieniec opisa\u0142 mu znaczenie rozpocz\u0119tej drogi; powiedzia\u0142, \u017ce chodzi o ma\u0142e ziarno, kt\u00f3re powinno<\/em> wzrasta\u0107,<em> lecz kt\u00f3re ju\u017c teraz chce by\u0107 punktem odniesienia dla oddalonych, aby mogli powr\u00f3ci\u0107 do Domu Ojca.<\/em>&#013;\n&#013;\n<em>Do przedstawicieli wsp\u00f3lnot neokatechumenalnych papie\u017c zwr\u00f3ci\u0142 si\u0119 z tymi s\u0142owami:<\/em><\/p>\n\n<p>\u201cC\u00f3\u017c pragn\u0119 wam powiedzie\u0107? Chcia\u0142bym wam powiedzie\u0107, \u017ce nam wszystkim brakowa\u0142o i nadal brakuje prawdziwego katechumenatu, takiego prawdziwego katechumenatu, jaki mieli chrze\u015bcijanie pierwszych pokole\u0144, takiego katechumenatu jak wasz, neokatechumenatu. Poniewa\u017c nie wystarczy by\u0107 ju\u017c ochrzczonymi, trzeba sta\u0107 si\u0119 ponownie katechumenami. Nast\u0119pnie, ju\u017c jako ochrzczeni, mo\u017cemy rozpocz\u0105\u0107 drog\u0119. I t\u0119 drog\u0119 rozpoczyna si\u0119 od razu, staj\u0105c si\u0119 czy wchodz\u0105c do tego neokatechumenatu. P\u00f3\u017aniej z tym przygotowaniem neokatechumenalnym stajecie si\u0119 tak\u017ce katechistami w\u0119drownymi, poniewa\u017c Jezus swoich najbli\u017cszych uczni\u00f3w uczyni\u0142 aposto\u0142ami, to znaczy pos\u0142anymi, czyli w\u0119drownymi. Tak\u017ce ja staram si\u0119 na\u015bladowa\u0107 troch\u0119 wasz przyk\u0142ad, lecz moje w\u0119drowanie jest o wiele mniej trudne. Tak my\u015bl\u0119.<\/p>\n\n<p>\u017bycz\u0119 wam zatem, aby\u015bcie dobrze szli t\u0105 wybran\u0105 przez was drog\u0105 oraz w tym w\u0119drowaniu, gdziekolwiek jeste\u015bcie; czy to gdy jeste\u015bcie w tej parafii czy te\u017c udajecie si\u0119 do innych parafii w Rzymie, do innych miast, do innych wsp\u00f3lnot w\u0142oskich i poza W\u0142ochami na ca\u0142ym \u015bwiecie.<\/p>\n\n<div class=\"wp-block-image\"><figure class=\"alignright size-large\"><img loading=\"lazy\" decoding=\"async\" width=\"679\" height=\"492\" src=\"https:\/\/neocatechumenaleiter.org\/wp-content\/uploads\/2020\/03\/Camino_Neocatecumenal_Juan_Pablo_II_visita_parroquia_Santa_Lucia_1987.jpg\" alt=\"\" class=\"wp-image-5211\" srcset=\"https:\/\/neocatechumenaleiter.org\/wp-content\/uploads\/2020\/03\/Camino_Neocatecumenal_Juan_Pablo_II_visita_parroquia_Santa_Lucia_1987.jpg 679w, https:\/\/neocatechumenaleiter.org\/wp-content\/uploads\/2020\/03\/Camino_Neocatecumenal_Juan_Pablo_II_visita_parroquia_Santa_Lucia_1987-300x217.jpg 300w\" sizes=\"auto, (max-width: 679px) 100vw, 679px\" \/><\/figure><\/div>\n\n<p>\u017bycz\u0119 wam, aby\u015bcie nie\u015bli ze sob\u0105 \u015bwiadectwo dojrza\u0142ej wiary. To dlatego zawsze wzywacie Maryj\u0119 Dziewic\u0119: \u201eTy\u015b uwierzy\u0142a, \u017ce spe\u0142ni si\u0119 s\u0142owo Pana\u201d. Jej wiara jest naprawd\u0119 najlepszym, najwy\u017cszym wyrazem tego, co oznacza wierzy\u0107, \u201eTy\u015b uwierzy\u0142a\u201d. Ale w jaki spos\u00f3b Maryja uwierzy\u0142a?<\/p>\n\n<p>Jest to czym\u015b wspania\u0142ym, powiedzia\u0142bym, ale to okre\u015blenie nie wystarczy. W\u0142a\u015bnie z t\u0105 dojrza\u0142\u0105 wiar\u0105 na obraz Maryi, kt\u00f3ra uwierzy\u0142a, \u017ce spe\u0142ni si\u0119 s\u0142owo Pana, wy staracie si\u0119 dotrze\u0107 do wsp\u00f3\u0142czesnego \u015bwiata, do naszych braci i si\u00f3str \u017cyj\u0105cych w tym \u015bwiecie i w tej trudnej, dalekiej od wiary epoce. Poniewa\u017c jedynie od dojrza\u0142ej wiary, od wiary \u017carliwej, mo\u017cna zapali\u0107 \u015bwiat\u0142o wiary r\u00f3wnie\u017c w innych, zw\u0142aszcza w oddalonych od Ko\u015bcio\u0142a.<\/p>\n\n<p>Z serca b\u0142ogos\u0142awi\u0119 zatem was wszystkich, b\u0142ogos\u0142awi\u0119 wasze rodziny, wasze dzieci i wasz\u0105 Drog\u0119.\u201d.<\/p>\n","protected":false},"excerpt":{"rendered":"<p>WIZYTACJA W PARAFII \u015aW. \u0141UCJI 18-1-1987 \u015aw. Jan Pawe\u0142 II Rzym, 18 stycznia 1987 r. Na takim terenie, jaki obejmuje parafia \u015bw. \u0141ucji, zamieszka\u0142ym przewa\u017cnie przez warstw\u0119 \u015brednio zamo\u017cn\u0105, jednym z bardziej nagl\u0105cych problem\u00f3w jest ewangelizacja albo nowa ewangelizacja wielu oddalonych oraz o\u017cywianie wiary, kt\u00f3ra cz\u0119sto jest tylko formalna lub powierzchowna. W\u0142a\u015bnie po to, aby odpowiedzie\u0107 na te wymogi, od kilku lat jest otwarta w parafii droga neokatechumenalna. Powsta\u0142a pierwsza<\/p>\n<div class=\"read-more\"><a class=\"btn read-more-btn\" href=\"https:\/\/neocatechumenaleiter.org\/pl\/slowa-papiezy\/sw-jan-pawel-ii\/wizytacja-w-parafii-sw-lucji-18-1-1987\/\">Czytaj dalej<\/a><\/div>\n","protected":false},"author":2,"featured_media":0,"parent":16496,"menu_order":41,"comment_status":"closed","ping_status":"closed","template":"","meta":{"footnotes":""},"class_list":["post-21988","page","type-page","status-publish","hentry"],"_links":{"self":[{"href":"https:\/\/neocatechumenaleiter.org\/pl\/wp-json\/wp\/v2\/pages\/21988","targetHints":{"allow":["GET"]}}],"collection":[{"href":"https:\/\/neocatechumenaleiter.org\/pl\/wp-json\/wp\/v2\/pages"}],"about":[{"href":"https:\/\/neocatechumenaleiter.org\/pl\/wp-json\/wp\/v2\/types\/page"}],"author":[{"embeddable":true,"href":"https:\/\/neocatechumenaleiter.org\/pl\/wp-json\/wp\/v2\/users\/2"}],"replies":[{"embeddable":true,"href":"https:\/\/neocatechumenaleiter.org\/pl\/wp-json\/wp\/v2\/comments?post=21988"}],"version-history":[{"count":3,"href":"https:\/\/neocatechumenaleiter.org\/pl\/wp-json\/wp\/v2\/pages\/21988\/revisions"}],"predecessor-version":[{"id":21991,"href":"https:\/\/neocatechumenaleiter.org\/pl\/wp-json\/wp\/v2\/pages\/21988\/revisions\/21991"}],"up":[{"embeddable":true,"href":"https:\/\/neocatechumenaleiter.org\/pl\/wp-json\/wp\/v2\/pages\/16496"}],"wp:attachment":[{"href":"https:\/\/neocatechumenaleiter.org\/pl\/wp-json\/wp\/v2\/media?parent=21988"}],"curies":[{"name":"wp","href":"https:\/\/api.w.org\/{rel}","templated":true}]}}