{"id":21992,"date":"2020-03-03T13:50:53","date_gmt":"2020-03-03T12:50:53","guid":{"rendered":"https:\/\/neocatechumenaleiter.org\/slowa-papiezy\/sw-jan-pawel-ii\/audiencja-prywatna-poslanie-trzech-rodzin-do-ameryki-lacinskiej-dla-nowej-ewangelizacji-26-4-1987\/"},"modified":"2021-04-20T09:15:52","modified_gmt":"2021-04-20T08:15:52","slug":"audiencja-prywatna-poslanie-trzech-rodzin-do-ameryki-lacinskiej-dla-nowej-ewangelizacji-26-4-1987","status":"publish","type":"page","link":"https:\/\/neocatechumenaleiter.org\/pl\/slowa-papiezy\/sw-jan-pawel-ii\/audiencja-prywatna-poslanie-trzech-rodzin-do-ameryki-lacinskiej-dla-nowej-ewangelizacji-26-4-1987\/","title":{"rendered":"AUDIENCJA PRYWATNA &#8211; POS\u0141ANIE TRZECH RODZIN DO AMERYKI \u0141ACI\u0143SKIEJ DLA \u201eNOWEJ EWANGELIZACJI\u201d 26-4-1987"},"content":{"rendered":"\n<h1 class=\"has-text-align-center wp-block-heading\">AUDIENCJA PRYWATNA &#8211; POS\u0141ANIE TRZECH RODZIN DO AMERYKI \u0141ACI\u0143SKIEJ DLA \u201eNOWEJ EWANGELIZACJI\u201d 26-4-1987<\/h1>\n\n<div style=\"height:20px\" aria-hidden=\"true\" class=\"wp-block-spacer\"><\/div>\n\n<h4 class=\"has-text-align-center wp-block-heading\">\u015aw. Jan Pawe\u0142 II<\/h4>\n\n<div style=\"height:20px\" aria-hidden=\"true\" class=\"wp-block-spacer\"><\/div>\n\n<p><strong>Watykan, 26 kwietnia 1987 r.<\/strong><\/p>\n\n<p><em>Trzy rodziny hiszpa\u0144skie, kt\u00f3re zako\u0144czy\u0142y drog\u0119 neokatechumenaln\u0105, otrzyma\u0142y od Ojca \u015bwi\u0119tego krzy\u017c, na znak pos\u0142ania, przed wyjazdem do \u201edzielnic n\u0119dzy\u201d miasta Limy w Peru.<\/em>&#013;\n&#013;\n<em>W tych aglomeracjach miejskich, pozbawionych wszelkiej struktury spo\u0142ecznej, utworzonych z sza\u0142as\u00f3w, budowanych z mat na piasku przez wie\u015bniak\u00f3w, kt\u00f3rzy tysi\u0105cami nap\u0142ywaj\u0105 do miasta, kard. Landazuri powierzy\u0142 tym rodzinom ca\u0142e tereny, gdzie obecno\u015b\u0107 Ko\u015bcio\u0142a prawie nie istnieje.<\/em><\/p>\n\n<div class=\"wp-block-image\"><figure class=\"aligncenter size-large\"><img loading=\"lazy\" decoding=\"async\" width=\"358\" height=\"293\" src=\"https:\/\/neocatechumenaleiter.org\/wp-content\/uploads\/2020\/03\/Camino_Neocatecumenal_Juan_Pablo_II_audiencia_privada_envio_familias_mision_1987.jpg\" alt=\"\" class=\"wp-image-5182\" srcset=\"https:\/\/neocatechumenaleiter.org\/wp-content\/uploads\/2020\/03\/Camino_Neocatecumenal_Juan_Pablo_II_audiencia_privada_envio_familias_mision_1987.jpg 358w, https:\/\/neocatechumenaleiter.org\/wp-content\/uploads\/2020\/03\/Camino_Neocatecumenal_Juan_Pablo_II_audiencia_privada_envio_familias_mision_1987-300x246.jpg 300w\" sizes=\"auto, (max-width: 358px) 100vw, 358px\" \/><\/figure><\/div>\n","protected":false},"excerpt":{"rendered":"<p>AUDIENCJA PRYWATNA &#8211; POS\u0141ANIE TRZECH RODZIN DO AMERYKI \u0141ACI\u0143SKIEJ DLA \u201eNOWEJ EWANGELIZACJI\u201d 26-4-1987 \u015aw. Jan Pawe\u0142 II Watykan, 26 kwietnia 1987 r. Trzy rodziny hiszpa\u0144skie, kt\u00f3re zako\u0144czy\u0142y drog\u0119 neokatechumenaln\u0105, otrzyma\u0142y od Ojca \u015bwi\u0119tego krzy\u017c, na znak pos\u0142ania, przed wyjazdem do \u201edzielnic n\u0119dzy\u201d miasta Limy w Peru.&#013; &#013; W tych aglomeracjach miejskich, pozbawionych wszelkiej struktury spo\u0142ecznej, utworzonych z sza\u0142as\u00f3w, budowanych z mat na piasku przez wie\u015bniak\u00f3w, kt\u00f3rzy tysi\u0105cami nap\u0142ywaj\u0105 do miasta,<\/p>\n<div class=\"read-more\"><a class=\"btn read-more-btn\" href=\"https:\/\/neocatechumenaleiter.org\/pl\/slowa-papiezy\/sw-jan-pawel-ii\/audiencja-prywatna-poslanie-trzech-rodzin-do-ameryki-lacinskiej-dla-nowej-ewangelizacji-26-4-1987\/\">Czytaj dalej<\/a><\/div>\n","protected":false},"author":2,"featured_media":0,"parent":16496,"menu_order":42,"comment_status":"closed","ping_status":"closed","template":"","meta":{"footnotes":""},"class_list":["post-21992","page","type-page","status-publish","hentry"],"_links":{"self":[{"href":"https:\/\/neocatechumenaleiter.org\/pl\/wp-json\/wp\/v2\/pages\/21992","targetHints":{"allow":["GET"]}}],"collection":[{"href":"https:\/\/neocatechumenaleiter.org\/pl\/wp-json\/wp\/v2\/pages"}],"about":[{"href":"https:\/\/neocatechumenaleiter.org\/pl\/wp-json\/wp\/v2\/types\/page"}],"author":[{"embeddable":true,"href":"https:\/\/neocatechumenaleiter.org\/pl\/wp-json\/wp\/v2\/users\/2"}],"replies":[{"embeddable":true,"href":"https:\/\/neocatechumenaleiter.org\/pl\/wp-json\/wp\/v2\/comments?post=21992"}],"version-history":[{"count":3,"href":"https:\/\/neocatechumenaleiter.org\/pl\/wp-json\/wp\/v2\/pages\/21992\/revisions"}],"predecessor-version":[{"id":21995,"href":"https:\/\/neocatechumenaleiter.org\/pl\/wp-json\/wp\/v2\/pages\/21992\/revisions\/21995"}],"up":[{"embeddable":true,"href":"https:\/\/neocatechumenaleiter.org\/pl\/wp-json\/wp\/v2\/pages\/16496"}],"wp:attachment":[{"href":"https:\/\/neocatechumenaleiter.org\/pl\/wp-json\/wp\/v2\/media?parent=21992"}],"curies":[{"name":"wp","href":"https:\/\/api.w.org\/{rel}","templated":true}]}}