{"id":22000,"date":"2020-03-03T13:59:54","date_gmt":"2020-03-03T12:59:54","guid":{"rendered":"https:\/\/neocatechumenaleiter.org\/slowa-papiezy\/sw-jan-pawel-ii\/slowa-papieza-podczas-apelu-jasnogorskiego-12-6-1987\/"},"modified":"2021-04-20T09:39:13","modified_gmt":"2021-04-20T08:39:13","slug":"slowa-papieza-podczas-apelu-jasnogorskiego-12-6-1987","status":"publish","type":"page","link":"https:\/\/neocatechumenaleiter.org\/pl\/slowa-papiezy\/sw-jan-pawel-ii\/slowa-papieza-podczas-apelu-jasnogorskiego-12-6-1987\/","title":{"rendered":"S\u0141OWA PAPIE\u017bA PODCZAS APELU JASNOG\u00d3RSKIEGO 12-6-1987"},"content":{"rendered":"\n<h1 class=\"has-text-align-center wp-block-heading\">S\u0141OWA PAPIE\u017bA PODCZAS APELU JASNOG\u00d3RSKIEGO 12-6-1987<\/h1>\n\n<div style=\"height:20px\" aria-hidden=\"true\" class=\"wp-block-spacer\"><\/div>\n\n<h4 class=\"has-text-align-center wp-block-heading\">\u015aw. Jan Pawe\u0142 II<\/h4>\n\n<div style=\"height:20px\" aria-hidden=\"true\" class=\"wp-block-spacer\"><\/div>\n\n<div class=\"wp-block-image\"><figure class=\"alignright size-large\"><img loading=\"lazy\" decoding=\"async\" width=\"674\" height=\"538\" src=\"https:\/\/neocatechumenaleiter.org\/wp-content\/uploads\/2020\/03\/Camino_Neocatecumenal_Juan_Pablo_II_palabras_invocacion_jasna_gora_1987.jpg\" alt=\"\" class=\"wp-image-5169\" srcset=\"https:\/\/neocatechumenaleiter.org\/wp-content\/uploads\/2020\/03\/Camino_Neocatecumenal_Juan_Pablo_II_palabras_invocacion_jasna_gora_1987.jpg 674w, https:\/\/neocatechumenaleiter.org\/wp-content\/uploads\/2020\/03\/Camino_Neocatecumenal_Juan_Pablo_II_palabras_invocacion_jasna_gora_1987-300x239.jpg 300w\" sizes=\"auto, (max-width: 674px) 100vw, 674px\" \/><\/figure><\/div>\n\n<p><strong>Polska \u2013 Sanktuarium Jasnog\u00f3rskie, 12 czerwca 1987 r.<\/strong><\/p>\n\n<p>Jan Pawe\u0142 II zako\u0144czy\u0142 pi\u0105ty dzie\u0144 swojej pielgrzymki do Polski Apelem Jasnog\u00f3rskim. odmawianym na wa\u0142ach cz\u0119stochowskiego sanktuarium w pi\u0105tek wieczorem, 12 czerwca. Apel Jasnog\u00f3rski jest wezwaniem kierowanym do Maryi, kt\u00f3re od 1957 r. ca\u0142y nar\u00f3d \u015bpiewa lub odmawia codziennie o godz. 21.<\/p>\n\n<p>Po Apelu papie\u017c wyg\u0142osi\u0142 przem\u00f3wienie, kt\u00f3rego fragment podajemy.<\/p>\n\n<p>\u00ab\u2026Maryjo, Kr\u00f3lowo Polski, jestem przy Tobie, pami\u0119tam, czuwam.&#013;\n\u2026 W tej godzinie Apelu Jasnog\u00f3rskiego, pragn\u0119 tu przywo\u0142a\u0107 my\u015bl\u0105 i sercem, ka\u017cdego cz\u0142owieka, brata i siostr\u0119, ze wszystkich stron \u015bwiata.<\/p>\n\n<p>Wszystkich tych, kt\u00f3rzy nie bali si\u0119 niebezpiecze\u0144stw i trudno\u015bci, nie zagubili wiary w idea\u0142y i prawdziwe warto\u015bci, nie utracili sensu \u017cycia i pracy, nie ust\u0105pili wobec s\u0142abo\u015bci, lecz w poczuciu solidarnej odpowiedzialno\u015bci i troski umacniaj\u0105 swoich braci w wierze i w przekonaniu, \u017ce dla chrze\u015bcijanina nie ma sytuacji bez wyj\u015bcia, \u017ce warto \u017cy\u0107 we w\u0142asnym kraju i podejmowa\u0107 tw\u00f3rcze inicjatywy, budowa\u0107 wsp\u00f3lnot\u0119 serc i umys\u0142\u00f3w ludzkich. <\/p>\n\n<div class=\"wp-block-image\"><figure class=\"alignleft size-large\"><img loading=\"lazy\" decoding=\"async\" width=\"706\" height=\"563\" src=\"https:\/\/neocatechumenaleiter.org\/wp-content\/uploads\/2020\/03\/Camino_Neocatecumenal_Juan_Pablo_II_palabras_invocacion_jasna_gora_19872.jpg\" alt=\"\" class=\"wp-image-5171\" srcset=\"https:\/\/neocatechumenaleiter.org\/wp-content\/uploads\/2020\/03\/Camino_Neocatecumenal_Juan_Pablo_II_palabras_invocacion_jasna_gora_19872.jpg 706w, https:\/\/neocatechumenaleiter.org\/wp-content\/uploads\/2020\/03\/Camino_Neocatecumenal_Juan_Pablo_II_palabras_invocacion_jasna_gora_19872-300x239.jpg 300w\" sizes=\"auto, (max-width: 706px) 100vw, 706px\" \/><\/figure><\/div>\n\n<p>Ile\u017c os\u00f3b nale\u017ca\u0142oby tu wymieni\u0107, tych, kt\u00f3rzy czyni\u0105 wzajemne dobro, ile\u017c wsp\u00f3lnot, ile\u017c \u015brodowisk, ile\u017c ruch\u00f3w! Gdy to m\u00f3wi\u0119, przychodz\u0105 mi na my\u015bl przynajmniej dwa, kt\u00f3re podczas mojej pielgrzymki daj\u0105 si\u0119 s\u0142ysze\u0107 z wi\u0119ksz\u0105 si\u0142\u0105: to s\u0105 nasze \u201eOazy&#8221; z ruchu \u201e\u015awiat\u0142o i \u017bycie\u201d, a tak\u017ce, przybyli do nas z Zachodu, \u201eNeokatechumeni\u201d: spotykam ich wsz\u0119dzie na \u015bwiecie, gdziekolwiek jad\u0119.&#013;\n&#013;\nMy\u015bla\u0142em, \u017ce mo\u017ce w Polsce ich nie ma, natomiast od pierwszego dnia zauwa\u017cam wsz\u0119dzie te same napisy, kt\u00f3re widz\u0119 w innych cz\u0119\u015bciach \u015bwiata, pisane w r\u00f3\u017cnych j\u0119zykach.<\/p>\n\n<p>A wi\u0119c s\u0105! Przybyli! Przybyli i chc\u0105, aby\u015bmy odnowili w nas samych \u015bwiadomo\u015b\u0107 chrztu, co znaczy by\u0107 chrze\u015bcijanami a\u017c do korzeni.<\/p>\n\n<p>Niech B\u00f3g ich b\u0142ogos\u0142awi!\u00bb.<\/p>\n","protected":false},"excerpt":{"rendered":"<p>S\u0141OWA PAPIE\u017bA PODCZAS APELU JASNOG\u00d3RSKIEGO 12-6-1987 \u015aw. Jan Pawe\u0142 II Polska \u2013 Sanktuarium Jasnog\u00f3rskie, 12 czerwca 1987 r. Jan Pawe\u0142 II zako\u0144czy\u0142 pi\u0105ty dzie\u0144 swojej pielgrzymki do Polski Apelem Jasnog\u00f3rskim. odmawianym na wa\u0142ach cz\u0119stochowskiego sanktuarium w pi\u0105tek wieczorem, 12 czerwca. Apel Jasnog\u00f3rski jest wezwaniem kierowanym do Maryi, kt\u00f3re od 1957 r. ca\u0142y nar\u00f3d \u015bpiewa lub odmawia codziennie o godz. 21. Po Apelu papie\u017c wyg\u0142osi\u0142 przem\u00f3wienie, kt\u00f3rego fragment podajemy. \u00ab\u2026Maryjo, Kr\u00f3lowo<\/p>\n<div class=\"read-more\"><a class=\"btn read-more-btn\" href=\"https:\/\/neocatechumenaleiter.org\/pl\/slowa-papiezy\/sw-jan-pawel-ii\/slowa-papieza-podczas-apelu-jasnogorskiego-12-6-1987\/\">Czytaj dalej<\/a><\/div>\n","protected":false},"author":2,"featured_media":0,"parent":16496,"menu_order":44,"comment_status":"closed","ping_status":"closed","template":"","meta":{"footnotes":""},"class_list":["post-22000","page","type-page","status-publish","hentry"],"_links":{"self":[{"href":"https:\/\/neocatechumenaleiter.org\/pl\/wp-json\/wp\/v2\/pages\/22000","targetHints":{"allow":["GET"]}}],"collection":[{"href":"https:\/\/neocatechumenaleiter.org\/pl\/wp-json\/wp\/v2\/pages"}],"about":[{"href":"https:\/\/neocatechumenaleiter.org\/pl\/wp-json\/wp\/v2\/types\/page"}],"author":[{"embeddable":true,"href":"https:\/\/neocatechumenaleiter.org\/pl\/wp-json\/wp\/v2\/users\/2"}],"replies":[{"embeddable":true,"href":"https:\/\/neocatechumenaleiter.org\/pl\/wp-json\/wp\/v2\/comments?post=22000"}],"version-history":[{"count":3,"href":"https:\/\/neocatechumenaleiter.org\/pl\/wp-json\/wp\/v2\/pages\/22000\/revisions"}],"predecessor-version":[{"id":22003,"href":"https:\/\/neocatechumenaleiter.org\/pl\/wp-json\/wp\/v2\/pages\/22000\/revisions\/22003"}],"up":[{"embeddable":true,"href":"https:\/\/neocatechumenaleiter.org\/pl\/wp-json\/wp\/v2\/pages\/16496"}],"wp:attachment":[{"href":"https:\/\/neocatechumenaleiter.org\/pl\/wp-json\/wp\/v2\/media?parent=22000"}],"curies":[{"name":"wp","href":"https:\/\/api.w.org\/{rel}","templated":true}]}}