{"id":22004,"date":"2020-03-03T14:03:21","date_gmt":"2020-03-03T13:03:21","guid":{"rendered":"https:\/\/neocatechumenaleiter.org\/slowa-papiezy\/sw-jan-pawel-ii\/audiencja-papieza-dla-kilku-wspolnot-neokatechumenalnych-z-hiszpanii-5-12-1987\/"},"modified":"2021-04-20T09:50:54","modified_gmt":"2021-04-20T08:50:54","slug":"audiencja-papieza-dla-kilku-wspolnot-neokatechumenalnych-z-hiszpanii-5-12-1987","status":"publish","type":"page","link":"https:\/\/neocatechumenaleiter.org\/pl\/slowa-papiezy\/sw-jan-pawel-ii\/audiencja-papieza-dla-kilku-wspolnot-neokatechumenalnych-z-hiszpanii-5-12-1987\/","title":{"rendered":"AUDIENCJA PAPIE\u017bA DLA KILKU WSP\u00d3LNOT NEOKATECHUMENALNYCH Z HISZPANII 5-12-1987"},"content":{"rendered":"\n<h1 class=\"has-text-align-center wp-block-heading\">AUDIENCJA PAPIE\u017bA DLA KILKU WSP\u00d3LNOT NEOKATECHUMENALNYCH Z HISZPANII 5-12-1987<\/h1>\n\n<div style=\"height:20px\" aria-hidden=\"true\" class=\"wp-block-spacer\"><\/div>\n\n<h4 class=\"has-text-align-center wp-block-heading\">\u015aw. Jan Pawe\u0142 II<\/h4>\n\n<div style=\"height:20px\" aria-hidden=\"true\" class=\"wp-block-spacer\"><\/div>\n\n<div class=\"wp-block-image\"><figure class=\"alignright size-medium\"><img decoding=\"async\" src=\"https:\/\/neocatechumenaleiter.org\/wp-content\/uploads\/2020\/03\/Camino_Neocatecumenal_Juan_Pablo_II_audiencia_comunidades_de_espa&#xF1;a_1987-300x248.jpg\" alt=\"\" class=\"wp-image-2033\" \/><\/figure><\/div>\n\n<p><strong>Rzym, 5 grudnia 1987 r.<\/strong><\/p>\n\n<p><em>Dzisiejszej soboty, 5 grudnia, kr\u00f3tko po godzinie 12, w Kaplicy Matyldy, Ojciec \u015bwi\u0119ty przyj\u0105\u0142 na audiencji cz\u0142onk\u00f3w wsp\u00f3lnot neokatechumenalnych z Madrytu.<\/em>&#013;\n&#013;\n<em>Oto tekst wypowiedzi Papie\u017ca:<\/em><\/p>\n\n<p>\u00abUmi\u0142owani bracia i siostry.&#013;\nPowodem g\u0142\u0119bokiego zadowolenia jest dla mnie przyjmowanie tego przedpo\u0142udnia wsp\u00f3lnot neokatechumenalnych z parafii w Madrycie: \u015bw. Rocha, \u015bw. Katarzyny Laboure, Matki Bo\u017cej \u0141askawej, oraz grupy katechist\u00f3w w\u0119drownych.<\/p>\n\n<p>Serdeczne s\u0142owa przywitania pragn\u0119 skierowa\u0107 do wszystkich i do ka\u017cdego z was. Wiem, \u017ce przybyli\u015bcie do Rzymu w zasadniczym celu odnowienia waszego wyznania wiary przy grobie Aposto\u0142a.<\/p>\n\n<p>Droga neokatechumenalna prowadzi was do rozwa\u017cania i do g\u0142\u0119bokiego do\u015bwiadczenia prawd Credo, jako \u017cyciodajnej limfy waszego bycia chrze\u015bcijanami oraz jako wymogu \u015bwiadczenia o wielko\u015bci dar\u00f3w chrzcielnych.<\/p>\n\n<div class=\"wp-block-image\"><figure class=\"alignleft size-medium\"><img decoding=\"async\" src=\"https:\/\/neocatechumenaleiter.org\/wp-content\/uploads\/2020\/03\/Camino_Neocatecumenal_Juan_Pablo_II_audiencia_comunidades_de_espa&#xF1;a_19872-300x247.jpg\" alt=\"\" class=\"wp-image-2040\" \/><\/figure><\/div>\n\n<p>S\u0142uchanie i wcielanie w \u017cycie prawd naszej wiary jest istotnym elementem wzmocnienia naszej jedno\u015bci w \u0142onie Ko\u015bcio\u0142a, naszej Matki.<\/p>\n\n<p>Dlatego prosz\u0119 Pana, aby wasza pielgrzymka do Rzymu, do centrum Ko\u015bcio\u0142a katolickiego, zakorzeni\u0142a was w powszechno\u015bci waszego chrze\u015bcija\u0144skiego zaanga\u017cowania i doda\u0142a wam odwagi na waszej drodze pos\u0142ugiwania Ewangelii jako katechi\u015bci w\u0119drowni.<\/p>\n\n<p>Wracaj\u0105c do waszych wsp\u00f3lnot w Hiszpanii i w \u015bwiecie, zanie\u015bcie wszystkim pozdrowienia papie\u017ca, kt\u00f3ry my\u015bli o wszystkich i modli si\u0119 za wszystkich z wielk\u0105 mi\u0142o\u015bci\u0105 i \u017cyw\u0105 nadziej\u0105.&#013;\nW tym Roku Maryjnym powierzam was opiece Naj\u015bwi\u0119tszej Dziewicy, kt\u00f3ra jest wzorem \u015bwi\u0119to\u015bci i pos\u0142uszna dzia\u0142aniu Ducha. Niech Ona towarzyszy wam w waszej drodze.<\/p>\n\n<p>Na znak przychylno\u015bci udzielam wam apostolskiego b\u0142ogos\u0142awie\u0144stwa\u00bb.<\/p>\n","protected":false},"excerpt":{"rendered":"<p>AUDIENCJA PAPIE\u017bA DLA KILKU WSP\u00d3LNOT NEOKATECHUMENALNYCH Z HISZPANII 5-12-1987 \u015aw. Jan Pawe\u0142 II Rzym, 5 grudnia 1987 r. Dzisiejszej soboty, 5 grudnia, kr\u00f3tko po godzinie 12, w Kaplicy Matyldy, Ojciec \u015bwi\u0119ty przyj\u0105\u0142 na audiencji cz\u0142onk\u00f3w wsp\u00f3lnot neokatechumenalnych z Madrytu.&#013; &#013; Oto tekst wypowiedzi Papie\u017ca: \u00abUmi\u0142owani bracia i siostry.&#013; Powodem g\u0142\u0119bokiego zadowolenia jest dla mnie przyjmowanie tego przedpo\u0142udnia wsp\u00f3lnot neokatechumenalnych z parafii w Madrycie: \u015bw. Rocha, \u015bw. Katarzyny Laboure, Matki Bo\u017cej<\/p>\n<div class=\"read-more\"><a class=\"btn read-more-btn\" href=\"https:\/\/neocatechumenaleiter.org\/pl\/slowa-papiezy\/sw-jan-pawel-ii\/audiencja-papieza-dla-kilku-wspolnot-neokatechumenalnych-z-hiszpanii-5-12-1987\/\">Czytaj dalej<\/a><\/div>\n","protected":false},"author":2,"featured_media":0,"parent":16496,"menu_order":45,"comment_status":"closed","ping_status":"closed","template":"","meta":{"footnotes":""},"class_list":["post-22004","page","type-page","status-publish","hentry"],"_links":{"self":[{"href":"https:\/\/neocatechumenaleiter.org\/pl\/wp-json\/wp\/v2\/pages\/22004","targetHints":{"allow":["GET"]}}],"collection":[{"href":"https:\/\/neocatechumenaleiter.org\/pl\/wp-json\/wp\/v2\/pages"}],"about":[{"href":"https:\/\/neocatechumenaleiter.org\/pl\/wp-json\/wp\/v2\/types\/page"}],"author":[{"embeddable":true,"href":"https:\/\/neocatechumenaleiter.org\/pl\/wp-json\/wp\/v2\/users\/2"}],"replies":[{"embeddable":true,"href":"https:\/\/neocatechumenaleiter.org\/pl\/wp-json\/wp\/v2\/comments?post=22004"}],"version-history":[{"count":7,"href":"https:\/\/neocatechumenaleiter.org\/pl\/wp-json\/wp\/v2\/pages\/22004\/revisions"}],"predecessor-version":[{"id":22011,"href":"https:\/\/neocatechumenaleiter.org\/pl\/wp-json\/wp\/v2\/pages\/22004\/revisions\/22011"}],"up":[{"embeddable":true,"href":"https:\/\/neocatechumenaleiter.org\/pl\/wp-json\/wp\/v2\/pages\/16496"}],"wp:attachment":[{"href":"https:\/\/neocatechumenaleiter.org\/pl\/wp-json\/wp\/v2\/media?parent=22004"}],"curies":[{"name":"wp","href":"https:\/\/api.w.org\/{rel}","templated":true}]}}