{"id":22012,"date":"2020-03-29T05:43:48","date_gmt":"2020-03-29T04:43:48","guid":{"rendered":"https:\/\/neocatechumenaleiter.org\/slowa-papiezy\/sw-jan-pawel-ii\/audiencja-dla-niektorych-wspolnot-po-odspiewaniu-credo-12-xii-1987\/"},"modified":"2021-04-20T11:46:15","modified_gmt":"2021-04-20T10:46:15","slug":"audiencja-dla-niektorych-wspolnot-po-odspiewaniu-credo-12-xii-1987","status":"publish","type":"page","link":"https:\/\/neocatechumenaleiter.org\/pl\/slowa-papiezy\/sw-jan-pawel-ii\/audiencja-dla-niektorych-wspolnot-po-odspiewaniu-credo-12-xii-1987\/","title":{"rendered":"AUDIENCJA DLA NIEKT\u00d3RYCH WSP\u00d3LNOT PO OD\u015aPIEWANIU \u201eCREDO\u201d 12-XII-1987"},"content":{"rendered":"\n<h1 class=\"has-text-align-center wp-block-heading\">AUDIENCJA DLA NIEKT\u00d3RYCH WSP\u00d3LNOT PO OD\u015aPIEWANIU \u201eCREDO\u201d 12-XII-1987<\/h1>\n\n<div style=\"height:22px\" aria-hidden=\"true\" class=\"wp-block-spacer\"><\/div>\n\n<h4 class=\"has-text-align-center wp-block-heading\">\u015aw. Jan Pawe\u0142 II<\/h4>\n\n<div style=\"height:20px\" aria-hidden=\"true\" class=\"wp-block-spacer\"><\/div>\n\n<p><strong>Watykan &#8211; Sala Klementy\u0144ska, 12 grudnia 1987 r.<\/strong><\/p>\n\n<p><em>Ojciec \u015bwi\u0119ty przyj\u0105\u0142 dzisiaj rano na audiencji grup\u0119 wsp\u00f3lnot neokatechumenalnych z Palermo, Katanii, Perugii, Florencji<\/em> i<em> Rzymu, kt\u00f3re wobec papie\u017ca, nast\u0119pcy Piotra, pragn\u0119\u0142y odnowi\u0107 swoje wyznanie wiary.<\/em>&#013;\n&#013;\n<em>Przytaczamy spontaniczn\u0105 wypowied\u017a papie\u017ca:<\/em><\/p>\n\n<p>Pragn\u0119 powiedzie\u0107, bez zb\u0119dnych s\u0142\u00f3w, \u017ce wiar\u0119 nale\u017cy wyznawa\u0107, trzeba j\u0105 wy\u015bpiewywa\u0107, wiar\u0105 trzeba \u017cy\u0107. I taka jest wasza droga, jest to r\u00f3wnie\u017c nasza droga; nas wszystkich.<\/p>\n\n<p>Owszem z wiar\u0105 nale\u017cy przychodzi\u0107 do \u015bw. Piotra, do jego grobu, do miejsca, gdzie zosta\u0142 ochrzczony, gdzie da\u0142 \u015bwiadectwo Chrystusowi umar\u0142emu i zmartwychwsta\u0142emu. I t\u0105 wiar\u0105 nale\u017cy r\u00f3wnie\u017c wzbudza\u0107 niekiedy zaskoczenie turyst\u00f3w; wzbudzacie zaskoczenie wszystkich tych, kt\u00f3rzy my\u015bl\u0105, \u017ce w tym mie\u015bcie mo\u017cna by\u0107 tylko turyst\u0105. Powinni zrozumie\u0107, \u017ce tutaj nie przychodzi si\u0119 tylko w charakterze turyst\u00f3w, ale trzeba by\u0107 pielgrzymami.<\/p>\n\n<p><em>Wystarczy! Znajdziecie inn\u0105 wypowied\u017a, o wiele d\u0142u\u017csz\u0105, w \u201eL\u2019Osservatore Romano\u201d.<\/em>&#013;\n&#013;\n<em>(*) Z nagrania na \u017cywo.<\/em><\/p>\n\n<div class=\"wp-block-image\"><figure class=\"aligncenter size-large\"><img loading=\"lazy\" decoding=\"async\" width=\"700\" height=\"562\" src=\"https:\/\/neocatechumenaleiter.org\/wp-content\/uploads\/2020\/03\/Camino_Neocatecumenal_Juan_Pablo_II_audiencia_sala_clementina_1987.jpg\" alt=\"\" class=\"wp-image-5131\" srcset=\"https:\/\/neocatechumenaleiter.org\/wp-content\/uploads\/2020\/03\/Camino_Neocatecumenal_Juan_Pablo_II_audiencia_sala_clementina_1987.jpg 700w, https:\/\/neocatechumenaleiter.org\/wp-content\/uploads\/2020\/03\/Camino_Neocatecumenal_Juan_Pablo_II_audiencia_sala_clementina_1987-300x241.jpg 300w\" sizes=\"auto, (max-width: 700px) 100vw, 700px\" \/><\/figure><\/div>\n","protected":false},"excerpt":{"rendered":"<p>AUDIENCJA DLA NIEKT\u00d3RYCH WSP\u00d3LNOT PO OD\u015aPIEWANIU \u201eCREDO\u201d 12-XII-1987 \u015aw. Jan Pawe\u0142 II Watykan &#8211; Sala Klementy\u0144ska, 12 grudnia 1987 r. Ojciec \u015bwi\u0119ty przyj\u0105\u0142 dzisiaj rano na audiencji grup\u0119 wsp\u00f3lnot neokatechumenalnych z Palermo, Katanii, Perugii, Florencji i Rzymu, kt\u00f3re wobec papie\u017ca, nast\u0119pcy Piotra, pragn\u0119\u0142y odnowi\u0107 swoje wyznanie wiary.&#013; &#013; Przytaczamy spontaniczn\u0105 wypowied\u017a papie\u017ca: Pragn\u0119 powiedzie\u0107, bez zb\u0119dnych s\u0142\u00f3w, \u017ce wiar\u0119 nale\u017cy wyznawa\u0107, trzeba j\u0105 wy\u015bpiewywa\u0107, wiar\u0105 trzeba \u017cy\u0107. I taka jest<\/p>\n<div class=\"read-more\"><a class=\"btn read-more-btn\" href=\"https:\/\/neocatechumenaleiter.org\/pl\/slowa-papiezy\/sw-jan-pawel-ii\/audiencja-dla-niektorych-wspolnot-po-odspiewaniu-credo-12-xii-1987\/\">Czytaj dalej<\/a><\/div>\n","protected":false},"author":2,"featured_media":0,"parent":16496,"menu_order":46,"comment_status":"closed","ping_status":"closed","template":"","meta":{"footnotes":""},"class_list":["post-22012","page","type-page","status-publish","hentry"],"_links":{"self":[{"href":"https:\/\/neocatechumenaleiter.org\/pl\/wp-json\/wp\/v2\/pages\/22012","targetHints":{"allow":["GET"]}}],"collection":[{"href":"https:\/\/neocatechumenaleiter.org\/pl\/wp-json\/wp\/v2\/pages"}],"about":[{"href":"https:\/\/neocatechumenaleiter.org\/pl\/wp-json\/wp\/v2\/types\/page"}],"author":[{"embeddable":true,"href":"https:\/\/neocatechumenaleiter.org\/pl\/wp-json\/wp\/v2\/users\/2"}],"replies":[{"embeddable":true,"href":"https:\/\/neocatechumenaleiter.org\/pl\/wp-json\/wp\/v2\/comments?post=22012"}],"version-history":[{"count":3,"href":"https:\/\/neocatechumenaleiter.org\/pl\/wp-json\/wp\/v2\/pages\/22012\/revisions"}],"predecessor-version":[{"id":22015,"href":"https:\/\/neocatechumenaleiter.org\/pl\/wp-json\/wp\/v2\/pages\/22012\/revisions\/22015"}],"up":[{"embeddable":true,"href":"https:\/\/neocatechumenaleiter.org\/pl\/wp-json\/wp\/v2\/pages\/16496"}],"wp:attachment":[{"href":"https:\/\/neocatechumenaleiter.org\/pl\/wp-json\/wp\/v2\/media?parent=22012"}],"curies":[{"name":"wp","href":"https:\/\/api.w.org\/{rel}","templated":true}]}}