{"id":22016,"date":"2020-03-03T14:10:34","date_gmt":"2020-03-03T13:10:34","guid":{"rendered":"https:\/\/neocatechumenaleiter.org\/slowa-papiezy\/sw-jan-pawel-ii\/audiencja-prywatna-rozeslanie-trzydziestu-szesciu-rodzin-dla-nowej-ewangelizacji-27-12-1987\/"},"modified":"2021-04-20T11:59:02","modified_gmt":"2021-04-20T10:59:02","slug":"audiencja-prywatna-rozeslanie-trzydziestu-szesciu-rodzin-dla-nowej-ewangelizacji-27-12-1987","status":"publish","type":"page","link":"https:\/\/neocatechumenaleiter.org\/pl\/slowa-papiezy\/sw-jan-pawel-ii\/audiencja-prywatna-rozeslanie-trzydziestu-szesciu-rodzin-dla-nowej-ewangelizacji-27-12-1987\/","title":{"rendered":"AUDIENCJA PRYWATNA &#8211; ROZES\u0141ANIE TRZYDZIESTU SZE\u015aCIU RODZIN DLA \u201eNOWEJ EWANGELIZACJI\u201d 27-12-1987"},"content":{"rendered":"\n<h1 class=\"has-text-align-center wp-block-heading\">AUDIENCJA PRYWATNA &#8211; ROZES\u0141ANIE TRZYDZIESTU SZE\u015aCIU RODZIN DLA \u201eNOWEJ EWANGELIZACJI\u201d 27-12-1987<\/h1>\n\n<div style=\"height:20px\" aria-hidden=\"true\" class=\"wp-block-spacer\"><\/div>\n\n<h4 class=\"has-text-align-center wp-block-heading\">\u015aw. Jan Pawe\u0142 II<\/h4>\n\n<div style=\"height:20px\" aria-hidden=\"true\" class=\"wp-block-spacer\"><\/div>\n\n<p><strong>\u015awi\u0119to \u015awi\u0119tej Rodziny, Castel Gandolfo, 27 grudnia 1987 r.<\/strong><\/p>\n\n<p><em>Trzydzie\u015bci sze\u015b\u0107 rodzin, nale\u017c\u0105cych do r\u00f3\u017cnych wsp\u00f3lnot neokatechumenalnych, otrzyma\u0142o z r\u0105k papie\u017ca krzy\u017c, kt\u00f3ry towarzyszy\u0107 im b\u0119dzie w miejscach misji, do kt\u00f3rych zamierzaj\u0105 wyjecha\u0107. Prosta ceremonia wr\u0119czenia krzy\u017ca mia\u0142a miejsce w niedziel\u0119, 27 grudnia, w Salonie Szwajcarskim papieskiego pa\u0142acu w Castel Gandolfo, po tradycyjnym, maryjnym spotkaniu papie\u017ca z wiernymi na niedzielnej modlitwie Anio\u0142 Pa\u0144ski.<\/em><\/p>\n\n<p><em>Do obecnych rodzin papie\u017c zwr\u00f3ci\u0142 si\u0119 z nast\u0119puj\u0105cymi s\u0142owami:<\/em><\/p>\n\n<p>\u00abNajdro\u017csi przyjaciele, dzi\u0119kuj\u0119 wam za wasz\u0105 dzisiejsz\u0105 wizyt\u0119 w Castel Gandolfo, w tak znacz\u0105cym dniu okresu Bo\u017cego Narodzenia. \u015awi\u0119te Narodzenie Pa\u0144skie obchodzi si\u0119 jako wielk\u0105 uroczysto\u015b\u0107 liturgiczn\u0105, z wielk\u0105 rado\u015bci\u0105 i udzia\u0142em ludu; ale mo\u017ce niewystarczaj\u0105co zdajemy sobie spraw\u0119 z tego, czym jest \u015awi\u0119te Narodzenie Pa\u0144skie.<\/p>\n\n<p>\u015awi\u0119te Narodzenie Pa\u0144skie jest pocz\u0105tkiem Bo\u017cej misji mi\u0119dzy lud\u017ami: B\u00f3g, kt\u00f3ry rodzi si\u0119 jako syn cz\u0142owieczy z niewiasty, jest pos\u0142any przez Ojca niebieskiego; rodzi si\u0119, aby wype\u0142ni\u0107 to pos\u0142annictwo. St\u0105d zaraz po \u015bwi\u0119cie Bo\u017cego Narodzenia obchodzi si\u0119 dzisiejsze \u015bwi\u0119to: \u015awi\u0119tej Rodziny. Jest to bardzo znacz\u0105ce. Oznacza, \u017ce ta Bo\u017ca misja przez wcielenie S\u0142owa Bo\u017cego staje si\u0119 ludzka, ta misja zostaje powierzona przede wszystkim rodzinie.<\/p>\n\n<p>W tym spotkaniu i w rozwoju waszej drogi neokatechumenalnej oraz w misyjnym planie powierzonym r\u00f3\u017cnym rodzinom \u2013 nie pojedynczym osobom, lecz ca\u0142ym rodzinom \u2013 widz\u0119 aktualizacj\u0119, urzeczywistnienie tego znamiennego wydarzenia, kt\u00f3re nale\u017cy do historii zbawienia, do historii Bo\u017cego pos\u0142annictwa po\u015br\u00f3d ca\u0142ej rodziny ludzkiej; po\u015br\u00f3d ludzi, po\u015br\u00f3d rodzaju ludzkiego. \u017bycz\u0119 wam, aby\u015bcie uczestniczyli w tej Bo\u017cej misji powierzonej \u015awi\u0119tej Rodzinie, zw\u0142aszcza przez wasze \u017cycie rodzinne, wierne temu, co sam B\u00f3g chce, aby stanowi\u0142o ludzk\u0105 rodzin\u0119 i co ukaza\u0142 w \u015awi\u0119tej Rodzinie z Nazaretu.<\/p>\n\n<p>Misja z kolei wzywa was \u201e<em>ad extra<\/em>\u201d (na zewn\u0105trz), bo misja oznacza i\u015b\u0107 i naucza\u0107, czyli to, co Jezus powiedzia\u0142 Aposto\u0142om na ko\u0144cu swego mesja\u0144skiego pos\u0142annictwa na tej ziemi. Ale Sob\u00f3r Watyka\u0144ski II bardzo dobrze uczy, \u017ce tych Dwunastu by\u0142o przedstawicielami ca\u0142ego nowego Izraela, naturalnie w\u0142\u0105czaj\u0105c rodzin\u0119, kt\u00f3ra jest podstawow\u0105 kom\u00f3rk\u0105 ka\u017cdego narodu, starego i nowego Izraela. St\u0105d w misj\u0119 Aposto\u0142\u00f3w trzeba w\u0142\u0105czy\u0107 rodziny \u2013 staramy si\u0119 ponownie to odkrywa\u0107, poniewa\u017c by\u0107 mo\u017ce zosta\u0142o to troch\u0119 zakryte, nie by\u0142o wystarczaj\u0105co doceniane, nie by\u0142o wystarczaj\u0105co aktualizowane, chocia\u017c w Ko\u015bciele istniej\u0105 liczne i dobre tradycje, dotycz\u0105ce rodziny chrze\u015bcija\u0144skiej; jednak ta cecha misyjna jest pewn\u0105 nowo\u015bci\u0105. A powiew waszego ruchu, albo lepiej waszej drogi, stara si\u0119 odkry\u0107 w\u0142a\u015bnie t\u0119 misyjn\u0105 nowo\u015b\u0107 rodziny: Ko\u015bci\u00f3\u0142 \u201e<em>w stanie misji<\/em>\u201d, ca\u0142y Ko\u015bci\u00f3\u0142 misyjny, rodzina \u201e<em>w stanie misji<\/em>\u201d.<\/p>\n\n<p>\u017bycz\u0119 wam, aby\u015bcie dobrze szli \u2013 i\u015b\u0107 oznacza tak\u017ce by\u0107 w ruchu \u2013 t\u0105 drog\u0105, kt\u00f3r\u0105 odnale\u017ali\u015bcie na drodze neokatechumenalnej. <\/p>\n\n<p>I pragn\u0119 udzieli\u0107 b\u0142ogos\u0142awie\u0144stwa wszystkim wam obecnym, tym, kt\u00f3rzy przygotowuj\u0105 si\u0119 do misji w dalekich krajach; mo\u017ce nie zawsze odleg\u0142ych geograficznie, lecz bardzo cz\u0119sto odleg\u0142ych duchowo, tzn. oddalonych od wiary, od chrze\u015bcija\u0144skiej wizji \u017cycia. <\/p>\n\n<p>Taka jest misja rodziny \u2013 aby dotrze\u0107 do rodziny oddalonej, kt\u00f3ra oddali\u0142a si\u0119 od wiary, potrzeba obecno\u015bci rodziny, \u015bwiadectwa rodziny, apostolstwa rodziny\u00bb.<\/p>\n\n<figure class=\"wp-block-gallery columns-3 is-cropped wp-block-gallery-1 is-layout-flex wp-block-gallery-is-layout-flex\"><ul class=\"blocks-gallery-grid\"><li class=\"blocks-gallery-item\"><figure><img loading=\"lazy\" decoding=\"async\" width=\"703\" height=\"536\" src=\"https:\/\/neocatechumenaleiter.org\/wp-content\/uploads\/2020\/03\/Camino_Neocatecumenal_Juan_Pablo_II_audiencia_privada_envio_36_familias_mision_1987.jpg\" alt=\"\" data-id=\"2075\" data-full-url=\"https:\/\/neocatechumenaleiter.org\/wp-content\/uploads\/2020\/03\/Camino_Neocatecumenal_Juan_Pablo_II_audiencia_privada_envio_36_familias_mision_1987.jpg\" data-link=\"https:\/\/neocatechumenaleiter.org\/?attachment_id=2075\" class=\"wp-image-5127\" srcset=\"https:\/\/neocatechumenaleiter.org\/wp-content\/uploads\/2020\/03\/Camino_Neocatecumenal_Juan_Pablo_II_audiencia_privada_envio_36_familias_mision_1987.jpg 703w, https:\/\/neocatechumenaleiter.org\/wp-content\/uploads\/2020\/03\/Camino_Neocatecumenal_Juan_Pablo_II_audiencia_privada_envio_36_familias_mision_1987-300x229.jpg 300w\" sizes=\"auto, (max-width: 703px) 100vw, 703px\" \/><\/figure><\/li><li class=\"blocks-gallery-item\"><figure><img loading=\"lazy\" decoding=\"async\" width=\"701\" height=\"569\" src=\"https:\/\/neocatechumenaleiter.org\/wp-content\/uploads\/2020\/03\/Camino_Neocatecumenal_Juan_Pablo_II_audiencia_privada_envio_36_familias_mision_19873.jpg\" alt=\"\" data-id=\"2068\" data-full-url=\"https:\/\/neocatechumenaleiter.org\/wp-content\/uploads\/2020\/03\/Camino_Neocatecumenal_Juan_Pablo_II_audiencia_privada_envio_36_familias_mision_19873.jpg\" data-link=\"https:\/\/neocatechumenaleiter.org\/?attachment_id=2068\" class=\"wp-image-5125\" srcset=\"https:\/\/neocatechumenaleiter.org\/wp-content\/uploads\/2020\/03\/Camino_Neocatecumenal_Juan_Pablo_II_audiencia_privada_envio_36_familias_mision_19873.jpg 701w, https:\/\/neocatechumenaleiter.org\/wp-content\/uploads\/2020\/03\/Camino_Neocatecumenal_Juan_Pablo_II_audiencia_privada_envio_36_familias_mision_19873-300x244.jpg 300w\" sizes=\"auto, (max-width: 701px) 100vw, 701px\" \/><\/figure><\/li><li class=\"blocks-gallery-item\"><figure><img loading=\"lazy\" decoding=\"async\" width=\"768\" height=\"535\" src=\"https:\/\/neocatechumenaleiter.org\/wp-content\/uploads\/2020\/03\/Camino_Neocatecumenal_Juan_Pablo_II_audiencia_privada_envio_36_familias_mision_19872.jpg\" alt=\"\" data-id=\"2061\" data-full-url=\"https:\/\/neocatechumenaleiter.org\/wp-content\/uploads\/2020\/03\/Camino_Neocatecumenal_Juan_Pablo_II_audiencia_privada_envio_36_familias_mision_19872.jpg\" data-link=\"https:\/\/neocatechumenaleiter.org\/?attachment_id=2061\" class=\"wp-image-5123\" srcset=\"https:\/\/neocatechumenaleiter.org\/wp-content\/uploads\/2020\/03\/Camino_Neocatecumenal_Juan_Pablo_II_audiencia_privada_envio_36_familias_mision_19872.jpg 768w, https:\/\/neocatechumenaleiter.org\/wp-content\/uploads\/2020\/03\/Camino_Neocatecumenal_Juan_Pablo_II_audiencia_privada_envio_36_familias_mision_19872-300x209.jpg 300w\" sizes=\"auto, (max-width: 768px) 100vw, 768px\" \/><\/figure><\/li><\/ul><\/figure>","protected":false},"excerpt":{"rendered":"<p>AUDIENCJA PRYWATNA &#8211; ROZES\u0141ANIE TRZYDZIESTU SZE\u015aCIU RODZIN DLA \u201eNOWEJ EWANGELIZACJI\u201d 27-12-1987 \u015aw. Jan Pawe\u0142 II \u015awi\u0119to \u015awi\u0119tej Rodziny, Castel Gandolfo, 27 grudnia 1987 r. Trzydzie\u015bci sze\u015b\u0107 rodzin, nale\u017c\u0105cych do r\u00f3\u017cnych wsp\u00f3lnot neokatechumenalnych, otrzyma\u0142o z r\u0105k papie\u017ca krzy\u017c, kt\u00f3ry towarzyszy\u0107 im b\u0119dzie w miejscach misji, do kt\u00f3rych zamierzaj\u0105 wyjecha\u0107. Prosta ceremonia wr\u0119czenia krzy\u017ca mia\u0142a miejsce w niedziel\u0119, 27 grudnia, w Salonie Szwajcarskim papieskiego pa\u0142acu w Castel Gandolfo, po tradycyjnym, maryjnym spotkaniu<\/p>\n<div class=\"read-more\"><a class=\"btn read-more-btn\" href=\"https:\/\/neocatechumenaleiter.org\/pl\/slowa-papiezy\/sw-jan-pawel-ii\/audiencja-prywatna-rozeslanie-trzydziestu-szesciu-rodzin-dla-nowej-ewangelizacji-27-12-1987\/\">Czytaj dalej<\/a><\/div>\n","protected":false},"author":2,"featured_media":0,"parent":16496,"menu_order":47,"comment_status":"closed","ping_status":"closed","template":"","meta":{"footnotes":""},"class_list":["post-22016","page","type-page","status-publish","hentry"],"_links":{"self":[{"href":"https:\/\/neocatechumenaleiter.org\/pl\/wp-json\/wp\/v2\/pages\/22016","targetHints":{"allow":["GET"]}}],"collection":[{"href":"https:\/\/neocatechumenaleiter.org\/pl\/wp-json\/wp\/v2\/pages"}],"about":[{"href":"https:\/\/neocatechumenaleiter.org\/pl\/wp-json\/wp\/v2\/types\/page"}],"author":[{"embeddable":true,"href":"https:\/\/neocatechumenaleiter.org\/pl\/wp-json\/wp\/v2\/users\/2"}],"replies":[{"embeddable":true,"href":"https:\/\/neocatechumenaleiter.org\/pl\/wp-json\/wp\/v2\/comments?post=22016"}],"version-history":[{"count":7,"href":"https:\/\/neocatechumenaleiter.org\/pl\/wp-json\/wp\/v2\/pages\/22016\/revisions"}],"predecessor-version":[{"id":22023,"href":"https:\/\/neocatechumenaleiter.org\/pl\/wp-json\/wp\/v2\/pages\/22016\/revisions\/22023"}],"up":[{"embeddable":true,"href":"https:\/\/neocatechumenaleiter.org\/pl\/wp-json\/wp\/v2\/pages\/16496"}],"wp:attachment":[{"href":"https:\/\/neocatechumenaleiter.org\/pl\/wp-json\/wp\/v2\/media?parent=22016"}],"curies":[{"name":"wp","href":"https:\/\/api.w.org\/{rel}","templated":true}]}}