{"id":22044,"date":"2020-03-03T15:13:35","date_gmt":"2020-03-03T14:13:35","guid":{"rendered":"https:\/\/neocatechumenaleiter.org\/slowa-papiezy\/sw-jan-pawel-ii\/wigilia-paschalna-w-bazylice-sw-piotra-uroczyste-odnowienie-przyrzeczen-chrzcielnych-na-zakonczenie-drogi-neokatechumenalnej-3-4-1988\/"},"modified":"2021-04-20T16:01:00","modified_gmt":"2021-04-20T15:01:00","slug":"wigilia-paschalna-w-bazylice-sw-piotra-uroczyste-odnowienie-przyrzeczen-chrzcielnych-na-zakonczenie-drogi-neokatechumenalnej-3-4-1988","status":"publish","type":"page","link":"https:\/\/neocatechumenaleiter.org\/pl\/slowa-papiezy\/sw-jan-pawel-ii\/wigilia-paschalna-w-bazylice-sw-piotra-uroczyste-odnowienie-przyrzeczen-chrzcielnych-na-zakonczenie-drogi-neokatechumenalnej-3-4-1988\/","title":{"rendered":"WIGILIA PASCHALNA W BAZYLICE \u015aW. PIOTRA. UROCZYSTE ODNOWIENIE PRZYRZECZE\u0143 CHRZCIELNYCH NA ZAKO\u0143CZENIE DROGI NEOKATECHUMENALNEJ 3-4-1988"},"content":{"rendered":"\n<h1 class=\"has-text-align-center wp-block-heading\">WIGILIA PASCHALNA W BAZYLICE \u015aW. PIOTRA. UROCZYSTE ODNOWIENIE PRZYRZECZE\u0143 CHRZCIELNYCH NA ZAKO\u0143CZENIE DROGI NEOKATECHUMENALNEJ 3-4-1988<\/h1>\n\n<div style=\"height:20px\" aria-hidden=\"true\" class=\"wp-block-spacer\"><\/div>\n\n<h4 class=\"has-text-align-center wp-block-heading\">\u015aw. Jan Pawe\u0142 II<\/h4>\n\n<div style=\"height:20px\" aria-hidden=\"true\" class=\"wp-block-spacer\"><\/div>\n\n<p><strong>Rzym, Bazylika Watyka\u0144ska, Pascha 1988<\/strong><\/p>\n\n<p><em>Bracia ze wsp\u00f3lnot neokatechumenalnych z madryckich parafii Matki Bo\u017cej \u0141askawej, \u015bw. J\u00f3zefa i \u015bw. Sebastiana uroczy\u015bcie odnowili przyrzeczenia chrzcielne na zako\u0144czenie drogi neokatechumenalnej.<\/em>&#013;\n&#013;\n<em>Ubrani w bia\u0142e szaty uczestniczyli w Wigilii Paschalnej. Towarzyszyli im katechi\u015bci oraz pierwsza wsp\u00f3lnota z parafii M\u0119czennik\u00f3w Kanadyjskich.<\/em><\/p>\n\n<div class=\"wp-block-image\"><figure class=\"aligncenter size-large\"><img loading=\"lazy\" decoding=\"async\" width=\"768\" height=\"516\" src=\"https:\/\/neocatechumenaleiter.org\/wp-content\/uploads\/2020\/03\/Camino_Neocatecumenal_Juan_Pablo_II_vigilia_pascual_hermanos_vestidura_blanca_comunidades_Madrid_1988.jpg\" alt=\"\" class=\"wp-image-5111\" srcset=\"https:\/\/neocatechumenaleiter.org\/wp-content\/uploads\/2020\/03\/Camino_Neocatecumenal_Juan_Pablo_II_vigilia_pascual_hermanos_vestidura_blanca_comunidades_Madrid_1988.jpg 768w, https:\/\/neocatechumenaleiter.org\/wp-content\/uploads\/2020\/03\/Camino_Neocatecumenal_Juan_Pablo_II_vigilia_pascual_hermanos_vestidura_blanca_comunidades_Madrid_1988-300x202.jpg 300w\" sizes=\"auto, (max-width: 768px) 100vw, 768px\" \/><\/figure><\/div>\n","protected":false},"excerpt":{"rendered":"<p>WIGILIA PASCHALNA W BAZYLICE \u015aW. PIOTRA. UROCZYSTE ODNOWIENIE PRZYRZECZE\u0143 CHRZCIELNYCH NA ZAKO\u0143CZENIE DROGI NEOKATECHUMENALNEJ 3-4-1988 \u015aw. Jan Pawe\u0142 II Rzym, Bazylika Watyka\u0144ska, Pascha 1988 Bracia ze wsp\u00f3lnot neokatechumenalnych z madryckich parafii Matki Bo\u017cej \u0141askawej, \u015bw. J\u00f3zefa i \u015bw. Sebastiana uroczy\u015bcie odnowili przyrzeczenia chrzcielne na zako\u0144czenie drogi neokatechumenalnej.&#013; &#013; Ubrani w bia\u0142e szaty uczestniczyli w Wigilii Paschalnej. Towarzyszyli im katechi\u015bci oraz pierwsza wsp\u00f3lnota z parafii M\u0119czennik\u00f3w Kanadyjskich.<\/p>\n","protected":false},"author":2,"featured_media":0,"parent":16496,"menu_order":51,"comment_status":"closed","ping_status":"closed","template":"","meta":{"footnotes":""},"class_list":["post-22044","page","type-page","status-publish","hentry"],"_links":{"self":[{"href":"https:\/\/neocatechumenaleiter.org\/pl\/wp-json\/wp\/v2\/pages\/22044","targetHints":{"allow":["GET"]}}],"collection":[{"href":"https:\/\/neocatechumenaleiter.org\/pl\/wp-json\/wp\/v2\/pages"}],"about":[{"href":"https:\/\/neocatechumenaleiter.org\/pl\/wp-json\/wp\/v2\/types\/page"}],"author":[{"embeddable":true,"href":"https:\/\/neocatechumenaleiter.org\/pl\/wp-json\/wp\/v2\/users\/2"}],"replies":[{"embeddable":true,"href":"https:\/\/neocatechumenaleiter.org\/pl\/wp-json\/wp\/v2\/comments?post=22044"}],"version-history":[{"count":3,"href":"https:\/\/neocatechumenaleiter.org\/pl\/wp-json\/wp\/v2\/pages\/22044\/revisions"}],"predecessor-version":[{"id":22047,"href":"https:\/\/neocatechumenaleiter.org\/pl\/wp-json\/wp\/v2\/pages\/22044\/revisions\/22047"}],"up":[{"embeddable":true,"href":"https:\/\/neocatechumenaleiter.org\/pl\/wp-json\/wp\/v2\/pages\/16496"}],"wp:attachment":[{"href":"https:\/\/neocatechumenaleiter.org\/pl\/wp-json\/wp\/v2\/media?parent=22044"}],"curies":[{"name":"wp","href":"https:\/\/api.w.org\/{rel}","templated":true}]}}