{"id":22048,"date":"2020-03-03T15:16:35","date_gmt":"2020-03-03T14:16:35","guid":{"rendered":"https:\/\/neocatechumenaleiter.org\/slowa-papiezy\/sw-jan-pawel-ii\/wizytacja-w-parafii-nmp-matki-zbawiciela-10-4-1988\/"},"modified":"2021-04-20T16:07:52","modified_gmt":"2021-04-20T15:07:52","slug":"wizytacja-w-parafii-nmp-matki-zbawiciela-10-4-1988","status":"publish","type":"page","link":"https:\/\/neocatechumenaleiter.org\/pl\/slowa-papiezy\/sw-jan-pawel-ii\/wizytacja-w-parafii-nmp-matki-zbawiciela-10-4-1988\/","title":{"rendered":"WIZYTACJA W PARAFII NMP MATKI ZBAWICIELA 10-4-1988"},"content":{"rendered":"\n<h1 class=\"has-text-align-center wp-block-heading\">WIZYTACJA W PARAFII NMP MATKI ZBAWICIELA 10-4-1988<\/h1>\n\n<div style=\"height:20px\" aria-hidden=\"true\" class=\"wp-block-spacer\"><\/div>\n\n<h4 class=\"has-text-align-center wp-block-heading\">\u015aw. Jan Pawe\u0142 II<\/h4>\n\n<div style=\"height:20px\" aria-hidden=\"true\" class=\"wp-block-spacer\"><\/div>\n\n<p><strong>Rzym, 10 kwietnia 1988 r.<\/strong><\/p>\n\n<p>\u201eS\u0142yszeli\u015bmy w dzisiejszej Ewangelii, \u017ce Tomasz szuka\u0142 znak\u00f3w, aby uwierzy\u0107, \u017ce Chrystus naprawd\u0119 zmartwychwsta\u0142. S\u0105dz\u0119, \u017ce dla dzielnicy Tor Bella Monaca znakiem, \u017ce Chrystus zmartwychwsta\u0142, mog\u0105 by\u0107 ci bracia i siostry, ich wiara oraz ich entuzjazm w wierze\u201d \u2013 powiedzia\u0142 proboszcz, przedstawiaj\u0105c Ojcu \u015bwi\u0119temu dwie wsp\u00f3lnoty neokatechumenalne parafii, zgromadzone w ko\u015bciele.&#013;\n&#013;\n\u201eTroszczymy si\u0119 o duszpasterstwo doros\u0142ych \u2013 m\u00f3wi\u0142 dalej ks. Mario. Jest wielu oddalonych od Boga i od Ko\u015bcio\u0142a, ale widz\u0119, \u017ce poprzez drog\u0119 neokatechumenaln\u0105 sie\u0107 zosta\u0142a zarzucona na g\u0142\u0119bi\u0119, i dostrzegamy, i\u017c wielu zostaje z\u0142owionych w t\u0119 sie\u0107 i rozpoczynaj\u0105 drog\u0119, aby szuka\u0107 Pana\u201d.&#013;\n&#013;\n<em>Po wys\u0142uchaniu kilku \u015bwiadectw, papie\u017c skierowa\u0142 do obecnych nast\u0119puj\u0105ce s\u0142owa:<\/em><\/p>\n\n<div class=\"wp-block-image\"><figure class=\"alignleft size-large\"><img loading=\"lazy\" decoding=\"async\" width=\"679\" height=\"557\" src=\"https:\/\/neocatechumenaleiter.org\/wp-content\/uploads\/2020\/03\/Camino_Neocatecumenal_Juan_Pablo_II_visita_parroquia_Santa_Maria_Madre_del_Redentor_1988.jpg\" alt=\"\" class=\"wp-image-5105\" srcset=\"https:\/\/neocatechumenaleiter.org\/wp-content\/uploads\/2020\/03\/Camino_Neocatecumenal_Juan_Pablo_II_visita_parroquia_Santa_Maria_Madre_del_Redentor_1988.jpg 679w, https:\/\/neocatechumenaleiter.org\/wp-content\/uploads\/2020\/03\/Camino_Neocatecumenal_Juan_Pablo_II_visita_parroquia_Santa_Maria_Madre_del_Redentor_1988-300x246.jpg 300w\" sizes=\"auto, (max-width: 679px) 100vw, 679px\" \/><\/figure><\/div>\n\n<p>\u00abNajdro\u017csi, pozdrawiam was wszystkich. Pozdrawiam rodzic\u00f3w, pozdrawiam doros\u0142ych, m\u0142odzie\u017c i dzieci, kt\u00f3re, jak zawsze w waszych wsp\u00f3lnotach, s\u0105 liczne. Dzi\u0119kuj\u0119 Panu za to rodz\u0105ce si\u0119 \u017cycie.&#013;\nSpotykam was cz\u0119sto, spotka\u0142em si\u0119 z wami w Niedziel\u0119 Palmow\u0105 po po\u0142udniu, s\u0142ucha\u0142em wielu \u015bwiadectw, a nast\u0119pnie stara\u0142em si\u0119 przemawia\u0107 nieco d\u0142u\u017cej. Dzisiaj spotykam was w tej parafii i musz\u0119 powiedzie\u0107, \u017ce raduj\u0119 si\u0119 tym spotkaniem, a przede wszystkim t\u0105 parafi\u0105, kt\u00f3r\u0105 znale\u017ali\u015bcie. Ju\u017c d\u0105\u017cycie do tego, aby poszerza\u0107 wasz\u0105 obecno\u015b\u0107, wasze \u015bwiadectwo, wasze pos\u0142annictwo.<\/p>\n\n<p>Dzisiaj s\u0142uchali\u015bmy fragmentu bardzo ciekawej Ewangelii o Wieczerniku, poniewa\u017c przedstawi\u0142a posta\u0107 niewiernego Tomasza, kt\u00f3ry nawr\u00f3ci\u0142 si\u0119 do Chrystusa Zmartwychwsta\u0142ego w\u0142a\u015bnie w Wieczerniku. My\u015bla\u0142em o was, poniewa\u017c wasze wsp\u00f3lnoty, jak mi wielu donosi, tak\u017ce s\u0105 miejscami, \u015brodowiskami, w kt\u00f3rych powtarzaj\u0105 si\u0119 nawr\u00f3cenia niewiernych, niewiernego Tomasza, kt\u00f3ry staje si\u0119 Tomaszem wierz\u0105cym i wo\u0142a \u201e<em>Panie<\/em>\u201d.<\/p>\n\n<p>My\u015bl\u0119, \u017ce jest to \u0142aska Wieczernika. Powinni\u015bcie zawsze pozostawa\u0107 w Wieczerniku\u00bb.<\/p>\n","protected":false},"excerpt":{"rendered":"<p>WIZYTACJA W PARAFII NMP MATKI ZBAWICIELA 10-4-1988 \u015aw. Jan Pawe\u0142 II Rzym, 10 kwietnia 1988 r. \u201eS\u0142yszeli\u015bmy w dzisiejszej Ewangelii, \u017ce Tomasz szuka\u0142 znak\u00f3w, aby uwierzy\u0107, \u017ce Chrystus naprawd\u0119 zmartwychwsta\u0142. S\u0105dz\u0119, \u017ce dla dzielnicy Tor Bella Monaca znakiem, \u017ce Chrystus zmartwychwsta\u0142, mog\u0105 by\u0107 ci bracia i siostry, ich wiara oraz ich entuzjazm w wierze\u201d \u2013 powiedzia\u0142 proboszcz, przedstawiaj\u0105c Ojcu \u015bwi\u0119temu dwie wsp\u00f3lnoty neokatechumenalne parafii, zgromadzone w ko\u015bciele.&#013; &#013; \u201eTroszczymy si\u0119<\/p>\n<div class=\"read-more\"><a class=\"btn read-more-btn\" href=\"https:\/\/neocatechumenaleiter.org\/pl\/slowa-papiezy\/sw-jan-pawel-ii\/wizytacja-w-parafii-nmp-matki-zbawiciela-10-4-1988\/\">Czytaj dalej<\/a><\/div>\n","protected":false},"author":2,"featured_media":0,"parent":16496,"menu_order":51,"comment_status":"closed","ping_status":"closed","template":"","meta":{"footnotes":""},"class_list":["post-22048","page","type-page","status-publish","hentry"],"_links":{"self":[{"href":"https:\/\/neocatechumenaleiter.org\/pl\/wp-json\/wp\/v2\/pages\/22048","targetHints":{"allow":["GET"]}}],"collection":[{"href":"https:\/\/neocatechumenaleiter.org\/pl\/wp-json\/wp\/v2\/pages"}],"about":[{"href":"https:\/\/neocatechumenaleiter.org\/pl\/wp-json\/wp\/v2\/types\/page"}],"author":[{"embeddable":true,"href":"https:\/\/neocatechumenaleiter.org\/pl\/wp-json\/wp\/v2\/users\/2"}],"replies":[{"embeddable":true,"href":"https:\/\/neocatechumenaleiter.org\/pl\/wp-json\/wp\/v2\/comments?post=22048"}],"version-history":[{"count":3,"href":"https:\/\/neocatechumenaleiter.org\/pl\/wp-json\/wp\/v2\/pages\/22048\/revisions"}],"predecessor-version":[{"id":22051,"href":"https:\/\/neocatechumenaleiter.org\/pl\/wp-json\/wp\/v2\/pages\/22048\/revisions\/22051"}],"up":[{"embeddable":true,"href":"https:\/\/neocatechumenaleiter.org\/pl\/wp-json\/wp\/v2\/pages\/16496"}],"wp:attachment":[{"href":"https:\/\/neocatechumenaleiter.org\/pl\/wp-json\/wp\/v2\/media?parent=22048"}],"curies":[{"name":"wp","href":"https:\/\/api.w.org\/{rel}","templated":true}]}}