{"id":22054,"date":"2020-03-03T15:18:20","date_gmt":"2020-03-03T14:18:20","guid":{"rendered":"https:\/\/neocatechumenaleiter.org\/slowa-papiezy\/sw-jan-pawel-ii\/papiez-z-balkonu-nuncjatury-podczas-wizyty-w-peru-16-5-1988\/"},"modified":"2021-04-20T16:12:04","modified_gmt":"2021-04-20T15:12:04","slug":"papiez-z-balkonu-nuncjatury-podczas-wizyty-w-peru-16-5-1988","status":"publish","type":"page","link":"https:\/\/neocatechumenaleiter.org\/pl\/slowa-papiezy\/sw-jan-pawel-ii\/papiez-z-balkonu-nuncjatury-podczas-wizyty-w-peru-16-5-1988\/","title":{"rendered":"PAPIE\u017b Z BALKONU NUNCJATURY PODCZAS WIZYTY W PERU 16-5-1988"},"content":{"rendered":"\n<h1 class=\"has-text-align-center wp-block-heading\">PAPIE\u017b Z BALKONU NUNCJATURY PODCZAS WIZYTY W PERU 16-5-1988<\/h1>\n\n<div style=\"height:20px\" aria-hidden=\"true\" class=\"wp-block-spacer\"><\/div>\n\n<h4 class=\"has-text-align-center wp-block-heading\">\u015aw. Jan Pawe\u0142 II<\/h4>\n\n<div style=\"height:20px\" aria-hidden=\"true\" class=\"wp-block-spacer\"><\/div>\n\n<p><strong>Lima, 16 maja 1988 r.<\/strong><\/p>\n\n<p><em>Podczas swojej apostolskiej wizyty w Peru, w Limie, Ojciec \u015bwi\u0119ty skierowa\u0142 nast\u0119puj\u0105ce pozdrowienie do wsp\u00f3lnot neokatechumenalnych i do rodzin, kt\u00f3re od ponad roku pracuj\u0105 w \u201edzielnicach biedy\u201d, w\u015br\u00f3d<\/em> ubogich:<\/p>\n\n<p>\u00abMoje podzi\u0119kowanie kieruj\u0119 do wszystkich obecnych i wszystkich tych, kt\u00f3rzy przyczynili si\u0119 do zorganizowania i urzeczywistnienia tego wielkiego Boliwijskiego Kongresu Eucharystycznego, zw\u0142aszcza tych, kt\u00f3rzy wczoraj wnie\u015bli sw\u00f3j wk\u0142ad w jego zako\u0144czenie.<\/p>\n\n<p>My\u015bl\u0119 o wszystkich, nie tylko o obecnych, lecz r\u00f3wnie\u017c o Limie i ca\u0142ym narodzie.&#013;\nPragn\u0119 pozdrowi\u0107 r\u00f3\u017cne grupy, stowarzyszenia i ruchy; niekt\u00f3re z nich bardzo aktywne. Aktywno\u015b\u0107 ta wyrazi\u0142a si\u0119 tak\u017ce w zaproszeniach skierowanych do papie\u017ca, by odwiedzi\u0142 ich siedziby. Ale nie spos\u00f3b by\u0142o przeprowadzi\u0107 prywatnej wizytacji, jako \u017ce jest to og\u00f3lna wizytacja ca\u0142ego miasta Limy, ca\u0142ej stolicy, kt\u00f3ra liczy oko\u0142o sze\u015b\u0107 lub siedem milion\u00f3w mieszka\u0144c\u00f3w. Jestem jednak bardzo wdzi\u0119czny za te zaproszenia, a zw\u0142aszcza za apostolsk\u0105 dzia\u0142alno\u015b\u0107 tych ruch\u00f3w, jak na przyk\u0142ad neokatechumen\u00f3w. Oni zas\u0142ugiwali naprawd\u0119 na odwiedziny, szczerze zas\u0142ugiwali na co\u015b wi\u0119cej; lecz takie odwiedziny okaza\u0142y si\u0119 niemo\u017cliwe.<\/p>\n\n<p>Pragn\u0119 pob\u0142ogos\u0142awi\u0107 to wszystko, co czyni\u0105 na rzecz ewangelizacji tego narodu oraz na rzecz budzenia powo\u0142a\u0144.&#013;\nWiemy dobrze, \u017ce jest tak\u017ce w\u015br\u00f3d was grupa w\u0119drownych; w\u0119drowne rodziny, kt\u00f3re, jak m\u00f3wi mi kard. Landazuri, pracuj\u0105 bardzo dobrze.&#013;\nDzi\u0119kuj\u0119 zatem wszystkim i z serca was b\u0142ogos\u0142awi\u0119\u00bb.<\/p>\n","protected":false},"excerpt":{"rendered":"<p>PAPIE\u017b Z BALKONU NUNCJATURY PODCZAS WIZYTY W PERU 16-5-1988 \u015aw. Jan Pawe\u0142 II Lima, 16 maja 1988 r. Podczas swojej apostolskiej wizyty w Peru, w Limie, Ojciec \u015bwi\u0119ty skierowa\u0142 nast\u0119puj\u0105ce pozdrowienie do wsp\u00f3lnot neokatechumenalnych i do rodzin, kt\u00f3re od ponad roku pracuj\u0105 w \u201edzielnicach biedy\u201d, w\u015br\u00f3d ubogich: \u00abMoje podzi\u0119kowanie kieruj\u0119 do wszystkich obecnych i wszystkich tych, kt\u00f3rzy przyczynili si\u0119 do zorganizowania i urzeczywistnienia tego wielkiego Boliwijskiego Kongresu Eucharystycznego, zw\u0142aszcza tych,<\/p>\n<div class=\"read-more\"><a class=\"btn read-more-btn\" href=\"https:\/\/neocatechumenaleiter.org\/pl\/slowa-papiezy\/sw-jan-pawel-ii\/papiez-z-balkonu-nuncjatury-podczas-wizyty-w-peru-16-5-1988\/\">Czytaj dalej<\/a><\/div>\n","protected":false},"author":2,"featured_media":0,"parent":16496,"menu_order":52,"comment_status":"closed","ping_status":"closed","template":"","meta":{"footnotes":""},"class_list":["post-22054","page","type-page","status-publish","hentry"],"_links":{"self":[{"href":"https:\/\/neocatechumenaleiter.org\/pl\/wp-json\/wp\/v2\/pages\/22054","targetHints":{"allow":["GET"]}}],"collection":[{"href":"https:\/\/neocatechumenaleiter.org\/pl\/wp-json\/wp\/v2\/pages"}],"about":[{"href":"https:\/\/neocatechumenaleiter.org\/pl\/wp-json\/wp\/v2\/types\/page"}],"author":[{"embeddable":true,"href":"https:\/\/neocatechumenaleiter.org\/pl\/wp-json\/wp\/v2\/users\/2"}],"replies":[{"embeddable":true,"href":"https:\/\/neocatechumenaleiter.org\/pl\/wp-json\/wp\/v2\/comments?post=22054"}],"version-history":[{"count":3,"href":"https:\/\/neocatechumenaleiter.org\/pl\/wp-json\/wp\/v2\/pages\/22054\/revisions"}],"predecessor-version":[{"id":22057,"href":"https:\/\/neocatechumenaleiter.org\/pl\/wp-json\/wp\/v2\/pages\/22054\/revisions\/22057"}],"up":[{"embeddable":true,"href":"https:\/\/neocatechumenaleiter.org\/pl\/wp-json\/wp\/v2\/pages\/16496"}],"wp:attachment":[{"href":"https:\/\/neocatechumenaleiter.org\/pl\/wp-json\/wp\/v2\/media?parent=22054"}],"curies":[{"name":"wp","href":"https:\/\/api.w.org\/{rel}","templated":true}]}}