{"id":22058,"date":"2020-03-03T15:20:47","date_gmt":"2020-03-03T14:20:47","guid":{"rendered":"https:\/\/neocatechumenaleiter.org\/slowa-papiezy\/sw-jan-pawel-ii\/audiencja-prywatna-papieza-rozeslanie-rodzin-dla-nowej-ewangelizacji-9-6-1988\/"},"modified":"2021-04-20T16:17:10","modified_gmt":"2021-04-20T15:17:10","slug":"audiencja-prywatna-papieza-rozeslanie-rodzin-dla-nowej-ewangelizacji-9-6-1988","status":"publish","type":"page","link":"https:\/\/neocatechumenaleiter.org\/pl\/slowa-papiezy\/sw-jan-pawel-ii\/audiencja-prywatna-papieza-rozeslanie-rodzin-dla-nowej-ewangelizacji-9-6-1988\/","title":{"rendered":"AUDIENCJA PRYWATNA PAPIE\u017bA &#8211; ROZES\u0141ANIE RODZIN DLA \u201eNOWEJ EWANGELIZACJI\u201d 9-6-1988"},"content":{"rendered":"\n<h1 class=\"has-text-align-center wp-block-heading\">AUDIENCJA PRYWATNA PAPIE\u017bA &#8211; ROZES\u0141ANIE RODZIN DLA \u201eNOWEJ EWANGELIZACJI\u201d 9-6-1988<\/h1>\n\n<div style=\"height:20px\" aria-hidden=\"true\" class=\"wp-block-spacer\"><\/div>\n\n<h4 class=\"has-text-align-center wp-block-heading\">\u015aw. Jan Pawe\u0142 II<\/h4>\n\n<div style=\"height:20px\" aria-hidden=\"true\" class=\"wp-block-spacer\"><\/div>\n\n<p><strong>Rzym, 9 czerwca 1988 r.<\/strong><\/p>\n\n<p><em>Podczas prywatnej audiencji w Sali Klementy\u0144skiej Ojciec \u015bwi\u0119ty wr\u0119czy\u0142 krzy\u017c dwunastu rodzinom, kt\u00f3re wyruszaj\u0105 do Ameryki Po\u0142udniowej po to, aby \u017cy\u0107 w\u015br\u00f3d ubogich, daj\u0105c \u015bwiadectwo Ewangelii w \u201edzielnicach biedy\u201d wok\u00f3\u0142 Limy (Peru), w\u015br\u00f3d g\u00f3rnik\u00f3w w Coronel (Chile) i w osiedlach dom\u00f3w na palach w Guayaquil\u00a0(Ekwador).<\/em><\/p>\n\n<div class=\"wp-block-image\"><figure class=\"aligncenter size-large\"><img loading=\"lazy\" decoding=\"async\" width=\"768\" height=\"628\" src=\"https:\/\/neocatechumenaleiter.org\/wp-content\/uploads\/2020\/03\/Camino_Neocatecumenal_Juan_Pablo_II_audiencia_privada_envio_familias_mision_1988.jpg\" alt=\"\" class=\"wp-image-5097\" srcset=\"https:\/\/neocatechumenaleiter.org\/wp-content\/uploads\/2020\/03\/Camino_Neocatecumenal_Juan_Pablo_II_audiencia_privada_envio_familias_mision_1988.jpg 768w, https:\/\/neocatechumenaleiter.org\/wp-content\/uploads\/2020\/03\/Camino_Neocatecumenal_Juan_Pablo_II_audiencia_privada_envio_familias_mision_1988-300x245.jpg 300w\" sizes=\"auto, (max-width: 768px) 100vw, 768px\" \/><\/figure><\/div>\n","protected":false},"excerpt":{"rendered":"<p>AUDIENCJA PRYWATNA PAPIE\u017bA &#8211; ROZES\u0141ANIE RODZIN DLA \u201eNOWEJ EWANGELIZACJI\u201d 9-6-1988 \u015aw. Jan Pawe\u0142 II Rzym, 9 czerwca 1988 r. Podczas prywatnej audiencji w Sali Klementy\u0144skiej Ojciec \u015bwi\u0119ty wr\u0119czy\u0142 krzy\u017c dwunastu rodzinom, kt\u00f3re wyruszaj\u0105 do Ameryki Po\u0142udniowej po to, aby \u017cy\u0107 w\u015br\u00f3d ubogich, daj\u0105c \u015bwiadectwo Ewangelii w \u201edzielnicach biedy\u201d wok\u00f3\u0142 Limy (Peru), w\u015br\u00f3d g\u00f3rnik\u00f3w w Coronel (Chile) i w osiedlach dom\u00f3w na palach w Guayaquil\u00a0(Ekwador).<\/p>\n","protected":false},"author":2,"featured_media":0,"parent":16496,"menu_order":53,"comment_status":"closed","ping_status":"closed","template":"","meta":{"footnotes":""},"class_list":["post-22058","page","type-page","status-publish","hentry"],"_links":{"self":[{"href":"https:\/\/neocatechumenaleiter.org\/pl\/wp-json\/wp\/v2\/pages\/22058","targetHints":{"allow":["GET"]}}],"collection":[{"href":"https:\/\/neocatechumenaleiter.org\/pl\/wp-json\/wp\/v2\/pages"}],"about":[{"href":"https:\/\/neocatechumenaleiter.org\/pl\/wp-json\/wp\/v2\/types\/page"}],"author":[{"embeddable":true,"href":"https:\/\/neocatechumenaleiter.org\/pl\/wp-json\/wp\/v2\/users\/2"}],"replies":[{"embeddable":true,"href":"https:\/\/neocatechumenaleiter.org\/pl\/wp-json\/wp\/v2\/comments?post=22058"}],"version-history":[{"count":3,"href":"https:\/\/neocatechumenaleiter.org\/pl\/wp-json\/wp\/v2\/pages\/22058\/revisions"}],"predecessor-version":[{"id":22061,"href":"https:\/\/neocatechumenaleiter.org\/pl\/wp-json\/wp\/v2\/pages\/22058\/revisions\/22061"}],"up":[{"embeddable":true,"href":"https:\/\/neocatechumenaleiter.org\/pl\/wp-json\/wp\/v2\/pages\/16496"}],"wp:attachment":[{"href":"https:\/\/neocatechumenaleiter.org\/pl\/wp-json\/wp\/v2\/media?parent=22058"}],"curies":[{"name":"wp","href":"https:\/\/api.w.org\/{rel}","templated":true}]}}