{"id":22066,"date":"2020-03-03T15:23:25","date_gmt":"2020-03-03T14:23:25","guid":{"rendered":"https:\/\/neocatechumenaleiter.org\/slowa-papiezy\/sw-jan-pawel-ii\/wizytacja-w-parafii-sw-alojzego-gonzagi-6-11-1988\/"},"modified":"2021-04-20T16:25:52","modified_gmt":"2021-04-20T15:25:52","slug":"wizytacja-w-parafii-sw-alojzego-gonzagi-6-11-1988","status":"publish","type":"page","link":"https:\/\/neocatechumenaleiter.org\/pl\/slowa-papiezy\/sw-jan-pawel-ii\/wizytacja-w-parafii-sw-alojzego-gonzagi-6-11-1988\/","title":{"rendered":"WIZYTACJA W PARAFII \u015aW. ALOJZEGO GONZAGI 6-11-1988"},"content":{"rendered":"\n<h1 class=\"has-text-align-center wp-block-heading\">WIZYTACJA W PARAFII \u015aW. ALOJZEGO GONZAGI 6-11-1988<\/h1>\n\n<div style=\"height:20px\" aria-hidden=\"true\" class=\"wp-block-spacer\"><\/div>\n\n<h4 class=\"has-text-align-center wp-block-heading\">\u015aw. Jan Pawe\u0142 II<\/h4>\n\n<div style=\"height:20px\" aria-hidden=\"true\" class=\"wp-block-spacer\"><\/div>\n\n<p><strong>Rzym, 6 listopada 1988 r.<\/strong><\/p>\n\n<div class=\"wp-block-image\"><figure class=\"alignleft size-medium\"><img loading=\"lazy\" decoding=\"async\" width=\"300\" height=\"200\" src=\"https:\/\/neocatechumenaleiter.org\/wp-content\/uploads\/2020\/03\/Camino_Neocatecumenal_Juan_Pablo_II_visita_parroquia_San_Luis_Gonzaga_1988-300x200.jpg\" alt=\"\" class=\"wp-image-2153\" srcset=\"https:\/\/neocatechumenaleiter.org\/wp-content\/uploads\/2020\/03\/Camino_Neocatecumenal_Juan_Pablo_II_visita_parroquia_San_Luis_Gonzaga_1988-300x200.jpg 300w, https:\/\/neocatechumenaleiter.org\/wp-content\/uploads\/2020\/03\/Camino_Neocatecumenal_Juan_Pablo_II_visita_parroquia_San_Luis_Gonzaga_1988.jpg 424w\" sizes=\"auto, (max-width: 300px) 100vw, 300px\" \/><\/figure><\/div>\n\n<p><em>W \u017cyciu parafii ewangelizacja i katecheza zajmuj\u0105 g\u0142\u00f3wne miejsce w stosunku do innych aktywno\u015bci. Podj\u0119to r\u00f3\u017cne pr\u00f3by animacji liturgicznej podczas mszy \u015bwi\u0105tecznych oraz w\u0142\u0105czania si\u0119 w inicjatywy Dni Parafialnych. Ze szczeg\u00f3ln\u0105 trosk\u0105 poszukiwano \u201eoddalonych\u201d poprzez odwiedziny rodzin. Wzmo\u017cono przygotowanie do bierzmowania, przed\u0142u\u017caj\u0105c je r\u00f3wnie\u017c na okres po udzieleniu sakramentu, a tak\u017ce przygotowanie do ma\u0142\u017ce\u0144stwa.<\/em>&#013;\n&#013;\n<em>Szczeg\u00f3lny wk\u0142ad w t\u0119 wytrwa\u0142\u0105, zobowi\u0105zuj\u0105c\u0105, a tak\u017ce owocn\u0105 prac\u0119 wnosz\u0105 neokatechumeni. W parafii \u015bw. Alojzego Gonzagi dzia\u0142aj\u0105 od prawie dwudziestu lat, dzisiaj tworz\u0105 pi\u0119\u0107 wsp\u00f3lnot, kt\u00f3re gromadz\u0105 oko\u0142o sto pi\u0119\u0107dziesi\u0105t os\u00f3b doros\u0142ych i osiemdziesi\u0119cioro dzieci. Z parafii w dzielnicy Parioli wyszli liczni katechi\u015bci w\u0119drowni, kt\u00f3rzy dotarli do r\u00f3\u017cnych kraj\u00f3w Europy, Azji, Afryki i Ameryki. Neokatechumeni przyj\u0119li papie\u017ca pod wielkim, bia\u0142o-\u017c\u00f3\u0142tym namiotem ustawionym na dziedzi\u0144cu parafialnych zabudowa\u0144. Po kr\u00f3tkim wprowadzeniu proboszcza, Kiko, inicjator drogi neokatechumenalnej, przedstawi\u0142 poszczeg\u00f3lne wsp\u00f3lnoty.<\/em><\/p>\n\n<p><em>Papie\u017c, po serdecznym pozdrowieniu dzieci,<\/em> powiedzia\u0142:<\/p>\n\n<p>\u00abEwangeliczny radykalizm, kt\u00f3ry spotykamy na kartach Ewangelii, wyra\u017ca si\u0119 nade wszystko s\u0142owami: dawa\u0107 \u017cycie. Chrystus by\u0142 niew\u0105tpliwie nauczycielem, \u201erabbim\u201d, on naucza\u0142. Lecz wszystko nam powiedzia\u0142, do ko\u0144ca i w pe\u0142ni, oddaj\u0105c \u017cycie. Przez swoj\u0105 \u015bmier\u0107 i swoje zmartwychwstanie. I jego ostatnie s\u0142owo jest s\u0142owem najpe\u0142niejszym. A zatem: dawa\u0107 \u017cycie. Widz\u0119, \u017ce w waszych wsp\u00f3lnotach neokatechumenalnych to s\u0142owo staje si\u0119 cia\u0142em. Jest tylu gotowych oddawa\u0107 \u017cycie, na r\u00f3\u017cne sposoby, a jest ich wiele. Duch \u015awi\u0119ty wie o tym dobrze.<\/p>\n\n<p>Inna my\u015bl wi\u0105\u017c\u0119 si\u0119 ze s\u0142owem \u201ezaczyn\u201d. Znamy dobrze ewangeliczn\u0105 przypowie\u015b\u0107, kt\u00f3ra m\u00f3wi o zaczynie. Oto wy jeste\u015bcie zaczynem, zaczynem, kt\u00f3ry daje wzrost cia\u0142u. Ko\u015bci\u00f3\u0142 jest pewn\u0105 mas\u0105, ludzko\u015b\u0107 jest mas\u0105 jeszcze wi\u0119ksz\u0105. R\u00f3wnie\u017c Ko\u015bci\u00f3\u0142 stanowi mas\u0119.<\/p>\n\n<p>Lecz ta masa jest niekiedy bezw\u0142adna, niewystarczaj\u0105co katechizowana, niedostatecznie karmiona sakramentami, nie do\u015b\u0107 \u015bwiadoma tego, czym jest chrzest. Mo\u017cemy powiedzie\u0107, \u017ce chrzest jest pierwszym zaczynem w ka\u017cdym z nas, kt\u00f3ry pozwala nam prze\u017cywa\u0107 chrzest osobi\u015bcie w naszym ciele, w naszej duszy, w naszej osobie. Ci\u0105gle niedostatecznie u\u015bwiadamiamy sobie, czym jest nasz chrzest. \u015aw. Pawe\u0142 pozostawi\u0142 nam doskona\u0142e wskaz\u00f3wki, pouczenia na temat tego, czym jest chrzest. Jednak w naszej \u015bwiadomo\u015bci ci\u0105gle nie dorastamy do tego, czym jest chrzest, do jego rzeczywisto\u015bci i tego, co oznacza. Oto dlaczego potrzeba zaczynu, aby spowodowa\u0107 wzrost \u015bwiadomo\u015bci chrztu, mianowicie, \u017ce on sam jest sakramentalnym zaczynem; jednak potrzeba tak\u017ce apostolskiego zaczynu.&#013;\nMaj\u0105c t\u0119 \u015bwiadomo\u015b\u0107, wy stajecie si\u0119 zaczynem w stosunku do masy, w ko\u015bcio\u0142ach, w diecezjach, w parafiach i sprawiacie, \u017ce spe\u0142nia si\u0119 s\u0142owo, kt\u00f3re w pe\u0142ni odpowiada temu, czego Jezus wymaga\u0142 od Aposto\u0142\u00f3w: id\u017acie. Nie m\u00f3wi\u0142: zdobywajcie pa\u0142ace, bogactwa, domy \u2013 nie. M\u00f3wi\u0142 im: id\u017acie. W ten spos\u00f3b tak\u017ce wy jeste\u015bcie w\u0119drownymi w odpowiedzi na s\u0142owo Chrystusa. R\u00f3wnie\u017c papie\u017c, mimo swego domu, Watykanu, bazyliki \u015bw. Piotra, stara si\u0119 by\u0107 troch\u0119 w\u0119drownym.<\/p>\n\n<p>Nie zamierza\u0142em wyczerpa\u0107 ca\u0142ego tematu. Ale w tych czterech uwagach ju\u017c mo\u017cecie siebie odnale\u017a\u0107, mo\u017cecie znale\u017a\u0107 wasz obraz, znale\u017a\u0107 tak\u017ce zach\u0119t\u0119 do tego, aby pozostawa\u0107 zawsze tym, czym jeste\u015bcie, tym, czym by\u0107 chcecie. Lecz zobaczycie w tych s\u0142owach r\u00f3wnie\u017c moje b\u0142ogos\u0142awie\u0144stwo, a mamy nadziej\u0119, \u017ce ono wyra\u017ca i niesie z sob\u0105 \u0142ask\u0119 Pana. Zaczyn, w\u0119drowanie, wzrasta w \u0142asce Pana.<\/p>\n\n<p>Katechista, kt\u00f3ry przed chwil\u0105 powiedzia\u0142, \u017ce us\u0142ysza\u0142 poruszenie w swoim sercu, w swoim sumieniu: z pewno\u015bci\u0105 us\u0142ysza\u0142 je, poniewa\u017c Kiko dzia\u0142a\u0142, ale jedynie jako narz\u0119dzie. W rzeczywisto\u015bci Duch \u015awi\u0119ty by\u0142 tym, kt\u00f3ry dzia\u0142a\u0142, \u0142aska Pana, Duch \u015awi\u0119ty, kt\u00f3ry zacz\u0105\u0142 wia\u0107. To Duch \u015awi\u0119ty wia\u0142 i nie pozostawia\u0142 ju\u017c w spokoju tego pana. Poniewa\u017c Chrystus nie przyszed\u0142, aby pozostawia\u0107 nas w spokoju. Przyszed\u0142, aby przynie\u015b\u0107 nam pok\u00f3j, najwi\u0119kszy pok\u00f3j, do jakiego d\u0105\u017cy osoba ludzka: pok\u00f3j z Bogiem, pojednanie. Lecz nie przyszed\u0142, aby przynie\u015b\u0107 nam wygodne, spokojne \u017cycie, nie, na pewno nie\u00bb.<\/p>\n","protected":false},"excerpt":{"rendered":"<p>WIZYTACJA W PARAFII \u015aW. ALOJZEGO GONZAGI 6-11-1988 \u015aw. Jan Pawe\u0142 II Rzym, 6 listopada 1988 r. W \u017cyciu parafii ewangelizacja i katecheza zajmuj\u0105 g\u0142\u00f3wne miejsce w stosunku do innych aktywno\u015bci. Podj\u0119to r\u00f3\u017cne pr\u00f3by animacji liturgicznej podczas mszy \u015bwi\u0105tecznych oraz w\u0142\u0105czania si\u0119 w inicjatywy Dni Parafialnych. Ze szczeg\u00f3ln\u0105 trosk\u0105 poszukiwano \u201eoddalonych\u201d poprzez odwiedziny rodzin. Wzmo\u017cono przygotowanie do bierzmowania, przed\u0142u\u017caj\u0105c je r\u00f3wnie\u017c na okres po udzieleniu sakramentu, a tak\u017ce przygotowanie do ma\u0142\u017ce\u0144stwa.&#013;<\/p>\n<div class=\"read-more\"><a class=\"btn read-more-btn\" href=\"https:\/\/neocatechumenaleiter.org\/pl\/slowa-papiezy\/sw-jan-pawel-ii\/wizytacja-w-parafii-sw-alojzego-gonzagi-6-11-1988\/\">Czytaj dalej<\/a><\/div>\n","protected":false},"author":2,"featured_media":0,"parent":16496,"menu_order":54,"comment_status":"closed","ping_status":"closed","template":"","meta":{"footnotes":""},"class_list":["post-22066","page","type-page","status-publish","hentry"],"_links":{"self":[{"href":"https:\/\/neocatechumenaleiter.org\/pl\/wp-json\/wp\/v2\/pages\/22066","targetHints":{"allow":["GET"]}}],"collection":[{"href":"https:\/\/neocatechumenaleiter.org\/pl\/wp-json\/wp\/v2\/pages"}],"about":[{"href":"https:\/\/neocatechumenaleiter.org\/pl\/wp-json\/wp\/v2\/types\/page"}],"author":[{"embeddable":true,"href":"https:\/\/neocatechumenaleiter.org\/pl\/wp-json\/wp\/v2\/users\/2"}],"replies":[{"embeddable":true,"href":"https:\/\/neocatechumenaleiter.org\/pl\/wp-json\/wp\/v2\/comments?post=22066"}],"version-history":[{"count":3,"href":"https:\/\/neocatechumenaleiter.org\/pl\/wp-json\/wp\/v2\/pages\/22066\/revisions"}],"predecessor-version":[{"id":22069,"href":"https:\/\/neocatechumenaleiter.org\/pl\/wp-json\/wp\/v2\/pages\/22066\/revisions\/22069"}],"up":[{"embeddable":true,"href":"https:\/\/neocatechumenaleiter.org\/pl\/wp-json\/wp\/v2\/pages\/16496"}],"wp:attachment":[{"href":"https:\/\/neocatechumenaleiter.org\/pl\/wp-json\/wp\/v2\/media?parent=22066"}],"curies":[{"name":"wp","href":"https:\/\/api.w.org\/{rel}","templated":true}]}}