{"id":22070,"date":"2020-03-03T15:29:17","date_gmt":"2020-03-03T14:29:17","guid":{"rendered":"https:\/\/neocatechumenaleiter.org\/slowa-papiezy\/sw-jan-pawel-ii\/eucharystia-z-papiezem-i-rozeslanie-rodzin-dla-nowej-ewangelizacji-30-12-1988\/"},"modified":"2021-04-21T10:28:04","modified_gmt":"2021-04-21T09:28:04","slug":"eucharystia-z-papiezem-i-rozeslanie-rodzin-dla-nowej-ewangelizacji-30-12-1988","status":"publish","type":"page","link":"https:\/\/neocatechumenaleiter.org\/pl\/slowa-papiezy\/sw-jan-pawel-ii\/eucharystia-z-papiezem-i-rozeslanie-rodzin-dla-nowej-ewangelizacji-30-12-1988\/","title":{"rendered":"EUCHARYSTIA Z PAPIE\u017bEM I ROZES\u0141ANIE RODZIN DLA \u201eNOWEJ EWANGELIZACJI\u201d 30-12-1988"},"content":{"rendered":"\n<h1 class=\"has-text-align-center wp-block-heading\">EUCHARYSTIA Z PAPIE\u017bEM I ROZES\u0141ANIE RODZIN DLA \u201eNOWEJ EWANGELIZACJI\u201d 30-12-1988<\/h1>\n\n<div style=\"height:20px\" aria-hidden=\"true\" class=\"wp-block-spacer\"><\/div>\n\n<h4 class=\"has-text-align-center wp-block-heading\">\u015aw. Jan Pawe\u0142 II<\/h4>\n\n<div style=\"height:20px\" aria-hidden=\"true\" class=\"wp-block-spacer\"><\/div>\n\n<p><strong>\u015awi\u0119to \u015awi\u0119tej Rodziny<\/strong>&#013;\n&#013;\n<strong>Porto San Giorgio, 30 grudnia 1988 r.<\/strong><\/p>\n\n<div class=\"wp-block-image\"><figure class=\"alignleft size-medium\"><img loading=\"lazy\" decoding=\"async\" width=\"300\" height=\"197\" src=\"https:\/\/neocatechumenaleiter.org\/wp-content\/uploads\/2020\/03\/Camino_Neocatecumenal_Eucaristia_envio_familias_mision_porto_san_giorgio_1988-300x197.jpg\" alt=\"\" class=\"wp-image-2163\" srcset=\"https:\/\/neocatechumenaleiter.org\/wp-content\/uploads\/2020\/03\/Camino_Neocatecumenal_Eucaristia_envio_familias_mision_porto_san_giorgio_1988-300x197.jpg 300w, https:\/\/neocatechumenaleiter.org\/wp-content\/uploads\/2020\/03\/Camino_Neocatecumenal_Eucaristia_envio_familias_mision_porto_san_giorgio_1988.jpg 485w\" sizes=\"auto, (max-width: 300px) 100vw, 300px\" \/><\/figure><\/div>\n\n<p><strong>MISJA PRAWDY, MI\u0141O\u015aCI, \u017bYCIA<\/strong><\/p>\n\n<p><em>\u201eWszystkimi waszymi modlitwami, waszym \u015bwiadectwem, wasz\u0105 si\u0142\u0105, musicie pomaga\u0107 rodzinie, musicie chroni\u0107 j\u0105 przed wszelkim zniszczeniem\u201d \u2013 powiedzia\u0142 Jan Pawe\u0142 II, zwracaj\u0105c si\u0119 do wyruszaj\u0105cych na misje rodzin neokatechumenalnych, kt\u00f3re dzi\u015b, 30 grudnia, w pi\u0105tek przed po\u0142udniem uczestniczy\u0142y w mszy \u015bw. odprawianej przez papie\u017ca w centrum \u201eS\u0142ugi Jahwe\u201d w Porto San Giorgio. Podczas homilii Ojciec \u015bwi\u0119ty przypomnia\u0142 r\u00f3wnie\u017c obecnym, \u017ce \u201edzisiaj jest dzie\u0144, w kt\u00f3rym powinna do nas przemawia\u0107 nade wszystko \u015awi\u0119ta Rodzina z Nazaretu, poprzez nasze zgromadzenie&#8230;\u201d<\/em><\/p>\n\n<p><em>Oto tekst homilii wyg\u0142oszonej przez Jana Paw\u0142a II:<\/em><\/p>\n\n<div class=\"wp-block-image\"><figure class=\"alignright size-medium\"><img loading=\"lazy\" decoding=\"async\" width=\"300\" height=\"241\" src=\"https:\/\/neocatechumenaleiter.org\/wp-content\/uploads\/2020\/03\/Camino_Neocatecumenal_Eucaristia_envio_familias_mision_porto_san_giorgio_1988_2-300x241.jpg\" alt=\"\" class=\"wp-image-2170\" srcset=\"https:\/\/neocatechumenaleiter.org\/wp-content\/uploads\/2020\/03\/Camino_Neocatecumenal_Eucaristia_envio_familias_mision_porto_san_giorgio_1988_2-300x241.jpg 300w, https:\/\/neocatechumenaleiter.org\/wp-content\/uploads\/2020\/03\/Camino_Neocatecumenal_Eucaristia_envio_familias_mision_porto_san_giorgio_1988_2.jpg 707w\" sizes=\"auto, (max-width: 300px) 100vw, 300px\" \/><\/figure><\/div>\n\n<p>\u00abNiech b\u0119dzie pochwalony Jezus Chrystus!&#013;\n&#013;\nNajdro\u017csi, prze\u017cywamy okres Bo\u017cego Narodzenia. W tym okresie prze\u017cywamy w wierze wielk\u0105 tajemnic\u0119 Bo\u017c\u0105, tajemnic\u0119 Tr\u00f3jcy Przenaj\u015bwi\u0119tszej w misji. Wiedziano i to si\u0119 potwierdza, \u017ce B\u00f3g jest jeden i jedyny.<\/p>\n\n<p>Mo\u017cemy r\u00f3wnie\u017c przyj\u0105\u0107 to, co powiedzia\u0142 Pawe\u0142, kiedy przemawia\u0142 na Aeropagu, \u017ce B\u00f3g jest tym absolutem, tym duchem, w kt\u00f3rym \u017cyjemy, poruszamy si\u0119 i jeste\u015bmy. Jednak\u017ce nie wiedziano, a tak\u017ce dzisiaj wielu przyjmuje z trudno\u015bci\u0105 g\u0142\u0119bok\u0105  rzeczywisto\u015b\u0107 Boga Tr\u00f3jcy, Tego, w kt\u00f3rym \u017cyjemy i poruszamy si\u0119. On, Tr\u00f3jca w misji, jest nie tylko bytem absolutnym, najwy\u017cszym, lecz jest Ojcem w jego niesko\u0144czonej, niepoj\u0119tej rzeczywisto\u015bci, kt\u00f3ry rodzi, rodzi odwiecznie, bez pocz\u0105tku, swoje S\u0142owo.<\/p>\n\n<p>Z tym swoim S\u0142owem \u017cyje niewymown\u0105 tajemnic\u0105 Mi\u0142o\u015bci, kt\u00f3ra jest osob\u0105, a nie tylko mi\u0119dzyosobow\u0105 relacj\u0105; jest osob\u0105, Syn zrodzony i Duch, Mi\u0142o\u015b\u0107 tchniona.<\/p>\n\n<p>Ka\u017cdego roku Bo\u017ce Narodzenie przypomina nam t\u0119 tajemnic\u0119 Tr\u00f3jcy w misji, tutaj w noc betlejemsk\u0105 przypomina misj\u0119 Syna pos\u0142anego przez Ojca po to, aby przynie\u015b\u0107 nam Ducha, w kt\u00f3rym zosta\u0142 pocz\u0119ty przez Dziewic\u0119. Przychodzi, aby nam przynie\u015b\u0107 tego Ducha. Noc Bo\u017cego Narodzenia to noc, w kt\u00f3rej rzeczywisto\u015b\u0107 Boga-komunii, jedno\u015b\u0107 B\u00f3stwa, jedno\u015b\u0107 absolutna, jedno\u015b\u0107 komunii przybli\u017ca si\u0119 dla naszego umys\u0142u, naszym oczom, do naszej historii i staje si\u0119 widzialna. Mianowicie tajemnica zakryta staje si\u0119 widzialna \u2013 \u201eMysterium absconditum a saeculis\u201d \u2013 tajemnica ukryta od wiek\u00f3w zostaje objawiona, staje si\u0119 widzialna. Wielka tajemnica Tr\u00f3jcy w misji objawia si\u0119 poprzez t\u0119 ubog\u0105 rzeczywisto\u015b\u0107 narodzenia Pana, \u017c\u0142\u00f3bka, nocy betlejemskiej, Maryi i J\u00f3zefa. Oto nasz B\u00f3g, oto nasz B\u00f3g! Niewymowna tajemnica!&#013;\nPowinni\u015bmy zatem m\u00f3wi\u0107, musimy wyznawa\u0107 i \u015bwiadczy\u0107 o Bo\u017cej jedno\u015bci, o jedno\u015bci B\u00f3stwa i jednocze\u015bnie o jedno\u015bci komunii, zachowuj\u0105c \u015bwiadomo\u015b\u0107 naszej nieudolno\u015bci w obliczu niezbadanej tajemnicy Boga.<\/p>\n\n<p>W okresie Bo\u017cego Narodzenia \u015awi\u0119ta Matka Ko\u015bci\u00f3\u0142 ka\u017c\u0119 nam dzisiaj \u015bwi\u0119towa\u0107 inn\u0105, ludzk\u0105 tajemnic\u0119: \u015awi\u0119tej Rodziny z Nazaretu.&#013;\nRozwa\u017camy t\u0119 rzeczywisto\u015b\u0107, tajemnic\u0119 Tr\u00f3jcy w misji: rozwa\u017camy j\u0105 w okresie Bo\u017cego Narodzenia ze szczeg\u00f3ln\u0105 g\u0142\u0119bi\u0105 i nat\u0119\u017ceniem i z wielk\u0105 rado\u015bci\u0105, poniewa\u017c ta misja \u2013 S\u0142owo pos\u0142ane na \u015bwiat, aby osobi\u015bcie m\u00f3wi\u0107 o swoim Ojcu, o Bo\u017cej rzeczywisto\u015bci; On, S\u0142owo przychodzi tej nocy jako nowo narodzone dzieci\u0119, ubogie, ogo\u0142ocone ze wszystkiego, ogo\u0142ocone ju\u017c w tym momencie \u2013 nie mog\u0142a zrodzi\u0107 si\u0119 w inny spos\u00f3b. \u017badne ludzkie bogactwo nie mog\u0142o stanowi\u0107 odpowiedniego t\u0142a dla ludzkiego narodzenia odwiecznego Syna Bo\u017cego. Mog\u0142o nim by\u0107 jedynie ub\u00f3stwo, to opuszczenie, ten \u017c\u0142\u00f3bek i noc betlejemska. S\u0142usznie, \u017ce nie m\u00f3g\u0142 znale\u017a\u0107 \u017cadnego mieszkania w tym miasteczku.<\/p>\n\n<div class=\"wp-block-image\"><figure class=\"alignleft size-medium\"><img loading=\"lazy\" decoding=\"async\" width=\"196\" height=\"300\" src=\"https:\/\/neocatechumenaleiter.org\/wp-content\/uploads\/2020\/03\/Camino_Neocatecumenal_Eucaristia_envio_familias_mision_porto_san_giorgio_1988_3-196x300.jpg\" alt=\"\" class=\"wp-image-2177\" srcset=\"https:\/\/neocatechumenaleiter.org\/wp-content\/uploads\/2020\/03\/Camino_Neocatecumenal_Eucaristia_envio_familias_mision_porto_san_giorgio_1988_3-196x300.jpg 196w, https:\/\/neocatechumenaleiter.org\/wp-content\/uploads\/2020\/03\/Camino_Neocatecumenal_Eucaristia_envio_familias_mision_porto_san_giorgio_1988_3.jpg 572w\" sizes=\"auto, (max-width: 196px) 100vw, 196px\" \/><\/figure><\/div>\n\n<p>Najdro\u017csi, rozwa\u017camy t\u0119 Bo\u017c\u0105 rzeczywisto\u015b\u0107 \u2013 Tr\u00f3jca Przenaj\u015bwi\u0119tsza w misji \u2013 a jednocze\u015bnie odczuwamy, jak niewystarczaj\u0105ce s\u0105 nasze ludzkie poj\u0119cia, nasze ubogie, ludzkie s\u0142owa, aby m\u00f3wi\u0107 o tej tajemnicy. Jednak S\u0142owo, kt\u00f3re do nas zosta\u0142o pos\u0142ane, przychodzi po to, by m\u00f3wi\u0107 i przychodzi tak\u017ce po to, aby\u015bmy i my przemawiali. Co wi\u0119cej, znalaz\u0142o ludzi najprostszych, kt\u00f3rzy przyj\u0119liby to S\u0142owo, S\u0142owo Bo\u017ce: znalaz\u0142o najprostszych.&#013;\nMusimy powiedzie\u0107, \u017ce dzisiaj kontemplujemy Rodzin\u0119 w misji, poniewa\u017c \u015awi\u0119ta Rodzina jest niczym innym jak ludzk\u0105 rodzin\u0105 w Bo\u017cej misji. I tutaj ta ludzka rodzina jako najmniejsza wsp\u00f3lnota jawi si\u0119 jednocze\u015bnie jako wielka wsp\u00f3lnota ludzka, kt\u00f3ra znajduje si\u0119 w Bo\u017cej misji: to jest Ko\u015bci\u00f3\u0142. Ko\u015bci\u00f3\u0142, zw\u0142aszcza na Soborze Watyka\u0144skim II, rozpozna\u0142 sw\u00f3j charakter rodziny i sw\u00f3j charakter misyjny. Jest on wielk\u0105 rodzin\u0105 w misji. Wewn\u0105trz tej wielkiej rodziny-Ko\u015bcio\u0142a znajduje si\u0119 ka\u017cda ludzka rodzina, ka\u017cda wsp\u00f3lnota rodzinna, jako rodzina w misji. M\u00f3wiono wiele o rodzinie jako o najmniejszej spo\u0142eczno\u015bci, najbardziej podstawowej, i to wszystko jest prawd\u0105. Lecz gdy widzimy g\u0142\u00f3wn\u0105 tajemnic\u0119, kt\u00f3r\u0105 jest Tr\u00f3jca w misji, nie mo\u017cemy patrze\u0107 na rodzin\u0119 poza tym kontekstem: tak\u017ce ona jest w misji. Jej misja jest naprawd\u0119 podstawowa, podstawowa dla boskiego pos\u0142annictwa S\u0142owa i dla boskiego pos\u0142annictwa Ducha \u015awi\u0119tego; jest podstawowa.<\/p>\n\n<p>Boskie pos\u0142annictwo S\u0142owa polega na tym, by m\u00f3wi\u0107 i dawa\u0107 \u015bwiadectwo o Ojcu. A rodzina m\u00f3wi jako pierwsza, jako pierwsza objawia t\u0119 tajemnic\u0119, jako pierwsza daje \u015bwiadectwo o Bogu, o Ojcu wobec nowych pokole\u0144. Jej s\u0142owo jest skuteczniejsze.&#013;\nW ten spos\u00f3b ka\u017cda rodzina ludzka, ka\u017cda rodzina chrze\u015bcija\u0144ska, znajduje si\u0119 w misji.<\/p>\n\n<p>Jest to misja Prawdy. Rodzina nie mo\u017ce \u017cy\u0107 bez Prawdy, wi\u0119cej, ona jest miejscem, w kt\u00f3rym istnieje ogromna wra\u017cliwo\u015b\u0107 na Prawd\u0119. Gdy brakuje Prawdy w relacji, we wsp\u00f3lnocie os\u00f3b \u2013 m\u0105\u017c, \u017cona, ojcowie, matki, dzieci \u2013 je\u015bli braknie Prawdy, rozrywa si\u0119 jedno\u015b\u0107, niszczy si\u0119 misj\u0119. Wiecie dobrze wszyscy, jak ta jedno\u015b\u0107 rodzinna jest naprawd\u0119 subtelna, delikatna, \u0142atwo podatna na zranienie. I st\u0105d w rodzinie odzwierciedla si\u0119, wraz z misj\u0105 S\u0142owa, Syna, r\u00f3wnie\u017c misja Ducha \u015awi\u0119tego, kt\u00f3ry jest Mi\u0142o\u015bci\u0105. Rodzina jest w misji i ta misja jest podstawowa dla ka\u017cdego narodu, dla ca\u0142ej ludzko\u015bci; jest to misja Mi\u0142o\u015bci i \u017bycia, jest \u015bwiadectwem Mi\u0142o\u015bci i \u017bycia.<\/p>\n\n<div class=\"wp-block-image\"><figure class=\"alignleft size-medium\"><img loading=\"lazy\" decoding=\"async\" width=\"300\" height=\"202\" src=\"https:\/\/neocatechumenaleiter.org\/wp-content\/uploads\/2020\/03\/Camino_Neocatecumenal_Eucaristia_envio_familias_mision_porto_san_giorgio_1988_4-300x202.jpg\" alt=\"\" class=\"wp-image-2184\" srcset=\"https:\/\/neocatechumenaleiter.org\/wp-content\/uploads\/2020\/03\/Camino_Neocatecumenal_Eucaristia_envio_familias_mision_porto_san_giorgio_1988_4-300x202.jpg 300w, https:\/\/neocatechumenaleiter.org\/wp-content\/uploads\/2020\/03\/Camino_Neocatecumenal_Eucaristia_envio_familias_mision_porto_san_giorgio_1988_4.jpg 768w\" sizes=\"auto, (max-width: 300px) 100vw, 300px\" \/><\/figure><\/div>\n\n<p>Nadro\u017csi, przyby\u0142em tutaj bardzo ch\u0119tnie. Ch\u0119tnie przyj\u0105\u0142em wasze zaproszenie na \u015bwi\u0119to \u015awi\u0119tej Rodziny, po to, aby modli\u0107 si\u0119 razem z wami za najbardziej podstawow\u0105 i najwa\u017cniejsz\u0105 spraw\u0119 w pos\u0142annictwie Ko\u015bcio\u0142a: o duchow\u0105 odnow\u0119 rodziny, rodzin ludzkich i chrze\u015bcija\u0144skich w ka\u017cdym ludzie, w ka\u017cdym narodzie, mo\u017ce szczeg\u00f3lnie w naszym zachodnim \u015bwiecie, bardziej rozwini\u0119tym, ciesz\u0105cym si\u0119 oznakami i dobrodziejstwami post\u0119pu, ale tak\u017ce do\u015bwiadczaj\u0105cym brak\u00f3w tego jednostronnego rozwoju. Je\u015bli trzeba m\u00f3wi\u0107 o odnowie, o odrodzeniu ludzkiej spo\u0142eczno\u015bci, a nawet Ko\u015bcio\u0142a jako spo\u0142eczno\u015bci ludzi, to nale\u017cy rozpoczyna\u0107 od tego punktu, od tej misji. \u015awi\u0119ty Ko\u015bciele Bo\u017cy, nie mo\u017cesz wype\u0142nia\u0107 twego pos\u0142annictwa, nie mo\u017cesz wype\u0142nia\u0107 twojej misji w \u015bwiecie inaczej, jak tylko poprzez rodzin\u0119 i jej misj\u0119.<\/p>\n\n<p>Taki jest zasadniczy cel, dla kt\u00f3rego przyj\u0105\u0142em wasze zaproszenie \u2013 przebywa\u0107 razem i wsp\u00f3lnie modli\u0107 si\u0119 w tym \u015brodowisku z\u0142o\u017conym przede wszystkim z rodzin, z ma\u0142\u017conk\u00f3w, z dzieci, co wi\u0119cej, z rodzin w\u0119drownych. Jest to co\u015b pi\u0119knego. Widzimy, \u017ce r\u00f3wnie\u017c Rodzina z Nazaretu jest rodzin\u0105 w\u0119drown\u0105. I sta\u0142a si\u0119 ni\u0105 zaraz od pierwszych dni \u017cycia Boskiego Dzieci\u0119cia, S\u0142owa Wcielonego. Ona musia\u0142a sta\u0107 si\u0119 rodzin\u0105 w\u0119drown\u0105, tak, w\u0119drown\u0105 i r\u00f3wnie\u017c rodzin\u0105 uchod\u017ac\u00f3w.<\/p>\n\n<p>Wiele bolesnych spraw naszego czasu \u2013 na przyk\u0142ad uchod\u017acy lub emigranci \u2013 jest ju\u017c wyrytych, obecnych w \u015awi\u0119tej Rodzinie z Nazaretu. Ale dla was jest ona nade wszystko Rodzin\u0105 w\u0119drown\u0105, poniewa\u017c gdziekolwiek idzie \u2013 gdy udaje si\u0119 do Egiptu, kiedy wraca do Nazaretu, gdy pielgrzymuje do Jerozolimy z dwunastoletnim Jezusem, to zawsze i wsz\u0119dzie idzie jako rodzina w\u0119drowna, aby nie\u015b\u0107 \u015bwiadectwo misji rodziny, Bo\u017cej misji i ludzkiej rodziny. My\u015bl\u0119, \u017ce wy, jako neokatechumenalne rodziny w\u0119drowne, czynicie to samo. Waszemu w\u0119drowaniu nadajecie celowo\u015b\u0107, kt\u00f3ra polega na tym, aby wsz\u0119dzie, w r\u00f3\u017cne, najbardziej zdechrystianizowane \u015brodowiska zanie\u015b\u0107 \u015bwiadectwo misji rodziny. Jest to wielkie \u015bwiadectwo, wielkie po ludzku, wielkie z chrze\u015bcija\u0144skiego punktu widzenia, wielkie po Bo\u017cemu, poniewa\u017c takie \u015bwiadectwo, misja rodziny, jest ostatecznie wpisane w istot\u0119 Tr\u00f3jcy Przenaj\u015bwi\u0119tszej. Na tym \u015bwiecie nie ma innego, doskonalszego i pe\u0142niejszego obrazu tego, czym jest B\u00f3g: Jedno\u015b\u0107, Komunia. Nie ma innej ludzkiej rzeczywisto\u015bci, kt\u00f3ra po ludzku bardziej odpowiada\u0142aby tej Boskiej tajemnicy. I dlatego, gdy jako w\u0119drowni niesiecie \u015bwiadectwo w\u0142a\u015bciwe rodzinie, rodzinie w misji, to niesiecie wsz\u0119dzie \u015bwiadectwo Tr\u00f3jcy Przenaj\u015bwi\u0119tszej w misji. W ten spos\u00f3b powodujecie wzrost Ko\u015bcio\u0142a, poniewa\u017c Ko\u015bci\u00f3\u0142 wyrasta z tych dw\u00f3ch tajemnic. Jak nas poucza Sob\u00f3r Watyka\u0144ski II, ca\u0142a \u017cywotno\u015b\u0107 Ko\u015bcio\u0142a ostatecznie, albo zasadniczo, wywodzi si\u0119 z tej tajemnicy Tr\u00f3jcy w misji. Z drugiej strony niesiecie \u015bwiadectwo rodziny w misji, kt\u00f3ra stara si\u0119 kroczy\u0107 \u015bladami Tr\u00f3jcy w misji. W ten spos\u00f3b niesiecie r\u00f3wnie\u017c or\u0119dzie, radosne, betlejemskie or\u0119dzie. Wiemy, \u017ce to or\u0119dzie, tak\u017ce zgodnie z tradycjami i obyczajami, zawsze wi\u0105\u017ce si\u0119 z ludzkimi rodzinami, jest \u015bwi\u0119tem rodziny. Trzeba nada\u0107 temu \u015bwi\u0119tu g\u0142\u0119boki oddech, pe\u0142ny wymiar, pe\u0142ny po ludzku, pe\u0142ny po chrze\u015bcija\u0144sku i pe\u0142ny po Bo\u017cemu, poniewa\u017c ta ludzka tajemnica, ta ludzka rzeczywisto\u015b\u0107 rodziny zakorzenia si\u0119 w Boskiej tajemnicy Boga-komunii. Wy jeste\u015bcie komuni\u0105, komuni\u0105 os\u00f3b, tak jak Ojciec, Syn i Duch \u015awi\u0119ty.<\/p>\n\n<div class=\"wp-block-image\"><figure class=\"alignright size-large\"><img loading=\"lazy\" decoding=\"async\" width=\"332\" height=\"487\" src=\"https:\/\/neocatechumenaleiter.org\/wp-content\/uploads\/2020\/03\/Camino_Neocatecumenal_Eucaristia_envio_familias_mision_porto_san_giorgio_1988_5.jpg\" alt=\"\" class=\"wp-image-5085\" srcset=\"https:\/\/neocatechumenaleiter.org\/wp-content\/uploads\/2020\/03\/Camino_Neocatecumenal_Eucaristia_envio_familias_mision_porto_san_giorgio_1988_5.jpg 332w, https:\/\/neocatechumenaleiter.org\/wp-content\/uploads\/2020\/03\/Camino_Neocatecumenal_Eucaristia_envio_familias_mision_porto_san_giorgio_1988_5-205x300.jpg 205w\" sizes=\"auto, (max-width: 332px) 100vw, 332px\" \/><\/figure><\/div>\n\n<p>Jeste\u015bcie komuni\u0105 os\u00f3b, jeste\u015bcie jedno\u015bci\u0105. Jeste\u015bcie jedno\u015bci\u0105 i nie mo\u017cecie nie by\u0107 jedno\u015bci\u0105. Je\u015bli nie stanowicie jedno\u015bci, nie jeste\u015bcie komuni\u0105; je\u015bli natomiast jeste\u015bcie komuni\u0105, stanowicie jedno\u015b\u0107. Liczne rodziny w tym post\u0119powym, bogatym i zamo\u017cnym \u015bwiecie trac\u0105 sw\u0105 jedno\u015b\u0107, trac\u0105 komuni\u0119, zatracaj\u0105 korzenie. Wy jeste\u015bcie w\u0119drownymi po to, aby za\u015bwiadczy\u0107 o tych korzeniach; taka jest wasza katecheza, takie jest wasze neokatechumenalne \u015bwiadectwo \u2013 w ten spos\u00f3b m\u00f3wimy o owocowaniu chrztu \u015bwi\u0119tego. Dobrze wiemy, \u017ce sakrament ma\u0142\u017ce\u0144stwa, rodzina, wszystko to wyrasta z sakramentu chrztu, z jego bogactwa.<\/p>\n\n<p>Wyrasta\u0107 z chrztu oznacza wyrasta\u0107 z paschalnej tajemnicy Chrystusa. Sakrament wody i Ducha \u015awi\u0119tego zanurza nas w tej paschalnej tajemnicy Chrystusa, kt\u00f3r\u0105 jest jego \u015bmier\u0107 i jego zmartwychwstanie. Zanurza nas po to, aby\u015bmy odzyskali pe\u0142ni\u0119 \u017cycia i pe\u0142ni\u0119 osoby, a jednocze\u015bnie w wymiarze rodziny \u2013 komuni\u0119 os\u00f3b, aby nie\u015b\u0107, aby natchn\u0105\u0107 t\u0105 nowo\u015bci\u0105 \u017cycia r\u00f3\u017cne \u015brodowiska, spo\u0142ecze\u0144stwa, ludy, kultury, \u017cycie spo\u0142eczne, \u017cycie ekonomiczne&#8230; Wszystko to ma s\u0142u\u017cy\u0107 rodzinie. Musicie i\u015b\u0107 na ca\u0142y \u015bwiat, aby powtarza\u0107 wszystkim, \u017ce \u201ema s\u0142u\u017cy\u0107 rodzinie\u201d, a nie dokonywa\u0107 si\u0119 kosztem rodziny. Tak, wasz program musi by\u0107 w pe\u0142ni ewangeliczny, odwa\u017cny, odwa\u017cny w dawaniu \u015bwiadectwa i odwa\u017cny w stawianiu pyta\u0144 wszystkim, przede wszystkim naszym braciom, osobom ludzkim, naszym siostrom, wszystkim rodzinom, ma\u0142\u017ce\u0144stwom, wszystkim tym pokoleniom. Lecz tak\u017ce innym. Wraz z tym wielkim \u015bwiadectwem \u2013 rodzina w misji jako obraz Tr\u00f3jcy w misji \u2013 trzeba r\u00f3wnie\u017c rozwija\u0107 program, rzek\u0142bym, spo\u0142eczno-polityczny, spo\u0142eczno-ekonomiczny. W to wszystko rodzina jest w\u0142\u0105czona i mo\u017ce by\u0107 wspomagana, uprzywilejowana, mo\u017ce rozwija\u0107 si\u0119 lub mo\u017ce zosta\u0107 zniszczona.&#013;\nRodzina: nie istnieje inny wymiar, w kt\u00f3rym cz\u0142owiek m\u00f3g\u0142by wyrazi\u0107 siebie jako osoba&#013;\nWszystkimi waszymi modlitwami, waszym \u015bwiadectwem, wasz\u0105 si\u0142\u0105 musicie pomaga\u0107 rodzinie, musicie chroni\u0107 j\u0105 przed wszelkim zniszczeniem. Je\u015bli nie istnieje inny wymiar, w kt\u00f3rym cz\u0142owiek m\u00f3g\u0142by wyrazi\u0107 siebie jako osoba, jako \u017cycie, jako mi\u0142o\u015b\u0107, trzeba r\u00f3wnie\u017c powiedzie\u0107, i\u017c nie istnieje inne miejsce, inne \u015brodowisko, w kt\u00f3rym cz\u0142owiek m\u00f3g\u0142by by\u0107 bardziej niszczony. Dzi\u015b czyni si\u0119 wiele rzeczy, aby znormalizowa\u0107 te zniszczenia, aby zalegalizowa\u0107 te zniszczenia \u2013 g\u0142\u0119bokie zniszczenia, g\u0142\u0119bokie rany cz\u0142owiecze\u0144stwa. Robi si\u0119 wiele, aby uj\u0105\u0107 je w system, zalegalizowa\u0107. W tym znaczeniu m\u00f3wi si\u0119 o \u201eochronie\u201d. Lecz nie mo\u017cna chroni\u0107 naprawd\u0119 rodziny bez si\u0119gania do korzeni, do g\u0142\u0119bokich rzeczywisto\u015bci, do jej wewn\u0119trznej istoty, kt\u00f3r\u0105 stanowi komunia os\u00f3b na obraz i podobie\u0144stwo Boskiej komunii. Rodzina w misji, Tr\u00f3jca w misji.&#013;\nNajdro\u017csi, nie chc\u0119 ci\u0105gn\u0105\u0107 dalej, nie chc\u0119 przed\u0142u\u017ca\u0107. Przekazuj\u0119 wam te my\u015bli, kt\u00f3re przychodz\u0105 mi tak spontanicznie.<\/p>\n\n<p>Dzisiaj jest dzie\u0144, w kt\u00f3rym powinna przemawia\u0107 do nas nade wszystko \u015awi\u0119ta Rodzina i taka jest moja pokorna modlitwa: niech \u015awi\u0119ta Rodzina z Nazaretu, poprzez nasze zgromadzenie, przez nasze \u015bpiewy, przez nasze modlitwy, a tak\u017ce przez to moje s\u0142owo przemawia do nas wszystkich.<\/p>\n\n<p><strong><em>Amen\u00bb.<\/em> <\/strong><\/p>\n\n<div class=\"wp-block-image\"><figure class=\"aligncenter size-large\"><img loading=\"lazy\" decoding=\"async\" width=\"710\" height=\"512\" src=\"https:\/\/neocatechumenaleiter.org\/wp-content\/uploads\/2020\/03\/Camino_Neocatecumenal_Eucaristia_envio_familias_mision_porto_san_giorgio_1988_6.jpg\" alt=\"\" class=\"wp-image-5087\" srcset=\"https:\/\/neocatechumenaleiter.org\/wp-content\/uploads\/2020\/03\/Camino_Neocatecumenal_Eucaristia_envio_familias_mision_porto_san_giorgio_1988_6.jpg 710w, https:\/\/neocatechumenaleiter.org\/wp-content\/uploads\/2020\/03\/Camino_Neocatecumenal_Eucaristia_envio_familias_mision_porto_san_giorgio_1988_6-300x216.jpg 300w\" sizes=\"auto, (max-width: 710px) 100vw, 710px\" \/><\/figure><\/div>\n","protected":false},"excerpt":{"rendered":"<p>EUCHARYSTIA Z PAPIE\u017bEM I ROZES\u0141ANIE RODZIN DLA \u201eNOWEJ EWANGELIZACJI\u201d 30-12-1988 \u015aw. Jan Pawe\u0142 II \u015awi\u0119to \u015awi\u0119tej Rodziny&#013; &#013; Porto San Giorgio, 30 grudnia 1988 r. MISJA PRAWDY, MI\u0141O\u015aCI, \u017bYCIA \u201eWszystkimi waszymi modlitwami, waszym \u015bwiadectwem, wasz\u0105 si\u0142\u0105, musicie pomaga\u0107 rodzinie, musicie chroni\u0107 j\u0105 przed wszelkim zniszczeniem\u201d \u2013 powiedzia\u0142 Jan Pawe\u0142 II, zwracaj\u0105c si\u0119 do wyruszaj\u0105cych na misje rodzin neokatechumenalnych, kt\u00f3re dzi\u015b, 30 grudnia, w pi\u0105tek przed po\u0142udniem uczestniczy\u0142y w mszy \u015bw.<\/p>\n<div class=\"read-more\"><a class=\"btn read-more-btn\" href=\"https:\/\/neocatechumenaleiter.org\/pl\/slowa-papiezy\/sw-jan-pawel-ii\/eucharystia-z-papiezem-i-rozeslanie-rodzin-dla-nowej-ewangelizacji-30-12-1988\/\">Czytaj dalej<\/a><\/div>\n","protected":false},"author":2,"featured_media":0,"parent":16496,"menu_order":55,"comment_status":"closed","ping_status":"closed","template":"","meta":{"footnotes":""},"class_list":["post-22070","page","type-page","status-publish","hentry"],"_links":{"self":[{"href":"https:\/\/neocatechumenaleiter.org\/pl\/wp-json\/wp\/v2\/pages\/22070","targetHints":{"allow":["GET"]}}],"collection":[{"href":"https:\/\/neocatechumenaleiter.org\/pl\/wp-json\/wp\/v2\/pages"}],"about":[{"href":"https:\/\/neocatechumenaleiter.org\/pl\/wp-json\/wp\/v2\/types\/page"}],"author":[{"embeddable":true,"href":"https:\/\/neocatechumenaleiter.org\/pl\/wp-json\/wp\/v2\/users\/2"}],"replies":[{"embeddable":true,"href":"https:\/\/neocatechumenaleiter.org\/pl\/wp-json\/wp\/v2\/comments?post=22070"}],"version-history":[{"count":3,"href":"https:\/\/neocatechumenaleiter.org\/pl\/wp-json\/wp\/v2\/pages\/22070\/revisions"}],"predecessor-version":[{"id":22073,"href":"https:\/\/neocatechumenaleiter.org\/pl\/wp-json\/wp\/v2\/pages\/22070\/revisions\/22073"}],"up":[{"embeddable":true,"href":"https:\/\/neocatechumenaleiter.org\/pl\/wp-json\/wp\/v2\/pages\/16496"}],"wp:attachment":[{"href":"https:\/\/neocatechumenaleiter.org\/pl\/wp-json\/wp\/v2\/media?parent=22070"}],"curies":[{"name":"wp","href":"https:\/\/api.w.org\/{rel}","templated":true}]}}