{"id":22074,"date":"2020-03-03T16:21:30","date_gmt":"2020-03-03T15:21:30","guid":{"rendered":"https:\/\/neocatechumenaleiter.org\/slowa-papiezy\/sw-jan-pawel-ii\/wizytacja-w-parafii-sw-cypriana-22-1-1989\/"},"modified":"2021-04-21T10:43:41","modified_gmt":"2021-04-21T09:43:41","slug":"wizytacja-w-parafii-sw-cypriana-22-1-1989","status":"publish","type":"page","link":"https:\/\/neocatechumenaleiter.org\/pl\/slowa-papiezy\/sw-jan-pawel-ii\/wizytacja-w-parafii-sw-cypriana-22-1-1989\/","title":{"rendered":"WIZYTACJA W PARAFII \u015aW. CYPRIANA 22-1-1989"},"content":{"rendered":"\n<h1 class=\"has-text-align-center wp-block-heading\">WIZYTACJA W PARAFII \u015aW. CYPRIANA 22-1-1989<\/h1>\n\n<div style=\"height:20px\" aria-hidden=\"true\" class=\"wp-block-spacer\"><\/div>\n\n<h4 class=\"has-text-align-center wp-block-heading\">\u015aw. Jan Pawe\u0142 II<\/h4>\n\n<div style=\"height:20px\" aria-hidden=\"true\" class=\"wp-block-spacer\"><\/div>\n\n<p><strong>Rzym, 22 stycznia 1989 r.<\/strong><\/p>\n\n<p><em>Droga neokatechumenalna, otwarta w 1981 r., jest najmocniejszym do\u015bwiadczeniem religijnym po\u015br\u00f3d aktualnie istniej\u0105cych w parafii \u015bw. Cypriana. Nale\u017c\u0105cym do pi\u0119ciu wsp\u00f3lnot, oko\u0142o stu pi\u0119\u0107dziesi\u0119ciu braciom, papie\u017c po\u015bwi\u0119ci\u0142 ostatnie spotkanie swojej intensywnej<\/em> wizytacji. \u201eOjcze \u015bwi\u0119ty, po tej twojej Mszy \u015bw. w parafii rozpocznie si\u0119 tutaj nowa katecheza \u2013 powiedzia\u0142 Claudio, inicjator drogi w parafii \u015bw. Cypriana.<\/p>\n\n<div class=\"wp-block-image\"><figure class=\"alignright size-medium\"><img loading=\"lazy\" decoding=\"async\" width=\"300\" height=\"247\" src=\"https:\/\/neocatechumenaleiter.org\/wp-content\/uploads\/2020\/03\/Camino_Neocatecumenal_Juan_Pablo_II_visita_parroquia_San_Cipriano_1989-300x247.jpg\" alt=\"\" class=\"wp-image-2209\" srcset=\"https:\/\/neocatechumenaleiter.org\/wp-content\/uploads\/2020\/03\/Camino_Neocatecumenal_Juan_Pablo_II_visita_parroquia_San_Cipriano_1989-300x247.jpg 300w, https:\/\/neocatechumenaleiter.org\/wp-content\/uploads\/2020\/03\/Camino_Neocatecumenal_Juan_Pablo_II_visita_parroquia_San_Cipriano_1989.jpg 692w\" sizes=\"auto, (max-width: 300px) 100vw, 300px\" \/><\/figure><\/div>\n\n<p>Mamy nadziej\u0119, \u017ce to przybycie Piotra do nas poruszy wiele os\u00f3b tak, aby zapragn\u0119\u0142y pozna\u0107 Jezusa Chrystusa. Ojcze, tak jak g\u0142osi ten afisz, my byli\u015bmy \u015blepi, chromi, zagubieni. By\u0142em daleki od Ko\u015bcio\u0142a i w tym ko\u015bciele poznali\u015bmy, jak m\u00f3wi dzisiejsze S\u0142owo, wolno\u015b\u0107 dla wszystkich wi\u0119\u017ani\u00f3w udr\u0119czenia, strachu i \u015bmierci. Byli\u015bmy do tego stopnia \u015blepi, \u017ce nie widzieli\u015bmy mi\u0142o\u015bci Boga w naszym \u017cyciu. Dzi\u0119kujemy Piotrowi, \u017ce przyby\u0142 dzisiaj, aby utwierdzi\u0107 nas na naszej drodze\u201d.<\/p>\n\n<p>G\u0142\u0119bokie i wzruszaj\u0105ce by\u0142o z kolei \u015bwiadectwo samego proboszcza, monsignora Pierraccini:&#013;\n\u201eRozpocz\u0105\u0142em t\u0119 drog\u0119 w 1971 r., kiedy by\u0142em w parafii \u015bw. Eugeniusza \u2013 powiedzia\u0142 \u2013 by\u0142 to moment g\u0142\u0119bokiego kryzysu, poniewa\u017c uwa\u017ca\u0142em si\u0119 za bardzo dobrego, bardzo inteligentnego ksi\u0119dza, kt\u00f3ry odnosi\u0142 sukcesy. A by\u0142em pyszny i zarozumia\u0142y. Teraz widz\u0119 jasno, lecz w\u00f3wczas by\u0142em jakby za\u015blepiony. Znalaz\u0142em si\u0119 w sytuacji wielkiego kryzysu, wielkiej depresji.<\/p>\n\n<p>I nadesz\u0142a ta droga, ten ruch, ta katecheza, kt\u00f3ra przysz\u0142a wzbudzi\u0107 we mnie zawierzenie Bogu, ufno\u015b\u0107, \u017ce B\u00f3g mnie kocha takim, jakim jestem. Mimo moich s\u0142abo\u015bci i moich grzech\u00f3w, ta mi\u0142o\u015b\u0107 otworzy\u0142a mi oczy i pozwoli\u0142a mi zobaczy\u0107 poprzez znaki jak bardzo B\u00f3g mnie kocha. To zacz\u0119\u0142o zmienia\u0107 moje \u017cycie i dawa\u0107 mi pok\u00f3j. P\u00f3\u017aniej musia\u0142em zostawi\u0107 tamt\u0105 parafi\u0119, by przyby\u0107 tutaj. Ju\u017c b\u0119d\u0105c doros\u0142ym, starym, otrzyma\u0142em wi\u0119ksz\u0105 parafi\u0119; ale r\u00f3wnie\u017c tutaj pracuj\u0119 ka\u017cdego dnia z rado\u015bci\u0105.&#013;\nMusz\u0119 powiedzie\u0107, \u017ce na tej drodze naprawd\u0119 odkrywa si\u0119 rado\u015b\u0107 przebywania z Panem. Zobaczy\u0142em jeszcze jedn\u0105 rzecz w ci\u0105gu tego okresu: jak ta forma g\u0142oszenia Ewangelii porywa osoby oddalone i przybli\u017ca je do Boga\u201d.<\/p>\n\n<p>G\u0142\u0119boko poruszony tymi \u015bwiadectwami, Ojciec \u015bwi\u0119ty skierowa\u0142 do wsp\u00f3lnot nast\u0119puj\u0105ce s\u0142owa:&#013;\n\u00abCi\u0105gle przychodzi mi na my\u015bl to s\u0142owo, kt\u00f3re r\u00f3wnie\u017c wprowadzi\u0142em jako s\u0142owo \u017cycia na Rok Maryjny oraz do encykliki Redemptoris Mater. Powtarzam to s\u0142owo o Maryi, \u201e<em>Jeste\u015b B\u0142ogos\u0142awiona poniewa\u017c uwierzy\u0142a\u015b w Pana<\/em>\u201d, bo z pewno\u015bci\u0105 jest ono centralne na drodze Dziewicy. S\u0142owo to uczyni\u0142em osnow\u0105 ca\u0142ej encykliki maryjnej. Encyklika ustawiona w taki spos\u00f3b mo\u017ce s\u0142u\u017cy\u0107 Ko\u015bcio\u0142owi, a mo\u017ce r\u00f3wnie\u017c braciom od\u0142\u0105czonym, poniewa\u017c Maryja poprzedza nas na drodze wiary. Kiedy was spotykam, prze\u017cywam zawsze chwil\u0119 zaskoczenia, poniewa\u017c wielu z was m\u00f3wi, \u017ce przybywa z drugiego brzegu, gdzie si\u0119 nie wierzy, gdzie nie \u017cyje si\u0119 po chrze\u015bcija\u0144sku, gdzie wr\u0119cz neguje si\u0119 Boga i poszukuje odmiennego programu \u017cycia osobistego i spo\u0142ecznego. A p\u00f3\u017aniej znale\u017ali t\u0119 drog\u0119.<\/p>\n\n<div class=\"wp-block-image\"><figure class=\"alignleft size-medium\"><img loading=\"lazy\" decoding=\"async\" width=\"300\" height=\"247\" src=\"https:\/\/neocatechumenaleiter.org\/wp-content\/uploads\/2020\/03\/Camino_Neocatecumenal_Juan_Pablo_II_visita_parroquia_San_Cipriano_1989_2-300x247.jpg\" alt=\"\" class=\"wp-image-2216\" srcset=\"https:\/\/neocatechumenaleiter.org\/wp-content\/uploads\/2020\/03\/Camino_Neocatecumenal_Juan_Pablo_II_visita_parroquia_San_Cipriano_1989_2-300x247.jpg 300w, https:\/\/neocatechumenaleiter.org\/wp-content\/uploads\/2020\/03\/Camino_Neocatecumenal_Juan_Pablo_II_visita_parroquia_San_Cipriano_1989_2.jpg 688w\" sizes=\"auto, (max-width: 300px) 100vw, 300px\" \/><\/figure><\/div>\n\n<p>Weszli na t\u0119 drog\u0119 i m\u00f3wi\u0105: \u201e<em>znale\u017ali\u015bmy rado\u015b\u0107, znale\u017ali\u015bmy pok\u00f3j<\/em>\u201d. Najdro\u017csi, idziecie drog\u0105 zasadniczo wewn\u0105trz tej parafii. Idziecie drog\u0105 w \u015bwiecie wsp\u00f3\u0142czesnym, tym dzisiejszym \u015bwiecie, bardzo bogatym i zamo\u017cnym, post\u0119powym i pewnym siebie z powodu swoich poszukiwa\u0144 i wynalazk\u00f3w. Kroczycie w tym \u015bwiecie, kt\u00f3ry jednocze\u015bnie idzie z trudem. My\u015bl\u0119, \u017ce szczeg\u00f3lny charyzmat tego ruchu, tej drogi, polega w\u0142a\u015bnie na owym kroczeniu wraz z lud\u017ami nam wsp\u00f3\u0142czesnymi, z tymi lud\u017ami bogatymi i biednymi zarazem: i\u015b\u0107 po\u015br\u00f3d nich i dawa\u0107 \u015bwiadectwo o innej drodze, o innym \u017cyciu, o innej perspektywie. Jest to droga Maryi, droga wiary. Kroczycie z Ni\u0105 t\u0105 sam\u0105 drog\u0105.<\/p>\n\n<p>Pami\u0119tajcie zawsze, \u017ce w ten spos\u00f3b kroczycie z Maryj\u0105, kt\u00f3ra idzie ze wszystkimi jak Matka: z Ko\u015bcio\u0142em, z chrze\u015bcija\u0144stwem, z chrze\u015bcijanami, kt\u00f3rzy z trudem odnajduj\u0105 swoj\u0105 jedno\u015b\u0107 ze \u015bwiatem podzielonym na Wsch\u00f3d i Zach\u00f3d, P\u00f3\u0142noc i Po\u0142udnie, ubogich i bogatych. Wasz charyzmat jest charyzmatem Maryi: kroczy\u0107 w wierze i w wierze dawa\u0107 \u015bwiadectwo wszystkim, \u015bwiadectwo o innej mo\u017cliwo\u015bci, innej samorealizacji. Cz\u0142owiek stara si\u0119 zrealizowa\u0107 i nie potrafi. Temu cz\u0142owiekowi trzeba za\u015bwiadczy\u0107 o spe\u0142nieniu, kt\u00f3re Maryja znajduje w Chrystusie. On jest prawdziw\u0105 samorealizacj\u0105 cz\u0142owieka. Poniewa\u017c On m\u00f3wi: \u201e<em>jestem Drog\u0105, Prawd\u0105 i<\/em> \u017byciem\u201d.<\/p>\n\n<p>\u017bycz\u0119 wam, by\u015bcie nadal trwali w tej parafii, w tym powo\u0142aniu i na tej drodze\u00bb.<\/p>\n","protected":false},"excerpt":{"rendered":"<p>WIZYTACJA W PARAFII \u015aW. CYPRIANA 22-1-1989 \u015aw. Jan Pawe\u0142 II Rzym, 22 stycznia 1989 r. Droga neokatechumenalna, otwarta w 1981 r., jest najmocniejszym do\u015bwiadczeniem religijnym po\u015br\u00f3d aktualnie istniej\u0105cych w parafii \u015bw. Cypriana. Nale\u017c\u0105cym do pi\u0119ciu wsp\u00f3lnot, oko\u0142o stu pi\u0119\u0107dziesi\u0119ciu braciom, papie\u017c po\u015bwi\u0119ci\u0142 ostatnie spotkanie swojej intensywnej wizytacji. \u201eOjcze \u015bwi\u0119ty, po tej twojej Mszy \u015bw. w parafii rozpocznie si\u0119 tutaj nowa katecheza \u2013 powiedzia\u0142 Claudio, inicjator drogi w parafii \u015bw. Cypriana.<\/p>\n<div class=\"read-more\"><a class=\"btn read-more-btn\" href=\"https:\/\/neocatechumenaleiter.org\/pl\/slowa-papiezy\/sw-jan-pawel-ii\/wizytacja-w-parafii-sw-cypriana-22-1-1989\/\">Czytaj dalej<\/a><\/div>\n","protected":false},"author":2,"featured_media":0,"parent":16496,"menu_order":56,"comment_status":"closed","ping_status":"closed","template":"","meta":{"footnotes":""},"class_list":["post-22074","page","type-page","status-publish","hentry"],"_links":{"self":[{"href":"https:\/\/neocatechumenaleiter.org\/pl\/wp-json\/wp\/v2\/pages\/22074","targetHints":{"allow":["GET"]}}],"collection":[{"href":"https:\/\/neocatechumenaleiter.org\/pl\/wp-json\/wp\/v2\/pages"}],"about":[{"href":"https:\/\/neocatechumenaleiter.org\/pl\/wp-json\/wp\/v2\/types\/page"}],"author":[{"embeddable":true,"href":"https:\/\/neocatechumenaleiter.org\/pl\/wp-json\/wp\/v2\/users\/2"}],"replies":[{"embeddable":true,"href":"https:\/\/neocatechumenaleiter.org\/pl\/wp-json\/wp\/v2\/comments?post=22074"}],"version-history":[{"count":3,"href":"https:\/\/neocatechumenaleiter.org\/pl\/wp-json\/wp\/v2\/pages\/22074\/revisions"}],"predecessor-version":[{"id":22077,"href":"https:\/\/neocatechumenaleiter.org\/pl\/wp-json\/wp\/v2\/pages\/22074\/revisions\/22077"}],"up":[{"embeddable":true,"href":"https:\/\/neocatechumenaleiter.org\/pl\/wp-json\/wp\/v2\/pages\/16496"}],"wp:attachment":[{"href":"https:\/\/neocatechumenaleiter.org\/pl\/wp-json\/wp\/v2\/media?parent=22074"}],"curies":[{"name":"wp","href":"https:\/\/api.w.org\/{rel}","templated":true}]}}