{"id":22078,"date":"2020-03-03T16:24:02","date_gmt":"2020-03-03T15:24:02","guid":{"rendered":"https:\/\/neocatechumenaleiter.org\/slowa-papiezy\/sw-jan-pawel-ii\/wigilia-paschalna-w-bazylice-watykanskiej-uroczyste-odnowienie-przyrzeczen-chrzcielnych-na-zakonczenie-drogi-neokatechumenalnej-26-3-1989\/"},"modified":"2021-04-21T10:51:09","modified_gmt":"2021-04-21T09:51:09","slug":"wigilia-paschalna-w-bazylice-watykanskiej-uroczyste-odnowienie-przyrzeczen-chrzcielnych-na-zakonczenie-drogi-neokatechumenalnej-26-3-1989","status":"publish","type":"page","link":"https:\/\/neocatechumenaleiter.org\/pl\/slowa-papiezy\/sw-jan-pawel-ii\/wigilia-paschalna-w-bazylice-watykanskiej-uroczyste-odnowienie-przyrzeczen-chrzcielnych-na-zakonczenie-drogi-neokatechumenalnej-26-3-1989\/","title":{"rendered":"WIGILIA PASCHALNA W BAZYLICE WATYKA\u0143SKIEJ: UROCZYSTE ODNOWIENIE PRZYRZECZE\u0143 CHRZCIELNYCH NA ZAKO\u0143CZENIE DROGI NEOKATECHUMENALNEJ 26-3-1989"},"content":{"rendered":"\n<h1 class=\"has-text-align-center wp-block-heading\">WIGILIA PASCHALNA W BAZYLICE WATYKA\u0143SKIEJ: UROCZYSTE ODNOWIENIE PRZYRZECZE\u0143 CHRZCIELNYCH NA ZAKO\u0143CZENIE DROGI NEOKATECHUMENALNEJ 26-3-1989<\/h1>\n\n<div style=\"height:20px\" aria-hidden=\"true\" class=\"wp-block-spacer\"><\/div>\n\n<h4 class=\"has-text-align-center wp-block-heading\">\u015aw. Jan Pawe\u0142 II<\/h4>\n\n<div style=\"height:20px\" aria-hidden=\"true\" class=\"wp-block-spacer\"><\/div>\n\n<p><strong>Rzym, Bazylika \u015bw. Piotra \u2013 Pascha 1989<\/strong><\/p>\n\n<p><em>Bracia ze wsp\u00f3lnot z parafii \u015bw. Alojzego Gonzagi i M\u0119czennik\u00f3w Kanadyjskich uroczy\u015bcie odnowili przyrzeczenia chrzcielne na zako\u0144czenie swojej drogi neokatechumenalnej.<\/em>&#013;\n&#013;\n<em>Towarzyszyli im ich katechi\u015bci: Kiko Arg\u00fcello, Carmen Hernandez i bracia z pierwszej wsp\u00f3lnoty z parafii M\u0119czennik\u00f3w Kanadyjskich.<\/em><\/p>\n\n<figure class=\"wp-block-image size-large\"><img loading=\"lazy\" decoding=\"async\" width=\"714\" height=\"569\" src=\"https:\/\/neocatechumenaleiter.org\/wp-content\/uploads\/2020\/03\/Camino_Neocatecumenal_Juan_Pablo_II_vigilia_pascual_hermanos_vestidura_blanca_1989.jpg\" alt=\"\" class=\"wp-image-5012\" srcset=\"https:\/\/neocatechumenaleiter.org\/wp-content\/uploads\/2020\/03\/Camino_Neocatecumenal_Juan_Pablo_II_vigilia_pascual_hermanos_vestidura_blanca_1989.jpg 714w, https:\/\/neocatechumenaleiter.org\/wp-content\/uploads\/2020\/03\/Camino_Neocatecumenal_Juan_Pablo_II_vigilia_pascual_hermanos_vestidura_blanca_1989-300x239.jpg 300w\" sizes=\"auto, (max-width: 714px) 100vw, 714px\" \/><\/figure>","protected":false},"excerpt":{"rendered":"<p>WIGILIA PASCHALNA W BAZYLICE WATYKA\u0143SKIEJ: UROCZYSTE ODNOWIENIE PRZYRZECZE\u0143 CHRZCIELNYCH NA ZAKO\u0143CZENIE DROGI NEOKATECHUMENALNEJ 26-3-1989 \u015aw. Jan Pawe\u0142 II Rzym, Bazylika \u015bw. Piotra \u2013 Pascha 1989 Bracia ze wsp\u00f3lnot z parafii \u015bw. Alojzego Gonzagi i M\u0119czennik\u00f3w Kanadyjskich uroczy\u015bcie odnowili przyrzeczenia chrzcielne na zako\u0144czenie swojej drogi neokatechumenalnej.&#013; &#013; Towarzyszyli im ich katechi\u015bci: Kiko Arg\u00fcello, Carmen Hernandez i bracia z pierwszej wsp\u00f3lnoty z parafii M\u0119czennik\u00f3w Kanadyjskich.<\/p>\n","protected":false},"author":2,"featured_media":0,"parent":16496,"menu_order":57,"comment_status":"closed","ping_status":"closed","template":"","meta":{"footnotes":""},"class_list":["post-22078","page","type-page","status-publish","hentry"],"_links":{"self":[{"href":"https:\/\/neocatechumenaleiter.org\/pl\/wp-json\/wp\/v2\/pages\/22078","targetHints":{"allow":["GET"]}}],"collection":[{"href":"https:\/\/neocatechumenaleiter.org\/pl\/wp-json\/wp\/v2\/pages"}],"about":[{"href":"https:\/\/neocatechumenaleiter.org\/pl\/wp-json\/wp\/v2\/types\/page"}],"author":[{"embeddable":true,"href":"https:\/\/neocatechumenaleiter.org\/pl\/wp-json\/wp\/v2\/users\/2"}],"replies":[{"embeddable":true,"href":"https:\/\/neocatechumenaleiter.org\/pl\/wp-json\/wp\/v2\/comments?post=22078"}],"version-history":[{"count":3,"href":"https:\/\/neocatechumenaleiter.org\/pl\/wp-json\/wp\/v2\/pages\/22078\/revisions"}],"predecessor-version":[{"id":22081,"href":"https:\/\/neocatechumenaleiter.org\/pl\/wp-json\/wp\/v2\/pages\/22078\/revisions\/22081"}],"up":[{"embeddable":true,"href":"https:\/\/neocatechumenaleiter.org\/pl\/wp-json\/wp\/v2\/pages\/16496"}],"wp:attachment":[{"href":"https:\/\/neocatechumenaleiter.org\/pl\/wp-json\/wp\/v2\/media?parent=22078"}],"curies":[{"name":"wp","href":"https:\/\/api.w.org\/{rel}","templated":true}]}}