{"id":22082,"date":"2020-03-03T23:23:37","date_gmt":"2020-03-03T22:23:37","guid":{"rendered":"https:\/\/neocatechumenaleiter.org\/slowa-papiezy\/sw-jan-pawel-ii\/wizytacja-w-parafii-swietych-fabiana-i-wenancjusza-14-i-1990\/"},"modified":"2021-04-21T11:30:20","modified_gmt":"2021-04-21T10:30:20","slug":"wizytacja-w-parafii-swietych-fabiana-i-wenancjusza-14-i-1990","status":"publish","type":"page","link":"https:\/\/neocatechumenaleiter.org\/pl\/slowa-papiezy\/sw-jan-pawel-ii\/wizytacja-w-parafii-swietych-fabiana-i-wenancjusza-14-i-1990\/","title":{"rendered":"WIZYTACJA W PARAFII \u015aWI\u0118TYCH FABIANA I WENANCJUSZA 14-I-1990"},"content":{"rendered":"\n<h1 class=\"has-text-align-center wp-block-heading\">WIZYTACJA W PARAFII \u015aWI\u0118TYCH FABIANA I WENANCJUSZA 14-I-1990<\/h1>\n\n<div style=\"height:20px\" aria-hidden=\"true\" class=\"wp-block-spacer\"><\/div>\n\n<h4 class=\"has-text-align-center wp-block-heading\">\u015aw. Jan Pawe\u0142 II<\/h4>\n\n<div style=\"height:20px\" aria-hidden=\"true\" class=\"wp-block-spacer\"><\/div>\n\n<div class=\"wp-block-image\"><figure class=\"alignleft size-medium\"><img loading=\"lazy\" decoding=\"async\" width=\"300\" height=\"253\" src=\"https:\/\/neocatechumenaleiter.org\/wp-content\/uploads\/2020\/03\/Camino_Neocatecumenal_Juan_Pablo_II_visita_parroquia_Santos_Fabian_Venancio_1990-300x253.jpg\" alt=\"\" class=\"wp-image-2265\" srcset=\"https:\/\/neocatechumenaleiter.org\/wp-content\/uploads\/2020\/03\/Camino_Neocatecumenal_Juan_Pablo_II_visita_parroquia_Santos_Fabian_Venancio_1990-300x253.jpg 300w, https:\/\/neocatechumenaleiter.org\/wp-content\/uploads\/2020\/03\/Camino_Neocatecumenal_Juan_Pablo_II_visita_parroquia_Santos_Fabian_Venancio_1990.jpg 661w\" sizes=\"auto, (max-width: 300px) 100vw, 300px\" \/><\/figure><\/div>\n\n<p><strong>Rzym, 14 stycznia 1990*<\/strong><\/p>\n\n<p><em>\u00ab\u015aWIAT OTWIERA SI\u0118, POSZUKUJE LUDZKIEGO I BARDZIEJ CHRZE\u015aCIJA\u0143SKIEGO WYMIARU I OCZEKUJE TEJ ODPOWIEDZI PRAWDY, KT\u00d3R\u0104 JEST CHRYSTUS\u00bb<\/em><\/p>\n\n<p><em>Spotkanie Ojca \u015bwi\u0119tego z licznymi przedstawicielami wsp\u00f3lnot neokatechumenalnych by\u0142o \u015bwi\u0105teczne. \u015awi\u0105teczne zw\u0142aszcza dzi\u0119ki obecno\u015bci licznych dzieci, kt\u00f3re jak zwykle podkre\u015blaj\u0105 wymiar \u201erodzinny\u201d, jako no\u015bny aspekt wsp\u00f3lnoty, kt\u00f3ra kroczy drog\u0105 neokatechumenaln\u0105.<\/em><\/p>\n\n<p><em>Po kilku s\u0142owach wprowadzenia, kt\u00f3re Giuseppe, jeden<\/em> z<em> katechist\u00f3w wsp\u00f3lnot, skierowa\u0142 do papie\u017ca, Ojciec \u015bwi\u0119ty powiedzia\u0142:<\/em><\/p>\n\n<p>\u00abOs deseo un a\u00f1o 1990 como un a\u00f1o nuevo &#013;\npara vuestro Camino. Ciertamente el a\u00f1o anterior, 1989, nos ha dejado &#013;\nmuchas cosas sorprendentes, sobre todo en Europa. Muchos ambientes, &#013;\nmuchos pa\u00edses se han abierto, pero todo eso es solamente un desaf\u00edo. &#013;\nEste mundo que se abre, que rompe con una tradici\u00f3n menos cristiana y &#013;\nmenos humana, buscando la cristiana y m\u00e1s humana, espera, junto con sus &#013;\npoblaciones, la Palabra de la Verdad, la Palabra del Evangelio, la &#013;\nPalabra de la Comuni\u00f3n con Cristo. Al mismo tiempo nosotros estamos aqu\u00ed&#013;\n en Occidente.<\/p>\n\n<div class=\"wp-block-image\"><figure class=\"alignright size-medium\"><img loading=\"lazy\" decoding=\"async\" width=\"300\" height=\"239\" src=\"https:\/\/neocatechumenaleiter.org\/wp-content\/uploads\/2020\/03\/Camino_Neocatecumenal_Juan_Pablo_II_visita_parroquia_Santos_Fabian_Venancio_1990_2-300x239.jpg\" alt=\"\" class=\"wp-image-2272\" srcset=\"https:\/\/neocatechumenaleiter.org\/wp-content\/uploads\/2020\/03\/Camino_Neocatecumenal_Juan_Pablo_II_visita_parroquia_Santos_Fabian_Venancio_1990_2-300x239.jpg 300w, https:\/\/neocatechumenaleiter.org\/wp-content\/uploads\/2020\/03\/Camino_Neocatecumenal_Juan_Pablo_II_visita_parroquia_Santos_Fabian_Venancio_1990_2.jpg 704w\" sizes=\"auto, (max-width: 300px) 100vw, 300px\" \/><\/figure><\/div>\n\n<p>Wczoraj przemawia\u0142em do ambasador\u00f3w akredytowanych przy Stolicy Apostolskiej i powiedzia\u0142em, \u017ce ta chwila jest tak\u017ce wyzwaniem dla kraj\u00f3w Europy Zachodniej, poniewa\u017c r\u00f3wnie\u017c one powinny powr\u00f3ci\u0107 do prawdziwych warto\u015bci, poszukiwa\u0107 chrze\u015bcija\u0144skich korzeni swojej to\u017csamo\u015bci i zmierza\u0107 ku Chrystusowi. St\u0105d tak\u017ce i wy, najdro\u017csi, stoicie wobec licznych wyzwa\u0144.<\/p>\n\n<p>\u017bycz\u0119 wam, aby ten nowy rok by\u0142 nowym rokiem dla waszej drogi, owocnym dzi\u0119ki \u0142asce Pana, dzi\u0119ki \u015bwiat\u0142u Ducha \u015awi\u0119tego i dzi\u0119ki obecno\u015bci Dziewicy i Matki.\u00bb.<\/p>\n\n<p><em>(*) Por. \u00abL\u2018Osservatore Romano\u00bb, 19 stycznia 1990.<\/em><\/p>\n","protected":false},"excerpt":{"rendered":"<p>WIZYTACJA W PARAFII \u015aWI\u0118TYCH FABIANA I WENANCJUSZA 14-I-1990 \u015aw. Jan Pawe\u0142 II Rzym, 14 stycznia 1990* \u00ab\u015aWIAT OTWIERA SI\u0118, POSZUKUJE LUDZKIEGO I BARDZIEJ CHRZE\u015aCIJA\u0143SKIEGO WYMIARU I OCZEKUJE TEJ ODPOWIEDZI PRAWDY, KT\u00d3R\u0104 JEST CHRYSTUS\u00bb Spotkanie Ojca \u015bwi\u0119tego z licznymi przedstawicielami wsp\u00f3lnot neokatechumenalnych by\u0142o \u015bwi\u0105teczne. \u015awi\u0105teczne zw\u0142aszcza dzi\u0119ki obecno\u015bci licznych dzieci, kt\u00f3re jak zwykle podkre\u015blaj\u0105 wymiar \u201erodzinny\u201d, jako no\u015bny aspekt wsp\u00f3lnoty, kt\u00f3ra kroczy drog\u0105 neokatechumenaln\u0105. Po kilku s\u0142owach wprowadzenia, kt\u00f3re Giuseppe, jeden<\/p>\n<div class=\"read-more\"><a class=\"btn read-more-btn\" href=\"https:\/\/neocatechumenaleiter.org\/pl\/slowa-papiezy\/sw-jan-pawel-ii\/wizytacja-w-parafii-swietych-fabiana-i-wenancjusza-14-i-1990\/\">Czytaj dalej<\/a><\/div>\n","protected":false},"author":2,"featured_media":0,"parent":16496,"menu_order":60,"comment_status":"closed","ping_status":"closed","template":"","meta":{"footnotes":""},"class_list":["post-22082","page","type-page","status-publish","hentry"],"_links":{"self":[{"href":"https:\/\/neocatechumenaleiter.org\/pl\/wp-json\/wp\/v2\/pages\/22082","targetHints":{"allow":["GET"]}}],"collection":[{"href":"https:\/\/neocatechumenaleiter.org\/pl\/wp-json\/wp\/v2\/pages"}],"about":[{"href":"https:\/\/neocatechumenaleiter.org\/pl\/wp-json\/wp\/v2\/types\/page"}],"author":[{"embeddable":true,"href":"https:\/\/neocatechumenaleiter.org\/pl\/wp-json\/wp\/v2\/users\/2"}],"replies":[{"embeddable":true,"href":"https:\/\/neocatechumenaleiter.org\/pl\/wp-json\/wp\/v2\/comments?post=22082"}],"version-history":[{"count":3,"href":"https:\/\/neocatechumenaleiter.org\/pl\/wp-json\/wp\/v2\/pages\/22082\/revisions"}],"predecessor-version":[{"id":22085,"href":"https:\/\/neocatechumenaleiter.org\/pl\/wp-json\/wp\/v2\/pages\/22082\/revisions\/22085"}],"up":[{"embeddable":true,"href":"https:\/\/neocatechumenaleiter.org\/pl\/wp-json\/wp\/v2\/pages\/16496"}],"wp:attachment":[{"href":"https:\/\/neocatechumenaleiter.org\/pl\/wp-json\/wp\/v2\/media?parent=22082"}],"curies":[{"name":"wp","href":"https:\/\/api.w.org\/{rel}","templated":true}]}}