{"id":22086,"date":"2020-03-03T23:28:57","date_gmt":"2020-03-03T22:28:57","guid":{"rendered":"https:\/\/neocatechumenaleiter.org\/slowa-papiezy\/sw-jan-pawel-ii\/wizytacja-w-parafii-sw-remigiusza-9-6-1990\/"},"modified":"2021-04-21T11:43:40","modified_gmt":"2021-04-21T10:43:40","slug":"wizytacja-w-parafii-sw-remigiusza-9-6-1990","status":"publish","type":"page","link":"https:\/\/neocatechumenaleiter.org\/pl\/slowa-papiezy\/sw-jan-pawel-ii\/wizytacja-w-parafii-sw-remigiusza-9-6-1990\/","title":{"rendered":"WIZYTACJA W PARAFII \u015aW. REMIGIUSZA 9-6-1990"},"content":{"rendered":"\n<h1 class=\"has-text-align-center wp-block-heading\">WIZYTACJA W PARAFII \u015aW. REMIGIUSZA 9-6-1990<\/h1>\n\n<div style=\"height:20px\" aria-hidden=\"true\" class=\"wp-block-spacer\"><\/div>\n\n<h4 class=\"has-text-align-center wp-block-heading\">\u015aw. Jan Pawe\u0142 II<\/h4>\n\n<div style=\"height:20px\" aria-hidden=\"true\" class=\"wp-block-spacer\"><\/div>\n\n<p><strong>Rzym, 9 czerwca 1990 r. *<\/strong><\/p>\n\n<p><em>W sali teatru parafialnego zebrali si\u0119 cz\u0142onkowie wsp\u00f3lnot neokatechumenalnych, otoczeni jak zwykle bardzo licznymi dzie\u0107mi. Nie zabrak\u0142o pie\u015bni ani \u201eszturm\u00f3w\u201d dzieci na Ojca \u015bwi\u0119tego, kt\u00f3ry jak zawsze okazywa\u0142, \u017ce ciesz\u0105 go uczucia tych najmniejszych.<\/em>&#013;\n&#013;\n<em>Katechista parafii, Massimo, przedstawi\u0142 Ojcu \u015bwi\u0119temu rzeczywisto\u015b\u0107 wsp\u00f3lnot neokatechumenalnych w parafii.<\/em><\/p>\n\n<div class=\"wp-block-image\"><figure class=\"alignleft size-large\"><img loading=\"lazy\" decoding=\"async\" width=\"693\" height=\"560\" src=\"https:\/\/neocatechumenaleiter.org\/wp-content\/uploads\/2020\/03\/Camino_Neocatecumenal_Juan_Pablo_II_visita_parroquia_San_Remigio_1990.jpg\" alt=\"\" class=\"wp-image-4863\" srcset=\"https:\/\/neocatechumenaleiter.org\/wp-content\/uploads\/2020\/03\/Camino_Neocatecumenal_Juan_Pablo_II_visita_parroquia_San_Remigio_1990.jpg 693w, https:\/\/neocatechumenaleiter.org\/wp-content\/uploads\/2020\/03\/Camino_Neocatecumenal_Juan_Pablo_II_visita_parroquia_San_Remigio_1990-300x242.jpg 300w\" sizes=\"auto, (max-width: 693px) 100vw, 693px\" \/><\/figure><\/div>\n\n<p><em>Ojciec \u015bwi\u0119ty tak<\/em> odpowiedzia\u0142:<\/p>\n\n<p>\u00abChrzest, w formie udzielanej dzisiaj dzieciom, jest do\u015bwiadczeniem, kt\u00f3re nade wszystko dotyczy rodziny. Aby jednak prze\u017cy\u0107 to do\u015bwiadczenie, potrzebny jest pewien powr\u00f3t. Wsp\u00f3lnoty neokatechumenalne sprzyjaj\u0105 temu powrotowi. M\u00f3wi\u0119 ka\u017cdemu: jeste\u015b chrze\u015bcijaninem, musisz wr\u00f3ci\u0107 do twojego chrztu, musisz przygotowa\u0107 si\u0119 jeszcze raz do tego chrztu, kt\u00f3ry otrzyma\u0142e\u015b. Musisz sta\u0107 si\u0119 katechumenem, musisz w tym katechumenacie dotrze\u0107 do do\u015bwiadczenia chrztu, jakie mieli pierwsi chrze\u015bcijanie, kt\u00f3re mia\u0142 \u015bw. Pawe\u0142.&#013;\nS\u0142owa \u015bw. Paw\u0142a o chrzcie s\u0105 zdumiewaj\u0105ce. Do\u015bwiadczenie chrze\u015bcija\u0144skie jest nade wszystko do\u015bwiadczeniem chrztu, a ten prowadzi nas do wszystkich sakrament\u00f3w, ale przede wszystkim do Eucharystii.<\/p>\n\n<p>Eucharystia to sakrament najbardziej prze\u017cywany w praktyce \u017cycia parafialnego; jest do\u015bwiadczeniem prze\u017cywanym r\u00f3wnie\u017c z dzie\u0107mi, kt\u00f3re przygotowuj\u0105 si\u0119 do Pierwszej Komunii. Istnieje przygotowanie, dokonuje si\u0119 pog\u0142\u0119bienie, s\u0142yszy si\u0119 o tym, co oznacza Eucharystia pod postaciami chleba i wina, o tym, co Chrystus nam pozostawi\u0142 jako Eucharysti\u0119: siebie samego jako dar, jako pokarm. Na pewno do\u015bwiadczenie chrze\u015bcija\u0144skie jest nade wszystko do\u015bwiadczeniem eucharystycznym, a je\u015bli rozpoczyna si\u0119 ono do\u015bwiadczeniem chrztu, to ten ostatni prowadzi nas do do\u015bwiadczenia eucharystycznego.<\/p>\n\n<p>Do\u015bwiadczenie jest konieczne. Mo\u017cemy przyjmowa\u0107 sakramenty, nie prze\u017cywaj\u0105c ich, nie wchodz\u0105c w g\u0142\u0119bi\u0119 tajemnicy, kt\u00f3r\u0105 sprawujemy. Potrzeba do\u015bwiadczenia, tego do\u015bwiadczalnego aspektu \u017cycia chrze\u015bcija\u0144skiego, i jestem wdzi\u0119czny za te wszystkie ruchy, kt\u00f3re powoduj\u0105 wzrost i obfito\u015b\u0107 chrze\u015bcija\u0144skiego do\u015bwiadczenia oraz r\u00f3\u017cnych aspekt\u00f3w chrze\u015bcija\u0144skiego \u017cycia cz\u0142owieka ochrzczonego, kt\u00f3re prowadz\u0105 do g\u0142\u0119bi \u017cycia chrze\u015bcija\u0144skiego.&#013;\n&#013;\nW ten spos\u00f3b cz\u0142owiek staje si\u0119 bardziej otwarty na Boga, rozumie proporcje i dysproporcje, rozumie, co oznacza radykalne nawr\u00f3cenie, rozumie, co oznacza grzech, co oznacza by\u0107 usprawiedliwionym z \u0142aski, co oznacza ogrom mi\u0142osierdzia, mi\u0142o\u015bci, g\u0142\u0119bia Tr\u00f3jcy, daru Bo\u017cego. Poprzez te wszystkie prze\u017cycia oparte na sakramentach, zawsze ma miejsce do\u015bwiadczenie modlitwy. R\u00f3wnie\u017c modlitwa mo\u017ce by\u0107 rytem pozbawionym g\u0142\u0119bokiego prze\u017cycia, czym\u015b powierzchownym, co pozostaje na powierzchni naszych my\u015bli, naszego zaanga\u017cowania, naszej osobowo\u015bci. Gdy jednak wchodzimy poprzez modlitw\u0119 w g\u0142\u0119bsz\u0105 jedno\u015b\u0107 z Bogiem, sama modlitwa zaczyna obfitowa\u0107, staje si\u0119 czym\u015b wspania\u0142ym, niezwyk\u0142ym. Trzeba pog\u0142\u0119bia\u0107 nasze modlitwy, trzeba je prze\u017cywa\u0107, trzeba ich do\u015bwiadcza\u0107, aby nie niszczy\u0107 tego, co stanowi modlitw\u0119, tego, czym ma by\u0107 i co B\u00f3g nam przez ni\u0105 ofiarowuje.<\/p>\n\n<p>Dzi\u0119kuj\u0119 Bogu, \u017ce w waszej parafii s\u0105 do\u015bwiadczenia, kt\u00f3re rozwijaj\u0105 to, co stanowi istot\u0119 \u017cycia parafii. Nie jest ona bowiem tylko struktur\u0105 administracyjn\u0105, lecz \u017cyciem, uczestnictwem w \u017cyciu Bo\u017cym, uczestnictwem, przez Chrystusa i Ducha \u015awi\u0119tego, w \u017cyciu trynitarnym\u00bb.<\/p>\n\n<p><em>(*) Zob. \u00abL\u2019Osservatore Romano\u00bb, 15-16 czerwca 1990.<\/em><\/p>\n","protected":false},"excerpt":{"rendered":"<p>WIZYTACJA W PARAFII \u015aW. REMIGIUSZA 9-6-1990 \u015aw. Jan Pawe\u0142 II Rzym, 9 czerwca 1990 r. * W sali teatru parafialnego zebrali si\u0119 cz\u0142onkowie wsp\u00f3lnot neokatechumenalnych, otoczeni jak zwykle bardzo licznymi dzie\u0107mi. Nie zabrak\u0142o pie\u015bni ani \u201eszturm\u00f3w\u201d dzieci na Ojca \u015bwi\u0119tego, kt\u00f3ry jak zawsze okazywa\u0142, \u017ce ciesz\u0105 go uczucia tych najmniejszych.&#013; &#013; Katechista parafii, Massimo, przedstawi\u0142 Ojcu \u015bwi\u0119temu rzeczywisto\u015b\u0107 wsp\u00f3lnot neokatechumenalnych w parafii. Ojciec \u015bwi\u0119ty tak odpowiedzia\u0142: \u00abChrzest, w formie udzielanej<\/p>\n<div class=\"read-more\"><a class=\"btn read-more-btn\" href=\"https:\/\/neocatechumenaleiter.org\/pl\/slowa-papiezy\/sw-jan-pawel-ii\/wizytacja-w-parafii-sw-remigiusza-9-6-1990\/\">Czytaj dalej<\/a><\/div>\n","protected":false},"author":2,"featured_media":0,"parent":16496,"menu_order":61,"comment_status":"closed","ping_status":"closed","template":"","meta":{"footnotes":""},"class_list":["post-22086","page","type-page","status-publish","hentry"],"_links":{"self":[{"href":"https:\/\/neocatechumenaleiter.org\/pl\/wp-json\/wp\/v2\/pages\/22086","targetHints":{"allow":["GET"]}}],"collection":[{"href":"https:\/\/neocatechumenaleiter.org\/pl\/wp-json\/wp\/v2\/pages"}],"about":[{"href":"https:\/\/neocatechumenaleiter.org\/pl\/wp-json\/wp\/v2\/types\/page"}],"author":[{"embeddable":true,"href":"https:\/\/neocatechumenaleiter.org\/pl\/wp-json\/wp\/v2\/users\/2"}],"replies":[{"embeddable":true,"href":"https:\/\/neocatechumenaleiter.org\/pl\/wp-json\/wp\/v2\/comments?post=22086"}],"version-history":[{"count":3,"href":"https:\/\/neocatechumenaleiter.org\/pl\/wp-json\/wp\/v2\/pages\/22086\/revisions"}],"predecessor-version":[{"id":22089,"href":"https:\/\/neocatechumenaleiter.org\/pl\/wp-json\/wp\/v2\/pages\/22086\/revisions\/22089"}],"up":[{"embeddable":true,"href":"https:\/\/neocatechumenaleiter.org\/pl\/wp-json\/wp\/v2\/pages\/16496"}],"wp:attachment":[{"href":"https:\/\/neocatechumenaleiter.org\/pl\/wp-json\/wp\/v2\/media?parent=22086"}],"curies":[{"name":"wp","href":"https:\/\/api.w.org\/{rel}","templated":true}]}}