{"id":22090,"date":"2020-03-03T23:32:47","date_gmt":"2020-03-03T22:32:47","guid":{"rendered":"https:\/\/neocatechumenaleiter.org\/slowa-papiezy\/sw-jan-pawel-ii\/wizytacja-w-parafii-matki-bozej-zawierzenia-21-10-1990\/"},"modified":"2021-04-21T11:51:55","modified_gmt":"2021-04-21T10:51:55","slug":"wizytacja-w-parafii-matki-bozej-zawierzenia-21-10-1990","status":"publish","type":"page","link":"https:\/\/neocatechumenaleiter.org\/pl\/slowa-papiezy\/sw-jan-pawel-ii\/wizytacja-w-parafii-matki-bozej-zawierzenia-21-10-1990\/","title":{"rendered":"WIZYTACJA W PARAFII MATKI BO\u017bEJ ZAWIERZENIA 21-10-1990"},"content":{"rendered":"\n<h1 class=\"has-text-align-center wp-block-heading\">WIZYTACJA W PARAFII MATKI BO\u017bEJ ZAWIERZENIA 21-10-1990<\/h1>\n\n<div style=\"height:20px\" aria-hidden=\"true\" class=\"wp-block-spacer\"><\/div>\n\n<h4 class=\"has-text-align-center wp-block-heading\">\u015aw. Jan Pawe\u0142 II<\/h4>\n\n<div style=\"height:20px\" aria-hidden=\"true\" class=\"wp-block-spacer\"><\/div>\n\n<p><strong>Rzym, 21 pa\u017adziernika 1990 r.<\/strong><\/p>\n\n<p><em>Od dwunastu lat wsp\u00f3lnoty neokatechumenalne s\u0105 obecne i dzia\u0142aj\u0105 w parafii Matki Bo\u017cej Zawierzenia. Aktualnie s\u0105 cztery wsp\u00f3lnoty, kt\u00f3re wnosz\u0105 wk\u0142ad w \u017cycie parafii, zw\u0142aszcza w dziedzinie katechizacji i pos\u0142ugi liturgicznej. Papie\u017c spotka\u0142 si\u0119 z nimi w sali parafialnej, gdzie dzieci, m\u0142odzie\u017c i starsi zaanga\u017cowani na \u201edrodze\u201d przyj\u0119li go radosnym \u015bpiewem pie\u015bni maryjnej. Gastone Rocchetti, pierwszy katechista, kt\u00f3ry dotar\u0142 do parafii Matki Bo\u017cej Zawierzenia, przedstawi\u0142 Janowi Paw\u0142owi II rzeczywisto\u015b\u0107<\/em> czterech<em> wsp\u00f3lnot.<\/em><\/p>\n\n<p>\u201eOjcze \u015bwi\u0119ty \u2013 powiedzia\u0142 \u2013 nale\u017c\u0119 do pierwszej wsp\u00f3lnoty neokatechumenalnej w parafii \u015bw. Ireneusza. Od siedemnastu lat z rado\u015bci\u0105 id\u0119 t\u0105 drog\u0105, a dwana\u015bcie lat temu, na zaproszenie proboszcza, wraz z moj\u0105 \u017con\u0105 i kilkoma bra\u0107mi z mojej wsp\u00f3lnoty, przybyli\u015bmy do tej parafii po to, aby g\u0142osi\u0107 Radosn\u0105 Nowin\u0119. Rozpocz\u0119\u0142a si\u0119 katecheza i powsta\u0142a pierwsza wsp\u00f3lnota. Dzisiaj w parafii s\u0105 cztery wsp\u00f3lnoty. Pierwsza jest na etapie \u00abtraditio\u00bb: od dw\u00f3ch lat chodz\u0105 od domu do domu, aby zanie\u015b\u0107 kerygmat, g\u0142osz\u0105c \u015bmier\u0107 i zmartwychwstanie naszego Pana Jezusa Chrystusa. Druga wsp\u00f3lnota jest na etapie wprowadzenia w modlitw\u0119. Dwie pozosta\u0142e s\u0105 na pocz\u0105tkowych etapach drogi.<\/p>\n\n<p>Wasza \u015bwi\u0105tobliwo\u015b\u0107, wszystko to dokonuje si\u0119 w ca\u0142kowitym pos\u0142usze\u0144stwie Ko\u015bcio\u0142owi i jego pasterzom oraz inicjatorom naszej drogi. Cieszymy si\u0119 bardzo, Ojcze \u015bwi\u0119ty, \u017ce zechcia\u0142e\u015b da\u0107 impuls drodze neokatechumenalnej swoim listem skierowanym do abpa Cordesa. Ojcze \u015bwi\u0119ty, jeste\u015bmy \u015bwiadomi, jak wielkiego daru udziela nam B\u00f3g, poniewa\u017c ka\u017cdy z nas ma mo\u017cliwo\u015b\u0107 prze\u017cycia we w\u0142asnym ciele zbawienia, kt\u00f3re przyni\u00f3s\u0142 nasz Pan Jezus Chrystus i zakosztowania obfitego zadatku \u017cycia wiecznego. Ojcze \u015bwi\u0119ty, pob\u0142ogos\u0142aw nas\u201d.<\/p>\n\n<p><em>Oto s\u0142owa papie\u017ca skierowane<\/em> do<em> zgromadzonych:<\/em><\/p>\n\n<p>\u00abPragn\u0119 podkre\u015bli\u0107 dwie rzeczy. Pierwsza to ta: bardzo lubicie \u015bpiewa\u0107 pie\u015bni do Matki Bo\u017cej, do Maryi, kt\u00f3ra wed\u0142ug s\u0142\u00f3w El\u017cbiety, uwierzy\u0142a, \u017ce spe\u0142ni si\u0119 S\u0142owo Pana. Mo\u017cna powiedzie\u0107, \u017ce jest to s\u0142owo-motto waszego ruchu, waszej drogi, bo nie m\u00f3wi si\u0119 ruch&#8230; Z pewno\u015bci\u0105 ka\u017cdy, kto idzie drog\u0105, r\u00f3wnie\u017c si\u0119 porusza&#8230; A zatem, wychodz\u0105c z tego s\u0142owa, kt\u00f3re naprawd\u0119 daje natchnienie i natchn\u0119\u0142o tak\u017ce ca\u0142\u0105 encyklik\u0119 Redemptoris Mater, \u017cycz\u0119 wam, aby\u015bcie zawsze szli drog\u0105 wiary i wprowadzali na drog\u0119 wiary innych, do kt\u00f3rych jeste\u015bcie pos\u0142ani, bliskich i oddalonych. Nast\u0119pnie przedk\u0142adam wam drug\u0105 my\u015bl. Wiem, \u017ce neokatechumeni kochaj\u0105 dzieci. R\u00f3wnie\u017c papie\u017c kocha dzieci i w ten spos\u00f3b zawsze si\u0119 spotykamy\u00bb.<\/p>\n","protected":false},"excerpt":{"rendered":"<p>WIZYTACJA W PARAFII MATKI BO\u017bEJ ZAWIERZENIA 21-10-1990 \u015aw. Jan Pawe\u0142 II Rzym, 21 pa\u017adziernika 1990 r. Od dwunastu lat wsp\u00f3lnoty neokatechumenalne s\u0105 obecne i dzia\u0142aj\u0105 w parafii Matki Bo\u017cej Zawierzenia. Aktualnie s\u0105 cztery wsp\u00f3lnoty, kt\u00f3re wnosz\u0105 wk\u0142ad w \u017cycie parafii, zw\u0142aszcza w dziedzinie katechizacji i pos\u0142ugi liturgicznej. Papie\u017c spotka\u0142 si\u0119 z nimi w sali parafialnej, gdzie dzieci, m\u0142odzie\u017c i starsi zaanga\u017cowani na \u201edrodze\u201d przyj\u0119li go radosnym \u015bpiewem pie\u015bni maryjnej. Gastone<\/p>\n<div class=\"read-more\"><a class=\"btn read-more-btn\" href=\"https:\/\/neocatechumenaleiter.org\/pl\/slowa-papiezy\/sw-jan-pawel-ii\/wizytacja-w-parafii-matki-bozej-zawierzenia-21-10-1990\/\">Czytaj dalej<\/a><\/div>\n","protected":false},"author":2,"featured_media":0,"parent":16496,"menu_order":62,"comment_status":"closed","ping_status":"closed","template":"","meta":{"footnotes":""},"class_list":["post-22090","page","type-page","status-publish","hentry"],"_links":{"self":[{"href":"https:\/\/neocatechumenaleiter.org\/pl\/wp-json\/wp\/v2\/pages\/22090","targetHints":{"allow":["GET"]}}],"collection":[{"href":"https:\/\/neocatechumenaleiter.org\/pl\/wp-json\/wp\/v2\/pages"}],"about":[{"href":"https:\/\/neocatechumenaleiter.org\/pl\/wp-json\/wp\/v2\/types\/page"}],"author":[{"embeddable":true,"href":"https:\/\/neocatechumenaleiter.org\/pl\/wp-json\/wp\/v2\/users\/2"}],"replies":[{"embeddable":true,"href":"https:\/\/neocatechumenaleiter.org\/pl\/wp-json\/wp\/v2\/comments?post=22090"}],"version-history":[{"count":3,"href":"https:\/\/neocatechumenaleiter.org\/pl\/wp-json\/wp\/v2\/pages\/22090\/revisions"}],"predecessor-version":[{"id":22093,"href":"https:\/\/neocatechumenaleiter.org\/pl\/wp-json\/wp\/v2\/pages\/22090\/revisions\/22093"}],"up":[{"embeddable":true,"href":"https:\/\/neocatechumenaleiter.org\/pl\/wp-json\/wp\/v2\/pages\/16496"}],"wp:attachment":[{"href":"https:\/\/neocatechumenaleiter.org\/pl\/wp-json\/wp\/v2\/media?parent=22090"}],"curies":[{"name":"wp","href":"https:\/\/api.w.org\/{rel}","templated":true}]}}