{"id":22108,"date":"2020-03-03T23:26:25","date_gmt":"2020-03-03T22:26:25","guid":{"rendered":"https:\/\/neocatechumenaleiter.org\/slowa-papiezy\/sw-jan-pawel-ii\/wigilia-paschalna-w-bazylice-sw-piotra-uroczyste-odnowienie-przyrzeczen-chrzcielnych-na-zakonczenie-drogi-neokatechumenalnej-niektorych-wspolnot-z-rzymu-15-iv-1990\/"},"modified":"2021-04-21T16:31:19","modified_gmt":"2021-04-21T15:31:19","slug":"wigilia-paschalna-w-bazylice-sw-piotra-uroczyste-odnowienie-przyrzeczen-chrzcielnych-na-zakonczenie-drogi-neokatechumenalnej-niektorych-wspolnot-z-rzymu-15-iv-1990","status":"publish","type":"page","link":"https:\/\/neocatechumenaleiter.org\/pl\/slowa-papiezy\/sw-jan-pawel-ii\/wigilia-paschalna-w-bazylice-sw-piotra-uroczyste-odnowienie-przyrzeczen-chrzcielnych-na-zakonczenie-drogi-neokatechumenalnej-niektorych-wspolnot-z-rzymu-15-iv-1990\/","title":{"rendered":"WIGILIA PASCHALNA W BAZYLICE \u015aW. PIOTRA: UROCZYSTE ODNOWIENIE PRZYRZECZE\u0143 CHRZCIELNYCH NA ZAKO\u0143CZENIE DROGI NEOKATECHUMENALNEJ NIEKT\u00d3RYCH WSP\u00d3LNOT Z RZYMU 15-IV-1990"},"content":{"rendered":"\n<h1 class=\"has-text-align-center wp-block-heading\">WIGILIA PASCHALNA W BAZYLICE \u015aW. PIOTRA: UROCZYSTE ODNOWIENIE PRZYRZECZE\u0143 CHRZCIELNYCH NA ZAKO\u0143CZENIE DROGI NEOKATECHUMENALNEJ NIEKT\u00d3RYCH WSP\u00d3LNOT Z RZYMU 15-IV-1990 <\/h1>\n\n<div style=\"height:20px\" aria-hidden=\"true\" class=\"wp-block-spacer\"><\/div>\n\n<h4 class=\"has-text-align-center wp-block-heading\">\u015aw. Jan Pawe\u0142 II<\/h4>\n\n<div style=\"height:20px\" aria-hidden=\"true\" class=\"wp-block-spacer\"><\/div>\n\n<p><strong>Watykan, 15 kwietnia 1990<\/strong> r.<\/p>\n\n<p>Uroczyste odnowienie przyrzecze\u0144 chrzcielnych &#013;\nna zako\u0144czenie Drogi Neokatechumenalnej przed Ojcem \u015awi\u0119tym Janem Paw\u0142em II w Bazylice \u015aw. Piotra podczas Wigilii Paschalnej w towarzystwie swoich katechist\u00f3w Kiko, Carmen i o. Mario. By\u0142y to nast\u0119puj\u0105ce wsp\u00f3lnoty z Rzymu:<\/p>\n\n<p>II Wsp\u00f3lnota \u015bw. Francesca Cabrini, I Wsp\u00f3lnota Narodzenia Pa\u0144skiego, I Wsp\u00f3lnota \u015bw. Jana Bo\u017cego, I Wsp\u00f3lnota \u015bw. Marii Goretti.<\/p>\n\n<div class=\"wp-block-image\"><figure class=\"aligncenter size-large\"><img loading=\"lazy\" decoding=\"async\" width=\"350\" height=\"487\" src=\"https:\/\/neocatechumenaleiter.org\/wp-content\/uploads\/2020\/03\/Camino_Neocatecumenal_Juan_Pablo_II_vigilia_pascual_hermanos_vestidura_blanca_1990.jpg\" alt=\"\" class=\"wp-image-4950\" srcset=\"https:\/\/neocatechumenaleiter.org\/wp-content\/uploads\/2020\/03\/Camino_Neocatecumenal_Juan_Pablo_II_vigilia_pascual_hermanos_vestidura_blanca_1990.jpg 350w, https:\/\/neocatechumenaleiter.org\/wp-content\/uploads\/2020\/03\/Camino_Neocatecumenal_Juan_Pablo_II_vigilia_pascual_hermanos_vestidura_blanca_1990-216x300.jpg 216w\" sizes=\"auto, (max-width: 350px) 100vw, 350px\" \/><\/figure><\/div>\n","protected":false},"excerpt":{"rendered":"<p>WIGILIA PASCHALNA W BAZYLICE \u015aW. PIOTRA: UROCZYSTE ODNOWIENIE PRZYRZECZE\u0143 CHRZCIELNYCH NA ZAKO\u0143CZENIE DROGI NEOKATECHUMENALNEJ NIEKT\u00d3RYCH WSP\u00d3LNOT Z RZYMU 15-IV-1990 \u015aw. Jan Pawe\u0142 II Watykan, 15 kwietnia 1990 r. Uroczyste odnowienie przyrzecze\u0144 chrzcielnych &#013; na zako\u0144czenie Drogi Neokatechumenalnej przed Ojcem \u015awi\u0119tym Janem Paw\u0142em II w Bazylice \u015aw. Piotra podczas Wigilii Paschalnej w towarzystwie swoich katechist\u00f3w Kiko, Carmen i o. Mario. By\u0142y to nast\u0119puj\u0105ce wsp\u00f3lnoty z Rzymu: II Wsp\u00f3lnota \u015bw. Francesca Cabrini,<\/p>\n<div class=\"read-more\"><a class=\"btn read-more-btn\" href=\"https:\/\/neocatechumenaleiter.org\/pl\/slowa-papiezy\/sw-jan-pawel-ii\/wigilia-paschalna-w-bazylice-sw-piotra-uroczyste-odnowienie-przyrzeczen-chrzcielnych-na-zakonczenie-drogi-neokatechumenalnej-niektorych-wspolnot-z-rzymu-15-iv-1990\/\">Czytaj dalej<\/a><\/div>\n","protected":false},"author":2,"featured_media":0,"parent":16496,"menu_order":60,"comment_status":"closed","ping_status":"closed","template":"","meta":{"footnotes":""},"class_list":["post-22108","page","type-page","status-publish","hentry"],"_links":{"self":[{"href":"https:\/\/neocatechumenaleiter.org\/pl\/wp-json\/wp\/v2\/pages\/22108","targetHints":{"allow":["GET"]}}],"collection":[{"href":"https:\/\/neocatechumenaleiter.org\/pl\/wp-json\/wp\/v2\/pages"}],"about":[{"href":"https:\/\/neocatechumenaleiter.org\/pl\/wp-json\/wp\/v2\/types\/page"}],"author":[{"embeddable":true,"href":"https:\/\/neocatechumenaleiter.org\/pl\/wp-json\/wp\/v2\/users\/2"}],"replies":[{"embeddable":true,"href":"https:\/\/neocatechumenaleiter.org\/pl\/wp-json\/wp\/v2\/comments?post=22108"}],"version-history":[{"count":3,"href":"https:\/\/neocatechumenaleiter.org\/pl\/wp-json\/wp\/v2\/pages\/22108\/revisions"}],"predecessor-version":[{"id":22111,"href":"https:\/\/neocatechumenaleiter.org\/pl\/wp-json\/wp\/v2\/pages\/22108\/revisions\/22111"}],"up":[{"embeddable":true,"href":"https:\/\/neocatechumenaleiter.org\/pl\/wp-json\/wp\/v2\/pages\/16496"}],"wp:attachment":[{"href":"https:\/\/neocatechumenaleiter.org\/pl\/wp-json\/wp\/v2\/media?parent=22108"}],"curies":[{"name":"wp","href":"https:\/\/api.w.org\/{rel}","templated":true}]}}