{"id":22114,"date":"2020-03-03T16:26:46","date_gmt":"2020-03-03T15:26:46","guid":{"rendered":"https:\/\/neocatechumenaleiter.org\/slowa-papiezy\/sw-jan-pawel-ii\/blogoslawienstwo-dla-polskiej-rodziny-wyjezdzajacej-na-misje-do-rosji-8-11-1989\/"},"modified":"2021-04-21T16:35:50","modified_gmt":"2021-04-21T15:35:50","slug":"blogoslawienstwo-dla-polskiej-rodziny-wyjezdzajacej-na-misje-do-rosji-8-11-1989","status":"publish","type":"page","link":"https:\/\/neocatechumenaleiter.org\/pl\/slowa-papiezy\/sw-jan-pawel-ii\/blogoslawienstwo-dla-polskiej-rodziny-wyjezdzajacej-na-misje-do-rosji-8-11-1989\/","title":{"rendered":"B\u0142ogos\u0142awie\u0144stwo dla polskiej rodziny wyje\u017cd\u017caj\u0105cej na misje do Rosji 8-11-1989"},"content":{"rendered":"\n<h1 class=\"has-text-align-center wp-block-heading\">B\u0142ogos\u0142awie\u0144stwo dla polskiej rodziny wyje\u017cd\u017caj\u0105cej na misje do Rosji 8-11-1989<\/h1>\n\n<div style=\"height:20px\" aria-hidden=\"true\" class=\"wp-block-spacer\"><\/div>\n\n<h4 class=\"has-text-align-center wp-block-heading\">\u015aw. Jan Pawe\u0142 II<\/h4>\n\n<div style=\"height:20px\" aria-hidden=\"true\" class=\"wp-block-spacer\"><\/div>\n\n<p><strong>Watykan, 8 listopada 1989 r.<\/strong><\/p>\n\n<div class=\"wp-block-image\"><figure class=\"aligncenter size-large\"><img loading=\"lazy\" decoding=\"async\" width=\"347\" height=\"486\" src=\"https:\/\/neocatechumenaleiter.org\/wp-content\/uploads\/2020\/03\/Camino_Neocatecumenal_Juan_Pablo_II_envio_familia_mision_rusia_1989.jpg\" alt=\"\" class=\"wp-image-5029\" srcset=\"https:\/\/neocatechumenaleiter.org\/wp-content\/uploads\/2020\/03\/Camino_Neocatecumenal_Juan_Pablo_II_envio_familia_mision_rusia_1989.jpg 347w, https:\/\/neocatechumenaleiter.org\/wp-content\/uploads\/2020\/03\/Camino_Neocatecumenal_Juan_Pablo_II_envio_familia_mision_rusia_1989-214x300.jpg 214w\" sizes=\"auto, (max-width: 347px) 100vw, 347px\" \/><\/figure><\/div>\n","protected":false},"excerpt":{"rendered":"<p>B\u0142ogos\u0142awie\u0144stwo dla polskiej rodziny wyje\u017cd\u017caj\u0105cej na misje do Rosji 8-11-1989 \u015aw. Jan Pawe\u0142 II Watykan, 8 listopada 1989 r.<\/p>\n","protected":false},"author":2,"featured_media":0,"parent":16496,"menu_order":58,"comment_status":"closed","ping_status":"closed","template":"","meta":{"footnotes":""},"class_list":["post-22114","page","type-page","status-publish","hentry"],"_links":{"self":[{"href":"https:\/\/neocatechumenaleiter.org\/pl\/wp-json\/wp\/v2\/pages\/22114","targetHints":{"allow":["GET"]}}],"collection":[{"href":"https:\/\/neocatechumenaleiter.org\/pl\/wp-json\/wp\/v2\/pages"}],"about":[{"href":"https:\/\/neocatechumenaleiter.org\/pl\/wp-json\/wp\/v2\/types\/page"}],"author":[{"embeddable":true,"href":"https:\/\/neocatechumenaleiter.org\/pl\/wp-json\/wp\/v2\/users\/2"}],"replies":[{"embeddable":true,"href":"https:\/\/neocatechumenaleiter.org\/pl\/wp-json\/wp\/v2\/comments?post=22114"}],"version-history":[{"count":3,"href":"https:\/\/neocatechumenaleiter.org\/pl\/wp-json\/wp\/v2\/pages\/22114\/revisions"}],"predecessor-version":[{"id":22117,"href":"https:\/\/neocatechumenaleiter.org\/pl\/wp-json\/wp\/v2\/pages\/22114\/revisions\/22117"}],"up":[{"embeddable":true,"href":"https:\/\/neocatechumenaleiter.org\/pl\/wp-json\/wp\/v2\/pages\/16496"}],"wp:attachment":[{"href":"https:\/\/neocatechumenaleiter.org\/pl\/wp-json\/wp\/v2\/media?parent=22114"}],"curies":[{"name":"wp","href":"https:\/\/api.w.org\/{rel}","templated":true}]}}