{"id":22118,"date":"2020-03-03T23:42:31","date_gmt":"2020-03-03T22:42:31","guid":{"rendered":"https:\/\/neocatechumenaleiter.org\/slowa-papiezy\/sw-jan-pawel-ii\/audiencja-papieza-rozeslanie-stu-rodzin-dla-nowej-ewangelizacji-3-1-1991\/"},"modified":"2021-04-21T17:08:23","modified_gmt":"2021-04-21T16:08:23","slug":"audiencja-papieza-rozeslanie-stu-rodzin-dla-nowej-ewangelizacji-3-1-1991","status":"publish","type":"page","link":"https:\/\/neocatechumenaleiter.org\/pl\/slowa-papiezy\/sw-jan-pawel-ii\/audiencja-papieza-rozeslanie-stu-rodzin-dla-nowej-ewangelizacji-3-1-1991\/","title":{"rendered":"AUDIENCJA PAPIE\u017bA &#8211; ROZES\u0141ANIE STU RODZIN DLA \u201eNOWEJ EWANGELIZACJI\u201d 3-1-1991"},"content":{"rendered":"\n<h1 class=\"has-text-align-center wp-block-heading\">AUDIENCJA PAPIE\u017bA &#8211; ROZES\u0141ANIE STU RODZIN DLA \u201eNOWEJ EWANGELIZACJI\u201d 3-1-1991<\/h1>\n\n<div style=\"height:20px\" aria-hidden=\"true\" class=\"wp-block-spacer\"><\/div>\n\n<h4 class=\"has-text-align-center wp-block-heading\">\u015aw. Jan Pawe\u0142 II<\/h4>\n\n<div style=\"height:20px\" aria-hidden=\"true\" class=\"wp-block-spacer\"><\/div>\n\n<p><strong>Rzym, 3 stycznia 1991 r.*<\/strong><\/p>\n\n<div class=\"wp-block-image\"><figure class=\"alignright size-medium\"><img loading=\"lazy\" decoding=\"async\" width=\"300\" height=\"252\" src=\"https:\/\/neocatechumenaleiter.org\/wp-content\/uploads\/2020\/03\/Camino_Neocatecumenal_Juan_Pablo_II_audiencia_envio_cien_familias_en_mision_1991-300x252.jpg\" alt=\"\" class=\"wp-image-2307\" srcset=\"https:\/\/neocatechumenaleiter.org\/wp-content\/uploads\/2020\/03\/Camino_Neocatecumenal_Juan_Pablo_II_audiencia_envio_cien_familias_en_mision_1991-300x252.jpg 300w, https:\/\/neocatechumenaleiter.org\/wp-content\/uploads\/2020\/03\/Camino_Neocatecumenal_Juan_Pablo_II_audiencia_envio_cien_familias_en_mision_1991.jpg 365w\" sizes=\"auto, (max-width: 300px) 100vw, 300px\" \/><\/figure><\/div>\n\n<p><em>\u00ab<\/em><strong>NIECH RODZINY EWANGELIZUJ\u0104 RODZINY<\/strong><em>\u00bb<\/em>&#013;\n&#013;\n<em>Sto rodzin z<\/em> drogi<em> neokatechumenalnej zosta\u0142o rozes\u0142anych przez Ojca \u015bwi\u0119tego do dwudziestu czterech narod\u00f3w na pi\u0119ciu kontynentach podczas audiencji, na kt\u00f3rej by\u0142o obecnych sto dziesi\u0119\u0107 rodzin b\u0119d\u0105cych ju\u017c w misji oraz trzysta innych, gotowych do wyruszenia. Towarzyszy\u0142o im stu dwudziestu seminarzyst\u00f3w z Diecezjalnego Seminarium \u201eRedemptoris Mater\u201d oraz oko\u0142o dziesi\u0119ciu tysi\u0119cy braci ze wsp\u00f3lnot.<\/em>&#013;\n&#013;\n<em>S\u0142owo wst\u0119pne Kiko:<\/em><\/p>\n\n<p>\u00abDrogi, najczcigodniejszy Ojcze, przybywamy z Porto San Giorgio, z namiotu, kt\u00f3ry zaszczyci\u0142e\u015b i u\u015bwi\u0119ci\u0142e\u015b swoj\u0105 obecno\u015bci\u0105 dwa lata temu.&#013;\nPrzez siedem dni przygotowywali\u015bmy si\u0119 na rekolekcjach nawr\u00f3cenia \u2013 tysi\u0105c czterystu braci.<\/p>\n\n<p>Przyby\u0142y rodziny, kt\u00f3re dwa lata temu zosta\u0142y rozes\u0142ane do najtrudniejszych miejsc Ameryki \u0141aci\u0144skiej (<em>do \u201edzielnic n\u0119dzy\u201d, do barak\u00f3w w Guayaquil w Ekwadorze i do wielu innych miejscowo\u015bci&#8230;<\/em>), a tak\u017ce na peryferie miast Europy, takich jak Hamburg, Amsterdam, r\u00f3wnie\u017c do Nowego Jorku (<em>do Bronx<\/em>), i wsp\u00f3lnie s\u0142uchali\u015bmy ich do\u015bwiadczenia: wszyscy przybywaj\u0105 pe\u0142ni \u015bwiat\u0142a w oczach, pe\u0142ni mi\u0142o\u015bci i czu\u0142o\u015bci naszego Pana Jezusa Chrystusa, kt\u00f3ry by\u0142 blisko nas po\u015br\u00f3d ogromnych cierpie\u0144 i bardzo nas wspomaga\u0142.&#013;\n&#013;\nWszyscy postanowili wraca\u0107: opowiadali o wydarzeniach zdumiewaj\u0105cych oraz w jaki spos\u00f3b B\u00f3g poddawa\u0142 ich pr\u00f3bie i przygotowywa\u0142 do misji. Podczas tych lat \u201ewcielania si\u0119\u201d wielu uda\u0142o si\u0119 do kraj\u00f3w, nie znaj\u0105c miejscowego j\u0119zyka, na przyk\u0142ad do Japonii. I dokonali\u015bmy tego w\u0142a\u015bnie dlatego, \u017ce s\u0105dzimy, i\u017c lepiej jest jecha\u0107 tam jako ostatni (kto\u015b, kto nie zna j\u0119zyka, jest ubogim). I rzeczywi\u015bcie, okaza\u0142o si\u0119 to bardzo skuteczne, poniewa\u017c ludzie okoliczni dzielili si\u0119 swoimi dobrami z tymi rodzinami, wyszli im na spotkanie, wspomagali je, a to u\u0142atwia\u0142o ich misj\u0119 uobecniania ogromnej tajemnicy Rodziny z Nazaretu. W wielu miejscowo\u015bciach te rodziny zacz\u0119\u0142y g\u0142osi\u0107 katechezy, mog\u0142y przepowiada\u0107 Jezusa Chrystusa i powsta\u0142y ma\u0142e wsp\u00f3lnoty chrze\u015bcija\u0144skie, z\u0142o\u017cone z pogan. Tak\u017ce w Chinach na Tajwanie, w wiosce zupe\u0142nie poga\u0144skiej, narodzi\u0142a si\u0119 wsp\u00f3lnota z\u0142o\u017cona z jedenastu os\u00f3b, w tym czterech katechumen\u00f3w.<\/p>\n\n<p>Obecnie mamy bardzo liczne pro\u015bby od wielu biskup\u00f3w, r\u00f3wnie\u017c od biskup\u00f3w, kt\u00f3rzy wcze\u015bniej poprosili o rodziny, a po dw\u00f3ch, trzech latach (niekt\u00f3re rodziny ju\u017c od czterech lat s\u0105 w misji) zobaczyli owoce w obliczu zjawiska \u201esekt\u201d, zw\u0142aszcza w Ameryce \u0141aci\u0144skiej.<\/p>\n\n<p>Rodziny te pojecha\u0142y do region\u00f3w, w kt\u00f3rych dos\u0142ownie parafie nie istniej\u0105, gdzie nie ma ko\u015bcio\u0142\u00f3w z powodu braku ksi\u0119\u017cy. Zebra\u0142y one bardzo liczne owoce, st\u0105d biskupi prosz\u0105 o nast\u0119pne: mamy tak wiele pr\u00f3\u015bb, \u017ce musieli\u015bmy dokona\u0107 ma\u0142ej selekcji. Pytali\u015bmy zatem w najstarszych wsp\u00f3lnotach w Hiszpanii, kt\u00f3rych rodziny maj\u0105 wystarczaj\u0105ce przygotowanie, ponad czterna\u015bcie lat drogi, i bardzo wiele rodzin wyrazi\u0142o gotowo\u015b\u0107. Co\u015b zaskakuj\u0105cego dzieje si\u0119 z ich dzie\u0107mi, kt\u00f3re s\u0105 gotowe uda\u0107 si\u0119 tam, gdzie Ko\u015bci\u00f3\u0142 uwa\u017ca za stosowne, tam, gdzie rodzina jest zniszczona; one s\u0105 rzeczywi\u015bcie gotowe uobecnia\u0107 rodzin\u0119 chrze\u015bcija\u0144sk\u0105. I jeste\u015bmy zaskoczeni t\u0105 hojno\u015bci\u0105 i gorliwo\u015bci\u0105, kt\u00f3re w nich wida\u0107, poniewa\u017c wiedz\u0105, \u017ce wiele z nich idzie na m\u0119cze\u0144stwo, udaj\u0105 si\u0119 w sytuacje wielkich trudno\u015bci. Mamy czterysta nowych rodzin, kt\u00f3re wyrazi\u0142y gotowo\u015b\u0107; zgromadzili\u015bmy si\u0119 razem z tymi, kt\u00f3rzy ju\u017c byli w misji, oraz z innymi katechistami w\u0119drownymi \u2013 w sumie by\u0142o nas tysi\u0105c os\u00f3b.<\/p>\n\n<div class=\"wp-block-image\"><figure class=\"alignleft size-medium\"><img loading=\"lazy\" decoding=\"async\" width=\"255\" height=\"300\" src=\"https:\/\/neocatechumenaleiter.org\/wp-content\/uploads\/2020\/03\/Camino_Neocatecumenal_Juan_Pablo_II_audiencia_envio_cien_familias_en_mision_1991_2-255x300.jpg\" alt=\"\" class=\"wp-image-2314\" srcset=\"https:\/\/neocatechumenaleiter.org\/wp-content\/uploads\/2020\/03\/Camino_Neocatecumenal_Juan_Pablo_II_audiencia_envio_cien_familias_en_mision_1991_2-255x300.jpg 255w, https:\/\/neocatechumenaleiter.org\/wp-content\/uploads\/2020\/03\/Camino_Neocatecumenal_Juan_Pablo_II_audiencia_envio_cien_familias_en_mision_1991_2.jpg 569w\" sizes=\"auto, (max-width: 255px) 100vw, 255px\" \/><\/figure><\/div>\n\n<p>Obecni byli tak\u017ce seminarzy\u015bci z \u201e<em>Redemptoris Mater<\/em>\u201d w Rzymie i dla nich cudownym przygotowaniem by\u0142o s\u0142uchanie tych rodzin, trudno\u015bci itd.&#013;\n&#013;\nTak wi\u0119c ca\u0142y wczorajszy dzie\u0144, a\u017c do p\u00f3\u017anej nocy, prawie do godziny trzeciej dzisiaj nad ranem, s\u0142u\u017cy\u0142 temu, aby przyjrze\u0107 si\u0119, rozwa\u017cy\u0107 ka\u017cd\u0105 \u201epro\u015bb\u0119\u201d. Przed rozes\u0142aniem rodzin prosili\u015bmy ka\u017cdego biskupa o oficjalny list, w kt\u00f3rym biskup zobowi\u0105za\u0142by si\u0119 pomaga\u0107 im w znalezieniu mieszkania itd.<\/p>\n\n<p>Na ko\u0144cu wybrali\u015bmy ponad sto rodzin: s\u0105 to bracia, kt\u00f3rzy znaj\u0105 ju\u017c przeznaczone im miejscowo\u015bci i s\u0105 gotowi wyruszy\u0107. Sze\u015b\u0107 rodzin pojedzie do Moskwy, do Rosji; cztery na Bia\u0142oru\u015b; dwie do Gruzji; dwie do Jugos\u0142awii; sze\u015b\u0107 nowych rodzin do Niemiec (<em>tam jest ju\u017c osiemna\u015bcie rodzin, o kt\u00f3re prosili biskupi<\/em>); cztery do Austrii; trzy do Holandii (<em>aby kontynuowa\u0107 wspania\u0142e dzie\u0142o, kt\u00f3re prowadz\u0105 rodziny w Holandii, a o kt\u00f3re prosili biskupi<\/em>); dwie do Anglii; dwie do Francji. Nast\u0119pnie ze Stan\u00f3w Zjednoczonych biskupi prosili o dziewi\u0119tna\u015bcie rodzin, przede wszystkim na peryferie miast, aby rozpocz\u0105\u0107 duszpasterstwo w\u015br\u00f3d Murzyn\u00f3w, gdzie Ko\u015bci\u00f3\u0142 katolicki napotyka na trudno\u015bci: i tak z pro\u015bb\u0105 zwr\u00f3cili si\u0119 np. kardyna\u0142 z Waszyngtonu, biskupi z Dallas, z San Antonio itd. Dalej, do Ameryki \u015arodkowej i \u0141aci\u0144skiej, np. do Chile, do Kolumbii jad\u0105 dwie rodziny, jeszcze jedna rodzina do Ekwadoru, dwie do Wenezueli, trzy do Meksyku. Do Azji: dziesi\u0119\u0107 rodzin do Japonii, pi\u0119\u0107 do Chin, na Tajwan. Do Afryki: cztery do Zambii, cztery do Kamerunu, nast\u0119pnie do Etiopii, Wybrze\u017ca Ko\u015bci S\u0142oniowej. Tak\u017ce do Australii.<\/p>\n\n<p>W sumie sto cztery rodziny z czterystu dziewi\u0119cioma dzie\u0107mi razem bior\u0105c; wszystkie \u201e<em>malutkie<\/em>\u201d, niekt\u00f3re nieco wi\u0119ksze. W przypadku, gdy te rodziny maj\u0105 dzieci pi\u0119tnasto czy szesnastoletnie, pytali\u015bmy je o zdanie, czy s\u0105 gotowe towarzyszy\u0107 swoim rodzicom. Widzieli\u015bmy tu ogromn\u0105 hojno\u015b\u0107 i do jakiego stopnia ci m\u0142odzi kochaj\u0105 swoich rodzic\u00f3w&#8230; Dobrze, je\u015bli chodzi o misje&#8230; s\u0142uchali\u015bmy do\u015bwiadcze\u0144 rodzin, kt\u00f3re wr\u00f3ci\u0142y: opowiada\u0142y, \u017ce pierwszymi g\u0142osicielami Ewangelii by\u0142y ich dzieci (<em>w Japonii, w Chinach, w Holandii<\/em>) w szko\u0142ach, wobec rodzic\u00f3w swoich koleg\u00f3w&#8230; by\u0142o to przepi\u0119kne. Te dzieci s\u0105 \u2013 rzec mo\u017cna \u2013 ostrzem nowej ewangelizacji prowadzonej przez rodziny. R\u00f3wnie\u017c dzieci daj\u0105 \u015bwiadectwo swoim kolegom, przyprowadzaj\u0105 przyjaci\u00f3\u0142&#8230; na przyk\u0142ad rodziny w Japonii prze\u017cywaj\u0105 ci\u0105g\u0142\u0105 inwazj\u0119 dzieci japo\u0144skich, przyjaci\u00f3\u0142 swoich dzieci, kt\u00f3re znaj\u0105 ju\u017c j\u0119zyk, bo ucz\u0105 si\u0119 szybko. Poprzez dzieci rodziny pozna\u0142y wiele rodzin japo\u0144skich. U\u0142atwia to ewangelizacj\u0119 tych rodzin, kt\u00f3re wszystkie s\u0105 niechrze\u015bcija\u0144skie, wszystkie poga\u0144skie, a kt\u00f3re bardzo interesuj\u0105 si\u0119 \u2013 wywiera na nich wra\u017cenie ta forma \u201e<em>\u017cycia w rodzinie<\/em>\u201d \u2013 gdy ogl\u0105daj\u0105 st\u00f3\u0142 rodziny jako o\u0142tarz, przy kt\u00f3rym ojciec przekazuje wiar\u0119 dzieciom, oraz \u0142o\u017ce ma\u0142\u017ce\u0144skie, b\u0119d\u0105ce r\u00f3wnie\u017c o\u0142tarzem, na kt\u00f3rym przekazuje si\u0119 \u017cycie nowym dzieciom.<\/p>\n\n<div class=\"wp-block-image\"><figure class=\"alignleft size-medium\"><img loading=\"lazy\" decoding=\"async\" width=\"208\" height=\"300\" src=\"https:\/\/neocatechumenaleiter.org\/wp-content\/uploads\/2020\/03\/Camino_Neocatecumenal_Juan_Pablo_II_audiencia_envio_cien_familias_en_mision_1991_3-208x300.jpg\" alt=\"\" class=\"wp-image-2321\" srcset=\"https:\/\/neocatechumenaleiter.org\/wp-content\/uploads\/2020\/03\/Camino_Neocatecumenal_Juan_Pablo_II_audiencia_envio_cien_familias_en_mision_1991_3-208x300.jpg 208w, https:\/\/neocatechumenaleiter.org\/wp-content\/uploads\/2020\/03\/Camino_Neocatecumenal_Juan_Pablo_II_audiencia_envio_cien_familias_en_mision_1991_3.jpg 563w\" sizes=\"auto, (max-width: 208px) 100vw, 208px\" \/><\/figure><\/div>\n\n<p>Pojawia si\u0119 nowa kultura jako g\u0142\u0119boka i wspania\u0142a rzeczywisto\u015b\u0107, do tego stopnia, \u017ce sami jeste\u015bmy zaskoczeni&#8230; Ojcze, nie chc\u0119 ju\u017c przed\u0142u\u017ca\u0107, pragn\u0119 tylko powiedzie\u0107, \u017ce jeste\u015bmy pod wielkim wra\u017ceniem faktu, \u017ce wszyscy chcieli wyruszy\u0107: z tych czterystu rodzin tylko sto mog\u0142o wyruszy\u0107, ale wyruszy\u0107 chcia\u0142y wszystkie.&#013;\nM\u00f3wi\u0142em im: ale czy zdajecie sobie spraw\u0119? Udajecie si\u0119 w regiony bardzo ubogie, udajecie si\u0119 w okolice niezwykle trudne! Lecz wszyscy byli\u015bmy poruszeni zapa\u0142em, pragnieniem m\u0119cze\u0144stwa, nadprzyrodzon\u0105 \u201esi\u0142\u0105\u201d, kt\u00f3ra by\u0142a po\u015br\u00f3d nas obecna&#8230;\u00bb.<\/p>\n\n<p>Po \u015bpiewanej proklamacji zako\u0144czenia Ewangelii \u015bw. Marka, Ojciec \u015bwi\u0119ty w tych s\u0142owach zwr\u00f3ci\u0142 si\u0119 do zebranych:<\/p>\n\n<p>\u00abNajdro\u017csi Bracia i Siostry!&#013;\n&#013;\n1. W \u015bwietle Bo\u017cego Narodzenia spotkali\u015bmy Zbawiciela, rozwa\u017cali\u015bmy wielkie rzeczy, kt\u00f3re B\u00f3g uczyni\u0142, zostali\u015bmy zaproszeni do przyj\u0119cia daru Zbawienia i szerzenia go w\u015br\u00f3d braci. Z tego mistycznego u\u015bcisku ze S\u0142owem wcielonym rodzi si\u0119 nasz obowi\u0105zek ewangelizacji. Obowi\u0105zek dzisiaj tym pilniejszy, poniewa\u017c prze\u017cywamy chwile g\u0142\u0119bokich przemian spo\u0142ecznych. Znajdujemy si\u0119 bowiem jakby na zakr\u0119cie historii, zwr\u00f3ceni ku przysz\u0142o\u015bci bogatej w oczekiwania i nadzieje, lecz zagro\u017conej niepokojem i l\u0119kami, kt\u00f3re ogarniaj\u0105 osob\u0119 ludzk\u0105 w jej najg\u0142\u0119bszej strukturze. Cz\u0142owiek wo\u0142a o pok\u00f3j, o pogod\u0119 ducha, prosi o pomoc i solidarno\u015b\u0107: potrzebuje Mi\u0142o\u015bci. Potrzebuje Chrystusa.<\/p>\n\n<p>Wspania\u0142e jest wi\u0119c dzie\u0142o tych, kt\u00f3rzy jak wy, po\u015bwi\u0119caj\u0105 ewangelizacji ca\u0142e swoje istnienie i wszelkie zasoby b\u0105d\u017a fizyczne, b\u0105d\u017a duchowe. Jeste\u015bcie przekonani, \u017ce jedynie Jezus mo\u017ce zaspokoi\u0107 oczekiwania osoby, i dlatego nie wahacie si\u0119 opu\u015bci\u0107 wszystkiego i ruszy\u0107 w podr\u00f3\u017c na drogach \u015bwiata, \u015bwiadcz\u0105c w ten spos\u00f3b o \u017cywej obecno\u015bci Odkupiciela w\u015br\u00f3d was i o mocy jego S\u0142owa, kt\u00f3re zbawia.&#013;\nB\u0105d\u017acie wdzi\u0119czni Opatrzno\u015bci, kt\u00f3ra was wybra\u0142a, i nieustannie nastawiajcie s\u0142uch na Ducha; trwajcie na modlitwie i w praktykowaniu cn\u00f3t. B\u0105d\u017acie zwiastunami pojednania oraz aposto\u0142ami braterstwa i s\u0142u\u017cby. Pan, kt\u00f3ry wzywa was do ca\u0142kowitej dyspozycyjno\u015bci, w\u0142\u0105cza was w ten spos\u00f3b w tajemnic\u0119 Odkupienia \u015bwiata.<\/p>\n\n<p>2. Nie mog\u0119 nie podkre\u015bli\u0107, z g\u0142\u0119bok\u0105 rado\u015bci\u0105, \u017ce wasz ewangelizacyjny niepok\u00f3j popycha was przede wszystkim ku rodzinom. Czy\u017c w naszych czasach rodzina nie potrzebuje by\u0107 ponownie ewangelizowana po to, aby odkry\u0142a sw\u0105 rol\u0119 podstawowej kom\u00f3rki wsp\u00f3lnoty chrze\u015bcija\u0144skiej, ko\u015bcio\u0142a domowego, wewn\u0105trz kt\u00f3rego mo\u017cna prze\u017cywa\u0107 fundamentalne do\u015bwiadczenie spotkania z Bogiem? Jak bardzo aktualna sytuacja spo\u0142eczna odczuwa kryzys rodzin! Nie spos\u00f3b my\u015ble\u0107 o lepszej przysz\u0142o\u015bci, je\u017celi ognisko domowe nie stanie si\u0119 ponownie uprzywilejowanym miejscem przyj\u0119cia \u017cycia i wzrostu osoby: szko\u0142\u0105 m\u0105dro\u015bci ludzkiej i formacji duchowej.&#013;\nZ rado\u015bci\u0105 serca pozdrawiam w\u015br\u00f3d was liczne rodziny, kt\u00f3re s\u0105 ju\u017c w misji w najbardziej zdechrystianizowanych regionach planety: pozdrawiam ponadto ma\u0142\u017ce\u0144stwa, kt\u00f3re przygotowuj\u0105 si\u0119 do wyruszenia. Tak, niech rodziny ewangelizuj\u0105 rodziny!<\/p>\n\n<p>Niech Pan uczyni was wsz\u0119dzie swoimi narz\u0119dziami mi\u0142osierdzia; niech wam zawsze towarzyszy Jego \u0142aska.<\/p>\n\n<div class=\"wp-block-image\"><figure class=\"alignright size-large\"><img loading=\"lazy\" decoding=\"async\" width=\"768\" height=\"523\" src=\"https:\/\/neocatechumenaleiter.org\/wp-content\/uploads\/2020\/03\/Camino_Neocatecumenal_Juan_Pablo_II_audiencia_envio_cien_familias_en_mision_1991_4.jpg\" alt=\"\" class=\"wp-image-4857\" srcset=\"https:\/\/neocatechumenaleiter.org\/wp-content\/uploads\/2020\/03\/Camino_Neocatecumenal_Juan_Pablo_II_audiencia_envio_cien_familias_en_mision_1991_4.jpg 768w, https:\/\/neocatechumenaleiter.org\/wp-content\/uploads\/2020\/03\/Camino_Neocatecumenal_Juan_Pablo_II_audiencia_envio_cien_familias_en_mision_1991_4-300x204.jpg 300w\" sizes=\"auto, (max-width: 768px) 100vw, 768px\" \/><\/figure><\/div>\n\n<p>Ch\u0119tnie wr\u0119czam krzy\u017c tym, kt\u00f3rzy s\u0105 powo\u0142ani do tego, aby uda\u0107 si\u0119 do innych kraj\u00f3w jako w\u0119drowni w s\u0142u\u017cbie Ewangelii. Pok\u0142adajcie ufno\u015b\u0107 w Bogu i, stawiaj\u0105c czo\u0142a wszelkim trudno\u015bciom, sta\u0144cie si\u0119 \u201epos\u0142a\u0144cami w imieniu Chrystusa, tak jakby B\u00f3g napomina\u0142 przez was\u201d (<em>zob. 2 Kor 5,<\/em> 20).&#013;\n&#013;\n\u017byjcie w serdecznym pos\u0142usze\u0144stwie i synowskiej jedno\u015bci z Pasterzami, b\u0119d\u0105c cz\u0142onkami \u017cywego cia\u0142a: Ko\u015bcio\u0142a. To oni was zapraszaj\u0105 i przyjmuj\u0105. Im te\u017c winni\u015bcie okazywa\u0107 uleg\u0142o\u015b\u0107 i zaufanie; poprzez ich wskaz\u00f3wki otrzymacie poznanie woli Pana odno\u015bcie do waszego szczeg\u00f3lnego pos\u0142annictwa.<\/p>\n\n<p>Zadanie, kt\u00f3re was czeka \u2013 nowa ewangelizacja \u2013 wymaga od was ukazywania z nowym entuzjazmem i za pomoc\u0105 odnowionych metod odwiecznej i niezmiennej tre\u015bci dziedzictwa naszej wiary chrze\u015bcija\u0144skiej. Wiecie dobrze, \u017ce nie chodzi tylko o przekazywanie nauki, lecz o spotkanie Zbawiciela w spos\u00f3b osobisty i g\u0142\u0119boki.&#013;\nWzywam Maryj\u0119, Matk\u0119 Odkupiciela, aby opiekowa\u0142a si\u0119 wami na tej drodze; Jej, Gwie\u017adzie nowej ewangelizacji, powierzam ka\u017cdego z was, wasze wsp\u00f3lnoty i tych, kt\u00f3rych spotkacie.<\/p>\n\n<p>W imi\u0119 Pana wzywam was, aby\u015bcie wyruszyli odwa\u017cnie i wsz\u0119dzie byli \u015bmia\u0142ymi \u015bwiadkami Ewangelii, jednocze\u015bnie z serca was b\u0142ogos\u0142awi\u0119\u00bb. Ojciec \u015bwi\u0119ty spontanicznie doda\u0142 nast\u0119puj\u0105ce s\u0142owa:&#013;\n\u00abTo, co powiedzia\u0142em, by\u0142o wi\u0119c odpowiedzi\u0105 na pi\u0119kne i realistyczne, \u201epo chrze\u015bcija\u0144sku i neokatechumenalnie\u201d realistyczne s\u0142owo wst\u0119pne. Jednak wst\u0119py powinny zawsze mie\u0107 sw\u00f3j ci\u0105g dalszy: obecnie mamy dalszy ci\u0105g tutaj, w auli Paw\u0142a VI, ale p\u00f3\u017aniej b\u0119dzie dalszy ci\u0105g na waszych drogach rodzin w\u0119drownych, rodzin g\u0142\u0119boko ewangelizowanych w neokatechumenacie, kt\u00f3ry obejmuje ca\u0142e \u017cycie ludzkie, obejmuje ca\u0142e \u017cycie rodziny ewangelizowanej i ewangelizuj\u0105cej.<\/p>\n\n<p><strong>\u017bycz\u0119 wam zatem dobrej drogi: w\u0119drowny papie\u017c w\u0119drownym rodzinom!<\/strong><\/p>\n\n<p><em>(*) Zob. \u201eL\u2019Osservatore Romano\u201d, 4 stycznia 1991, uzupe\u0142nione tekstem z bezpo\u015bredniego nagrania magnetofonowego.<\/em><\/p>\n","protected":false},"excerpt":{"rendered":"<p>AUDIENCJA PAPIE\u017bA &#8211; ROZES\u0141ANIE STU RODZIN DLA \u201eNOWEJ EWANGELIZACJI\u201d 3-1-1991 \u015aw. Jan Pawe\u0142 II Rzym, 3 stycznia 1991 r.* \u00abNIECH RODZINY EWANGELIZUJ\u0104 RODZINY\u00bb&#013; &#013; Sto rodzin z drogi neokatechumenalnej zosta\u0142o rozes\u0142anych przez Ojca \u015bwi\u0119tego do dwudziestu czterech narod\u00f3w na pi\u0119ciu kontynentach podczas audiencji, na kt\u00f3rej by\u0142o obecnych sto dziesi\u0119\u0107 rodzin b\u0119d\u0105cych ju\u017c w misji oraz trzysta innych, gotowych do wyruszenia. Towarzyszy\u0142o im stu dwudziestu seminarzyst\u00f3w z Diecezjalnego Seminarium \u201eRedemptoris Mater\u201d<\/p>\n<div class=\"read-more\"><a class=\"btn read-more-btn\" href=\"https:\/\/neocatechumenaleiter.org\/pl\/slowa-papiezy\/sw-jan-pawel-ii\/audiencja-papieza-rozeslanie-stu-rodzin-dla-nowej-ewangelizacji-3-1-1991\/\">Czytaj dalej<\/a><\/div>\n","protected":false},"author":2,"featured_media":0,"parent":16496,"menu_order":63,"comment_status":"closed","ping_status":"closed","template":"","meta":{"footnotes":""},"class_list":["post-22118","page","type-page","status-publish","hentry"],"_links":{"self":[{"href":"https:\/\/neocatechumenaleiter.org\/pl\/wp-json\/wp\/v2\/pages\/22118","targetHints":{"allow":["GET"]}}],"collection":[{"href":"https:\/\/neocatechumenaleiter.org\/pl\/wp-json\/wp\/v2\/pages"}],"about":[{"href":"https:\/\/neocatechumenaleiter.org\/pl\/wp-json\/wp\/v2\/types\/page"}],"author":[{"embeddable":true,"href":"https:\/\/neocatechumenaleiter.org\/pl\/wp-json\/wp\/v2\/users\/2"}],"replies":[{"embeddable":true,"href":"https:\/\/neocatechumenaleiter.org\/pl\/wp-json\/wp\/v2\/comments?post=22118"}],"version-history":[{"count":7,"href":"https:\/\/neocatechumenaleiter.org\/pl\/wp-json\/wp\/v2\/pages\/22118\/revisions"}],"predecessor-version":[{"id":22125,"href":"https:\/\/neocatechumenaleiter.org\/pl\/wp-json\/wp\/v2\/pages\/22118\/revisions\/22125"}],"up":[{"embeddable":true,"href":"https:\/\/neocatechumenaleiter.org\/pl\/wp-json\/wp\/v2\/pages\/16496"}],"wp:attachment":[{"href":"https:\/\/neocatechumenaleiter.org\/pl\/wp-json\/wp\/v2\/media?parent=22118"}],"curies":[{"name":"wp","href":"https:\/\/api.w.org\/{rel}","templated":true}]}}