{"id":22162,"date":"2020-03-04T00:20:33","date_gmt":"2020-03-03T23:20:33","guid":{"rendered":"https:\/\/neocatechumenaleiter.org\/slowa-papiezy\/sw-jan-pawel-ii\/spotkanie-biskupow-ameryki-lacinskiej-21-4-1992\/"},"modified":"2021-08-10T11:02:42","modified_gmt":"2021-08-10T10:02:42","slug":"spotkanie-biskupow-ameryki-lacinskiej-21-4-1992","status":"publish","type":"page","link":"https:\/\/neocatechumenaleiter.org\/pl\/slowa-papiezy\/sw-jan-pawel-ii\/spotkanie-biskupow-ameryki-lacinskiej-21-4-1992\/","title":{"rendered":"SPOTKANIE BISKUP\u00d3W AMERYKI \u0141ACI\u0143SKIEJ 21-4-1992"},"content":{"rendered":"\n<h1 class=\"has-text-align-center wp-block-heading\">SPOTKANIE BISKUP\u00d3W AMERYKI \u0141ACI\u0143SKIEJ 21-4-1992<\/h1>\n\n<div style=\"height:20px\" aria-hidden=\"true\" class=\"wp-block-spacer\"><\/div>\n\n<h4 class=\"has-text-align-center wp-block-heading\">\u015aw. Jan Pawe\u0142 II<\/h4>\n\n<div style=\"height:20px\" aria-hidden=\"true\" class=\"wp-block-spacer\"><\/div>\n\n<p><strong>Santo Domingo, 21-25 kwietnia 1992 r., obecnych 153 biskup\u00f3w<\/strong><\/p>\n\n<p><em>Telegram kardyna\u0142a Angelo<\/em> Sodano,<em> Sekretarza Stanu Jego \u015awi\u0105tobliwo\u015bci Jana Paw\u0142a II do biskupa Paula Cordesa.<\/em><\/p>\n\n<p>\u00abOjciec \u015awi\u0119ty, poinformowany o spotkaniu Drogi Neokatechumenalnej w Santo Domingo, w ramach przygotowa\u0144 do obchod\u00f3w pi\u0119\u0107setlecia dotarcia or\u0119dzia zbawienia do nowego \u015bwiata, przesy\u0142a organizatorom i wszystkim uczestnikom najserdeczniejsze pozdrowienia wraz ze s\u0142owem zach\u0119ty, aby ta pomy\u015blna okazja sta\u0142a si\u0119 sposobno\u015bci\u0105 do nadania nowego impulsu dynamizmowi apostolskiemu w zaanga\u017cowaniu na rzecz nowej ewangelizacji. Jednocze\u015bnie, jednocz\u0105c si\u0119 duchowo ze wszystkimi, a zw\u0142aszcza z obecnymi bra\u0107mi biskupami, wznosi dzi\u0119kczynienie Bogu za obfite dary, jakimi obdarzy\u0142 umi\u0142owane Ko\u015bcio\u0142y Ameryki \u0141aci\u0144skiej, kt\u00f3re zach\u0119ca, by nadal g\u0142osi\u0142y Jezusa Chrystusa, wczoraj, dzi\u015b i zawsze, dla nowej ewangelizacji, promocji cz\u0142owieka i kultury chrze\u015bcija\u0144skiej, daj\u0105c zawsze \u015bwiadectwo intensywnej komunii eklezjalnej i wierno\u015bci dzia\u0142aniu Ducha.<\/p>\n\n<p>Ponadto Jego \u015awi\u0105tobliwo\u015b\u0107 zaprasza wszystkich cz\u0142onk\u00f3w Wsp\u00f3lnot Neokatechumenalnych do zdecydowanego zaanga\u017cowania si\u0119 w \u017cycie apostolskie, kt\u00f3remu towarzyszy\u0107 b\u0119dzie wzrastaj\u0105ca formacja chrze\u015bcija\u0144ska i coraz aktywniejszy udzia\u0142 w \u017cyciu liturgicznym i charytatywnym Ko\u015bcio\u0142a, wsp\u00f3\u0142pracuj\u0105c w ten spos\u00f3b ze zbawczym dzie\u0142em Chrystusa, aby Jego s\u0142owo \u017cycia o\u015bwieca\u0142o i przemienia\u0142o osoby, rodziny i spo\u0142ecze\u0144stwo. Z tymi \u017cyczeniami i pod mi\u0142osiernym spojrzeniem Naj\u015bwi\u0119tszej Dziewicy, Papie\u017c wznosi gor\u0105ce modlitwy, aby Pan uczyni\u0142 dzie\u0142o tego spotkania ko\u015bcielnego bardzo owocnym, a jako znak dobrej woli i gwarancj\u0119 sta\u0142ej Bo\u017cej pomocy udziela z ch\u0119ci\u0105 Apostolskiego B\u0142ogos\u0142awie\u0144stwa.\u00bb.<\/p>\n\n<p><em>Kardyna\u0142 Angelo Sodano, Sekretarz Stanu Jego \u015awi\u0105tobliwo\u015bci<\/em><\/p>\n","protected":false},"excerpt":{"rendered":"<p>SPOTKANIE BISKUP\u00d3W AMERYKI \u0141ACI\u0143SKIEJ 21-4-1992 \u015aw. Jan Pawe\u0142 II Santo Domingo, 21-25 kwietnia 1992 r., obecnych 153 biskup\u00f3w Telegram kardyna\u0142a Angelo Sodano, Sekretarza Stanu Jego \u015awi\u0105tobliwo\u015bci Jana Paw\u0142a II do biskupa Paula Cordesa. \u00abOjciec \u015awi\u0119ty, poinformowany o spotkaniu Drogi Neokatechumenalnej w Santo Domingo, w ramach przygotowa\u0144 do obchod\u00f3w pi\u0119\u0107setlecia dotarcia or\u0119dzia zbawienia do nowego \u015bwiata, przesy\u0142a organizatorom i wszystkim uczestnikom najserdeczniejsze pozdrowienia wraz ze s\u0142owem zach\u0119ty, aby ta pomy\u015blna okazja<\/p>\n<div class=\"read-more\"><a class=\"btn read-more-btn\" href=\"https:\/\/neocatechumenaleiter.org\/pl\/slowa-papiezy\/sw-jan-pawel-ii\/spotkanie-biskupow-ameryki-lacinskiej-21-4-1992\/\">Czytaj dalej<\/a><\/div>\n","protected":false},"author":2,"featured_media":0,"parent":16496,"menu_order":69,"comment_status":"closed","ping_status":"closed","template":"","meta":{"footnotes":""},"class_list":["post-22162","page","type-page","status-publish","hentry"],"_links":{"self":[{"href":"https:\/\/neocatechumenaleiter.org\/pl\/wp-json\/wp\/v2\/pages\/22162","targetHints":{"allow":["GET"]}}],"collection":[{"href":"https:\/\/neocatechumenaleiter.org\/pl\/wp-json\/wp\/v2\/pages"}],"about":[{"href":"https:\/\/neocatechumenaleiter.org\/pl\/wp-json\/wp\/v2\/types\/page"}],"author":[{"embeddable":true,"href":"https:\/\/neocatechumenaleiter.org\/pl\/wp-json\/wp\/v2\/users\/2"}],"replies":[{"embeddable":true,"href":"https:\/\/neocatechumenaleiter.org\/pl\/wp-json\/wp\/v2\/comments?post=22162"}],"version-history":[{"count":3,"href":"https:\/\/neocatechumenaleiter.org\/pl\/wp-json\/wp\/v2\/pages\/22162\/revisions"}],"predecessor-version":[{"id":22165,"href":"https:\/\/neocatechumenaleiter.org\/pl\/wp-json\/wp\/v2\/pages\/22162\/revisions\/22165"}],"up":[{"embeddable":true,"href":"https:\/\/neocatechumenaleiter.org\/pl\/wp-json\/wp\/v2\/pages\/16496"}],"wp:attachment":[{"href":"https:\/\/neocatechumenaleiter.org\/pl\/wp-json\/wp\/v2\/media?parent=22162"}],"curies":[{"name":"wp","href":"https:\/\/api.w.org\/{rel}","templated":true}]}}