{"id":22166,"date":"2020-03-04T00:18:38","date_gmt":"2020-03-03T23:18:38","guid":{"rendered":"https:\/\/neocatechumenaleiter.org\/slowa-papiezy\/sw-jan-pawel-ii\/wigilia-paschalana-w-bazylice-watykanskiej-uroczyste-odnowienie-przyrzeczen-chrzcielnych-19-iv-1992\/"},"modified":"2021-08-10T11:02:38","modified_gmt":"2021-08-10T10:02:38","slug":"wigilia-paschalana-w-bazylice-watykanskiej-uroczyste-odnowienie-przyrzeczen-chrzcielnych-19-iv-1992","status":"publish","type":"page","link":"https:\/\/neocatechumenaleiter.org\/pl\/slowa-papiezy\/sw-jan-pawel-ii\/wigilia-paschalana-w-bazylice-watykanskiej-uroczyste-odnowienie-przyrzeczen-chrzcielnych-19-iv-1992\/","title":{"rendered":"WIGILIA PASCHALANA W BAZYLICE WATYKA\u0143SKIEJ: UROCZYSTE ODNOWIENIE PRZYRZECZE\u0143 CHRZCIELNYCH 19-IV-1992"},"content":{"rendered":"\n<h1 class=\"has-text-align-center wp-block-heading\">WIGILIA PASCHALANA W BAZYLICE WATYKA\u0143SKIEJ: UROCZYSTE ODNOWIENIE PRZYRZECZE\u0143 CHRZCIELNYCH 19-IV-1992<\/h1>\n\n<div style=\"height:20px\" aria-hidden=\"true\" class=\"wp-block-spacer\"><\/div>\n\n<h4 class=\"has-text-align-center wp-block-heading\">\u015aw. Jan Pawe\u0142 II<\/h4>\n\n<div style=\"height:20px\" aria-hidden=\"true\" class=\"wp-block-spacer\"><\/div>\n\n<p><strong>Bazylika \u015aw. Piotra, 19 kwietnia 1992 r.<\/strong><\/p>\n\n<p><em>Pierwsza wsp\u00f3lnota San Leonardo Murialdo w Rzymie i pierwsza wsp\u00f3lnota Tor Sapienza w Rzymie uroczy\u015bcie odnowi\u0142y swoje Przyrzeczenia Chrzcielne na zako\u0144czenie Drogi Neokatechumenalnej, w towarzystwie swoich katechist\u00f3w, przed Ojcem \u015awi\u0119tym Janem Paw\u0142em II w Bazylice \u015awi\u0119tego Piotra podczas Wigilii Paschalnej.<\/em><\/p>\n\n<div class=\"wp-block-image\"><figure class=\"aligncenter size-large\"><img loading=\"lazy\" decoding=\"async\" width=\"692\" height=\"569\" src=\"https:\/\/neocatechumenaleiter.org\/wp-content\/uploads\/2020\/03\/Camino_Neocatecumenal_Juan_Pablo_II_vigilia_pascual_hermanos_vestidura_blanca_1992.jpg\" alt=\"\" class=\"wp-image-4821\" srcset=\"https:\/\/neocatechumenaleiter.org\/wp-content\/uploads\/2020\/03\/Camino_Neocatecumenal_Juan_Pablo_II_vigilia_pascual_hermanos_vestidura_blanca_1992.jpg 692w, https:\/\/neocatechumenaleiter.org\/wp-content\/uploads\/2020\/03\/Camino_Neocatecumenal_Juan_Pablo_II_vigilia_pascual_hermanos_vestidura_blanca_1992-300x247.jpg 300w\" sizes=\"auto, (max-width: 692px) 100vw, 692px\" \/><\/figure><\/div>\n","protected":false},"excerpt":{"rendered":"<p>WIGILIA PASCHALANA W BAZYLICE WATYKA\u0143SKIEJ: UROCZYSTE ODNOWIENIE PRZYRZECZE\u0143 CHRZCIELNYCH 19-IV-1992 \u015aw. Jan Pawe\u0142 II Bazylika \u015aw. Piotra, 19 kwietnia 1992 r. Pierwsza wsp\u00f3lnota San Leonardo Murialdo w Rzymie i pierwsza wsp\u00f3lnota Tor Sapienza w Rzymie uroczy\u015bcie odnowi\u0142y swoje Przyrzeczenia Chrzcielne na zako\u0144czenie Drogi Neokatechumenalnej, w towarzystwie swoich katechist\u00f3w, przed Ojcem \u015awi\u0119tym Janem Paw\u0142em II w Bazylice \u015awi\u0119tego Piotra podczas Wigilii Paschalnej.<\/p>\n","protected":false},"author":2,"featured_media":0,"parent":16496,"menu_order":68,"comment_status":"closed","ping_status":"closed","template":"","meta":{"footnotes":""},"class_list":["post-22166","page","type-page","status-publish","hentry"],"_links":{"self":[{"href":"https:\/\/neocatechumenaleiter.org\/pl\/wp-json\/wp\/v2\/pages\/22166","targetHints":{"allow":["GET"]}}],"collection":[{"href":"https:\/\/neocatechumenaleiter.org\/pl\/wp-json\/wp\/v2\/pages"}],"about":[{"href":"https:\/\/neocatechumenaleiter.org\/pl\/wp-json\/wp\/v2\/types\/page"}],"author":[{"embeddable":true,"href":"https:\/\/neocatechumenaleiter.org\/pl\/wp-json\/wp\/v2\/users\/2"}],"replies":[{"embeddable":true,"href":"https:\/\/neocatechumenaleiter.org\/pl\/wp-json\/wp\/v2\/comments?post=22166"}],"version-history":[{"count":4,"href":"https:\/\/neocatechumenaleiter.org\/pl\/wp-json\/wp\/v2\/pages\/22166\/revisions"}],"predecessor-version":[{"id":24110,"href":"https:\/\/neocatechumenaleiter.org\/pl\/wp-json\/wp\/v2\/pages\/22166\/revisions\/24110"}],"up":[{"embeddable":true,"href":"https:\/\/neocatechumenaleiter.org\/pl\/wp-json\/wp\/v2\/pages\/16496"}],"wp:attachment":[{"href":"https:\/\/neocatechumenaleiter.org\/pl\/wp-json\/wp\/v2\/media?parent=22166"}],"curies":[{"name":"wp","href":"https:\/\/api.w.org\/{rel}","templated":true}]}}