{"id":22170,"date":"2020-03-03T23:51:30","date_gmt":"2020-03-03T22:51:30","guid":{"rendered":"https:\/\/neocatechumenaleiter.org\/slowa-papiezy\/sw-jan-pawel-ii\/list-papieza-jana-pawla-ii-do-kaplanow-na-wielki-czwartek-12-3-1991\/"},"modified":"2021-04-22T09:27:27","modified_gmt":"2021-04-22T08:27:27","slug":"list-papieza-jana-pawla-ii-do-kaplanow-na-wielki-czwartek-12-3-1991","status":"publish","type":"page","link":"https:\/\/neocatechumenaleiter.org\/pl\/slowa-papiezy\/sw-jan-pawel-ii\/list-papieza-jana-pawla-ii-do-kaplanow-na-wielki-czwartek-12-3-1991\/","title":{"rendered":"List Papie\u017ca Jana Paw\u0142a II do Kap\u0142an\u00f3w na Wielki Czwartek 12-3-1991"},"content":{"rendered":"\n<h1 class=\"has-text-align-center wp-block-heading\">List Papie\u017ca Jana Paw\u0142a II do Kap\u0142an\u00f3w na Wielki Czwartek 12-3-1991<\/h1>\n\n<div style=\"height:20px\" aria-hidden=\"true\" class=\"wp-block-spacer\"><\/div>\n\n<h4 class=\"has-text-align-center wp-block-heading\">\u015aw. Jan Pawe\u0142 II<\/h4>\n\n<div style=\"height:20px\" aria-hidden=\"true\" class=\"wp-block-spacer\"><\/div>\n\n<p><strong>Watykan, 12 marca 1991 r.<\/strong><\/p>\n\n<p><em>\u201cDla bardziej sprawiedliwego podzia\u0142u ksi\u0119\u017cy w Ko\u015bciele: plan pomocy niekt\u00f3rym najbardziej potrzebuj\u0105cym regionom\u201d&#8230; Og\u00f3lnie rzecz bior\u0105c, specjalna propozycja:<\/em><\/p>\n\n<p>Dekret &#8222;<em>Presbiterorum Ordinis<\/em>&#8221; nr 10 stwierdza, \u017ce aby zaradzi\u0107 powa\u017cnemu brakowi kap\u0142an\u00f3w w niekt\u00f3rych regionach, &#8222;stosowne jest ustanowienie seminari\u00f3w mi\u0119dzynarodowych&#8221;. Idea ta jest realizowana w seminariach &#8222;Redemptoris Mater&#8221;, kt\u00f3re przygotowuj\u0105 kap\u0142an\u00f3w diecezjalnych do nowej ewangelizacji, zgodnie z programem Drogi Neokatechumenalnej. Zastanawiamy si\u0119, czy ta opcja nie mog\u0142aby by\u0107 zaoferowana tak\u017ce tym, kt\u00f3rzy nie pod\u0105\u017caj\u0105 za takim ruchem. W tym celu nale\u017cy zach\u0119ci\u0107 Konferencje Episkopat\u00f3w niekt\u00f3rych kraj\u00f3w, takich jak W\u0142ochy, Hiszpania, Polska i Irlandia, do utworzenia krajowych (lub mi\u0119dzynarodowych) seminari\u00f3w dla Nowej Ewangelizacji. W ten spos\u00f3b powsta\u0142aby nowa forma pos\u0142ugi: misjonarz diecezjalny. (*) Por. &#8222;L&#8217;Osservatore Romano&#8221;, 22 marca 1991 r.<\/p>\n\n<figure class=\"wp-block-image size-large\"><img loading=\"lazy\" decoding=\"async\" width=\"689\" height=\"559\" src=\"https:\/\/neocatechumenaleiter.org\/wp-content\/uploads\/2020\/03\/Camino_Neocatecumenal_Juan_Pablo_II_carta_sacerdotes_1991..jpg\" alt=\"\" class=\"wp-image-4845\" srcset=\"https:\/\/neocatechumenaleiter.org\/wp-content\/uploads\/2020\/03\/Camino_Neocatecumenal_Juan_Pablo_II_carta_sacerdotes_1991..jpg 689w, https:\/\/neocatechumenaleiter.org\/wp-content\/uploads\/2020\/03\/Camino_Neocatecumenal_Juan_Pablo_II_carta_sacerdotes_1991.-300x243.jpg 300w\" sizes=\"auto, (max-width: 689px) 100vw, 689px\" \/><\/figure>","protected":false},"excerpt":{"rendered":"<p>List Papie\u017ca Jana Paw\u0142a II do Kap\u0142an\u00f3w na Wielki Czwartek 12-3-1991 \u015aw. Jan Pawe\u0142 II Watykan, 12 marca 1991 r. \u201cDla bardziej sprawiedliwego podzia\u0142u ksi\u0119\u017cy w Ko\u015bciele: plan pomocy niekt\u00f3rym najbardziej potrzebuj\u0105cym regionom\u201d&#8230; Og\u00f3lnie rzecz bior\u0105c, specjalna propozycja: Dekret &#8222;Presbiterorum Ordinis&#8221; nr 10 stwierdza, \u017ce aby zaradzi\u0107 powa\u017cnemu brakowi kap\u0142an\u00f3w w niekt\u00f3rych regionach, &#8222;stosowne jest ustanowienie seminari\u00f3w mi\u0119dzynarodowych&#8221;. Idea ta jest realizowana w seminariach &#8222;Redemptoris Mater&#8221;, kt\u00f3re przygotowuj\u0105 kap\u0142an\u00f3w diecezjalnych<\/p>\n<div class=\"read-more\"><a class=\"btn read-more-btn\" href=\"https:\/\/neocatechumenaleiter.org\/pl\/slowa-papiezy\/sw-jan-pawel-ii\/list-papieza-jana-pawla-ii-do-kaplanow-na-wielki-czwartek-12-3-1991\/\">Czytaj dalej<\/a><\/div>\n","protected":false},"author":2,"featured_media":0,"parent":16496,"menu_order":64,"comment_status":"closed","ping_status":"closed","template":"","meta":{"footnotes":""},"class_list":["post-22170","page","type-page","status-publish","hentry"],"_links":{"self":[{"href":"https:\/\/neocatechumenaleiter.org\/pl\/wp-json\/wp\/v2\/pages\/22170","targetHints":{"allow":["GET"]}}],"collection":[{"href":"https:\/\/neocatechumenaleiter.org\/pl\/wp-json\/wp\/v2\/pages"}],"about":[{"href":"https:\/\/neocatechumenaleiter.org\/pl\/wp-json\/wp\/v2\/types\/page"}],"author":[{"embeddable":true,"href":"https:\/\/neocatechumenaleiter.org\/pl\/wp-json\/wp\/v2\/users\/2"}],"replies":[{"embeddable":true,"href":"https:\/\/neocatechumenaleiter.org\/pl\/wp-json\/wp\/v2\/comments?post=22170"}],"version-history":[{"count":3,"href":"https:\/\/neocatechumenaleiter.org\/pl\/wp-json\/wp\/v2\/pages\/22170\/revisions"}],"predecessor-version":[{"id":22173,"href":"https:\/\/neocatechumenaleiter.org\/pl\/wp-json\/wp\/v2\/pages\/22170\/revisions\/22173"}],"up":[{"embeddable":true,"href":"https:\/\/neocatechumenaleiter.org\/pl\/wp-json\/wp\/v2\/pages\/16496"}],"wp:attachment":[{"href":"https:\/\/neocatechumenaleiter.org\/pl\/wp-json\/wp\/v2\/media?parent=22170"}],"curies":[{"name":"wp","href":"https:\/\/api.w.org\/{rel}","templated":true}]}}